{"id":42094,"date":"2021-05-03T09:50:07","date_gmt":"2021-05-03T08:50:07","guid":{"rendered":"http:\/\/alexbutor.hu\/oltozobutor\/?page_id=42094"},"modified":"2021-05-03T09:50:07","modified_gmt":"2021-05-03T08:50:07","slug":"flex-sport-oltozobutor","status":"publish","type":"page","link":"https:\/\/alexbutor.hu\/oltozobutor\/kategoriak\/sport-oltozobutor\/flex-sport-oltozobutor\/","title":{"rendered":"Flex sport \u00f6lt\u00f6z\u0151b\u00fator"},"content":{"rendered":"","protected":false},"excerpt":{"rendered":"","protected":false},"author":3,"featured_media":42060,"parent":42090,"menu_order":0,"comment_status":"closed","ping_status":"closed","template":"page-Portfolio4Cols-filterable.php","meta":{"footnotes":""},"class_list":["post-42094","page","type-page","status-publish","has-post-thumbnail","hentry"],"yoast_head":"<!-- This site is optimized with the Yoast SEO plugin v23.5 - https:\/\/yoast.com\/wordpress\/plugins\/seo\/ -->\n<title>Flex sport \u00f6lt\u00f6z\u0151b\u00fator - \u00d6lt\u00f6z\u0151b\u00fator<\/title>\n<meta name=\"robots\" content=\"index, follow, max-snippet:-1, max-image-preview:large, max-video-preview:-1\" \/>\n<link rel=\"canonical\" href=\"https:\/\/alexbutor.hu\/oltozobutor\/kategoriak\/sport-oltozobutor\/flex-sport-oltozobutor\/\" \/>\n<meta property=\"og:locale\" content=\"hu_HU\" \/>\n<meta property=\"og:type\" content=\"article\" \/>\n<meta property=\"og:title\" content=\"Flex sport \u00f6lt\u00f6z\u0151b\u00fator - \u00d6lt\u00f6z\u0151b\u00fator\" \/>\n<meta property=\"og:url\" content=\"https:\/\/alexbutor.hu\/oltozobutor\/kategoriak\/sport-oltozobutor\/flex-sport-oltozobutor\/\" \/>\n<meta property=\"og:site_name\" content=\"\u00d6lt\u00f6z\u0151b\u00fator\" \/>\n<meta property=\"og:image\" content=\"https:\/\/alexbutor.hu\/oltozobutor\/wp-content\/uploads\/2021\/05\/Kategoria_kepek_800x56015.jpg\" \/>\n\t<meta property=\"og:image:width\" content=\"800\" \/>\n\t<meta property=\"og:image:height\" content=\"560\" \/>\n\t<meta property=\"og:image:type\" content=\"image\/jpeg\" \/>\n<meta name=\"twitter:card\" content=\"summary_large_image\" \/>\n<script type=\"application\/ld+json\" class=\"yoast-schema-graph\">{\"@context\":\"https:\/\/schema.org\",\"@graph\":[{\"@type\":\"WebPage\",\"@id\":\"https:\/\/alexbutor.hu\/oltozobutor\/kategoriak\/sport-oltozobutor\/flex-sport-oltozobutor\/\",\"url\":\"https:\/\/alexbutor.hu\/oltozobutor\/kategoriak\/sport-oltozobutor\/flex-sport-oltozobutor\/\",\"name\":\"Flex sport \u00f6lt\u00f6z\u0151b\u00fator - \u00d6lt\u00f6z\u0151b\u00fator\",\"isPartOf\":{\"@id\":\"https:\/\/alexbutor.hu\/oltozobutor\/#website\"},\"primaryImageOfPage\":{\"@id\":\"https:\/\/alexbutor.hu\/oltozobutor\/kategoriak\/sport-oltozobutor\/flex-sport-oltozobutor\/#primaryimage\"},\"image\":{\"@id\":\"https:\/\/alexbutor.hu\/oltozobutor\/kategoriak\/sport-oltozobutor\/flex-sport-oltozobutor\/#primaryimage\"},\"thumbnailUrl\":\"https:\/\/alexbutor.hu\/oltozobutor\/wp-content\/uploads\/2021\/05\/Kategoria_kepek_800x56015.jpg\",\"datePublished\":\"2021-05-03T08:50:07+00:00\",\"dateModified\":\"2021-05-03T08:50:07+00:00\",\"breadcrumb\":{\"@id\":\"https:\/\/alexbutor.hu\/oltozobutor\/kategoriak\/sport-oltozobutor\/flex-sport-oltozobutor\/#breadcrumb\"},\"inLanguage\":\"hu\",\"potentialAction\":[{\"@type\":\"ReadAction\",\"target\":[\"https:\/\/alexbutor.hu\/oltozobutor\/kategoriak\/sport-oltozobutor\/flex-sport-oltozobutor\/\"]}]},{\"@type\":\"ImageObject\",\"inLanguage\":\"hu\",\"@id\":\"https:\/\/alexbutor.hu\/oltozobutor\/kategoriak\/sport-oltozobutor\/flex-sport-oltozobutor\/#primaryimage\",\"url\":\"https:\/\/alexbutor.hu\/oltozobutor\/wp-content\/uploads\/2021\/05\/Kategoria_kepek_800x56015.jpg\",\"contentUrl\":\"https:\/\/alexbutor.hu\/oltozobutor\/wp-content\/uploads\/2021\/05\/Kategoria_kepek_800x56015.jpg\",\"width\":800,\"height\":560},{\"@type\":\"BreadcrumbList\",\"@id\":\"https:\/\/alexbutor.hu\/oltozobutor\/kategoriak\/sport-oltozobutor\/flex-sport-oltozobutor\/#breadcrumb\",\"itemListElement\":[{\"@type\":\"ListItem\",\"position\":1,\"name\":\"Home\",\"item\":\"https:\/\/alexbutor.hu\/oltozobutor\/\"},{\"@type\":\"ListItem\",\"position\":2,\"name\":\"Term\u00e9kek\",\"item\":\"https:\/\/alexbutor.hu\/oltozobutor\/kategoriak\/\"},{\"@type\":\"ListItem\",\"position\":3,\"name\":\"Sport \u00f6lt\u0151z\u0151b\u00fator\",\"item\":\"https:\/\/alexbutor.hu\/oltozobutor\/kategoriak\/sport-oltozobutor\/\"},{\"@type\":\"ListItem\",\"position\":4,\"name\":\"Flex sport \u00f6lt\u00f6z\u0151b\u00fator\"}]},{\"@type\":\"WebSite\",\"@id\":\"https:\/\/alexbutor.hu\/oltozobutor\/#website\",\"url\":\"https:\/\/alexbutor.hu\/oltozobutor\/\",\"name\":\"\u00d6lt\u00f6z\u0151b\u00fator\",\"description\":\"Minden t\u00e9rben megold\u00e1s\",\"potentialAction\":[{\"@type\":\"SearchAction\",\"target\":{\"@type\":\"EntryPoint\",\"urlTemplate\":\"https:\/\/alexbutor.hu\/oltozobutor\/?s={search_term_string}\"},\"query-input\":{\"@type\":\"PropertyValueSpecification\",\"valueRequired\":true,\"valueName\":\"search_term_string\"}}],\"inLanguage\":\"hu\"}]}<\/script>\n<!-- \/ Yoast SEO plugin. -->","yoast_head_json":{"title":"Flex sport \u00f6lt\u00f6z\u0151b\u00fator - \u00d6lt\u00f6z\u0151b\u00fator","robots":{"index":"index","follow":"follow","max-snippet":"max-snippet:-1","max-image-preview":"max-image-preview:large","max-video-preview":"max-video-preview:-1"},"canonical":"https:\/\/alexbutor.hu\/oltozobutor\/kategoriak\/sport-oltozobutor\/flex-sport-oltozobutor\/","og_locale":"hu_HU","og_type":"article","og_title":"Flex sport \u00f6lt\u00f6z\u0151b\u00fator - \u00d6lt\u00f6z\u0151b\u00fator","og_url":"https:\/\/alexbutor.hu\/oltozobutor\/kategoriak\/sport-oltozobutor\/flex-sport-oltozobutor\/","og_site_name":"\u00d6lt\u00f6z\u0151b\u00fator","og_image":[{"width":800,"height":560,"url":"https:\/\/alexbutor.hu\/oltozobutor\/wp-content\/uploads\/2021\/05\/Kategoria_kepek_800x56015.jpg","type":"image\/jpeg"}],"twitter_card":"summary_large_image","schema":{"@context":"https:\/\/schema.org","@graph":[{"@type":"WebPage","@id":"https:\/\/alexbutor.hu\/oltozobutor\/kategoriak\/sport-oltozobutor\/flex-sport-oltozobutor\/","url":"https:\/\/alexbutor.hu\/oltozobutor\/kategoriak\/sport-oltozobutor\/flex-sport-oltozobutor\/","name":"Flex sport \u00f6lt\u00f6z\u0151b\u00fator - \u00d6lt\u00f6z\u0151b\u00fator","isPartOf":{"@id":"https:\/\/alexbutor.hu\/oltozobutor\/#website"},"primaryImageOfPage":{"@id":"https:\/\/alexbutor.hu\/oltozobutor\/kategoriak\/sport-oltozobutor\/flex-sport-oltozobutor\/#primaryimage"},"image":{"@id":"https:\/\/alexbutor.hu\/oltozobutor\/kategoriak\/sport-oltozobutor\/flex-sport-oltozobutor\/#primaryimage"},"thumbnailUrl":"https:\/\/alexbutor.hu\/oltozobutor\/wp-content\/uploads\/2021\/05\/Kategoria_kepek_800x56015.jpg","datePublished":"2021-05-03T08:50:07+00:00","dateModified":"2021-05-03T08:50:07+00:00","breadcrumb":{"@id":"https:\/\/alexbutor.hu\/oltozobutor\/kategoriak\/sport-oltozobutor\/flex-sport-oltozobutor\/#breadcrumb"},"inLanguage":"hu","potentialAction":[{"@type":"ReadAction","target":["https:\/\/alexbutor.hu\/oltozobutor\/kategoriak\/sport-oltozobutor\/flex-sport-oltozobutor\/"]}]},{"@type":"ImageObject","inLanguage":"hu","@id":"https:\/\/alexbutor.hu\/oltozobutor\/kategoriak\/sport-oltozobutor\/flex-sport-oltozobutor\/#primaryimage","url":"https:\/\/alexbutor.hu\/oltozobutor\/wp-content\/uploads\/2021\/05\/Kategoria_kepek_800x56015.jpg","contentUrl":"https:\/\/alexbutor.hu\/oltozobutor\/wp-content\/uploads\/2021\/05\/Kategoria_kepek_800x56015.jpg","width":800,"height":560},{"@type":"BreadcrumbList","@id":"https:\/\/alexbutor.hu\/oltozobutor\/kategoriak\/sport-oltozobutor\/flex-sport-oltozobutor\/#breadcrumb","itemListElement":[{"@type":"ListItem","position":1,"name":"Home","item":"https:\/\/alexbutor.hu\/oltozobutor\/"},{"@type":"ListItem","position":2,"name":"Term\u00e9kek","item":"https:\/\/alexbutor.hu\/oltozobutor\/kategoriak\/"},{"@type":"ListItem","position":3,"name":"Sport \u00f6lt\u0151z\u0151b\u00fator","item":"https:\/\/alexbutor.hu\/oltozobutor\/kategoriak\/sport-oltozobutor\/"},{"@type":"ListItem","position":4,"name":"Flex sport \u00f6lt\u00f6z\u0151b\u00fator"}]},{"@type":"WebSite","@id":"https:\/\/alexbutor.hu\/oltozobutor\/#website","url":"https:\/\/alexbutor.hu\/oltozobutor\/","name":"\u00d6lt\u00f6z\u0151b\u00fator","description":"Minden t\u00e9rben megold\u00e1s","potentialAction":[{"@type":"SearchAction","target":{"@type":"EntryPoint","urlTemplate":"https:\/\/alexbutor.hu\/oltozobutor\/?s={search_term_string}"},"query-input":{"@type":"PropertyValueSpecification","valueRequired":true,"valueName":"search_term_string"}}],"inLanguage":"hu"}]}},"_links":{"self":[{"href":"https:\/\/alexbutor.hu\/oltozobutor\/wp-json\/wp\/v2\/pages\/42094"}],"collection":[{"href":"https:\/\/alexbutor.hu\/oltozobutor\/wp-json\/wp\/v2\/pages"}],"about":[{"href":"https:\/\/alexbutor.hu\/oltozobutor\/wp-json\/wp\/v2\/types\/page"}],"author":[{"embeddable":true,"href":"https:\/\/alexbutor.hu\/oltozobutor\/wp-json\/wp\/v2\/users\/3"}],"replies":[{"embeddable":true,"href":"https:\/\/alexbutor.hu\/oltozobutor\/wp-json\/wp\/v2\/comments?post=42094"}],"version-history":[{"count":1,"href":"https:\/\/alexbutor.hu\/oltozobutor\/wp-json\/wp\/v2\/pages\/42094\/revisions"}],"predecessor-version":[{"id":42095,"href":"https:\/\/alexbutor.hu\/oltozobutor\/wp-json\/wp\/v2\/pages\/42094\/revisions\/42095"}],"up":[{"embeddable":true,"href":"https:\/\/alexbutor.hu\/oltozobutor\/wp-json\/wp\/v2\/pages\/42090"}],"wp:featuredmedia":[{"embeddable":true,"href":"https:\/\/alexbutor.hu\/oltozobutor\/wp-json\/wp\/v2\/media\/42060"}],"wp:attachment":[{"href":"https:\/\/alexbutor.hu\/oltozobutor\/wp-json\/wp\/v2\/media?parent=42094"}],"curies":[{"name":"wp","href":"https:\/\/api.w.org\/{rel}","templated":true}]}}