{"id":47981,"date":"2021-08-12T13:46:24","date_gmt":"2021-08-12T12:46:24","guid":{"rendered":"http:\/\/alexbutor.hu\/oltozobutor\/?page_id=47981"},"modified":"2021-08-24T08:45:44","modified_gmt":"2021-08-24T07:45:44","slug":"duran","status":"publish","type":"page","link":"https:\/\/alexbutor.hu\/oltozobutor\/kategoriak\/kozossegi-ter\/duran\/","title":{"rendered":"Duran"},"content":{"rendered":"<div class=\"yt-row\">\n<div class=\"yt-subrow yt-subrow1\">\n<iframe loading=\"lazy\" width=\"448\" height=\"252\" src=\"https:\/\/www.youtube.com\/embed\/qJ8EB4b6dhY\" frameborder=\"0\" allow=\"accelerometer; autoplay; clipboard-write; encrypted-media; gyroscope; picture-in-picture\" allowfullscreen><\/iframe>\n<\/div>\n<div class=\"yt-subrow yt-subrow2\">\n<p>A Duran asztalok, sz\u00e9kek \u00e9s padok k\u00f6z\u00f6ss\u00e9gform\u00e1l\u00f3ak, nagym\u00e9rt\u00e9k\u0171 rugalmass\u00e1got biztos\u00edtanak. A k\u00f6z\u00f6ss\u00e9gi terek, pihen\u0151k eset\u00e9ben egyre n\u00e9pszer\u0171bb \u00e9s sz\u00e9lesk\u00f6r\u0171 megold\u00e1sokat biztos\u00edtanak a megfelel\u0151 t\u00e9r kialak\u00edt\u00e1s\u00e1ra. A munkav\u00e1llal\u00f3k k\u00e9nyelmessebben \u00e9s otthonosabban \u00e9rezhetik magukat a Duran term\u00e9kcsal\u00e1d b\u00fatorainak felhaszn\u00e1l\u00e1s\u00e1val. K\u00fcl\u00f6nf\u00e9le munkater\u00fcleteket hozhatnak l\u00e9tre - a h\u00e9tk\u00f6znapi nyugodtabb helyis\u00e9gekt\u0151l a hatalmas terekkel rendelkez\u0151 aul\u00e1kon \u00e1t az \u00e9tkez\u0151kig. Mindezek mellett praktikus eleme lehet egy kis l\u00e9tsz\u00e1mos projekt megbesz\u00e9l\u00e9snek is, ahol k\u00f6tetlen\u00fcl a klasszikus form\u00e1kt\u00f3l elrugaszkodva mindenki kreat\u00edv r\u00e9szvev\u0151je lehet a k\u00f6z\u00f6sen elt\u00f6lt\u00f6tt id\u0151nek.<\/p>\n<\/div>\n<\/div>\n","protected":false},"excerpt":{"rendered":"<p>A Duran asztalok, sz\u00e9kek \u00e9s padok k\u00f6z\u00f6ss\u00e9gform\u00e1l\u00f3ak, nagym\u00e9rt\u00e9k\u0171 rugalmass\u00e1got biztos\u00edtanak. A k\u00f6z\u00f6ss\u00e9gi terek, pihen\u0151k eset\u00e9ben egyre n\u00e9pszer\u0171bb \u00e9s sz\u00e9lesk\u00f6r\u0171 megold\u00e1sokat biztos\u00edtanak a megfelel\u0151 t\u00e9r kialak\u00edt\u00e1s\u00e1ra. A munkav\u00e1llal\u00f3k k\u00e9nyelmessebben \u00e9s otthonosabban \u00e9rezhetik magukat a Duran term\u00e9kcsal\u00e1d b\u00fatorainak felhaszn\u00e1l\u00e1s\u00e1val. K\u00fcl\u00f6nf\u00e9le munkater\u00fcleteket hozhatnak l\u00e9tre - a h\u00e9tk\u00f6znapi nyugodtabb helyis\u00e9gekt\u0151l a hatalmas terekkel rendelkez\u0151 aul\u00e1kon \u00e1t az \u00e9tkez\u0151kig. Mindezek mellett praktikus eleme lehet egy&nbsp;<a href=\"https:\/\/alexbutor.hu\/oltozobutor\/kategoriak\/kozossegi-ter\/duran\/\" class=\"read-more\">...<\/a><\/p>\n","protected":false},"author":3,"featured_media":47984,"parent":31411,"menu_order":0,"comment_status":"closed","ping_status":"closed","template":"page-Portfolio4Cols-filterable.php","meta":{"footnotes":""},"class_list":["post-47981","page","type-page","status-publish","has-post-thumbnail","hentry"],"yoast_head":"<!-- This site is optimized with the Yoast SEO plugin v23.5 - https:\/\/yoast.com\/wordpress\/plugins\/seo\/ -->\n<title>Duran - \u00d6lt\u00f6z\u0151b\u00fator<\/title>\n<meta name=\"robots\" content=\"index, follow, max-snippet:-1, max-image-preview:large, max-video-preview:-1\" \/>\n<link rel=\"canonical\" href=\"https:\/\/alexbutor.hu\/oltozobutor\/kategoriak\/kozossegi-ter\/duran\/\" \/>\n<meta property=\"og:locale\" content=\"hu_HU\" \/>\n<meta property=\"og:type\" content=\"article\" \/>\n<meta property=\"og:title\" content=\"Duran - \u00d6lt\u00f6z\u0151b\u00fator\" \/>\n<meta property=\"og:description\" content=\"A Duran asztalok, sz\u00e9kek \u00e9s padok k\u00f6z\u00f6ss\u00e9gform\u00e1l\u00f3ak, nagym\u00e9rt\u00e9k\u0171 rugalmass\u00e1got biztos\u00edtanak. A k\u00f6z\u00f6ss\u00e9gi terek, pihen\u0151k eset\u00e9ben egyre n\u00e9pszer\u0171bb \u00e9s sz\u00e9lesk\u00f6r\u0171 megold\u00e1sokat biztos\u00edtanak a megfelel\u0151 t\u00e9r kialak\u00edt\u00e1s\u00e1ra. A munkav\u00e1llal\u00f3k k\u00e9nyelmessebben \u00e9s otthonosabban \u00e9rezhetik magukat a Duran term\u00e9kcsal\u00e1d b\u00fatorainak felhaszn\u00e1l\u00e1s\u00e1val. K\u00fcl\u00f6nf\u00e9le munkater\u00fcleteket hozhatnak l\u00e9tre - a h\u00e9tk\u00f6znapi nyugodtabb helyis\u00e9gekt\u0151l a hatalmas terekkel rendelkez\u0151 aul\u00e1kon \u00e1t az \u00e9tkez\u0151kig. Mindezek mellett praktikus eleme lehet egy&nbsp;...\" \/>\n<meta property=\"og:url\" content=\"https:\/\/alexbutor.hu\/oltozobutor\/kategoriak\/kozossegi-ter\/duran\/\" \/>\n<meta property=\"og:site_name\" content=\"\u00d6lt\u00f6z\u0151b\u00fator\" \/>\n<meta property=\"article:modified_time\" content=\"2021-08-24T07:45:44+00:00\" \/>\n<meta property=\"og:image\" content=\"https:\/\/alexbutor.hu\/oltozobutor\/wp-content\/uploads\/2021\/08\/duranpng.png\" \/>\n\t<meta property=\"og:image:width\" content=\"800\" \/>\n\t<meta property=\"og:image:height\" content=\"560\" \/>\n\t<meta property=\"og:image:type\" content=\"image\/png\" \/>\n<meta name=\"twitter:card\" content=\"summary_large_image\" \/>\n<meta name=\"twitter:label1\" content=\"Becs\u00fclt olvas\u00e1si id\u0151\" \/>\n\t<meta name=\"twitter:data1\" content=\"1 perc\" \/>\n<script type=\"application\/ld+json\" class=\"yoast-schema-graph\">{\"@context\":\"https:\/\/schema.org\",\"@graph\":[{\"@type\":\"WebPage\",\"@id\":\"https:\/\/alexbutor.hu\/oltozobutor\/kategoriak\/kozossegi-ter\/duran\/\",\"url\":\"https:\/\/alexbutor.hu\/oltozobutor\/kategoriak\/kozossegi-ter\/duran\/\",\"name\":\"Duran - \u00d6lt\u00f6z\u0151b\u00fator\",\"isPartOf\":{\"@id\":\"https:\/\/alexbutor.hu\/oltozobutor\/#website\"},\"primaryImageOfPage\":{\"@id\":\"https:\/\/alexbutor.hu\/oltozobutor\/kategoriak\/kozossegi-ter\/duran\/#primaryimage\"},\"image\":{\"@id\":\"https:\/\/alexbutor.hu\/oltozobutor\/kategoriak\/kozossegi-ter\/duran\/#primaryimage\"},\"thumbnailUrl\":\"https:\/\/alexbutor.hu\/oltozobutor\/wp-content\/uploads\/2021\/08\/duranpng.png\",\"datePublished\":\"2021-08-12T12:46:24+00:00\",\"dateModified\":\"2021-08-24T07:45:44+00:00\",\"breadcrumb\":{\"@id\":\"https:\/\/alexbutor.hu\/oltozobutor\/kategoriak\/kozossegi-ter\/duran\/#breadcrumb\"},\"inLanguage\":\"hu\",\"potentialAction\":[{\"@type\":\"ReadAction\",\"target\":[\"https:\/\/alexbutor.hu\/oltozobutor\/kategoriak\/kozossegi-ter\/duran\/\"]}]},{\"@type\":\"ImageObject\",\"inLanguage\":\"hu\",\"@id\":\"https:\/\/alexbutor.hu\/oltozobutor\/kategoriak\/kozossegi-ter\/duran\/#primaryimage\",\"url\":\"https:\/\/alexbutor.hu\/oltozobutor\/wp-content\/uploads\/2021\/08\/duranpng.png\",\"contentUrl\":\"https:\/\/alexbutor.hu\/oltozobutor\/wp-content\/uploads\/2021\/08\/duranpng.png\",\"width\":800,\"height\":560},{\"@type\":\"BreadcrumbList\",\"@id\":\"https:\/\/alexbutor.hu\/oltozobutor\/kategoriak\/kozossegi-ter\/duran\/#breadcrumb\",\"itemListElement\":[{\"@type\":\"ListItem\",\"position\":1,\"name\":\"Home\",\"item\":\"https:\/\/alexbutor.hu\/oltozobutor\/\"},{\"@type\":\"ListItem\",\"position\":2,\"name\":\"Term\u00e9kek\",\"item\":\"https:\/\/alexbutor.hu\/oltozobutor\/kategoriak\/\"},{\"@type\":\"ListItem\",\"position\":3,\"name\":\"K\u00f6z\u00f6ss\u00e9gi t\u00e9r\",\"item\":\"https:\/\/alexbutor.hu\/oltozobutor\/kategoriak\/kozossegi-ter\/\"},{\"@type\":\"ListItem\",\"position\":4,\"name\":\"Duran\"}]},{\"@type\":\"WebSite\",\"@id\":\"https:\/\/alexbutor.hu\/oltozobutor\/#website\",\"url\":\"https:\/\/alexbutor.hu\/oltozobutor\/\",\"name\":\"\u00d6lt\u00f6z\u0151b\u00fator\",\"description\":\"Minden t\u00e9rben megold\u00e1s\",\"potentialAction\":[{\"@type\":\"SearchAction\",\"target\":{\"@type\":\"EntryPoint\",\"urlTemplate\":\"https:\/\/alexbutor.hu\/oltozobutor\/?s={search_term_string}\"},\"query-input\":{\"@type\":\"PropertyValueSpecification\",\"valueRequired\":true,\"valueName\":\"search_term_string\"}}],\"inLanguage\":\"hu\"}]}<\/script>\n<!-- \/ Yoast SEO plugin. -->","yoast_head_json":{"title":"Duran - \u00d6lt\u00f6z\u0151b\u00fator","robots":{"index":"index","follow":"follow","max-snippet":"max-snippet:-1","max-image-preview":"max-image-preview:large","max-video-preview":"max-video-preview:-1"},"canonical":"https:\/\/alexbutor.hu\/oltozobutor\/kategoriak\/kozossegi-ter\/duran\/","og_locale":"hu_HU","og_type":"article","og_title":"Duran - \u00d6lt\u00f6z\u0151b\u00fator","og_description":"A Duran asztalok, sz\u00e9kek \u00e9s padok k\u00f6z\u00f6ss\u00e9gform\u00e1l\u00f3ak, nagym\u00e9rt\u00e9k\u0171 rugalmass\u00e1got biztos\u00edtanak. A k\u00f6z\u00f6ss\u00e9gi terek, pihen\u0151k eset\u00e9ben egyre n\u00e9pszer\u0171bb \u00e9s sz\u00e9lesk\u00f6r\u0171 megold\u00e1sokat biztos\u00edtanak a megfelel\u0151 t\u00e9r kialak\u00edt\u00e1s\u00e1ra. A munkav\u00e1llal\u00f3k k\u00e9nyelmessebben \u00e9s otthonosabban \u00e9rezhetik magukat a Duran term\u00e9kcsal\u00e1d b\u00fatorainak felhaszn\u00e1l\u00e1s\u00e1val. K\u00fcl\u00f6nf\u00e9le munkater\u00fcleteket hozhatnak l\u00e9tre - a h\u00e9tk\u00f6znapi nyugodtabb helyis\u00e9gekt\u0151l a hatalmas terekkel rendelkez\u0151 aul\u00e1kon \u00e1t az \u00e9tkez\u0151kig. Mindezek mellett praktikus eleme lehet egy&nbsp;...","og_url":"https:\/\/alexbutor.hu\/oltozobutor\/kategoriak\/kozossegi-ter\/duran\/","og_site_name":"\u00d6lt\u00f6z\u0151b\u00fator","article_modified_time":"2021-08-24T07:45:44+00:00","og_image":[{"width":800,"height":560,"url":"https:\/\/alexbutor.hu\/oltozobutor\/wp-content\/uploads\/2021\/08\/duranpng.png","type":"image\/png"}],"twitter_card":"summary_large_image","twitter_misc":{"Becs\u00fclt olvas\u00e1si id\u0151":"1 perc"},"schema":{"@context":"https:\/\/schema.org","@graph":[{"@type":"WebPage","@id":"https:\/\/alexbutor.hu\/oltozobutor\/kategoriak\/kozossegi-ter\/duran\/","url":"https:\/\/alexbutor.hu\/oltozobutor\/kategoriak\/kozossegi-ter\/duran\/","name":"Duran - \u00d6lt\u00f6z\u0151b\u00fator","isPartOf":{"@id":"https:\/\/alexbutor.hu\/oltozobutor\/#website"},"primaryImageOfPage":{"@id":"https:\/\/alexbutor.hu\/oltozobutor\/kategoriak\/kozossegi-ter\/duran\/#primaryimage"},"image":{"@id":"https:\/\/alexbutor.hu\/oltozobutor\/kategoriak\/kozossegi-ter\/duran\/#primaryimage"},"thumbnailUrl":"https:\/\/alexbutor.hu\/oltozobutor\/wp-content\/uploads\/2021\/08\/duranpng.png","datePublished":"2021-08-12T12:46:24+00:00","dateModified":"2021-08-24T07:45:44+00:00","breadcrumb":{"@id":"https:\/\/alexbutor.hu\/oltozobutor\/kategoriak\/kozossegi-ter\/duran\/#breadcrumb"},"inLanguage":"hu","potentialAction":[{"@type":"ReadAction","target":["https:\/\/alexbutor.hu\/oltozobutor\/kategoriak\/kozossegi-ter\/duran\/"]}]},{"@type":"ImageObject","inLanguage":"hu","@id":"https:\/\/alexbutor.hu\/oltozobutor\/kategoriak\/kozossegi-ter\/duran\/#primaryimage","url":"https:\/\/alexbutor.hu\/oltozobutor\/wp-content\/uploads\/2021\/08\/duranpng.png","contentUrl":"https:\/\/alexbutor.hu\/oltozobutor\/wp-content\/uploads\/2021\/08\/duranpng.png","width":800,"height":560},{"@type":"BreadcrumbList","@id":"https:\/\/alexbutor.hu\/oltozobutor\/kategoriak\/kozossegi-ter\/duran\/#breadcrumb","itemListElement":[{"@type":"ListItem","position":1,"name":"Home","item":"https:\/\/alexbutor.hu\/oltozobutor\/"},{"@type":"ListItem","position":2,"name":"Term\u00e9kek","item":"https:\/\/alexbutor.hu\/oltozobutor\/kategoriak\/"},{"@type":"ListItem","position":3,"name":"K\u00f6z\u00f6ss\u00e9gi t\u00e9r","item":"https:\/\/alexbutor.hu\/oltozobutor\/kategoriak\/kozossegi-ter\/"},{"@type":"ListItem","position":4,"name":"Duran"}]},{"@type":"WebSite","@id":"https:\/\/alexbutor.hu\/oltozobutor\/#website","url":"https:\/\/alexbutor.hu\/oltozobutor\/","name":"\u00d6lt\u00f6z\u0151b\u00fator","description":"Minden t\u00e9rben megold\u00e1s","potentialAction":[{"@type":"SearchAction","target":{"@type":"EntryPoint","urlTemplate":"https:\/\/alexbutor.hu\/oltozobutor\/?s={search_term_string}"},"query-input":{"@type":"PropertyValueSpecification","valueRequired":true,"valueName":"search_term_string"}}],"inLanguage":"hu"}]}},"_links":{"self":[{"href":"https:\/\/alexbutor.hu\/oltozobutor\/wp-json\/wp\/v2\/pages\/47981"}],"collection":[{"href":"https:\/\/alexbutor.hu\/oltozobutor\/wp-json\/wp\/v2\/pages"}],"about":[{"href":"https:\/\/alexbutor.hu\/oltozobutor\/wp-json\/wp\/v2\/types\/page"}],"author":[{"embeddable":true,"href":"https:\/\/alexbutor.hu\/oltozobutor\/wp-json\/wp\/v2\/users\/3"}],"replies":[{"embeddable":true,"href":"https:\/\/alexbutor.hu\/oltozobutor\/wp-json\/wp\/v2\/comments?post=47981"}],"version-history":[{"count":3,"href":"https:\/\/alexbutor.hu\/oltozobutor\/wp-json\/wp\/v2\/pages\/47981\/revisions"}],"predecessor-version":[{"id":48995,"href":"https:\/\/alexbutor.hu\/oltozobutor\/wp-json\/wp\/v2\/pages\/47981\/revisions\/48995"}],"up":[{"embeddable":true,"href":"https:\/\/alexbutor.hu\/oltozobutor\/wp-json\/wp\/v2\/pages\/31411"}],"wp:featuredmedia":[{"embeddable":true,"href":"https:\/\/alexbutor.hu\/oltozobutor\/wp-json\/wp\/v2\/media\/47984"}],"wp:attachment":[{"href":"https:\/\/alexbutor.hu\/oltozobutor\/wp-json\/wp\/v2\/media?parent=47981"}],"curies":[{"name":"wp","href":"https:\/\/api.w.org\/{rel}","templated":true}]}}