{"id":53199,"date":"2022-03-25T16:06:32","date_gmt":"2022-03-25T15:06:32","guid":{"rendered":"http:\/\/alexbutor.hu\/oltozobutor\/?page_id=53199"},"modified":"2022-03-30T13:31:16","modified_gmt":"2022-03-30T12:31:16","slug":"alex-plusz","status":"publish","type":"page","link":"https:\/\/alexbutor.hu\/oltozobutor\/alex-plusz\/","title":{"rendered":"ALEX PLUSZ"},"content":{"rendered":"<p><a href=\"https:\/\/alexbutor.hu\/oltozobutor\/ajanlatkeres\/\"><img loading=\"lazy\" decoding=\"async\" src=\"https:\/\/alexbutor.hu\/oltozobutor\/wp-content\/uploads\/2022\/03\/Alexxxxx_short2_nagypng-01new.jpg\" alt=\"\" width=\"1480\" height=\"2560\" class=\"aligncenter size-full wp-image-53218\" srcset=\"https:\/\/alexbutor.hu\/oltozobutor\/wp-content\/uploads\/2022\/03\/Alexxxxx_short2_nagypng-01new.jpg 1480w, https:\/\/alexbutor.hu\/oltozobutor\/wp-content\/uploads\/2022\/03\/Alexxxxx_short2_nagypng-01new-173x300.jpg 173w, https:\/\/alexbutor.hu\/oltozobutor\/wp-content\/uploads\/2022\/03\/Alexxxxx_short2_nagypng-01new-592x1024.jpg 592w, https:\/\/alexbutor.hu\/oltozobutor\/wp-content\/uploads\/2022\/03\/Alexxxxx_short2_nagypng-01new-768x1328.jpg 768w, https:\/\/alexbutor.hu\/oltozobutor\/wp-content\/uploads\/2022\/03\/Alexxxxx_short2_nagypng-01new-888x1536.jpg 888w, https:\/\/alexbutor.hu\/oltozobutor\/wp-content\/uploads\/2022\/03\/Alexxxxx_short2_nagypng-01new-1184x2048.jpg 1184w, https:\/\/alexbutor.hu\/oltozobutor\/wp-content\/uploads\/2022\/03\/Alexxxxx_short2_nagypng-01new-145x250.jpg 145w, https:\/\/alexbutor.hu\/oltozobutor\/wp-content\/uploads\/2022\/03\/Alexxxxx_short2_nagypng-01new-289x500.jpg 289w\" sizes=\"(max-width: 1480px) 100vw, 1480px\" \/><\/a><\/p>\n","protected":false},"excerpt":{"rendered":"","protected":false},"author":3,"featured_media":0,"parent":0,"menu_order":0,"comment_status":"closed","ping_status":"closed","template":"page-fullwidth.php","meta":{"footnotes":""},"class_list":["post-53199","page","type-page","status-publish","hentry"],"yoast_head":"<!-- This site is optimized with the Yoast SEO plugin v23.5 - https:\/\/yoast.com\/wordpress\/plugins\/seo\/ -->\n<title>ALEX PLUSZ - \u00d6lt\u00f6z\u0151b\u00fator<\/title>\n<meta name=\"robots\" content=\"index, follow, max-snippet:-1, max-image-preview:large, max-video-preview:-1\" \/>\n<link rel=\"canonical\" href=\"https:\/\/alexbutor.hu\/oltozobutor\/alex-plusz\/\" \/>\n<meta property=\"og:locale\" content=\"hu_HU\" \/>\n<meta property=\"og:type\" content=\"article\" \/>\n<meta property=\"og:title\" content=\"ALEX PLUSZ - \u00d6lt\u00f6z\u0151b\u00fator\" \/>\n<meta property=\"og:url\" content=\"https:\/\/alexbutor.hu\/oltozobutor\/alex-plusz\/\" \/>\n<meta property=\"og:site_name\" content=\"\u00d6lt\u00f6z\u0151b\u00fator\" \/>\n<meta property=\"article:modified_time\" content=\"2022-03-30T12:31:16+00:00\" \/>\n<meta property=\"og:image\" content=\"https:\/\/alexbutor.hu\/oltozobutor\/wp-content\/uploads\/2022\/03\/Alexxxxx_short2_nagypng-01new.jpg\" \/>\n<meta name=\"twitter:card\" content=\"summary_large_image\" \/>\n<script type=\"application\/ld+json\" class=\"yoast-schema-graph\">{\"@context\":\"https:\/\/schema.org\",\"@graph\":[{\"@type\":\"WebPage\",\"@id\":\"https:\/\/alexbutor.hu\/oltozobutor\/alex-plusz\/\",\"url\":\"https:\/\/alexbutor.hu\/oltozobutor\/alex-plusz\/\",\"name\":\"ALEX PLUSZ - \u00d6lt\u00f6z\u0151b\u00fator\",\"isPartOf\":{\"@id\":\"https:\/\/alexbutor.hu\/oltozobutor\/#website\"},\"primaryImageOfPage\":{\"@id\":\"https:\/\/alexbutor.hu\/oltozobutor\/alex-plusz\/#primaryimage\"},\"image\":{\"@id\":\"https:\/\/alexbutor.hu\/oltozobutor\/alex-plusz\/#primaryimage\"},\"thumbnailUrl\":\"https:\/\/alexbutor.hu\/oltozobutor\/wp-content\/uploads\/2022\/03\/Alexxxxx_short2_nagypng-01new.jpg\",\"datePublished\":\"2022-03-25T15:06:32+00:00\",\"dateModified\":\"2022-03-30T12:31:16+00:00\",\"breadcrumb\":{\"@id\":\"https:\/\/alexbutor.hu\/oltozobutor\/alex-plusz\/#breadcrumb\"},\"inLanguage\":\"hu\",\"potentialAction\":[{\"@type\":\"ReadAction\",\"target\":[\"https:\/\/alexbutor.hu\/oltozobutor\/alex-plusz\/\"]}]},{\"@type\":\"ImageObject\",\"inLanguage\":\"hu\",\"@id\":\"https:\/\/alexbutor.hu\/oltozobutor\/alex-plusz\/#primaryimage\",\"url\":\"https:\/\/alexbutor.hu\/oltozobutor\/wp-content\/uploads\/2022\/03\/Alexxxxx_short2_nagypng-01new.jpg\",\"contentUrl\":\"https:\/\/alexbutor.hu\/oltozobutor\/wp-content\/uploads\/2022\/03\/Alexxxxx_short2_nagypng-01new.jpg\",\"width\":1480,\"height\":2560},{\"@type\":\"BreadcrumbList\",\"@id\":\"https:\/\/alexbutor.hu\/oltozobutor\/alex-plusz\/#breadcrumb\",\"itemListElement\":[{\"@type\":\"ListItem\",\"position\":1,\"name\":\"Home\",\"item\":\"https:\/\/alexbutor.hu\/oltozobutor\/\"},{\"@type\":\"ListItem\",\"position\":2,\"name\":\"ALEX PLUSZ\"}]},{\"@type\":\"WebSite\",\"@id\":\"https:\/\/alexbutor.hu\/oltozobutor\/#website\",\"url\":\"https:\/\/alexbutor.hu\/oltozobutor\/\",\"name\":\"\u00d6lt\u00f6z\u0151b\u00fator\",\"description\":\"Minden t\u00e9rben megold\u00e1s\",\"potentialAction\":[{\"@type\":\"SearchAction\",\"target\":{\"@type\":\"EntryPoint\",\"urlTemplate\":\"https:\/\/alexbutor.hu\/oltozobutor\/?s={search_term_string}\"},\"query-input\":{\"@type\":\"PropertyValueSpecification\",\"valueRequired\":true,\"valueName\":\"search_term_string\"}}],\"inLanguage\":\"hu\"}]}<\/script>\n<!-- \/ Yoast SEO plugin. -->","yoast_head_json":{"title":"ALEX PLUSZ - \u00d6lt\u00f6z\u0151b\u00fator","robots":{"index":"index","follow":"follow","max-snippet":"max-snippet:-1","max-image-preview":"max-image-preview:large","max-video-preview":"max-video-preview:-1"},"canonical":"https:\/\/alexbutor.hu\/oltozobutor\/alex-plusz\/","og_locale":"hu_HU","og_type":"article","og_title":"ALEX PLUSZ - \u00d6lt\u00f6z\u0151b\u00fator","og_url":"https:\/\/alexbutor.hu\/oltozobutor\/alex-plusz\/","og_site_name":"\u00d6lt\u00f6z\u0151b\u00fator","article_modified_time":"2022-03-30T12:31:16+00:00","og_image":[{"url":"https:\/\/alexbutor.hu\/oltozobutor\/wp-content\/uploads\/2022\/03\/Alexxxxx_short2_nagypng-01new.jpg"}],"twitter_card":"summary_large_image","schema":{"@context":"https:\/\/schema.org","@graph":[{"@type":"WebPage","@id":"https:\/\/alexbutor.hu\/oltozobutor\/alex-plusz\/","url":"https:\/\/alexbutor.hu\/oltozobutor\/alex-plusz\/","name":"ALEX PLUSZ - \u00d6lt\u00f6z\u0151b\u00fator","isPartOf":{"@id":"https:\/\/alexbutor.hu\/oltozobutor\/#website"},"primaryImageOfPage":{"@id":"https:\/\/alexbutor.hu\/oltozobutor\/alex-plusz\/#primaryimage"},"image":{"@id":"https:\/\/alexbutor.hu\/oltozobutor\/alex-plusz\/#primaryimage"},"thumbnailUrl":"https:\/\/alexbutor.hu\/oltozobutor\/wp-content\/uploads\/2022\/03\/Alexxxxx_short2_nagypng-01new.jpg","datePublished":"2022-03-25T15:06:32+00:00","dateModified":"2022-03-30T12:31:16+00:00","breadcrumb":{"@id":"https:\/\/alexbutor.hu\/oltozobutor\/alex-plusz\/#breadcrumb"},"inLanguage":"hu","potentialAction":[{"@type":"ReadAction","target":["https:\/\/alexbutor.hu\/oltozobutor\/alex-plusz\/"]}]},{"@type":"ImageObject","inLanguage":"hu","@id":"https:\/\/alexbutor.hu\/oltozobutor\/alex-plusz\/#primaryimage","url":"https:\/\/alexbutor.hu\/oltozobutor\/wp-content\/uploads\/2022\/03\/Alexxxxx_short2_nagypng-01new.jpg","contentUrl":"https:\/\/alexbutor.hu\/oltozobutor\/wp-content\/uploads\/2022\/03\/Alexxxxx_short2_nagypng-01new.jpg","width":1480,"height":2560},{"@type":"BreadcrumbList","@id":"https:\/\/alexbutor.hu\/oltozobutor\/alex-plusz\/#breadcrumb","itemListElement":[{"@type":"ListItem","position":1,"name":"Home","item":"https:\/\/alexbutor.hu\/oltozobutor\/"},{"@type":"ListItem","position":2,"name":"ALEX PLUSZ"}]},{"@type":"WebSite","@id":"https:\/\/alexbutor.hu\/oltozobutor\/#website","url":"https:\/\/alexbutor.hu\/oltozobutor\/","name":"\u00d6lt\u00f6z\u0151b\u00fator","description":"Minden t\u00e9rben megold\u00e1s","potentialAction":[{"@type":"SearchAction","target":{"@type":"EntryPoint","urlTemplate":"https:\/\/alexbutor.hu\/oltozobutor\/?s={search_term_string}"},"query-input":{"@type":"PropertyValueSpecification","valueRequired":true,"valueName":"search_term_string"}}],"inLanguage":"hu"}]}},"_links":{"self":[{"href":"https:\/\/alexbutor.hu\/oltozobutor\/wp-json\/wp\/v2\/pages\/53199"}],"collection":[{"href":"https:\/\/alexbutor.hu\/oltozobutor\/wp-json\/wp\/v2\/pages"}],"about":[{"href":"https:\/\/alexbutor.hu\/oltozobutor\/wp-json\/wp\/v2\/types\/page"}],"author":[{"embeddable":true,"href":"https:\/\/alexbutor.hu\/oltozobutor\/wp-json\/wp\/v2\/users\/3"}],"replies":[{"embeddable":true,"href":"https:\/\/alexbutor.hu\/oltozobutor\/wp-json\/wp\/v2\/comments?post=53199"}],"version-history":[{"count":2,"href":"https:\/\/alexbutor.hu\/oltozobutor\/wp-json\/wp\/v2\/pages\/53199\/revisions"}],"predecessor-version":[{"id":53219,"href":"https:\/\/alexbutor.hu\/oltozobutor\/wp-json\/wp\/v2\/pages\/53199\/revisions\/53219"}],"wp:attachment":[{"href":"https:\/\/alexbutor.hu\/oltozobutor\/wp-json\/wp\/v2\/media?parent=53199"}],"curies":[{"name":"wp","href":"https:\/\/api.w.org\/{rel}","templated":true}]}}