{"id":55578,"date":"2022-07-20T14:32:24","date_gmt":"2022-07-20T13:32:24","guid":{"rendered":"http:\/\/alexbutor.hu\/oltozobutor\/?page_id=55578"},"modified":"2026-03-06T11:08:30","modified_gmt":"2026-03-06T10:08:30","slug":"paravanok","status":"publish","type":"page","link":"https:\/\/alexbutor.hu\/oltozobutor\/kategoriak\/kozossegi-ter\/paravanok\/","title":{"rendered":"Parav\u00e1nok"},"content":{"rendered":"<div class=\"butorlaposkat\">\n<div class=\"vonalasc\u00edmh\">\n<h3 class=\"vonalasc\u00edm\"><span>Kateg\u00f3ri\u00e1k<\/span><\/h3>\n<\/div>\n<li class=\"portfolio_item isotope-item\">\n<div class=\"portfolio_item_holder\">\n<figure class=\"thumbnail thumbnail__portfolio\"><a href=\"https:\/\/alexbutor.hu\/oltozobutor\/kategoriak\/kozossegi-ter\/paravanok\/leaf\/\" class=\"image-wrap\"><img decoding=\"async\" src=\"https:\/\/alexbutor.hu\/oltozobutor\/wp-content\/uploads\/2022\/07\/Leaf_kat.jpg\" alt=\"Leaf\"><\/a><\/figure>\n<div class=\"caption caption__portfolio\">\n<h3><a href=\"https:\/\/alexbutor.hu\/oltozobutor\/kategoriak\/kozossegi-ter\/paravanok\/leaf\/\">Leaf<\/a><\/h3>\n<\/div>\n<\/div>\n<\/li>\n<li class=\"portfolio_item isotope-item\">\n<div class=\"portfolio_item_holder\">\n<figure class=\"thumbnail thumbnail__portfolio\"><a href=\"https:\/\/alexbutor.hu\/oltozobutor\/kategoriak\/kozossegi-ter\/paravanok\/porto\/\" class=\"image-wrap\"><img decoding=\"async\" src=\"https:\/\/alexbutor.hu\/oltozobutor\/wp-content\/uploads\/2022\/07\/Porto_kat.jpg\" alt=\"Porto\"><\/a><\/figure>\n<div class=\"caption caption__portfolio\">\n<h3><a href=\"https:\/\/alexbutor.hu\/oltozobutor\/kategoriak\/kozossegi-ter\/paravanok\/porto\/\">Porto (7)<\/a><\/h3>\n<\/div>\n<\/div>\n<\/li>\n<\/div>\n","protected":false},"excerpt":{"rendered":"<p>Kateg\u00f3ri\u00e1k Leaf Porto<\/p>\n","protected":false},"author":3,"featured_media":55579,"parent":31411,"menu_order":0,"comment_status":"closed","ping_status":"closed","template":"page-uj-alexsub.php","meta":{"footnotes":""},"class_list":["post-55578","page","type-page","status-publish","has-post-thumbnail","hentry"],"yoast_head":"<!-- This site is optimized with the Yoast SEO plugin v23.5 - https:\/\/yoast.com\/wordpress\/plugins\/seo\/ -->\n<title>Parav\u00e1nok - \u00d6lt\u00f6z\u0151b\u00fator<\/title>\n<meta name=\"robots\" content=\"index, follow, max-snippet:-1, max-image-preview:large, max-video-preview:-1\" \/>\n<link rel=\"canonical\" href=\"https:\/\/alexbutor.hu\/oltozobutor\/kategoriak\/kozossegi-ter\/paravanok\/\" \/>\n<meta property=\"og:locale\" content=\"hu_HU\" \/>\n<meta property=\"og:type\" content=\"article\" \/>\n<meta property=\"og:title\" content=\"Parav\u00e1nok - \u00d6lt\u00f6z\u0151b\u00fator\" \/>\n<meta property=\"og:description\" content=\"Kateg\u00f3ri\u00e1k Leaf Porto\" \/>\n<meta property=\"og:url\" content=\"https:\/\/alexbutor.hu\/oltozobutor\/kategoriak\/kozossegi-ter\/paravanok\/\" \/>\n<meta property=\"og:site_name\" content=\"\u00d6lt\u00f6z\u0151b\u00fator\" \/>\n<meta property=\"article:modified_time\" content=\"2026-03-06T10:08:30+00:00\" \/>\n<meta property=\"og:image\" content=\"https:\/\/alexbutor.hu\/oltozobutor\/wp-content\/uploads\/2022\/07\/Porto01sarga-3.jpg\" \/>\n\t<meta property=\"og:image:width\" content=\"1600\" \/>\n\t<meta property=\"og:image:height\" content=\"1200\" \/>\n\t<meta property=\"og:image:type\" content=\"image\/jpeg\" \/>\n<meta name=\"twitter:card\" content=\"summary_large_image\" \/>\n<meta name=\"twitter:label1\" content=\"Becs\u00fclt olvas\u00e1si id\u0151\" \/>\n\t<meta name=\"twitter:data1\" content=\"1 perc\" \/>\n<script type=\"application\/ld+json\" class=\"yoast-schema-graph\">{\"@context\":\"https:\/\/schema.org\",\"@graph\":[{\"@type\":\"WebPage\",\"@id\":\"https:\/\/alexbutor.hu\/oltozobutor\/kategoriak\/kozossegi-ter\/paravanok\/\",\"url\":\"https:\/\/alexbutor.hu\/oltozobutor\/kategoriak\/kozossegi-ter\/paravanok\/\",\"name\":\"Parav\u00e1nok - \u00d6lt\u00f6z\u0151b\u00fator\",\"isPartOf\":{\"@id\":\"https:\/\/alexbutor.hu\/oltozobutor\/#website\"},\"primaryImageOfPage\":{\"@id\":\"https:\/\/alexbutor.hu\/oltozobutor\/kategoriak\/kozossegi-ter\/paravanok\/#primaryimage\"},\"image\":{\"@id\":\"https:\/\/alexbutor.hu\/oltozobutor\/kategoriak\/kozossegi-ter\/paravanok\/#primaryimage\"},\"thumbnailUrl\":\"https:\/\/alexbutor.hu\/oltozobutor\/wp-content\/uploads\/2022\/07\/Porto01sarga-3.jpg\",\"datePublished\":\"2022-07-20T13:32:24+00:00\",\"dateModified\":\"2026-03-06T10:08:30+00:00\",\"breadcrumb\":{\"@id\":\"https:\/\/alexbutor.hu\/oltozobutor\/kategoriak\/kozossegi-ter\/paravanok\/#breadcrumb\"},\"inLanguage\":\"hu\",\"potentialAction\":[{\"@type\":\"ReadAction\",\"target\":[\"https:\/\/alexbutor.hu\/oltozobutor\/kategoriak\/kozossegi-ter\/paravanok\/\"]}]},{\"@type\":\"ImageObject\",\"inLanguage\":\"hu\",\"@id\":\"https:\/\/alexbutor.hu\/oltozobutor\/kategoriak\/kozossegi-ter\/paravanok\/#primaryimage\",\"url\":\"https:\/\/alexbutor.hu\/oltozobutor\/wp-content\/uploads\/2022\/07\/Porto01sarga-3.jpg\",\"contentUrl\":\"https:\/\/alexbutor.hu\/oltozobutor\/wp-content\/uploads\/2022\/07\/Porto01sarga-3.jpg\",\"width\":1600,\"height\":1200},{\"@type\":\"BreadcrumbList\",\"@id\":\"https:\/\/alexbutor.hu\/oltozobutor\/kategoriak\/kozossegi-ter\/paravanok\/#breadcrumb\",\"itemListElement\":[{\"@type\":\"ListItem\",\"position\":1,\"name\":\"Home\",\"item\":\"https:\/\/alexbutor.hu\/oltozobutor\/\"},{\"@type\":\"ListItem\",\"position\":2,\"name\":\"Term\u00e9kek\",\"item\":\"https:\/\/alexbutor.hu\/oltozobutor\/kategoriak\/\"},{\"@type\":\"ListItem\",\"position\":3,\"name\":\"K\u00f6z\u00f6ss\u00e9gi t\u00e9r\",\"item\":\"https:\/\/alexbutor.hu\/oltozobutor\/kategoriak\/kozossegi-ter\/\"},{\"@type\":\"ListItem\",\"position\":4,\"name\":\"Parav\u00e1nok\"}]},{\"@type\":\"WebSite\",\"@id\":\"https:\/\/alexbutor.hu\/oltozobutor\/#website\",\"url\":\"https:\/\/alexbutor.hu\/oltozobutor\/\",\"name\":\"\u00d6lt\u00f6z\u0151b\u00fator\",\"description\":\"Minden t\u00e9rben megold\u00e1s\",\"potentialAction\":[{\"@type\":\"SearchAction\",\"target\":{\"@type\":\"EntryPoint\",\"urlTemplate\":\"https:\/\/alexbutor.hu\/oltozobutor\/?s={search_term_string}\"},\"query-input\":{\"@type\":\"PropertyValueSpecification\",\"valueRequired\":true,\"valueName\":\"search_term_string\"}}],\"inLanguage\":\"hu\"}]}<\/script>\n<!-- \/ Yoast SEO plugin. -->","yoast_head_json":{"title":"Parav\u00e1nok - \u00d6lt\u00f6z\u0151b\u00fator","robots":{"index":"index","follow":"follow","max-snippet":"max-snippet:-1","max-image-preview":"max-image-preview:large","max-video-preview":"max-video-preview:-1"},"canonical":"https:\/\/alexbutor.hu\/oltozobutor\/kategoriak\/kozossegi-ter\/paravanok\/","og_locale":"hu_HU","og_type":"article","og_title":"Parav\u00e1nok - \u00d6lt\u00f6z\u0151b\u00fator","og_description":"Kateg\u00f3ri\u00e1k Leaf Porto","og_url":"https:\/\/alexbutor.hu\/oltozobutor\/kategoriak\/kozossegi-ter\/paravanok\/","og_site_name":"\u00d6lt\u00f6z\u0151b\u00fator","article_modified_time":"2026-03-06T10:08:30+00:00","og_image":[{"width":1600,"height":1200,"url":"https:\/\/alexbutor.hu\/oltozobutor\/wp-content\/uploads\/2022\/07\/Porto01sarga-3.jpg","type":"image\/jpeg"}],"twitter_card":"summary_large_image","twitter_misc":{"Becs\u00fclt olvas\u00e1si id\u0151":"1 perc"},"schema":{"@context":"https:\/\/schema.org","@graph":[{"@type":"WebPage","@id":"https:\/\/alexbutor.hu\/oltozobutor\/kategoriak\/kozossegi-ter\/paravanok\/","url":"https:\/\/alexbutor.hu\/oltozobutor\/kategoriak\/kozossegi-ter\/paravanok\/","name":"Parav\u00e1nok - \u00d6lt\u00f6z\u0151b\u00fator","isPartOf":{"@id":"https:\/\/alexbutor.hu\/oltozobutor\/#website"},"primaryImageOfPage":{"@id":"https:\/\/alexbutor.hu\/oltozobutor\/kategoriak\/kozossegi-ter\/paravanok\/#primaryimage"},"image":{"@id":"https:\/\/alexbutor.hu\/oltozobutor\/kategoriak\/kozossegi-ter\/paravanok\/#primaryimage"},"thumbnailUrl":"https:\/\/alexbutor.hu\/oltozobutor\/wp-content\/uploads\/2022\/07\/Porto01sarga-3.jpg","datePublished":"2022-07-20T13:32:24+00:00","dateModified":"2026-03-06T10:08:30+00:00","breadcrumb":{"@id":"https:\/\/alexbutor.hu\/oltozobutor\/kategoriak\/kozossegi-ter\/paravanok\/#breadcrumb"},"inLanguage":"hu","potentialAction":[{"@type":"ReadAction","target":["https:\/\/alexbutor.hu\/oltozobutor\/kategoriak\/kozossegi-ter\/paravanok\/"]}]},{"@type":"ImageObject","inLanguage":"hu","@id":"https:\/\/alexbutor.hu\/oltozobutor\/kategoriak\/kozossegi-ter\/paravanok\/#primaryimage","url":"https:\/\/alexbutor.hu\/oltozobutor\/wp-content\/uploads\/2022\/07\/Porto01sarga-3.jpg","contentUrl":"https:\/\/alexbutor.hu\/oltozobutor\/wp-content\/uploads\/2022\/07\/Porto01sarga-3.jpg","width":1600,"height":1200},{"@type":"BreadcrumbList","@id":"https:\/\/alexbutor.hu\/oltozobutor\/kategoriak\/kozossegi-ter\/paravanok\/#breadcrumb","itemListElement":[{"@type":"ListItem","position":1,"name":"Home","item":"https:\/\/alexbutor.hu\/oltozobutor\/"},{"@type":"ListItem","position":2,"name":"Term\u00e9kek","item":"https:\/\/alexbutor.hu\/oltozobutor\/kategoriak\/"},{"@type":"ListItem","position":3,"name":"K\u00f6z\u00f6ss\u00e9gi t\u00e9r","item":"https:\/\/alexbutor.hu\/oltozobutor\/kategoriak\/kozossegi-ter\/"},{"@type":"ListItem","position":4,"name":"Parav\u00e1nok"}]},{"@type":"WebSite","@id":"https:\/\/alexbutor.hu\/oltozobutor\/#website","url":"https:\/\/alexbutor.hu\/oltozobutor\/","name":"\u00d6lt\u00f6z\u0151b\u00fator","description":"Minden t\u00e9rben megold\u00e1s","potentialAction":[{"@type":"SearchAction","target":{"@type":"EntryPoint","urlTemplate":"https:\/\/alexbutor.hu\/oltozobutor\/?s={search_term_string}"},"query-input":{"@type":"PropertyValueSpecification","valueRequired":true,"valueName":"search_term_string"}}],"inLanguage":"hu"}]}},"_links":{"self":[{"href":"https:\/\/alexbutor.hu\/oltozobutor\/wp-json\/wp\/v2\/pages\/55578"}],"collection":[{"href":"https:\/\/alexbutor.hu\/oltozobutor\/wp-json\/wp\/v2\/pages"}],"about":[{"href":"https:\/\/alexbutor.hu\/oltozobutor\/wp-json\/wp\/v2\/types\/page"}],"author":[{"embeddable":true,"href":"https:\/\/alexbutor.hu\/oltozobutor\/wp-json\/wp\/v2\/users\/3"}],"replies":[{"embeddable":true,"href":"https:\/\/alexbutor.hu\/oltozobutor\/wp-json\/wp\/v2\/comments?post=55578"}],"version-history":[{"count":4,"href":"https:\/\/alexbutor.hu\/oltozobutor\/wp-json\/wp\/v2\/pages\/55578\/revisions"}],"predecessor-version":[{"id":77570,"href":"https:\/\/alexbutor.hu\/oltozobutor\/wp-json\/wp\/v2\/pages\/55578\/revisions\/77570"}],"up":[{"embeddable":true,"href":"https:\/\/alexbutor.hu\/oltozobutor\/wp-json\/wp\/v2\/pages\/31411"}],"wp:featuredmedia":[{"embeddable":true,"href":"https:\/\/alexbutor.hu\/oltozobutor\/wp-json\/wp\/v2\/media\/55579"}],"wp:attachment":[{"href":"https:\/\/alexbutor.hu\/oltozobutor\/wp-json\/wp\/v2\/media?parent=55578"}],"curies":[{"name":"wp","href":"https:\/\/api.w.org\/{rel}","templated":true}]}}