{"id":60741,"date":"2023-03-01T11:33:31","date_gmt":"2023-03-01T10:33:31","guid":{"rendered":"http:\/\/alexbutor.hu\/oltozobutor\/?page_id=60741"},"modified":"2023-03-01T15:26:57","modified_gmt":"2023-03-01T14:26:57","slug":"metilla-ertekmegorzo","status":"publish","type":"page","link":"https:\/\/alexbutor.hu\/oltozobutor\/kategoriak\/ertekmegorzo\/fem-ertekmegorzo\/metilla-ertekmegorzo\/","title":{"rendered":"Metilla \u00e9rt\u00e9kmeg\u0151rz\u0151"},"content":{"rendered":"","protected":false},"excerpt":{"rendered":"","protected":false},"author":3,"featured_media":60747,"parent":31437,"menu_order":0,"comment_status":"closed","ping_status":"closed","template":"page-Portfolio4Cols-filterable.php","meta":{"footnotes":""},"class_list":["post-60741","page","type-page","status-publish","has-post-thumbnail","hentry"],"yoast_head":"<!-- This site is optimized with the Yoast SEO plugin v23.5 - https:\/\/yoast.com\/wordpress\/plugins\/seo\/ -->\n<title>Metilla \u00e9rt\u00e9kmeg\u0151rz\u0151 - \u00d6lt\u00f6z\u0151b\u00fator<\/title>\n<meta name=\"robots\" content=\"index, follow, max-snippet:-1, max-image-preview:large, max-video-preview:-1\" \/>\n<link rel=\"canonical\" href=\"https:\/\/alexbutor.hu\/oltozobutor\/kategoriak\/ertekmegorzo\/fem-ertekmegorzo\/metilla-ertekmegorzo\/\" \/>\n<meta property=\"og:locale\" content=\"hu_HU\" \/>\n<meta property=\"og:type\" content=\"article\" \/>\n<meta property=\"og:title\" content=\"Metilla \u00e9rt\u00e9kmeg\u0151rz\u0151 - \u00d6lt\u00f6z\u0151b\u00fator\" \/>\n<meta property=\"og:url\" content=\"https:\/\/alexbutor.hu\/oltozobutor\/kategoriak\/ertekmegorzo\/fem-ertekmegorzo\/metilla-ertekmegorzo\/\" \/>\n<meta property=\"og:site_name\" content=\"\u00d6lt\u00f6z\u0151b\u00fator\" \/>\n<meta property=\"article:modified_time\" content=\"2023-03-01T14:26:57+00:00\" \/>\n<meta property=\"og:image\" content=\"https:\/\/alexbutor.hu\/oltozobutor\/wp-content\/uploads\/2023\/03\/image001.png\" \/>\n\t<meta property=\"og:image:width\" content=\"800\" \/>\n\t<meta property=\"og:image:height\" content=\"560\" \/>\n\t<meta property=\"og:image:type\" content=\"image\/png\" \/>\n<meta name=\"twitter:card\" content=\"summary_large_image\" \/>\n<script type=\"application\/ld+json\" class=\"yoast-schema-graph\">{\"@context\":\"https:\/\/schema.org\",\"@graph\":[{\"@type\":\"WebPage\",\"@id\":\"https:\/\/alexbutor.hu\/oltozobutor\/kategoriak\/ertekmegorzo\/fem-ertekmegorzo\/metilla-ertekmegorzo\/\",\"url\":\"https:\/\/alexbutor.hu\/oltozobutor\/kategoriak\/ertekmegorzo\/fem-ertekmegorzo\/metilla-ertekmegorzo\/\",\"name\":\"Metilla \u00e9rt\u00e9kmeg\u0151rz\u0151 - \u00d6lt\u00f6z\u0151b\u00fator\",\"isPartOf\":{\"@id\":\"https:\/\/alexbutor.hu\/oltozobutor\/#website\"},\"primaryImageOfPage\":{\"@id\":\"https:\/\/alexbutor.hu\/oltozobutor\/kategoriak\/ertekmegorzo\/fem-ertekmegorzo\/metilla-ertekmegorzo\/#primaryimage\"},\"image\":{\"@id\":\"https:\/\/alexbutor.hu\/oltozobutor\/kategoriak\/ertekmegorzo\/fem-ertekmegorzo\/metilla-ertekmegorzo\/#primaryimage\"},\"thumbnailUrl\":\"https:\/\/alexbutor.hu\/oltozobutor\/wp-content\/uploads\/2023\/03\/image001.png\",\"datePublished\":\"2023-03-01T10:33:31+00:00\",\"dateModified\":\"2023-03-01T14:26:57+00:00\",\"breadcrumb\":{\"@id\":\"https:\/\/alexbutor.hu\/oltozobutor\/kategoriak\/ertekmegorzo\/fem-ertekmegorzo\/metilla-ertekmegorzo\/#breadcrumb\"},\"inLanguage\":\"hu\",\"potentialAction\":[{\"@type\":\"ReadAction\",\"target\":[\"https:\/\/alexbutor.hu\/oltozobutor\/kategoriak\/ertekmegorzo\/fem-ertekmegorzo\/metilla-ertekmegorzo\/\"]}]},{\"@type\":\"ImageObject\",\"inLanguage\":\"hu\",\"@id\":\"https:\/\/alexbutor.hu\/oltozobutor\/kategoriak\/ertekmegorzo\/fem-ertekmegorzo\/metilla-ertekmegorzo\/#primaryimage\",\"url\":\"https:\/\/alexbutor.hu\/oltozobutor\/wp-content\/uploads\/2023\/03\/image001.png\",\"contentUrl\":\"https:\/\/alexbutor.hu\/oltozobutor\/wp-content\/uploads\/2023\/03\/image001.png\",\"width\":800,\"height\":560},{\"@type\":\"BreadcrumbList\",\"@id\":\"https:\/\/alexbutor.hu\/oltozobutor\/kategoriak\/ertekmegorzo\/fem-ertekmegorzo\/metilla-ertekmegorzo\/#breadcrumb\",\"itemListElement\":[{\"@type\":\"ListItem\",\"position\":1,\"name\":\"Home\",\"item\":\"https:\/\/alexbutor.hu\/oltozobutor\/\"},{\"@type\":\"ListItem\",\"position\":2,\"name\":\"Term\u00e9kek\",\"item\":\"https:\/\/alexbutor.hu\/oltozobutor\/kategoriak\/\"},{\"@type\":\"ListItem\",\"position\":3,\"name\":\"\u00c9rt\u00e9kmeg\u0151rz\u0151\",\"item\":\"https:\/\/alexbutor.hu\/oltozobutor\/kategoriak\/ertekmegorzo\/\"},{\"@type\":\"ListItem\",\"position\":4,\"name\":\"F\u00e9m \u00e9rt\u00e9kmeg\u0151rz\u0151\",\"item\":\"https:\/\/alexbutor.hu\/oltozobutor\/kategoriak\/ertekmegorzo\/fem-ertekmegorzo\/\"},{\"@type\":\"ListItem\",\"position\":5,\"name\":\"Metilla \u00e9rt\u00e9kmeg\u0151rz\u0151\"}]},{\"@type\":\"WebSite\",\"@id\":\"https:\/\/alexbutor.hu\/oltozobutor\/#website\",\"url\":\"https:\/\/alexbutor.hu\/oltozobutor\/\",\"name\":\"\u00d6lt\u00f6z\u0151b\u00fator\",\"description\":\"Minden t\u00e9rben megold\u00e1s\",\"potentialAction\":[{\"@type\":\"SearchAction\",\"target\":{\"@type\":\"EntryPoint\",\"urlTemplate\":\"https:\/\/alexbutor.hu\/oltozobutor\/?s={search_term_string}\"},\"query-input\":{\"@type\":\"PropertyValueSpecification\",\"valueRequired\":true,\"valueName\":\"search_term_string\"}}],\"inLanguage\":\"hu\"}]}<\/script>\n<!-- \/ Yoast SEO plugin. -->","yoast_head_json":{"title":"Metilla \u00e9rt\u00e9kmeg\u0151rz\u0151 - \u00d6lt\u00f6z\u0151b\u00fator","robots":{"index":"index","follow":"follow","max-snippet":"max-snippet:-1","max-image-preview":"max-image-preview:large","max-video-preview":"max-video-preview:-1"},"canonical":"https:\/\/alexbutor.hu\/oltozobutor\/kategoriak\/ertekmegorzo\/fem-ertekmegorzo\/metilla-ertekmegorzo\/","og_locale":"hu_HU","og_type":"article","og_title":"Metilla \u00e9rt\u00e9kmeg\u0151rz\u0151 - \u00d6lt\u00f6z\u0151b\u00fator","og_url":"https:\/\/alexbutor.hu\/oltozobutor\/kategoriak\/ertekmegorzo\/fem-ertekmegorzo\/metilla-ertekmegorzo\/","og_site_name":"\u00d6lt\u00f6z\u0151b\u00fator","article_modified_time":"2023-03-01T14:26:57+00:00","og_image":[{"width":800,"height":560,"url":"https:\/\/alexbutor.hu\/oltozobutor\/wp-content\/uploads\/2023\/03\/image001.png","type":"image\/png"}],"twitter_card":"summary_large_image","schema":{"@context":"https:\/\/schema.org","@graph":[{"@type":"WebPage","@id":"https:\/\/alexbutor.hu\/oltozobutor\/kategoriak\/ertekmegorzo\/fem-ertekmegorzo\/metilla-ertekmegorzo\/","url":"https:\/\/alexbutor.hu\/oltozobutor\/kategoriak\/ertekmegorzo\/fem-ertekmegorzo\/metilla-ertekmegorzo\/","name":"Metilla \u00e9rt\u00e9kmeg\u0151rz\u0151 - \u00d6lt\u00f6z\u0151b\u00fator","isPartOf":{"@id":"https:\/\/alexbutor.hu\/oltozobutor\/#website"},"primaryImageOfPage":{"@id":"https:\/\/alexbutor.hu\/oltozobutor\/kategoriak\/ertekmegorzo\/fem-ertekmegorzo\/metilla-ertekmegorzo\/#primaryimage"},"image":{"@id":"https:\/\/alexbutor.hu\/oltozobutor\/kategoriak\/ertekmegorzo\/fem-ertekmegorzo\/metilla-ertekmegorzo\/#primaryimage"},"thumbnailUrl":"https:\/\/alexbutor.hu\/oltozobutor\/wp-content\/uploads\/2023\/03\/image001.png","datePublished":"2023-03-01T10:33:31+00:00","dateModified":"2023-03-01T14:26:57+00:00","breadcrumb":{"@id":"https:\/\/alexbutor.hu\/oltozobutor\/kategoriak\/ertekmegorzo\/fem-ertekmegorzo\/metilla-ertekmegorzo\/#breadcrumb"},"inLanguage":"hu","potentialAction":[{"@type":"ReadAction","target":["https:\/\/alexbutor.hu\/oltozobutor\/kategoriak\/ertekmegorzo\/fem-ertekmegorzo\/metilla-ertekmegorzo\/"]}]},{"@type":"ImageObject","inLanguage":"hu","@id":"https:\/\/alexbutor.hu\/oltozobutor\/kategoriak\/ertekmegorzo\/fem-ertekmegorzo\/metilla-ertekmegorzo\/#primaryimage","url":"https:\/\/alexbutor.hu\/oltozobutor\/wp-content\/uploads\/2023\/03\/image001.png","contentUrl":"https:\/\/alexbutor.hu\/oltozobutor\/wp-content\/uploads\/2023\/03\/image001.png","width":800,"height":560},{"@type":"BreadcrumbList","@id":"https:\/\/alexbutor.hu\/oltozobutor\/kategoriak\/ertekmegorzo\/fem-ertekmegorzo\/metilla-ertekmegorzo\/#breadcrumb","itemListElement":[{"@type":"ListItem","position":1,"name":"Home","item":"https:\/\/alexbutor.hu\/oltozobutor\/"},{"@type":"ListItem","position":2,"name":"Term\u00e9kek","item":"https:\/\/alexbutor.hu\/oltozobutor\/kategoriak\/"},{"@type":"ListItem","position":3,"name":"\u00c9rt\u00e9kmeg\u0151rz\u0151","item":"https:\/\/alexbutor.hu\/oltozobutor\/kategoriak\/ertekmegorzo\/"},{"@type":"ListItem","position":4,"name":"F\u00e9m \u00e9rt\u00e9kmeg\u0151rz\u0151","item":"https:\/\/alexbutor.hu\/oltozobutor\/kategoriak\/ertekmegorzo\/fem-ertekmegorzo\/"},{"@type":"ListItem","position":5,"name":"Metilla \u00e9rt\u00e9kmeg\u0151rz\u0151"}]},{"@type":"WebSite","@id":"https:\/\/alexbutor.hu\/oltozobutor\/#website","url":"https:\/\/alexbutor.hu\/oltozobutor\/","name":"\u00d6lt\u00f6z\u0151b\u00fator","description":"Minden t\u00e9rben megold\u00e1s","potentialAction":[{"@type":"SearchAction","target":{"@type":"EntryPoint","urlTemplate":"https:\/\/alexbutor.hu\/oltozobutor\/?s={search_term_string}"},"query-input":{"@type":"PropertyValueSpecification","valueRequired":true,"valueName":"search_term_string"}}],"inLanguage":"hu"}]}},"_links":{"self":[{"href":"https:\/\/alexbutor.hu\/oltozobutor\/wp-json\/wp\/v2\/pages\/60741"}],"collection":[{"href":"https:\/\/alexbutor.hu\/oltozobutor\/wp-json\/wp\/v2\/pages"}],"about":[{"href":"https:\/\/alexbutor.hu\/oltozobutor\/wp-json\/wp\/v2\/types\/page"}],"author":[{"embeddable":true,"href":"https:\/\/alexbutor.hu\/oltozobutor\/wp-json\/wp\/v2\/users\/3"}],"replies":[{"embeddable":true,"href":"https:\/\/alexbutor.hu\/oltozobutor\/wp-json\/wp\/v2\/comments?post=60741"}],"version-history":[{"count":1,"href":"https:\/\/alexbutor.hu\/oltozobutor\/wp-json\/wp\/v2\/pages\/60741\/revisions"}],"predecessor-version":[{"id":60742,"href":"https:\/\/alexbutor.hu\/oltozobutor\/wp-json\/wp\/v2\/pages\/60741\/revisions\/60742"}],"up":[{"embeddable":true,"href":"https:\/\/alexbutor.hu\/oltozobutor\/wp-json\/wp\/v2\/pages\/31437"}],"wp:featuredmedia":[{"embeddable":true,"href":"https:\/\/alexbutor.hu\/oltozobutor\/wp-json\/wp\/v2\/media\/60747"}],"wp:attachment":[{"href":"https:\/\/alexbutor.hu\/oltozobutor\/wp-json\/wp\/v2\/media?parent=60741"}],"curies":[{"name":"wp","href":"https:\/\/api.w.org\/{rel}","templated":true}]}}