{"id":69,"date":"2016-06-11T08:47:53","date_gmt":"2016-06-11T08:47:53","guid":{"rendered":"http:\/\/szallodabutor.hu\/?page_id=69"},"modified":"2021-05-19T16:55:06","modified_gmt":"2021-05-19T15:55:06","slug":"oltozoszekreny","status":"publish","type":"page","link":"https:\/\/alexbutor.hu\/oltozobutor\/kategoriak\/oltozoszekreny\/","title":{"rendered":"\u00d6lt\u00f6z\u0151szekr\u00e9ny"},"content":{"rendered":"<div class=\"butorlaposkat\">\n<div class=\"clearfix\"><\/div>\n<li class=\"portfolio_item isotope-item\">\n<div class=\"portfolio_item_holder\">\n<figure class=\"thumbnail thumbnail__portfolio\"><a href=\"https:\/\/alexbutor.hu\/oltozobutor\/kategoriak\/oltozoszekreny\/butorlapos-oltozoszekreny\/\" class=\"image-wrap\"><img decoding=\"async\" src=\"https:\/\/alexbutor.hu\/oltozobutor\/wp-content\/uploads\/2021\/05\/Kategoria_kepek_800x5605_butorlapos.jpg\" alt=\"B\u00fatorlapos \u00f6lt\u00f6z\u0151szekr\u00e9ny\"><\/a><\/figure>\n<div class=\"caption caption__portfolio\">\n<h3><a href=\"https:\/\/alexbutor.hu\/oltozobutor\/kategoriak\/oltozoszekreny\/butorlapos-oltozoszekreny\/\">B\u00fatorlapos \u00f6lt\u00f6z\u0151szekr\u00e9ny<\/a><\/h3>\n<\/div>\n<\/div>\n<\/li>\n<li class=\"portfolio_item isotope-item\">\n<div class=\"portfolio_item_holder\">\n<figure class=\"thumbnail thumbnail__portfolio\"><a href=\"https:\/\/alexbutor.hu\/oltozobutor\/kategoriak\/oltozoszekreny\/fem-oltozoszekreny\/\" class=\"image-wrap\"><img decoding=\"async\" src=\"https:\/\/alexbutor.hu\/oltozobutor\/wp-content\/uploads\/2021\/05\/Kategoria_kepek_800x5606_fem.jpg\" alt=\"F\u00e9m \u00f6lt\u00f6z\u0151szekr\u00e9ny\"><\/a><\/figure>\n<div class=\"caption caption__portfolio\">\n<h3><a href=\"https:\/\/alexbutor.hu\/oltozobutor\/kategoriak\/oltozoszekreny\/fem-oltozoszekreny\/\">F\u00e9m \u00f6lt\u00f6z\u0151szekr\u00e9ny<\/a><\/h3>\n<\/div>\n<\/div>\n<\/li>\n<p><!-- \n\n<li class=\"portfolio_item isotope-item\">\n\n\n<div class=\"portfolio_item_holder\">\n\n\n<figure class=\"thumbnail thumbnail__portfolio\"><a href=\"https:\/\/alexbutor.hu\/oltozobutor\/kategoriak\/oltozoszekreny\/foliazott-oltozoszekreny\/\" class=\"image-wrap\"><img decoding=\"async\" src=\"https:\/\/alexbutor.hu\/oltozobutor\/wp-content\/uploads\/2016\/06\/1.3-Foliazott_oltozoszekreny_800x560px.jpg\" alt=\"F\u00f3li\u00e1zott \u00f6lt\u00f6z\u0151szekr\u00e9ny\"><\/a><\/figure>\n\n\n\n\n<div class=\"caption caption__portfolio\">\n\n\n<h3><a href=\"https:\/\/alexbutor.hu\/oltozobutor\/kategoriak\/oltozoszekreny\/foliazott-oltozoszekreny\/\">F\u00f3li\u00e1zott \u00f6lt\u00f6z\u0151szekr\u00e9ny<\/a><\/h3>\n\n\n<\/div>\n\n\n<\/div>\n\n\n<\/li>\n\n --><\/p>\n<\/div>\n","protected":false},"excerpt":{"rendered":"<p>B\u00fatorlapos \u00f6lt\u00f6z\u0151szekr\u00e9ny F\u00e9m \u00f6lt\u00f6z\u0151szekr\u00e9ny<\/p>\n","protected":false},"author":3,"featured_media":34632,"parent":10,"menu_order":0,"comment_status":"closed","ping_status":"closed","template":"page-uj-alexsub2.php","meta":{"footnotes":""},"class_list":["post-69","page","type-page","status-publish","has-post-thumbnail","hentry"],"yoast_head":"<!-- This site is optimized with the Yoast SEO plugin v23.5 - https:\/\/yoast.com\/wordpress\/plugins\/seo\/ -->\n<title>\u00d6lt\u00f6z\u0151szekr\u00e9ny - \u00d6lt\u00f6z\u0151b\u00fator<\/title>\n<meta name=\"description\" content=\"\u00d6lt\u00f6z\u0151szekr\u00e9nyeink \u00e9s \u00e9rt\u00e9kmeg\u00f6rz\u0151k iskol\u00e1knak, sport \u00e9s ipari \u00f6lt\u00f6z\u0151kbe. K\u00e9rje aj\u00e1nlatunkat standard vagy egy\u00e9ni m\u00e9retre!\" \/>\n<meta name=\"robots\" content=\"index, follow, max-snippet:-1, max-image-preview:large, max-video-preview:-1\" \/>\n<link rel=\"canonical\" href=\"https:\/\/alexbutor.hu\/oltozobutor\/kategoriak\/oltozoszekreny\/\" \/>\n<meta property=\"og:locale\" content=\"hu_HU\" \/>\n<meta property=\"og:type\" content=\"article\" \/>\n<meta property=\"og:title\" content=\"\u00d6lt\u00f6z\u0151szekr\u00e9ny - \u00d6lt\u00f6z\u0151b\u00fator\" \/>\n<meta property=\"og:description\" content=\"\u00d6lt\u00f6z\u0151szekr\u00e9nyeink \u00e9s \u00e9rt\u00e9kmeg\u00f6rz\u0151k iskol\u00e1knak, sport \u00e9s ipari \u00f6lt\u00f6z\u0151kbe. K\u00e9rje aj\u00e1nlatunkat standard vagy egy\u00e9ni m\u00e9retre!\" \/>\n<meta property=\"og:url\" content=\"https:\/\/alexbutor.hu\/oltozobutor\/kategoriak\/oltozoszekreny\/\" \/>\n<meta property=\"og:site_name\" content=\"\u00d6lt\u00f6z\u0151b\u00fator\" \/>\n<meta property=\"article:modified_time\" content=\"2021-05-19T15:55:06+00:00\" \/>\n<meta property=\"og:image\" content=\"https:\/\/alexbutor.hu\/oltozobutor\/wp-content\/uploads\/2016\/06\/butorlapos_oltozoszekreny_v2.jpg\" \/>\n\t<meta property=\"og:image:width\" content=\"800\" \/>\n\t<meta property=\"og:image:height\" content=\"560\" \/>\n\t<meta property=\"og:image:type\" content=\"image\/jpeg\" \/>\n<meta name=\"twitter:card\" content=\"summary_large_image\" \/>\n<script type=\"application\/ld+json\" class=\"yoast-schema-graph\">{\"@context\":\"https:\/\/schema.org\",\"@graph\":[{\"@type\":\"WebPage\",\"@id\":\"https:\/\/alexbutor.hu\/oltozobutor\/kategoriak\/oltozoszekreny\/\",\"url\":\"https:\/\/alexbutor.hu\/oltozobutor\/kategoriak\/oltozoszekreny\/\",\"name\":\"\u00d6lt\u00f6z\u0151szekr\u00e9ny - \u00d6lt\u00f6z\u0151b\u00fator\",\"isPartOf\":{\"@id\":\"https:\/\/alexbutor.hu\/oltozobutor\/#website\"},\"primaryImageOfPage\":{\"@id\":\"https:\/\/alexbutor.hu\/oltozobutor\/kategoriak\/oltozoszekreny\/#primaryimage\"},\"image\":{\"@id\":\"https:\/\/alexbutor.hu\/oltozobutor\/kategoriak\/oltozoszekreny\/#primaryimage\"},\"thumbnailUrl\":\"https:\/\/alexbutor.hu\/oltozobutor\/wp-content\/uploads\/2016\/06\/butorlapos_oltozoszekreny_v2.jpg\",\"datePublished\":\"2016-06-11T08:47:53+00:00\",\"dateModified\":\"2021-05-19T15:55:06+00:00\",\"description\":\"\u00d6lt\u00f6z\u0151szekr\u00e9nyeink \u00e9s \u00e9rt\u00e9kmeg\u00f6rz\u0151k iskol\u00e1knak, sport \u00e9s ipari \u00f6lt\u00f6z\u0151kbe. K\u00e9rje aj\u00e1nlatunkat standard vagy egy\u00e9ni m\u00e9retre!\",\"breadcrumb\":{\"@id\":\"https:\/\/alexbutor.hu\/oltozobutor\/kategoriak\/oltozoszekreny\/#breadcrumb\"},\"inLanguage\":\"hu\",\"potentialAction\":[{\"@type\":\"ReadAction\",\"target\":[\"https:\/\/alexbutor.hu\/oltozobutor\/kategoriak\/oltozoszekreny\/\"]}]},{\"@type\":\"ImageObject\",\"inLanguage\":\"hu\",\"@id\":\"https:\/\/alexbutor.hu\/oltozobutor\/kategoriak\/oltozoszekreny\/#primaryimage\",\"url\":\"https:\/\/alexbutor.hu\/oltozobutor\/wp-content\/uploads\/2016\/06\/butorlapos_oltozoszekreny_v2.jpg\",\"contentUrl\":\"https:\/\/alexbutor.hu\/oltozobutor\/wp-content\/uploads\/2016\/06\/butorlapos_oltozoszekreny_v2.jpg\",\"width\":800,\"height\":560},{\"@type\":\"BreadcrumbList\",\"@id\":\"https:\/\/alexbutor.hu\/oltozobutor\/kategoriak\/oltozoszekreny\/#breadcrumb\",\"itemListElement\":[{\"@type\":\"ListItem\",\"position\":1,\"name\":\"Home\",\"item\":\"https:\/\/alexbutor.hu\/oltozobutor\/\"},{\"@type\":\"ListItem\",\"position\":2,\"name\":\"Term\u00e9kek\",\"item\":\"https:\/\/alexbutor.hu\/oltozobutor\/kategoriak\/\"},{\"@type\":\"ListItem\",\"position\":3,\"name\":\"\u00d6lt\u00f6z\u0151szekr\u00e9ny\"}]},{\"@type\":\"WebSite\",\"@id\":\"https:\/\/alexbutor.hu\/oltozobutor\/#website\",\"url\":\"https:\/\/alexbutor.hu\/oltozobutor\/\",\"name\":\"\u00d6lt\u00f6z\u0151b\u00fator\",\"description\":\"Minden t\u00e9rben megold\u00e1s\",\"potentialAction\":[{\"@type\":\"SearchAction\",\"target\":{\"@type\":\"EntryPoint\",\"urlTemplate\":\"https:\/\/alexbutor.hu\/oltozobutor\/?s={search_term_string}\"},\"query-input\":{\"@type\":\"PropertyValueSpecification\",\"valueRequired\":true,\"valueName\":\"search_term_string\"}}],\"inLanguage\":\"hu\"}]}<\/script>\n<!-- \/ Yoast SEO plugin. -->","yoast_head_json":{"title":"\u00d6lt\u00f6z\u0151szekr\u00e9ny - \u00d6lt\u00f6z\u0151b\u00fator","description":"\u00d6lt\u00f6z\u0151szekr\u00e9nyeink \u00e9s \u00e9rt\u00e9kmeg\u00f6rz\u0151k iskol\u00e1knak, sport \u00e9s ipari \u00f6lt\u00f6z\u0151kbe. K\u00e9rje aj\u00e1nlatunkat standard vagy egy\u00e9ni m\u00e9retre!","robots":{"index":"index","follow":"follow","max-snippet":"max-snippet:-1","max-image-preview":"max-image-preview:large","max-video-preview":"max-video-preview:-1"},"canonical":"https:\/\/alexbutor.hu\/oltozobutor\/kategoriak\/oltozoszekreny\/","og_locale":"hu_HU","og_type":"article","og_title":"\u00d6lt\u00f6z\u0151szekr\u00e9ny - \u00d6lt\u00f6z\u0151b\u00fator","og_description":"\u00d6lt\u00f6z\u0151szekr\u00e9nyeink \u00e9s \u00e9rt\u00e9kmeg\u00f6rz\u0151k iskol\u00e1knak, sport \u00e9s ipari \u00f6lt\u00f6z\u0151kbe. K\u00e9rje aj\u00e1nlatunkat standard vagy egy\u00e9ni m\u00e9retre!","og_url":"https:\/\/alexbutor.hu\/oltozobutor\/kategoriak\/oltozoszekreny\/","og_site_name":"\u00d6lt\u00f6z\u0151b\u00fator","article_modified_time":"2021-05-19T15:55:06+00:00","og_image":[{"width":800,"height":560,"url":"https:\/\/alexbutor.hu\/oltozobutor\/wp-content\/uploads\/2016\/06\/butorlapos_oltozoszekreny_v2.jpg","type":"image\/jpeg"}],"twitter_card":"summary_large_image","schema":{"@context":"https:\/\/schema.org","@graph":[{"@type":"WebPage","@id":"https:\/\/alexbutor.hu\/oltozobutor\/kategoriak\/oltozoszekreny\/","url":"https:\/\/alexbutor.hu\/oltozobutor\/kategoriak\/oltozoszekreny\/","name":"\u00d6lt\u00f6z\u0151szekr\u00e9ny - \u00d6lt\u00f6z\u0151b\u00fator","isPartOf":{"@id":"https:\/\/alexbutor.hu\/oltozobutor\/#website"},"primaryImageOfPage":{"@id":"https:\/\/alexbutor.hu\/oltozobutor\/kategoriak\/oltozoszekreny\/#primaryimage"},"image":{"@id":"https:\/\/alexbutor.hu\/oltozobutor\/kategoriak\/oltozoszekreny\/#primaryimage"},"thumbnailUrl":"https:\/\/alexbutor.hu\/oltozobutor\/wp-content\/uploads\/2016\/06\/butorlapos_oltozoszekreny_v2.jpg","datePublished":"2016-06-11T08:47:53+00:00","dateModified":"2021-05-19T15:55:06+00:00","description":"\u00d6lt\u00f6z\u0151szekr\u00e9nyeink \u00e9s \u00e9rt\u00e9kmeg\u00f6rz\u0151k iskol\u00e1knak, sport \u00e9s ipari \u00f6lt\u00f6z\u0151kbe. K\u00e9rje aj\u00e1nlatunkat standard vagy egy\u00e9ni m\u00e9retre!","breadcrumb":{"@id":"https:\/\/alexbutor.hu\/oltozobutor\/kategoriak\/oltozoszekreny\/#breadcrumb"},"inLanguage":"hu","potentialAction":[{"@type":"ReadAction","target":["https:\/\/alexbutor.hu\/oltozobutor\/kategoriak\/oltozoszekreny\/"]}]},{"@type":"ImageObject","inLanguage":"hu","@id":"https:\/\/alexbutor.hu\/oltozobutor\/kategoriak\/oltozoszekreny\/#primaryimage","url":"https:\/\/alexbutor.hu\/oltozobutor\/wp-content\/uploads\/2016\/06\/butorlapos_oltozoszekreny_v2.jpg","contentUrl":"https:\/\/alexbutor.hu\/oltozobutor\/wp-content\/uploads\/2016\/06\/butorlapos_oltozoszekreny_v2.jpg","width":800,"height":560},{"@type":"BreadcrumbList","@id":"https:\/\/alexbutor.hu\/oltozobutor\/kategoriak\/oltozoszekreny\/#breadcrumb","itemListElement":[{"@type":"ListItem","position":1,"name":"Home","item":"https:\/\/alexbutor.hu\/oltozobutor\/"},{"@type":"ListItem","position":2,"name":"Term\u00e9kek","item":"https:\/\/alexbutor.hu\/oltozobutor\/kategoriak\/"},{"@type":"ListItem","position":3,"name":"\u00d6lt\u00f6z\u0151szekr\u00e9ny"}]},{"@type":"WebSite","@id":"https:\/\/alexbutor.hu\/oltozobutor\/#website","url":"https:\/\/alexbutor.hu\/oltozobutor\/","name":"\u00d6lt\u00f6z\u0151b\u00fator","description":"Minden t\u00e9rben megold\u00e1s","potentialAction":[{"@type":"SearchAction","target":{"@type":"EntryPoint","urlTemplate":"https:\/\/alexbutor.hu\/oltozobutor\/?s={search_term_string}"},"query-input":{"@type":"PropertyValueSpecification","valueRequired":true,"valueName":"search_term_string"}}],"inLanguage":"hu"}]}},"_links":{"self":[{"href":"https:\/\/alexbutor.hu\/oltozobutor\/wp-json\/wp\/v2\/pages\/69"}],"collection":[{"href":"https:\/\/alexbutor.hu\/oltozobutor\/wp-json\/wp\/v2\/pages"}],"about":[{"href":"https:\/\/alexbutor.hu\/oltozobutor\/wp-json\/wp\/v2\/types\/page"}],"author":[{"embeddable":true,"href":"https:\/\/alexbutor.hu\/oltozobutor\/wp-json\/wp\/v2\/users\/3"}],"replies":[{"embeddable":true,"href":"https:\/\/alexbutor.hu\/oltozobutor\/wp-json\/wp\/v2\/comments?post=69"}],"version-history":[{"count":3,"href":"https:\/\/alexbutor.hu\/oltozobutor\/wp-json\/wp\/v2\/pages\/69\/revisions"}],"predecessor-version":[{"id":46375,"href":"https:\/\/alexbutor.hu\/oltozobutor\/wp-json\/wp\/v2\/pages\/69\/revisions\/46375"}],"up":[{"embeddable":true,"href":"https:\/\/alexbutor.hu\/oltozobutor\/wp-json\/wp\/v2\/pages\/10"}],"wp:featuredmedia":[{"embeddable":true,"href":"https:\/\/alexbutor.hu\/oltozobutor\/wp-json\/wp\/v2\/media\/34632"}],"wp:attachment":[{"href":"https:\/\/alexbutor.hu\/oltozobutor\/wp-json\/wp\/v2\/media?parent=69"}],"curies":[{"name":"wp","href":"https:\/\/api.w.org\/{rel}","templated":true}]}}