{"id":17,"date":"2016-06-08T07:58:40","date_gmt":"2016-06-08T07:58:40","guid":{"rendered":"http:\/\/szallodabutor.hu\/?page_id=17"},"modified":"2021-05-06T12:37:17","modified_gmt":"2021-05-06T11:37:17","slug":"bemutatkozas","status":"publish","type":"page","link":"https:\/\/alexbutor.hu\/ovodabutor\/bemutatkozas\/","title":{"rendered":"Bemutatkoz\u00e1s"},"content":{"rendered":"<div id=\"owl-demo\" class=\"owl-carousel owl-theme\">\n<div class=\"item\"><img decoding=\"async\" src=\"https:\/\/alexbutor.hu\/vendeglatoibutor\/wp-content\/uploads\/2016\/06\/rolunk-1.jpg\" alt=\"Alex B\u00fator - R\u00f3lunk\"><\/div>\n<div class=\"item\"><img decoding=\"async\" src=\"https:\/\/alexbutor.hu\/vendeglatoibutor\/wp-content\/uploads\/2016\/06\/rolunk-2.jpg\" alt=\"Alex B\u00fator - R\u00f3lunk\"><\/div>\n<div class=\"item\"><img decoding=\"async\" src=\"https:\/\/alexbutor.hu\/vendeglatoibutor\/wp-content\/uploads\/2016\/06\/rolunk-3.jpg\" alt=\"Alex B\u00fator - R\u00f3lunk\"><\/div>\n<div class=\"item\"><img decoding=\"async\" src=\"https:\/\/alexbutor.hu\/vendeglatoibutor\/wp-content\/uploads\/2016\/06\/rolunk-4.jpg\" alt=\"Alex B\u00fator - R\u00f3lunk\"><\/div>\n<div class=\"item\"><img decoding=\"async\" src=\"https:\/\/alexbutor.hu\/vendeglatoibutor\/wp-content\/uploads\/2016\/06\/rolunk-5.jpg\" alt=\"Alex B\u00fator - R\u00f3lunk\"><\/div>\n<div class=\"item\"><img decoding=\"async\" src=\"https:\/\/alexbutor.hu\/vendeglatoibutor\/wp-content\/uploads\/2016\/06\/rolunk-6.jpg\" alt=\"Alex B\u00fator - R\u00f3lunk\"><\/div>\n<div class=\"item\"><img decoding=\"async\" src=\"https:\/\/alexbutor.hu\/vendeglatoibutor\/wp-content\/uploads\/2016\/06\/rolunk-7.jpg\" alt=\"Alex B\u00fator - R\u00f3lunk\"><\/div>\n<div class=\"item\"><img decoding=\"async\" src=\"https:\/\/alexbutor.hu\/vendeglatoibutor\/wp-content\/uploads\/2016\/06\/rolunk-8.jpg\" alt=\"Alex B\u00fator - R\u00f3lunk\"><\/div>\n<div class=\"item\"><img decoding=\"async\" src=\"https:\/\/alexbutor.hu\/vendeglatoibutor\/wp-content\/uploads\/2016\/06\/rolunk-9.jpg\" alt=\"Alex B\u00fator - R\u00f3lunk\"><\/div>\n<\/div>\n<div class=\"spacer\"><\/div><!-- .spacer (end) -->\n<h3>T\u00d6RT\u00c9NET\u00dcNK<\/h3>\n<p>C\u00e9g\u00fcnket 1991-ben csal\u00e1di v\u00e1llalkoz\u00e1sk\u00e9nt alap\u00edtott\u00e1k. A kezdetben kicsiben, sz\u0171k term\u00e9kk\u00edn\u00e1lattal indul\u00f3 v\u00e1llalkoz\u00e1s, felismerve a piaci lehet\u0151s\u00e9geket, p\u00e1r \u00e9v intenz\u00edv fejl\u0151d\u00e9se nyom\u00e1n piacvezet\u0151v\u00e9 v\u00e1lt az iskolab\u00fatorok ter\u00fclet\u00e9n. Ehhez kapcsol\u00f3d\u00f3an fejl\u0151d\u00f6tt ki az oktat\u00e1si int\u00e9zm\u00e9nyek komplett berendez\u00e9s\u00e9t jelent\u0151 sz\u00e1ll\u00edt\u00e1si program, valamint a tov\u00e1bbi \u00fczlet\u00e1gak. M\u00e1ra az int\u00e9zm\u00e9nyi b\u00fatoroz\u00e1s egyik vezet\u0151 gy\u00e1rt\u00f3j\u00e1v\u00e1 emelkedt\u00fcnk az oktat\u00e1s, a vend\u00e9gl\u00e1t\u00e1s, a k\u00f6zigazgat\u00e1s \u00e9s a kommun\u00e1lis szolg\u00e1ltat\u00e1sok kiszolg\u00e1l\u00e1s\u00e1ra. Gy\u00e1rt\u00f3k\u00e9nt a kompletts\u00e9gre t\u00f6rekedve mind a f\u00e9mmegmunk\u00e1l\u00e1s \u00e9s fel\u00fcletkezel\u00e9s, az asztalosiparban mind a b\u00fatorlap \u00e9s a t\u00f6m\u00f6rfa megmunk\u00e1l\u00e1s, valamint a k\u00e1rpitoz\u00e1s \u00f6n\u00e1ll\u00f3 \u00fczemeiben folyik a termel\u00e9s. A szerel\u00e9s, v\u00e9gellen\u0151rz\u00e9s \u00e9s csomagol\u00e1s ut\u00e1n pedig saj\u00e1t b\u00fatorsz\u00e1ll\u00edt\u00f3 teherkocsik v\u00e9gzik a mindennapos kisz\u00e1ll\u00edt\u00e1st. Kereskedelm\u00fcnk a t\u00f6rzsv\u00e1s\u00e1rl\u00f3i k\u00f6r kiszolg\u00e1l\u00e1s\u00e1n k\u00edv\u00fcl a p\u00e1ly\u00e1zatok elnyer\u00e9s\u00e9n, valamint a k\u00f6zeli orsz\u00e1gokba ir\u00e1nyul\u00f3 exporton is dolgozik. Min\u0151s\u00e9gir\u00e1ny\u00edt\u00e1si rendszer\u00fcnk kiterjed mind a gy\u00e1rt\u00e1s, mind a kereskedelem minden folyamat\u00e1ra. Fejleszt\u00e9si t\u00f6rekv\u00e9seink a term\u00e9ksk\u00e1la korszer\u0171s\u00edt\u00e9se, az \u00fajabb piaci szegmensek, valamint a mind modernebb, hat\u00e9konyabb \u00e9s k\u00f6rnyezetk\u00edm\u00e9l\u0151bb technol\u00f3gi\u00e1k \u00e9s gy\u00e1rt\u00f3eszk\u00f6z\u00f6k ir\u00e1ny\u00e1ba mutatnak.<\/p>\n<div class=\"spacer\"><\/div><!-- .spacer (end) -->\n<h3>GY\u00c1RT\u00c1S<\/h3>\n<p>Gy\u00e1rt\u00e1sunk teljes eg\u00e9sz\u00e9ben a mintegy 14.000 m2 ter\u00fclet\u0171 zs\u00e1mb\u00e9ki telephelyen folyik, \u00edgy az \u00fczemek k\u00f6z\u00f6tti anyagfolyam \u00e9s kommunik\u00e1ci\u00f3 a legk\u00f6zvetlenebb. Grafikus koll\u00e9g\u00e1nk minden \u00fczlet\u00e1gunk sz\u00e1m\u00e1ra k\u00fcl\u00f6n term\u00e9kkatal\u00f3gus(oka)t k\u00e9sz\u00edt, melyben a j\u00e1ratos t\u00edpusterm\u00e9kek tal\u00e1lhat\u00f3ak, ezeken k\u00edv\u00fcl a megmunk\u00e1l\u00e1s \u00e9s alapanyag v\u00e1laszt\u00e9k figyelembev\u00e9tel\u00e9vel egyedi term\u00e9kek is k\u00e9sz\u00fclnek. A t\u00edpusterm\u00e9kek fejleszt\u00e9s\u00e9re, valamint az egyedi term\u00e9kek gy\u00e1rt\u00e1stervez\u00e9s\u00e9re fejleszt\u0151m\u00e9rn\u00f6ki csoport m\u0171k\u00f6dik, akik 2D, ill.3D terveket k\u00e9sz\u00edtenek, a kereskedelem t\u00e1mogat\u00e1s\u00e1ra pedig sz\u00fcks\u00e9g eset\u00e9n l\u00e1tv\u00e1nytervek is sz\u00fcletnek. A gy\u00e1rt\u00e1shoz a strat\u00e9giai fontoss\u00e1g\u00fa alapanyagokb\u00f3l jelent\u0151s k\u00e9szletekkel rendelkez\u00fcnk, \u00edgy az ugr\u00e1sszer\u0171 nagyobb ig\u00e9nyeket is gyorsan ki lehet el\u00e9g\u00edteni. A gy\u00e1rban egyszerre vannak jelen a hagyom\u00e1nyos, \u00e9s a k\u00fcl\u00f6nlegesebb modern technol\u00f3gi\u00e1k, a berendez\u00e9sek k\u00f6z\u00f6tt is megtal\u00e1lhat\u00f3k a r\u00e9gebbi k\u00e9zi vez\u00e9rl\u00e9s\u0171ek mellett az \u00faj beruh\u00e1z\u00e1sokb\u00f3l sz\u00e1rmaz\u00f3 sz\u00e1mjegyvez\u00e9rl\u00e9s\u0171 modern gy\u00e1rt\u00f3eszk\u00f6z\u00f6k.<br \/>\nMin\u0151s\u00e9gir\u00e1ny\u00edt\u00e1si rendszer\u00fcnk gondoskodik a kibocs\u00e1tott term\u00e9kek egyenletes j\u00f3 min\u0151s\u00e9g\u00e9r\u0151l, a min\u0151s\u00e9g-azonos ut\u00e1np\u00f3tl\u00e1s lehet\u0151s\u00e9g\u00e9r\u0151l. A sz\u00e1ll\u00edt\u00e1si m\u00f3dnak megfelel\u0151 csomagol\u00e1s ut\u00e1n t\u00f6bbnyire a saj\u00e1t, kimondottan b\u00fatorsz\u00e1ll\u00edt\u00e1sra val\u00f3 teheraut\u00f3inkkal juttatjuk c\u00e9lba a term\u00e9keket, hogy a sz\u00e1ll\u00edt\u00e1si s\u00e9r\u00fcl\u00e9seket elker\u00fclj\u00fck. Amennyiben a helysz\u00edni beszerel\u00e9s, be\u00fczemel\u00e9s is t\u00e1rgya a szerz\u0151d\u00e9snek, saj\u00e1t gyakorlott munkat\u00e1rsaink ezt is elv\u00e9gzik.<\/p>\n<div class=\"spacer\"><\/div><!-- .spacer (end) -->\n","protected":false},"excerpt":{"rendered":"<p>T\u00d6RT\u00c9NET\u00dcNK C\u00e9g\u00fcnket 1991-ben csal\u00e1di v\u00e1llalkoz\u00e1sk\u00e9nt alap\u00edtott\u00e1k. A kezdetben kicsiben, sz\u0171k term\u00e9kk\u00edn\u00e1lattal indul\u00f3 v\u00e1llalkoz\u00e1s, felismerve a piaci lehet\u0151s\u00e9geket, p\u00e1r \u00e9v intenz\u00edv fejl\u0151d\u00e9se nyom\u00e1n piacvezet\u0151v\u00e9 v\u00e1lt az iskolab\u00fatorok ter\u00fclet\u00e9n. Ehhez kapcsol\u00f3d\u00f3an fejl\u0151d\u00f6tt ki az oktat\u00e1si int\u00e9zm\u00e9nyek komplett berendez\u00e9s\u00e9t jelent\u0151 sz\u00e1ll\u00edt\u00e1si program, valamint a tov\u00e1bbi \u00fczlet\u00e1gak. M\u00e1ra az int\u00e9zm\u00e9nyi b\u00fatoroz\u00e1s egyik vezet\u0151 gy\u00e1rt\u00f3j\u00e1v\u00e1 emelkedt\u00fcnk az oktat\u00e1s, a vend\u00e9gl\u00e1t\u00e1s, a k\u00f6zigazgat\u00e1s \u00e9s a kommun\u00e1lis&nbsp;<a href=\"https:\/\/alexbutor.hu\/ovodabutor\/bemutatkozas\/\" class=\"read-more\">...<\/a><\/p>\n","protected":false},"author":3,"featured_media":0,"parent":0,"menu_order":0,"comment_status":"closed","ping_status":"closed","template":"page-fullwidth.php","meta":{"footnotes":""},"class_list":["post-17","page","type-page","status-publish","hentry"],"yoast_head":"<!-- This site is optimized with the Yoast SEO plugin v23.5 - https:\/\/yoast.com\/wordpress\/plugins\/seo\/ -->\n<title>Bemutatkoz\u00e1s - \u00d3vodab\u00fator<\/title>\n<meta name=\"robots\" content=\"index, follow, max-snippet:-1, max-image-preview:large, max-video-preview:-1\" \/>\n<link rel=\"canonical\" href=\"https:\/\/alexbutor.hu\/ovodabutor\/bemutatkozas\/\" \/>\n<meta property=\"og:locale\" content=\"hu_HU\" \/>\n<meta property=\"og:type\" content=\"article\" \/>\n<meta property=\"og:title\" content=\"Bemutatkoz\u00e1s - \u00d3vodab\u00fator\" \/>\n<meta property=\"og:description\" content=\"T\u00d6RT\u00c9NET\u00dcNK C\u00e9g\u00fcnket 1991-ben csal\u00e1di v\u00e1llalkoz\u00e1sk\u00e9nt alap\u00edtott\u00e1k. A kezdetben kicsiben, sz\u0171k term\u00e9kk\u00edn\u00e1lattal indul\u00f3 v\u00e1llalkoz\u00e1s, felismerve a piaci lehet\u0151s\u00e9geket, p\u00e1r \u00e9v intenz\u00edv fejl\u0151d\u00e9se nyom\u00e1n piacvezet\u0151v\u00e9 v\u00e1lt az iskolab\u00fatorok ter\u00fclet\u00e9n. Ehhez kapcsol\u00f3d\u00f3an fejl\u0151d\u00f6tt ki az oktat\u00e1si int\u00e9zm\u00e9nyek komplett berendez\u00e9s\u00e9t jelent\u0151 sz\u00e1ll\u00edt\u00e1si program, valamint a tov\u00e1bbi \u00fczlet\u00e1gak. M\u00e1ra az int\u00e9zm\u00e9nyi b\u00fatoroz\u00e1s egyik vezet\u0151 gy\u00e1rt\u00f3j\u00e1v\u00e1 emelkedt\u00fcnk az oktat\u00e1s, a vend\u00e9gl\u00e1t\u00e1s, a k\u00f6zigazgat\u00e1s \u00e9s a kommun\u00e1lis&nbsp;...\" \/>\n<meta property=\"og:url\" content=\"https:\/\/alexbutor.hu\/ovodabutor\/bemutatkozas\/\" \/>\n<meta property=\"og:site_name\" content=\"\u00d3vodab\u00fator\" \/>\n<meta property=\"article:modified_time\" content=\"2021-05-06T11:37:17+00:00\" \/>\n<meta property=\"og:image\" content=\"https:\/\/alexbutor.hu\/vendeglatoibutor\/wp-content\/uploads\/2016\/06\/rolunk-1.jpg\" \/>\n<meta name=\"twitter:card\" content=\"summary_large_image\" \/>\n<meta name=\"twitter:label1\" content=\"Becs\u00fclt olvas\u00e1si id\u0151\" \/>\n\t<meta name=\"twitter:data1\" content=\"3 perc\" \/>\n<script type=\"application\/ld+json\" class=\"yoast-schema-graph\">{\"@context\":\"https:\/\/schema.org\",\"@graph\":[{\"@type\":\"WebPage\",\"@id\":\"https:\/\/alexbutor.hu\/ovodabutor\/bemutatkozas\/\",\"url\":\"https:\/\/alexbutor.hu\/ovodabutor\/bemutatkozas\/\",\"name\":\"Bemutatkoz\u00e1s - \u00d3vodab\u00fator\",\"isPartOf\":{\"@id\":\"https:\/\/alexbutor.hu\/ovodabutor\/#website\"},\"primaryImageOfPage\":{\"@id\":\"https:\/\/alexbutor.hu\/ovodabutor\/bemutatkozas\/#primaryimage\"},\"image\":{\"@id\":\"https:\/\/alexbutor.hu\/ovodabutor\/bemutatkozas\/#primaryimage\"},\"thumbnailUrl\":\"https:\/\/alexbutor.hu\/vendeglatoibutor\/wp-content\/uploads\/2016\/06\/rolunk-1.jpg\",\"datePublished\":\"2016-06-08T07:58:40+00:00\",\"dateModified\":\"2021-05-06T11:37:17+00:00\",\"breadcrumb\":{\"@id\":\"https:\/\/alexbutor.hu\/ovodabutor\/bemutatkozas\/#breadcrumb\"},\"inLanguage\":\"hu\",\"potentialAction\":[{\"@type\":\"ReadAction\",\"target\":[\"https:\/\/alexbutor.hu\/ovodabutor\/bemutatkozas\/\"]}]},{\"@type\":\"ImageObject\",\"inLanguage\":\"hu\",\"@id\":\"https:\/\/alexbutor.hu\/ovodabutor\/bemutatkozas\/#primaryimage\",\"url\":\"https:\/\/alexbutor.hu\/vendeglatoibutor\/wp-content\/uploads\/2016\/06\/rolunk-1.jpg\",\"contentUrl\":\"https:\/\/alexbutor.hu\/vendeglatoibutor\/wp-content\/uploads\/2016\/06\/rolunk-1.jpg\"},{\"@type\":\"BreadcrumbList\",\"@id\":\"https:\/\/alexbutor.hu\/ovodabutor\/bemutatkozas\/#breadcrumb\",\"itemListElement\":[{\"@type\":\"ListItem\",\"position\":1,\"name\":\"Home\",\"item\":\"https:\/\/alexbutor.hu\/ovodabutor\/\"},{\"@type\":\"ListItem\",\"position\":2,\"name\":\"Bemutatkoz\u00e1s\"}]},{\"@type\":\"WebSite\",\"@id\":\"https:\/\/alexbutor.hu\/ovodabutor\/#website\",\"url\":\"https:\/\/alexbutor.hu\/ovodabutor\/\",\"name\":\"\u00d3vodab\u00fator\",\"description\":\"Minden t\u00e9rben megold\u00e1s\",\"potentialAction\":[{\"@type\":\"SearchAction\",\"target\":{\"@type\":\"EntryPoint\",\"urlTemplate\":\"https:\/\/alexbutor.hu\/ovodabutor\/?s={search_term_string}\"},\"query-input\":{\"@type\":\"PropertyValueSpecification\",\"valueRequired\":true,\"valueName\":\"search_term_string\"}}],\"inLanguage\":\"hu\"}]}<\/script>\n<!-- \/ Yoast SEO plugin. -->","yoast_head_json":{"title":"Bemutatkoz\u00e1s - \u00d3vodab\u00fator","robots":{"index":"index","follow":"follow","max-snippet":"max-snippet:-1","max-image-preview":"max-image-preview:large","max-video-preview":"max-video-preview:-1"},"canonical":"https:\/\/alexbutor.hu\/ovodabutor\/bemutatkozas\/","og_locale":"hu_HU","og_type":"article","og_title":"Bemutatkoz\u00e1s - \u00d3vodab\u00fator","og_description":"T\u00d6RT\u00c9NET\u00dcNK C\u00e9g\u00fcnket 1991-ben csal\u00e1di v\u00e1llalkoz\u00e1sk\u00e9nt alap\u00edtott\u00e1k. A kezdetben kicsiben, sz\u0171k term\u00e9kk\u00edn\u00e1lattal indul\u00f3 v\u00e1llalkoz\u00e1s, felismerve a piaci lehet\u0151s\u00e9geket, p\u00e1r \u00e9v intenz\u00edv fejl\u0151d\u00e9se nyom\u00e1n piacvezet\u0151v\u00e9 v\u00e1lt az iskolab\u00fatorok ter\u00fclet\u00e9n. Ehhez kapcsol\u00f3d\u00f3an fejl\u0151d\u00f6tt ki az oktat\u00e1si int\u00e9zm\u00e9nyek komplett berendez\u00e9s\u00e9t jelent\u0151 sz\u00e1ll\u00edt\u00e1si program, valamint a tov\u00e1bbi \u00fczlet\u00e1gak. M\u00e1ra az int\u00e9zm\u00e9nyi b\u00fatoroz\u00e1s egyik vezet\u0151 gy\u00e1rt\u00f3j\u00e1v\u00e1 emelkedt\u00fcnk az oktat\u00e1s, a vend\u00e9gl\u00e1t\u00e1s, a k\u00f6zigazgat\u00e1s \u00e9s a kommun\u00e1lis&nbsp;...","og_url":"https:\/\/alexbutor.hu\/ovodabutor\/bemutatkozas\/","og_site_name":"\u00d3vodab\u00fator","article_modified_time":"2021-05-06T11:37:17+00:00","og_image":[{"url":"https:\/\/alexbutor.hu\/vendeglatoibutor\/wp-content\/uploads\/2016\/06\/rolunk-1.jpg"}],"twitter_card":"summary_large_image","twitter_misc":{"Becs\u00fclt olvas\u00e1si id\u0151":"3 perc"},"schema":{"@context":"https:\/\/schema.org","@graph":[{"@type":"WebPage","@id":"https:\/\/alexbutor.hu\/ovodabutor\/bemutatkozas\/","url":"https:\/\/alexbutor.hu\/ovodabutor\/bemutatkozas\/","name":"Bemutatkoz\u00e1s - \u00d3vodab\u00fator","isPartOf":{"@id":"https:\/\/alexbutor.hu\/ovodabutor\/#website"},"primaryImageOfPage":{"@id":"https:\/\/alexbutor.hu\/ovodabutor\/bemutatkozas\/#primaryimage"},"image":{"@id":"https:\/\/alexbutor.hu\/ovodabutor\/bemutatkozas\/#primaryimage"},"thumbnailUrl":"https:\/\/alexbutor.hu\/vendeglatoibutor\/wp-content\/uploads\/2016\/06\/rolunk-1.jpg","datePublished":"2016-06-08T07:58:40+00:00","dateModified":"2021-05-06T11:37:17+00:00","breadcrumb":{"@id":"https:\/\/alexbutor.hu\/ovodabutor\/bemutatkozas\/#breadcrumb"},"inLanguage":"hu","potentialAction":[{"@type":"ReadAction","target":["https:\/\/alexbutor.hu\/ovodabutor\/bemutatkozas\/"]}]},{"@type":"ImageObject","inLanguage":"hu","@id":"https:\/\/alexbutor.hu\/ovodabutor\/bemutatkozas\/#primaryimage","url":"https:\/\/alexbutor.hu\/vendeglatoibutor\/wp-content\/uploads\/2016\/06\/rolunk-1.jpg","contentUrl":"https:\/\/alexbutor.hu\/vendeglatoibutor\/wp-content\/uploads\/2016\/06\/rolunk-1.jpg"},{"@type":"BreadcrumbList","@id":"https:\/\/alexbutor.hu\/ovodabutor\/bemutatkozas\/#breadcrumb","itemListElement":[{"@type":"ListItem","position":1,"name":"Home","item":"https:\/\/alexbutor.hu\/ovodabutor\/"},{"@type":"ListItem","position":2,"name":"Bemutatkoz\u00e1s"}]},{"@type":"WebSite","@id":"https:\/\/alexbutor.hu\/ovodabutor\/#website","url":"https:\/\/alexbutor.hu\/ovodabutor\/","name":"\u00d3vodab\u00fator","description":"Minden t\u00e9rben megold\u00e1s","potentialAction":[{"@type":"SearchAction","target":{"@type":"EntryPoint","urlTemplate":"https:\/\/alexbutor.hu\/ovodabutor\/?s={search_term_string}"},"query-input":{"@type":"PropertyValueSpecification","valueRequired":true,"valueName":"search_term_string"}}],"inLanguage":"hu"}]}},"_links":{"self":[{"href":"https:\/\/alexbutor.hu\/ovodabutor\/wp-json\/wp\/v2\/pages\/17"}],"collection":[{"href":"https:\/\/alexbutor.hu\/ovodabutor\/wp-json\/wp\/v2\/pages"}],"about":[{"href":"https:\/\/alexbutor.hu\/ovodabutor\/wp-json\/wp\/v2\/types\/page"}],"author":[{"embeddable":true,"href":"https:\/\/alexbutor.hu\/ovodabutor\/wp-json\/wp\/v2\/users\/3"}],"replies":[{"embeddable":true,"href":"https:\/\/alexbutor.hu\/ovodabutor\/wp-json\/wp\/v2\/comments?post=17"}],"version-history":[{"count":2,"href":"https:\/\/alexbutor.hu\/ovodabutor\/wp-json\/wp\/v2\/pages\/17\/revisions"}],"predecessor-version":[{"id":50354,"href":"https:\/\/alexbutor.hu\/ovodabutor\/wp-json\/wp\/v2\/pages\/17\/revisions\/50354"}],"wp:attachment":[{"href":"https:\/\/alexbutor.hu\/ovodabutor\/wp-json\/wp\/v2\/media?parent=17"}],"curies":[{"name":"wp","href":"https:\/\/api.w.org\/{rel}","templated":true}]}}