{"id":41793,"date":"2017-05-08T08:47:41","date_gmt":"2017-05-08T08:47:41","guid":{"rendered":"http:\/\/alexbutor.hu\/ovodabutor\/?page_id=41793"},"modified":"2020-06-25T07:52:31","modified_gmt":"2020-06-25T06:52:31","slug":"pihenobutorok","status":"publish","type":"page","link":"https:\/\/alexbutor.hu\/ovodabutor\/kategoriak\/ovodai-bolcsodei-szekek-asztalok\/pihenobutorok\/","title":{"rendered":"Pihen\u0151b\u00fatorok"},"content":{"rendered":"<p><!--\n\n\n<li class=\"portfolio_item isotope-item\">\n\n\n<div class=\"portfolio_item_holder\">\n\n\n<figure class=\"thumbnail thumbnail__portfolio\"><a href=\"https:\/\/alexbutor.hu\/ovodabutor\/kategoriak\/ovodai-bolcsodei-szekek-asztalok\/pihenobutorok\/fa-ulogarnitura\/\" class=\"image-wrap\"><img decoding=\"async\" src=\"https:\/\/alexbutor.hu\/ovodabutor\/wp-content\/uploads\/2017\/05\/Ovodabutor_kategoria_1-8-Pihenobutorok-1-Fa_ulogarnitura.jpg\" alt=\"Fa \u00fcl\u0151garnit\u00fara\"><\/a><\/figure>\n\n\n\n\n<div class=\"caption caption__portfolio\">\n\n\n<h3><a href=\"https:\/\/alexbutor.hu\/ovodabutor\/kategoriak\/ovodai-bolcsodei-szekek-asztalok\/pihenobutorok\/fa-ulogarnitura\/\">Fa \u00fcl\u0151garnit\u00fara<\/a><\/h3>\n\n\n<\/div>\n\n\n<\/div>\n\n\n<\/li>\n\n\n\n\n\n<li class=\"portfolio_item isotope-item\">\n\n\n<div class=\"portfolio_item_holder\">\n\n\n<figure class=\"thumbnail thumbnail__portfolio\"><a href=\"https:\/\/alexbutor.hu\/ovodabutor\/kategoriak\/ovodai-bolcsodei-szekek-asztalok\/pihenobutorok\/virag-ulogarnitura\/\" class=\"image-wrap\"><img decoding=\"async\" src=\"https:\/\/alexbutor.hu\/ovodabutor\/wp-content\/uploads\/2017\/05\/Ovodabutor_kategoria_1-8-Pihenobutorok-2-Virag_ulogarnitura.jpg\" alt=\"Vir\u00e1g \u00fcl\u0151garnit\u00fara\"><\/a><\/figure>\n\n\n\n\n<div class=\"caption caption__portfolio\">\n\n\n<h3><a href=\"https:\/\/alexbutor.hu\/ovodabutor\/kategoriak\/ovodai-bolcsodei-szekek-asztalok\/pihenobutorok\/virag-ulogarnitura\/\">Vir\u00e1g \u00fcl\u0151garnit\u00fara<\/a><\/h3>\n\n\n<\/div>\n\n\n<\/div>\n\n\n<\/li>\n\n\n--><\/p>\n<li class=\"portfolio_item isotope-item\">\n<div class=\"portfolio_item_holder\">\n<figure class=\"thumbnail thumbnail__portfolio\"><a href=\"https:\/\/alexbutor.hu\/ovodabutor\/kategoriak\/ovodai-bolcsodei-szekek-asztalok\/pihenobutorok\/fonott-jatekok\/\" class=\"image-wrap\"><img decoding=\"async\" src=\"https:\/\/alexbutor.hu\/ovodabutor\/wp-content\/uploads\/2017\/05\/Ovodabutor_kategoria_1-8-Pihenobutorok-4-Fonott_jatekok.jpg\" alt=\"Fonott j\u00e1t\u00e9kok\"><\/a><\/figure>\n<div class=\"caption caption__portfolio\">\n<h3><a href=\"https:\/\/alexbutor.hu\/ovodabutor\/kategoriak\/ovodai-bolcsodei-szekek-asztalok\/pihenobutorok\/fonott-jatekok\/\">Fonott j\u00e1t\u00e9kok<\/a><\/h3>\n<\/div>\n<\/div>\n<\/li>\n<li class=\"portfolio_item isotope-item\">\n<div class=\"portfolio_item_holder\">\n<figure class=\"thumbnail thumbnail__portfolio\"><a href=\"https:\/\/alexbutor.hu\/iskolabutor\/kategoriak\/kozossegi-terek-butorai\/babzsakok\/\" target=\"_blank\" class=\"image-wrap\" rel=\"noopener noreferrer\"><img decoding=\"async\" src=\"https:\/\/alexbutor.hu\/ovodabutor\/wp-content\/uploads\/2020\/06\/Babzsak_800x560-1.jpg\" alt=\"Babzs\u00e1kok\"><\/a><\/figure>\n<div class=\"caption caption__portfolio\">\n<h3><a href=\"https:\/\/alexbutor.hu\/iskolabutor\/kategoriak\/kozossegi-terek-butorai\/babzsakok\/\" target=\"_blank\" rel=\"noopener noreferrer\">Babzs\u00e1kok<\/a><\/h3>\n<\/div>\n<\/div>\n<\/li>\n<p><!--\n\n\n<li class=\"portfolio_item isotope-item\">\n\n\n<div class=\"portfolio_item_holder\">\n\n\n<figure class=\"thumbnail thumbnail__portfolio\"><a href=\"https:\/\/alexbutor.hu\/vendeglatoibutor\/kategoriak\/vendeglatoi-butor\/longue-butor\/pihenoelem\/\" class=\"image-wrap\" target=\"_blank\" rel=\"noopener noreferrer\"><img decoding=\"async\" src=\"https:\/\/alexbutor.hu\/ovodabutor\/wp-content\/uploads\/2017\/05\/Ovodabutor_kategoria_1-8-Pihenobutorok-5-PS-pihenoelemek.jpg\" alt=\"PS pihen\u0151elemek\"><\/a><\/figure>\n\n\n\n\n<div class=\"caption caption__portfolio\">\n\n\n<h3><a href=\"https:\/\/alexbutor.hu\/vendeglatoibutor\/kategoriak\/vendeglatoi-butor\/longue-butor\/pihenoelem\/\" target=\"_blank\" rel=\"noopener noreferrer\">PS pihen\u0151elemek<\/a><\/h3>\n\n\n<\/div>\n\n\n<\/div>\n\n\n<\/li>\n\n\n\n\n\n<li class=\"portfolio_item isotope-item\">\n\n\n<div class=\"portfolio_item_holder\">\n\n\n<figure class=\"thumbnail thumbnail__portfolio\"><a href=\"https:\/\/alexbutor.hu\/ovodabutor\/kategoriak\/ovodai-bolcsodei-szekek-asztalok\/pihenobutorok\/uloparnak-jatszoszonyegek\/\" class=\"image-wrap\"><img decoding=\"async\" src=\"https:\/\/alexbutor.hu\/ovodabutor\/wp-content\/uploads\/2017\/05\/Ovodabutor_kategoria_1-9-Uloparnak.jpg\" alt=\"\u00dcl\u0151p\u00e1rn\u00e1k, j\u00e1tsz\u00f3sz\u0151nyegek\"><\/a><\/figure>\n\n\n\n\n<div class=\"caption caption__portfolio\">\n\n\n<h3><a href=\"https:\/\/alexbutor.hu\/ovodabutor\/kategoriak\/ovodai-bolcsodei-szekek-asztalok\/pihenobutorok\/uloparnak-jatszoszonyegek\/\">\u00dcl\u0151p\u00e1rn\u00e1k, j\u00e1tsz\u00f3sz\u0151nyegek<\/a><\/h3>\n\n\n<\/div>\n\n\n<\/div>\n\n\n<\/li>\n\n\n\n--><\/p>\n","protected":false},"excerpt":{"rendered":"<p>Fonott j\u00e1t\u00e9kok Babzs\u00e1kok<\/p>\n","protected":false},"author":3,"featured_media":0,"parent":41777,"menu_order":0,"comment_status":"closed","ping_status":"closed","template":"page-Portfolio2Cols-alexsub.php","meta":{"footnotes":""},"class_list":["post-41793","page","type-page","status-publish","hentry"],"yoast_head":"<!-- This site is optimized with the Yoast SEO plugin v23.5 - https:\/\/yoast.com\/wordpress\/plugins\/seo\/ -->\n<title>Pihen\u0151b\u00fatorok - \u00d3vodab\u00fator<\/title>\n<meta name=\"robots\" content=\"index, follow, max-snippet:-1, max-image-preview:large, max-video-preview:-1\" \/>\n<link rel=\"canonical\" href=\"https:\/\/alexbutor.hu\/ovodabutor\/kategoriak\/ovodai-bolcsodei-szekek-asztalok\/pihenobutorok\/\" \/>\n<meta property=\"og:locale\" content=\"hu_HU\" \/>\n<meta property=\"og:type\" content=\"article\" \/>\n<meta property=\"og:title\" content=\"Pihen\u0151b\u00fatorok - \u00d3vodab\u00fator\" \/>\n<meta property=\"og:description\" content=\"Fonott j\u00e1t\u00e9kok Babzs\u00e1kok\" \/>\n<meta property=\"og:url\" content=\"https:\/\/alexbutor.hu\/ovodabutor\/kategoriak\/ovodai-bolcsodei-szekek-asztalok\/pihenobutorok\/\" \/>\n<meta property=\"og:site_name\" content=\"\u00d3vodab\u00fator\" \/>\n<meta property=\"article:modified_time\" content=\"2020-06-25T06:52:31+00:00\" \/>\n<meta property=\"og:image\" content=\"https:\/\/alexbutor.hu\/ovodabutor\/wp-content\/uploads\/2017\/05\/Ovodabutor_kategoria_1-8-Pihenobutorok-1-Fa_ulogarnitura.jpg\" \/>\n<meta name=\"twitter:card\" content=\"summary_large_image\" \/>\n<script type=\"application\/ld+json\" class=\"yoast-schema-graph\">{\"@context\":\"https:\/\/schema.org\",\"@graph\":[{\"@type\":\"WebPage\",\"@id\":\"https:\/\/alexbutor.hu\/ovodabutor\/kategoriak\/ovodai-bolcsodei-szekek-asztalok\/pihenobutorok\/\",\"url\":\"https:\/\/alexbutor.hu\/ovodabutor\/kategoriak\/ovodai-bolcsodei-szekek-asztalok\/pihenobutorok\/\",\"name\":\"Pihen\u0151b\u00fatorok - \u00d3vodab\u00fator\",\"isPartOf\":{\"@id\":\"https:\/\/alexbutor.hu\/ovodabutor\/#website\"},\"primaryImageOfPage\":{\"@id\":\"https:\/\/alexbutor.hu\/ovodabutor\/kategoriak\/ovodai-bolcsodei-szekek-asztalok\/pihenobutorok\/#primaryimage\"},\"image\":{\"@id\":\"https:\/\/alexbutor.hu\/ovodabutor\/kategoriak\/ovodai-bolcsodei-szekek-asztalok\/pihenobutorok\/#primaryimage\"},\"thumbnailUrl\":\"https:\/\/alexbutor.hu\/ovodabutor\/wp-content\/uploads\/2017\/05\/Ovodabutor_kategoria_1-8-Pihenobutorok-1-Fa_ulogarnitura.jpg\",\"datePublished\":\"2017-05-08T08:47:41+00:00\",\"dateModified\":\"2020-06-25T06:52:31+00:00\",\"breadcrumb\":{\"@id\":\"https:\/\/alexbutor.hu\/ovodabutor\/kategoriak\/ovodai-bolcsodei-szekek-asztalok\/pihenobutorok\/#breadcrumb\"},\"inLanguage\":\"hu\",\"potentialAction\":[{\"@type\":\"ReadAction\",\"target\":[\"https:\/\/alexbutor.hu\/ovodabutor\/kategoriak\/ovodai-bolcsodei-szekek-asztalok\/pihenobutorok\/\"]}]},{\"@type\":\"ImageObject\",\"inLanguage\":\"hu\",\"@id\":\"https:\/\/alexbutor.hu\/ovodabutor\/kategoriak\/ovodai-bolcsodei-szekek-asztalok\/pihenobutorok\/#primaryimage\",\"url\":\"https:\/\/alexbutor.hu\/ovodabutor\/wp-content\/uploads\/2017\/05\/Ovodabutor_kategoria_1-8-Pihenobutorok-1-Fa_ulogarnitura.jpg\",\"contentUrl\":\"https:\/\/alexbutor.hu\/ovodabutor\/wp-content\/uploads\/2017\/05\/Ovodabutor_kategoria_1-8-Pihenobutorok-1-Fa_ulogarnitura.jpg\",\"width\":800,\"height\":560},{\"@type\":\"BreadcrumbList\",\"@id\":\"https:\/\/alexbutor.hu\/ovodabutor\/kategoriak\/ovodai-bolcsodei-szekek-asztalok\/pihenobutorok\/#breadcrumb\",\"itemListElement\":[{\"@type\":\"ListItem\",\"position\":1,\"name\":\"Home\",\"item\":\"https:\/\/alexbutor.hu\/ovodabutor\/\"},{\"@type\":\"ListItem\",\"position\":2,\"name\":\"Term\u00e9kek\",\"item\":\"https:\/\/alexbutor.hu\/ovodabutor\/kategoriak\/\"},{\"@type\":\"ListItem\",\"position\":3,\"name\":\"\u00d3vodai, b\u00f6lcs\u00f6dei sz\u00e9kek, asztalok\",\"item\":\"https:\/\/alexbutor.hu\/ovodabutor\/kategoriak\/ovodai-bolcsodei-szekek-asztalok\/\"},{\"@type\":\"ListItem\",\"position\":4,\"name\":\"Pihen\u0151b\u00fatorok\"}]},{\"@type\":\"WebSite\",\"@id\":\"https:\/\/alexbutor.hu\/ovodabutor\/#website\",\"url\":\"https:\/\/alexbutor.hu\/ovodabutor\/\",\"name\":\"\u00d3vodab\u00fator\",\"description\":\"Minden t\u00e9rben megold\u00e1s\",\"potentialAction\":[{\"@type\":\"SearchAction\",\"target\":{\"@type\":\"EntryPoint\",\"urlTemplate\":\"https:\/\/alexbutor.hu\/ovodabutor\/?s={search_term_string}\"},\"query-input\":{\"@type\":\"PropertyValueSpecification\",\"valueRequired\":true,\"valueName\":\"search_term_string\"}}],\"inLanguage\":\"hu\"}]}<\/script>\n<!-- \/ Yoast SEO plugin. -->","yoast_head_json":{"title":"Pihen\u0151b\u00fatorok - \u00d3vodab\u00fator","robots":{"index":"index","follow":"follow","max-snippet":"max-snippet:-1","max-image-preview":"max-image-preview:large","max-video-preview":"max-video-preview:-1"},"canonical":"https:\/\/alexbutor.hu\/ovodabutor\/kategoriak\/ovodai-bolcsodei-szekek-asztalok\/pihenobutorok\/","og_locale":"hu_HU","og_type":"article","og_title":"Pihen\u0151b\u00fatorok - \u00d3vodab\u00fator","og_description":"Fonott j\u00e1t\u00e9kok Babzs\u00e1kok","og_url":"https:\/\/alexbutor.hu\/ovodabutor\/kategoriak\/ovodai-bolcsodei-szekek-asztalok\/pihenobutorok\/","og_site_name":"\u00d3vodab\u00fator","article_modified_time":"2020-06-25T06:52:31+00:00","og_image":[{"url":"https:\/\/alexbutor.hu\/ovodabutor\/wp-content\/uploads\/2017\/05\/Ovodabutor_kategoria_1-8-Pihenobutorok-1-Fa_ulogarnitura.jpg"}],"twitter_card":"summary_large_image","schema":{"@context":"https:\/\/schema.org","@graph":[{"@type":"WebPage","@id":"https:\/\/alexbutor.hu\/ovodabutor\/kategoriak\/ovodai-bolcsodei-szekek-asztalok\/pihenobutorok\/","url":"https:\/\/alexbutor.hu\/ovodabutor\/kategoriak\/ovodai-bolcsodei-szekek-asztalok\/pihenobutorok\/","name":"Pihen\u0151b\u00fatorok - \u00d3vodab\u00fator","isPartOf":{"@id":"https:\/\/alexbutor.hu\/ovodabutor\/#website"},"primaryImageOfPage":{"@id":"https:\/\/alexbutor.hu\/ovodabutor\/kategoriak\/ovodai-bolcsodei-szekek-asztalok\/pihenobutorok\/#primaryimage"},"image":{"@id":"https:\/\/alexbutor.hu\/ovodabutor\/kategoriak\/ovodai-bolcsodei-szekek-asztalok\/pihenobutorok\/#primaryimage"},"thumbnailUrl":"https:\/\/alexbutor.hu\/ovodabutor\/wp-content\/uploads\/2017\/05\/Ovodabutor_kategoria_1-8-Pihenobutorok-1-Fa_ulogarnitura.jpg","datePublished":"2017-05-08T08:47:41+00:00","dateModified":"2020-06-25T06:52:31+00:00","breadcrumb":{"@id":"https:\/\/alexbutor.hu\/ovodabutor\/kategoriak\/ovodai-bolcsodei-szekek-asztalok\/pihenobutorok\/#breadcrumb"},"inLanguage":"hu","potentialAction":[{"@type":"ReadAction","target":["https:\/\/alexbutor.hu\/ovodabutor\/kategoriak\/ovodai-bolcsodei-szekek-asztalok\/pihenobutorok\/"]}]},{"@type":"ImageObject","inLanguage":"hu","@id":"https:\/\/alexbutor.hu\/ovodabutor\/kategoriak\/ovodai-bolcsodei-szekek-asztalok\/pihenobutorok\/#primaryimage","url":"https:\/\/alexbutor.hu\/ovodabutor\/wp-content\/uploads\/2017\/05\/Ovodabutor_kategoria_1-8-Pihenobutorok-1-Fa_ulogarnitura.jpg","contentUrl":"https:\/\/alexbutor.hu\/ovodabutor\/wp-content\/uploads\/2017\/05\/Ovodabutor_kategoria_1-8-Pihenobutorok-1-Fa_ulogarnitura.jpg","width":800,"height":560},{"@type":"BreadcrumbList","@id":"https:\/\/alexbutor.hu\/ovodabutor\/kategoriak\/ovodai-bolcsodei-szekek-asztalok\/pihenobutorok\/#breadcrumb","itemListElement":[{"@type":"ListItem","position":1,"name":"Home","item":"https:\/\/alexbutor.hu\/ovodabutor\/"},{"@type":"ListItem","position":2,"name":"Term\u00e9kek","item":"https:\/\/alexbutor.hu\/ovodabutor\/kategoriak\/"},{"@type":"ListItem","position":3,"name":"\u00d3vodai, b\u00f6lcs\u00f6dei sz\u00e9kek, asztalok","item":"https:\/\/alexbutor.hu\/ovodabutor\/kategoriak\/ovodai-bolcsodei-szekek-asztalok\/"},{"@type":"ListItem","position":4,"name":"Pihen\u0151b\u00fatorok"}]},{"@type":"WebSite","@id":"https:\/\/alexbutor.hu\/ovodabutor\/#website","url":"https:\/\/alexbutor.hu\/ovodabutor\/","name":"\u00d3vodab\u00fator","description":"Minden t\u00e9rben megold\u00e1s","potentialAction":[{"@type":"SearchAction","target":{"@type":"EntryPoint","urlTemplate":"https:\/\/alexbutor.hu\/ovodabutor\/?s={search_term_string}"},"query-input":{"@type":"PropertyValueSpecification","valueRequired":true,"valueName":"search_term_string"}}],"inLanguage":"hu"}]}},"_links":{"self":[{"href":"https:\/\/alexbutor.hu\/ovodabutor\/wp-json\/wp\/v2\/pages\/41793"}],"collection":[{"href":"https:\/\/alexbutor.hu\/ovodabutor\/wp-json\/wp\/v2\/pages"}],"about":[{"href":"https:\/\/alexbutor.hu\/ovodabutor\/wp-json\/wp\/v2\/types\/page"}],"author":[{"embeddable":true,"href":"https:\/\/alexbutor.hu\/ovodabutor\/wp-json\/wp\/v2\/users\/3"}],"replies":[{"embeddable":true,"href":"https:\/\/alexbutor.hu\/ovodabutor\/wp-json\/wp\/v2\/comments?post=41793"}],"version-history":[{"count":3,"href":"https:\/\/alexbutor.hu\/ovodabutor\/wp-json\/wp\/v2\/pages\/41793\/revisions"}],"predecessor-version":[{"id":49321,"href":"https:\/\/alexbutor.hu\/ovodabutor\/wp-json\/wp\/v2\/pages\/41793\/revisions\/49321"}],"up":[{"embeddable":true,"href":"https:\/\/alexbutor.hu\/ovodabutor\/wp-json\/wp\/v2\/pages\/41777"}],"wp:attachment":[{"href":"https:\/\/alexbutor.hu\/ovodabutor\/wp-json\/wp\/v2\/media?parent=41793"}],"curies":[{"name":"wp","href":"https:\/\/api.w.org\/{rel}","templated":true}]}}