{"id":41807,"date":"2017-05-08T08:50:04","date_gmt":"2017-05-08T08:50:04","guid":{"rendered":"http:\/\/alexbutor.hu\/ovodabutor\/?page_id=41807"},"modified":"2024-06-27T11:29:23","modified_gmt":"2024-06-27T10:29:23","slug":"ovodai-bolcsodei-szekrenyek","status":"publish","type":"page","link":"https:\/\/alexbutor.hu\/ovodabutor\/kategoriak\/ovodai-bolcsodei-szekrenyek\/","title":{"rendered":"\u00d3vodai, b\u00f6lcs\u00f6dei szekr\u00e9nyek"},"content":{"rendered":"<li class=\"portfolio_item isotope-item\">\n<div class=\"portfolio_item_holder\">\n<figure class=\"thumbnail thumbnail__portfolio\"><a href=\"https:\/\/alexbutor.hu\/iskolabutor\/kategoriak\/iskolai-szekrenyek\/flex-szekrenyek\/\" class=\"image-wrap\" target=\"_blank\" rel=\"noopener noreferrer\"><img decoding=\"async\" src=\"https:\/\/alexbutor.hu\/ovodabutor\/wp-content\/uploads\/2020\/07\/FlexSzekreny_800x560.jpg\" alt=\"Flex szekr\u00e9nyek\"><\/a><\/figure>\n<div class=\"caption caption__portfolio\">\n<h3><a href=\"https:\/\/alexbutor.hu\/iskolabutor\/kategoriak\/iskolai-szekrenyek\/flex-szekrenyek\/\" target=\"_blank\" rel=\"noopener noreferrer\">Flex szekr\u00e9nyek<\/a><\/h3>\n<\/div>\n<\/div>\n<\/li>\n<li class=\"portfolio_item isotope-item\">\n<div class=\"portfolio_item_holder\">\n<figure class=\"thumbnail thumbnail__portfolio\"><a href=\"https:\/\/alexbutor.hu\/ovodabutor\/kategoriak\/ovodai-bolcsodei-szekrenyek\/jerry-szekrenyek\/\" class=\"image-wrap\"><img decoding=\"async\" src=\"https:\/\/alexbutor.hu\/ovodabutor\/wp-content\/uploads\/2024\/06\/jerry-szekreny-osszeallitas-800.jpg\" alt=\"Jerry szekr\u00e9nyek\"><\/a><\/figure>\n<div class=\"caption caption__portfolio\">\n<h3><a href=\"https:\/\/alexbutor.hu\/ovodabutor\/kategoriak\/ovodai-bolcsodei-szekrenyek\/jerry-szekrenyek\/\">Jerry szekr\u00e9nyek<\/a><\/h3>\n<\/div>\n<\/div>\n<\/li>\n<li class=\"portfolio_item isotope-item\">\n<div class=\"portfolio_item_holder\">\n<figure class=\"thumbnail thumbnail__portfolio\"><a href=\"https:\/\/alexbutor.hu\/ovodabutor\/kategoriak\/ovodai-bolcsodei-szekrenyek\/pluto-szekrenycsalad\/\" class=\"image-wrap\"><img decoding=\"async\" src=\"https:\/\/alexbutor.hu\/ovodabutor\/wp-content\/uploads\/2017\/05\/Ovodabutor_kategoria_2-8-Pluto_szekrencsalad.jpg\" alt=\"Plut\u00f3 szekr\u00e9nycsal\u00e1d\"><\/a><\/figure>\n<div class=\"caption caption__portfolio\">\n<h3><a href=\"https:\/\/alexbutor.hu\/ovodabutor\/kategoriak\/ovodai-bolcsodei-szekrenyek\/pluto-szekrenycsalad\/\">Plut\u00f3 szekr\u00e9nycsal\u00e1d<\/a><\/h3>\n<\/div>\n<\/div>\n<\/li>\n<li class=\"portfolio_item isotope-item\">\n<div class=\"portfolio_item_holder\">\n<figure class=\"thumbnail thumbnail__portfolio\"><a href=\"https:\/\/alexbutor.hu\/iskolabutor\/kategoriak\/iskolai-szekrenyek\/klasszikus-szekrenyek\/\" class=\"image-wrap\" target=\"_blank\" rel=\"noopener noreferrer\"><img decoding=\"async\" src=\"https:\/\/alexbutor.hu\/ovodabutor\/wp-content\/uploads\/2017\/05\/Ovodabutor_kategoria_2-9-Klasszikus_szekrenyek.jpg\" alt=\"Klasszikus szekr\u00e9nyek\"><\/a><\/figure>\n<div class=\"caption caption__portfolio\">\n<h3><a href=\"https:\/\/alexbutor.hu\/iskolabutor\/kategoriak\/iskolai-szekrenyek\/klasszikus-szekrenyek\/\" target=\"_blank\" rel=\"noopener noreferrer\">Klasszikus szekr\u00e9nyek<\/a><\/h3>\n<\/div>\n<\/div>\n<\/li>\n<li class=\"portfolio_item isotope-item\">\n<div class=\"portfolio_item_holder\">\n<figure class=\"thumbnail thumbnail__portfolio\"><a href=\"https:\/\/alexbutor.hu\/iskolabutor\/kategoriak\/iskolai-szekrenyek\/flex-szekrenyek\/\" class=\"image-wrap\" target=\"_blank\" rel=\"noopener noreferrer\"><img decoding=\"async\" src=\"https:\/\/alexbutor.hu\/ovodabutor\/wp-content\/uploads\/2017\/05\/Ovodabutor_kategoria_2-10-Egyeb_szekrenyek.jpg\" alt=\"Flex szekr\u00e9nyek\"><\/a><\/figure>\n<div class=\"caption caption__portfolio\">\n<h3><a href=\"https:\/\/alexbutor.hu\/iskolabutor\/kategoriak\/iskolai-szekrenyek\/flex-szekrenyek\/\" target=\"_blank\" rel=\"noopener noreferrer\">Flex szekr\u00e9nyek<\/a><\/h3>\n<\/div>\n<\/div>\n<\/li>\n<li class=\"portfolio_item isotope-item\">\n<div class=\"portfolio_item_holder\">\n<figure class=\"thumbnail thumbnail__portfolio\"><a href=\"https:\/\/alexbutor.hu\/ovodabutor\/kategoriak\/ovodai-bolcsodei-szekrenyek\/szerepjatszo-berendezesek\/\" class=\"image-wrap\"><img decoding=\"async\" src=\"https:\/\/alexbutor.hu\/ovodabutor\/wp-content\/uploads\/2017\/05\/Ovodabutor_kategoria_2-11-Szerepjatszo_berendezesek.jpg\" alt=\"Szerepj\u00e1tsz\u00f3 berendez\u00e9sek\"><\/a><\/figure>\n<div class=\"caption caption__portfolio\">\n<h3><a href=\"https:\/\/alexbutor.hu\/ovodabutor\/kategoriak\/ovodai-bolcsodei-szekrenyek\/szerepjatszo-berendezesek\/\">Szerepj\u00e1tsz\u00f3 berendez\u00e9sek<\/a><\/h3>\n<\/div>\n<\/div>\n<\/li>\n","protected":false},"excerpt":{"rendered":"<p>Flex szekr\u00e9nyek Jerry szekr\u00e9nyek Plut\u00f3 szekr\u00e9nycsal\u00e1d Klasszikus szekr\u00e9nyek Flex szekr\u00e9nyek Szerepj\u00e1tsz\u00f3 berendez\u00e9sek<\/p>\n","protected":false},"author":3,"featured_media":45052,"parent":10,"menu_order":0,"comment_status":"closed","ping_status":"closed","template":"page-Portfolio4Cols-alexsub.php","meta":{"footnotes":""},"class_list":["post-41807","page","type-page","status-publish","has-post-thumbnail","hentry"],"yoast_head":"<!-- This site is optimized with the Yoast SEO plugin v23.5 - https:\/\/yoast.com\/wordpress\/plugins\/seo\/ -->\n<title>\u00d3vodai, b\u00f6lcs\u00f6dei szekr\u00e9nyek - \u00d3vodab\u00fator<\/title>\n<meta name=\"robots\" content=\"index, follow, max-snippet:-1, max-image-preview:large, max-video-preview:-1\" \/>\n<link rel=\"canonical\" href=\"https:\/\/alexbutor.hu\/ovodabutor\/kategoriak\/ovodai-bolcsodei-szekrenyek\/\" \/>\n<meta property=\"og:locale\" content=\"hu_HU\" \/>\n<meta property=\"og:type\" content=\"article\" \/>\n<meta property=\"og:title\" content=\"\u00d3vodai, b\u00f6lcs\u00f6dei szekr\u00e9nyek - \u00d3vodab\u00fator\" \/>\n<meta property=\"og:description\" content=\"Flex szekr\u00e9nyek Jerry szekr\u00e9nyek Plut\u00f3 szekr\u00e9nycsal\u00e1d Klasszikus szekr\u00e9nyek Flex szekr\u00e9nyek Szerepj\u00e1tsz\u00f3 berendez\u00e9sek\" \/>\n<meta property=\"og:url\" content=\"https:\/\/alexbutor.hu\/ovodabutor\/kategoriak\/ovodai-bolcsodei-szekrenyek\/\" \/>\n<meta property=\"og:site_name\" content=\"\u00d3vodab\u00fator\" \/>\n<meta property=\"article:modified_time\" content=\"2024-06-27T10:29:23+00:00\" \/>\n<meta property=\"og:image\" content=\"https:\/\/alexbutor.hu\/ovodabutor\/wp-content\/uploads\/2018\/01\/Ovodai-bolcsodei_szekrenyek_csempe_518x320px.jpg\" \/>\n\t<meta property=\"og:image:width\" content=\"518\" \/>\n\t<meta property=\"og:image:height\" content=\"320\" \/>\n\t<meta property=\"og:image:type\" content=\"image\/jpeg\" \/>\n<meta name=\"twitter:card\" content=\"summary_large_image\" \/>\n<script type=\"application\/ld+json\" class=\"yoast-schema-graph\">{\"@context\":\"https:\/\/schema.org\",\"@graph\":[{\"@type\":\"WebPage\",\"@id\":\"https:\/\/alexbutor.hu\/ovodabutor\/kategoriak\/ovodai-bolcsodei-szekrenyek\/\",\"url\":\"https:\/\/alexbutor.hu\/ovodabutor\/kategoriak\/ovodai-bolcsodei-szekrenyek\/\",\"name\":\"\u00d3vodai, b\u00f6lcs\u00f6dei szekr\u00e9nyek - \u00d3vodab\u00fator\",\"isPartOf\":{\"@id\":\"https:\/\/alexbutor.hu\/ovodabutor\/#website\"},\"primaryImageOfPage\":{\"@id\":\"https:\/\/alexbutor.hu\/ovodabutor\/kategoriak\/ovodai-bolcsodei-szekrenyek\/#primaryimage\"},\"image\":{\"@id\":\"https:\/\/alexbutor.hu\/ovodabutor\/kategoriak\/ovodai-bolcsodei-szekrenyek\/#primaryimage\"},\"thumbnailUrl\":\"https:\/\/alexbutor.hu\/ovodabutor\/wp-content\/uploads\/2018\/01\/Ovodai-bolcsodei_szekrenyek_csempe_518x320px.jpg\",\"datePublished\":\"2017-05-08T08:50:04+00:00\",\"dateModified\":\"2024-06-27T10:29:23+00:00\",\"breadcrumb\":{\"@id\":\"https:\/\/alexbutor.hu\/ovodabutor\/kategoriak\/ovodai-bolcsodei-szekrenyek\/#breadcrumb\"},\"inLanguage\":\"hu\",\"potentialAction\":[{\"@type\":\"ReadAction\",\"target\":[\"https:\/\/alexbutor.hu\/ovodabutor\/kategoriak\/ovodai-bolcsodei-szekrenyek\/\"]}]},{\"@type\":\"ImageObject\",\"inLanguage\":\"hu\",\"@id\":\"https:\/\/alexbutor.hu\/ovodabutor\/kategoriak\/ovodai-bolcsodei-szekrenyek\/#primaryimage\",\"url\":\"https:\/\/alexbutor.hu\/ovodabutor\/wp-content\/uploads\/2018\/01\/Ovodai-bolcsodei_szekrenyek_csempe_518x320px.jpg\",\"contentUrl\":\"https:\/\/alexbutor.hu\/ovodabutor\/wp-content\/uploads\/2018\/01\/Ovodai-bolcsodei_szekrenyek_csempe_518x320px.jpg\",\"width\":518,\"height\":320},{\"@type\":\"BreadcrumbList\",\"@id\":\"https:\/\/alexbutor.hu\/ovodabutor\/kategoriak\/ovodai-bolcsodei-szekrenyek\/#breadcrumb\",\"itemListElement\":[{\"@type\":\"ListItem\",\"position\":1,\"name\":\"Home\",\"item\":\"https:\/\/alexbutor.hu\/ovodabutor\/\"},{\"@type\":\"ListItem\",\"position\":2,\"name\":\"Term\u00e9kek\",\"item\":\"https:\/\/alexbutor.hu\/ovodabutor\/kategoriak\/\"},{\"@type\":\"ListItem\",\"position\":3,\"name\":\"\u00d3vodai, b\u00f6lcs\u00f6dei szekr\u00e9nyek\"}]},{\"@type\":\"WebSite\",\"@id\":\"https:\/\/alexbutor.hu\/ovodabutor\/#website\",\"url\":\"https:\/\/alexbutor.hu\/ovodabutor\/\",\"name\":\"\u00d3vodab\u00fator\",\"description\":\"Minden t\u00e9rben megold\u00e1s\",\"potentialAction\":[{\"@type\":\"SearchAction\",\"target\":{\"@type\":\"EntryPoint\",\"urlTemplate\":\"https:\/\/alexbutor.hu\/ovodabutor\/?s={search_term_string}\"},\"query-input\":{\"@type\":\"PropertyValueSpecification\",\"valueRequired\":true,\"valueName\":\"search_term_string\"}}],\"inLanguage\":\"hu\"}]}<\/script>\n<!-- \/ Yoast SEO plugin. -->","yoast_head_json":{"title":"\u00d3vodai, b\u00f6lcs\u00f6dei szekr\u00e9nyek - \u00d3vodab\u00fator","robots":{"index":"index","follow":"follow","max-snippet":"max-snippet:-1","max-image-preview":"max-image-preview:large","max-video-preview":"max-video-preview:-1"},"canonical":"https:\/\/alexbutor.hu\/ovodabutor\/kategoriak\/ovodai-bolcsodei-szekrenyek\/","og_locale":"hu_HU","og_type":"article","og_title":"\u00d3vodai, b\u00f6lcs\u00f6dei szekr\u00e9nyek - \u00d3vodab\u00fator","og_description":"Flex szekr\u00e9nyek Jerry szekr\u00e9nyek Plut\u00f3 szekr\u00e9nycsal\u00e1d Klasszikus szekr\u00e9nyek Flex szekr\u00e9nyek Szerepj\u00e1tsz\u00f3 berendez\u00e9sek","og_url":"https:\/\/alexbutor.hu\/ovodabutor\/kategoriak\/ovodai-bolcsodei-szekrenyek\/","og_site_name":"\u00d3vodab\u00fator","article_modified_time":"2024-06-27T10:29:23+00:00","og_image":[{"width":518,"height":320,"url":"https:\/\/alexbutor.hu\/ovodabutor\/wp-content\/uploads\/2018\/01\/Ovodai-bolcsodei_szekrenyek_csempe_518x320px.jpg","type":"image\/jpeg"}],"twitter_card":"summary_large_image","schema":{"@context":"https:\/\/schema.org","@graph":[{"@type":"WebPage","@id":"https:\/\/alexbutor.hu\/ovodabutor\/kategoriak\/ovodai-bolcsodei-szekrenyek\/","url":"https:\/\/alexbutor.hu\/ovodabutor\/kategoriak\/ovodai-bolcsodei-szekrenyek\/","name":"\u00d3vodai, b\u00f6lcs\u00f6dei szekr\u00e9nyek - \u00d3vodab\u00fator","isPartOf":{"@id":"https:\/\/alexbutor.hu\/ovodabutor\/#website"},"primaryImageOfPage":{"@id":"https:\/\/alexbutor.hu\/ovodabutor\/kategoriak\/ovodai-bolcsodei-szekrenyek\/#primaryimage"},"image":{"@id":"https:\/\/alexbutor.hu\/ovodabutor\/kategoriak\/ovodai-bolcsodei-szekrenyek\/#primaryimage"},"thumbnailUrl":"https:\/\/alexbutor.hu\/ovodabutor\/wp-content\/uploads\/2018\/01\/Ovodai-bolcsodei_szekrenyek_csempe_518x320px.jpg","datePublished":"2017-05-08T08:50:04+00:00","dateModified":"2024-06-27T10:29:23+00:00","breadcrumb":{"@id":"https:\/\/alexbutor.hu\/ovodabutor\/kategoriak\/ovodai-bolcsodei-szekrenyek\/#breadcrumb"},"inLanguage":"hu","potentialAction":[{"@type":"ReadAction","target":["https:\/\/alexbutor.hu\/ovodabutor\/kategoriak\/ovodai-bolcsodei-szekrenyek\/"]}]},{"@type":"ImageObject","inLanguage":"hu","@id":"https:\/\/alexbutor.hu\/ovodabutor\/kategoriak\/ovodai-bolcsodei-szekrenyek\/#primaryimage","url":"https:\/\/alexbutor.hu\/ovodabutor\/wp-content\/uploads\/2018\/01\/Ovodai-bolcsodei_szekrenyek_csempe_518x320px.jpg","contentUrl":"https:\/\/alexbutor.hu\/ovodabutor\/wp-content\/uploads\/2018\/01\/Ovodai-bolcsodei_szekrenyek_csempe_518x320px.jpg","width":518,"height":320},{"@type":"BreadcrumbList","@id":"https:\/\/alexbutor.hu\/ovodabutor\/kategoriak\/ovodai-bolcsodei-szekrenyek\/#breadcrumb","itemListElement":[{"@type":"ListItem","position":1,"name":"Home","item":"https:\/\/alexbutor.hu\/ovodabutor\/"},{"@type":"ListItem","position":2,"name":"Term\u00e9kek","item":"https:\/\/alexbutor.hu\/ovodabutor\/kategoriak\/"},{"@type":"ListItem","position":3,"name":"\u00d3vodai, b\u00f6lcs\u00f6dei szekr\u00e9nyek"}]},{"@type":"WebSite","@id":"https:\/\/alexbutor.hu\/ovodabutor\/#website","url":"https:\/\/alexbutor.hu\/ovodabutor\/","name":"\u00d3vodab\u00fator","description":"Minden t\u00e9rben megold\u00e1s","potentialAction":[{"@type":"SearchAction","target":{"@type":"EntryPoint","urlTemplate":"https:\/\/alexbutor.hu\/ovodabutor\/?s={search_term_string}"},"query-input":{"@type":"PropertyValueSpecification","valueRequired":true,"valueName":"search_term_string"}}],"inLanguage":"hu"}]}},"_links":{"self":[{"href":"https:\/\/alexbutor.hu\/ovodabutor\/wp-json\/wp\/v2\/pages\/41807"}],"collection":[{"href":"https:\/\/alexbutor.hu\/ovodabutor\/wp-json\/wp\/v2\/pages"}],"about":[{"href":"https:\/\/alexbutor.hu\/ovodabutor\/wp-json\/wp\/v2\/types\/page"}],"author":[{"embeddable":true,"href":"https:\/\/alexbutor.hu\/ovodabutor\/wp-json\/wp\/v2\/users\/3"}],"replies":[{"embeddable":true,"href":"https:\/\/alexbutor.hu\/ovodabutor\/wp-json\/wp\/v2\/comments?post=41807"}],"version-history":[{"count":4,"href":"https:\/\/alexbutor.hu\/ovodabutor\/wp-json\/wp\/v2\/pages\/41807\/revisions"}],"predecessor-version":[{"id":54964,"href":"https:\/\/alexbutor.hu\/ovodabutor\/wp-json\/wp\/v2\/pages\/41807\/revisions\/54964"}],"up":[{"embeddable":true,"href":"https:\/\/alexbutor.hu\/ovodabutor\/wp-json\/wp\/v2\/pages\/10"}],"wp:featuredmedia":[{"embeddable":true,"href":"https:\/\/alexbutor.hu\/ovodabutor\/wp-json\/wp\/v2\/media\/45052"}],"wp:attachment":[{"href":"https:\/\/alexbutor.hu\/ovodabutor\/wp-json\/wp\/v2\/media?parent=41807"}],"curies":[{"name":"wp","href":"https:\/\/api.w.org\/{rel}","templated":true}]}}