{"id":41819,"date":"2017-05-08T08:51:53","date_gmt":"2017-05-08T08:51:53","guid":{"rendered":"http:\/\/alexbutor.hu\/ovodabutor\/?page_id=41819"},"modified":"2024-06-27T11:26:48","modified_gmt":"2024-06-27T10:26:48","slug":"jerry-szekrenyek","status":"publish","type":"page","link":"https:\/\/alexbutor.hu\/ovodabutor\/kategoriak\/ovodai-bolcsodei-szekrenyek\/jerry-szekrenyek\/","title":{"rendered":"Jerry szekr\u00e9nyek"},"content":{"rendered":"","protected":false},"excerpt":{"rendered":"","protected":false},"author":3,"featured_media":54960,"parent":41807,"menu_order":0,"comment_status":"closed","ping_status":"closed","template":"page-Portfolio4Cols-filterable.php","meta":{"footnotes":""},"class_list":["post-41819","page","type-page","status-publish","has-post-thumbnail","hentry"],"yoast_head":"<!-- This site is optimized with the Yoast SEO plugin v23.5 - https:\/\/yoast.com\/wordpress\/plugins\/seo\/ -->\n<title>Jerry szekr\u00e9nyek - \u00d3vodab\u00fator<\/title>\n<meta name=\"robots\" content=\"index, follow, max-snippet:-1, max-image-preview:large, max-video-preview:-1\" \/>\n<link rel=\"canonical\" href=\"https:\/\/alexbutor.hu\/ovodabutor\/kategoriak\/ovodai-bolcsodei-szekrenyek\/jerry-szekrenyek\/\" \/>\n<meta property=\"og:locale\" content=\"hu_HU\" \/>\n<meta property=\"og:type\" content=\"article\" \/>\n<meta property=\"og:title\" content=\"Jerry szekr\u00e9nyek - \u00d3vodab\u00fator\" \/>\n<meta property=\"og:url\" content=\"https:\/\/alexbutor.hu\/ovodabutor\/kategoriak\/ovodai-bolcsodei-szekrenyek\/jerry-szekrenyek\/\" \/>\n<meta property=\"og:site_name\" content=\"\u00d3vodab\u00fator\" \/>\n<meta property=\"article:modified_time\" content=\"2024-06-27T10:26:48+00:00\" \/>\n<meta property=\"og:image\" content=\"https:\/\/alexbutor.hu\/ovodabutor\/wp-content\/uploads\/2024\/06\/jerry-szekreny-osszeallitas.jpg\" \/>\n\t<meta property=\"og:image:width\" content=\"1600\" \/>\n\t<meta property=\"og:image:height\" content=\"1200\" \/>\n\t<meta property=\"og:image:type\" content=\"image\/jpeg\" \/>\n<meta name=\"twitter:card\" content=\"summary_large_image\" \/>\n<script type=\"application\/ld+json\" class=\"yoast-schema-graph\">{\"@context\":\"https:\/\/schema.org\",\"@graph\":[{\"@type\":\"WebPage\",\"@id\":\"https:\/\/alexbutor.hu\/ovodabutor\/kategoriak\/ovodai-bolcsodei-szekrenyek\/jerry-szekrenyek\/\",\"url\":\"https:\/\/alexbutor.hu\/ovodabutor\/kategoriak\/ovodai-bolcsodei-szekrenyek\/jerry-szekrenyek\/\",\"name\":\"Jerry szekr\u00e9nyek - \u00d3vodab\u00fator\",\"isPartOf\":{\"@id\":\"https:\/\/alexbutor.hu\/ovodabutor\/#website\"},\"primaryImageOfPage\":{\"@id\":\"https:\/\/alexbutor.hu\/ovodabutor\/kategoriak\/ovodai-bolcsodei-szekrenyek\/jerry-szekrenyek\/#primaryimage\"},\"image\":{\"@id\":\"https:\/\/alexbutor.hu\/ovodabutor\/kategoriak\/ovodai-bolcsodei-szekrenyek\/jerry-szekrenyek\/#primaryimage\"},\"thumbnailUrl\":\"https:\/\/alexbutor.hu\/ovodabutor\/wp-content\/uploads\/2024\/06\/jerry-szekreny-osszeallitas.jpg\",\"datePublished\":\"2017-05-08T08:51:53+00:00\",\"dateModified\":\"2024-06-27T10:26:48+00:00\",\"breadcrumb\":{\"@id\":\"https:\/\/alexbutor.hu\/ovodabutor\/kategoriak\/ovodai-bolcsodei-szekrenyek\/jerry-szekrenyek\/#breadcrumb\"},\"inLanguage\":\"hu\",\"potentialAction\":[{\"@type\":\"ReadAction\",\"target\":[\"https:\/\/alexbutor.hu\/ovodabutor\/kategoriak\/ovodai-bolcsodei-szekrenyek\/jerry-szekrenyek\/\"]}]},{\"@type\":\"ImageObject\",\"inLanguage\":\"hu\",\"@id\":\"https:\/\/alexbutor.hu\/ovodabutor\/kategoriak\/ovodai-bolcsodei-szekrenyek\/jerry-szekrenyek\/#primaryimage\",\"url\":\"https:\/\/alexbutor.hu\/ovodabutor\/wp-content\/uploads\/2024\/06\/jerry-szekreny-osszeallitas.jpg\",\"contentUrl\":\"https:\/\/alexbutor.hu\/ovodabutor\/wp-content\/uploads\/2024\/06\/jerry-szekreny-osszeallitas.jpg\",\"width\":1600,\"height\":1200},{\"@type\":\"BreadcrumbList\",\"@id\":\"https:\/\/alexbutor.hu\/ovodabutor\/kategoriak\/ovodai-bolcsodei-szekrenyek\/jerry-szekrenyek\/#breadcrumb\",\"itemListElement\":[{\"@type\":\"ListItem\",\"position\":1,\"name\":\"Home\",\"item\":\"https:\/\/alexbutor.hu\/ovodabutor\/\"},{\"@type\":\"ListItem\",\"position\":2,\"name\":\"Term\u00e9kek\",\"item\":\"https:\/\/alexbutor.hu\/ovodabutor\/kategoriak\/\"},{\"@type\":\"ListItem\",\"position\":3,\"name\":\"\u00d3vodai, b\u00f6lcs\u00f6dei szekr\u00e9nyek\",\"item\":\"https:\/\/alexbutor.hu\/ovodabutor\/kategoriak\/ovodai-bolcsodei-szekrenyek\/\"},{\"@type\":\"ListItem\",\"position\":4,\"name\":\"Jerry szekr\u00e9nyek\"}]},{\"@type\":\"WebSite\",\"@id\":\"https:\/\/alexbutor.hu\/ovodabutor\/#website\",\"url\":\"https:\/\/alexbutor.hu\/ovodabutor\/\",\"name\":\"\u00d3vodab\u00fator\",\"description\":\"Minden t\u00e9rben megold\u00e1s\",\"potentialAction\":[{\"@type\":\"SearchAction\",\"target\":{\"@type\":\"EntryPoint\",\"urlTemplate\":\"https:\/\/alexbutor.hu\/ovodabutor\/?s={search_term_string}\"},\"query-input\":{\"@type\":\"PropertyValueSpecification\",\"valueRequired\":true,\"valueName\":\"search_term_string\"}}],\"inLanguage\":\"hu\"}]}<\/script>\n<!-- \/ Yoast SEO plugin. -->","yoast_head_json":{"title":"Jerry szekr\u00e9nyek - \u00d3vodab\u00fator","robots":{"index":"index","follow":"follow","max-snippet":"max-snippet:-1","max-image-preview":"max-image-preview:large","max-video-preview":"max-video-preview:-1"},"canonical":"https:\/\/alexbutor.hu\/ovodabutor\/kategoriak\/ovodai-bolcsodei-szekrenyek\/jerry-szekrenyek\/","og_locale":"hu_HU","og_type":"article","og_title":"Jerry szekr\u00e9nyek - \u00d3vodab\u00fator","og_url":"https:\/\/alexbutor.hu\/ovodabutor\/kategoriak\/ovodai-bolcsodei-szekrenyek\/jerry-szekrenyek\/","og_site_name":"\u00d3vodab\u00fator","article_modified_time":"2024-06-27T10:26:48+00:00","og_image":[{"width":1600,"height":1200,"url":"https:\/\/alexbutor.hu\/ovodabutor\/wp-content\/uploads\/2024\/06\/jerry-szekreny-osszeallitas.jpg","type":"image\/jpeg"}],"twitter_card":"summary_large_image","schema":{"@context":"https:\/\/schema.org","@graph":[{"@type":"WebPage","@id":"https:\/\/alexbutor.hu\/ovodabutor\/kategoriak\/ovodai-bolcsodei-szekrenyek\/jerry-szekrenyek\/","url":"https:\/\/alexbutor.hu\/ovodabutor\/kategoriak\/ovodai-bolcsodei-szekrenyek\/jerry-szekrenyek\/","name":"Jerry szekr\u00e9nyek - \u00d3vodab\u00fator","isPartOf":{"@id":"https:\/\/alexbutor.hu\/ovodabutor\/#website"},"primaryImageOfPage":{"@id":"https:\/\/alexbutor.hu\/ovodabutor\/kategoriak\/ovodai-bolcsodei-szekrenyek\/jerry-szekrenyek\/#primaryimage"},"image":{"@id":"https:\/\/alexbutor.hu\/ovodabutor\/kategoriak\/ovodai-bolcsodei-szekrenyek\/jerry-szekrenyek\/#primaryimage"},"thumbnailUrl":"https:\/\/alexbutor.hu\/ovodabutor\/wp-content\/uploads\/2024\/06\/jerry-szekreny-osszeallitas.jpg","datePublished":"2017-05-08T08:51:53+00:00","dateModified":"2024-06-27T10:26:48+00:00","breadcrumb":{"@id":"https:\/\/alexbutor.hu\/ovodabutor\/kategoriak\/ovodai-bolcsodei-szekrenyek\/jerry-szekrenyek\/#breadcrumb"},"inLanguage":"hu","potentialAction":[{"@type":"ReadAction","target":["https:\/\/alexbutor.hu\/ovodabutor\/kategoriak\/ovodai-bolcsodei-szekrenyek\/jerry-szekrenyek\/"]}]},{"@type":"ImageObject","inLanguage":"hu","@id":"https:\/\/alexbutor.hu\/ovodabutor\/kategoriak\/ovodai-bolcsodei-szekrenyek\/jerry-szekrenyek\/#primaryimage","url":"https:\/\/alexbutor.hu\/ovodabutor\/wp-content\/uploads\/2024\/06\/jerry-szekreny-osszeallitas.jpg","contentUrl":"https:\/\/alexbutor.hu\/ovodabutor\/wp-content\/uploads\/2024\/06\/jerry-szekreny-osszeallitas.jpg","width":1600,"height":1200},{"@type":"BreadcrumbList","@id":"https:\/\/alexbutor.hu\/ovodabutor\/kategoriak\/ovodai-bolcsodei-szekrenyek\/jerry-szekrenyek\/#breadcrumb","itemListElement":[{"@type":"ListItem","position":1,"name":"Home","item":"https:\/\/alexbutor.hu\/ovodabutor\/"},{"@type":"ListItem","position":2,"name":"Term\u00e9kek","item":"https:\/\/alexbutor.hu\/ovodabutor\/kategoriak\/"},{"@type":"ListItem","position":3,"name":"\u00d3vodai, b\u00f6lcs\u00f6dei szekr\u00e9nyek","item":"https:\/\/alexbutor.hu\/ovodabutor\/kategoriak\/ovodai-bolcsodei-szekrenyek\/"},{"@type":"ListItem","position":4,"name":"Jerry szekr\u00e9nyek"}]},{"@type":"WebSite","@id":"https:\/\/alexbutor.hu\/ovodabutor\/#website","url":"https:\/\/alexbutor.hu\/ovodabutor\/","name":"\u00d3vodab\u00fator","description":"Minden t\u00e9rben megold\u00e1s","potentialAction":[{"@type":"SearchAction","target":{"@type":"EntryPoint","urlTemplate":"https:\/\/alexbutor.hu\/ovodabutor\/?s={search_term_string}"},"query-input":{"@type":"PropertyValueSpecification","valueRequired":true,"valueName":"search_term_string"}}],"inLanguage":"hu"}]}},"_links":{"self":[{"href":"https:\/\/alexbutor.hu\/ovodabutor\/wp-json\/wp\/v2\/pages\/41819"}],"collection":[{"href":"https:\/\/alexbutor.hu\/ovodabutor\/wp-json\/wp\/v2\/pages"}],"about":[{"href":"https:\/\/alexbutor.hu\/ovodabutor\/wp-json\/wp\/v2\/types\/page"}],"author":[{"embeddable":true,"href":"https:\/\/alexbutor.hu\/ovodabutor\/wp-json\/wp\/v2\/users\/3"}],"replies":[{"embeddable":true,"href":"https:\/\/alexbutor.hu\/ovodabutor\/wp-json\/wp\/v2\/comments?post=41819"}],"version-history":[{"count":1,"href":"https:\/\/alexbutor.hu\/ovodabutor\/wp-json\/wp\/v2\/pages\/41819\/revisions"}],"predecessor-version":[{"id":54961,"href":"https:\/\/alexbutor.hu\/ovodabutor\/wp-json\/wp\/v2\/pages\/41819\/revisions\/54961"}],"up":[{"embeddable":true,"href":"https:\/\/alexbutor.hu\/ovodabutor\/wp-json\/wp\/v2\/pages\/41807"}],"wp:featuredmedia":[{"embeddable":true,"href":"https:\/\/alexbutor.hu\/ovodabutor\/wp-json\/wp\/v2\/media\/54960"}],"wp:attachment":[{"href":"https:\/\/alexbutor.hu\/ovodabutor\/wp-json\/wp\/v2\/media?parent=41819"}],"curies":[{"name":"wp","href":"https:\/\/api.w.org\/{rel}","templated":true}]}}