{"id":41855,"date":"2017-05-08T08:57:46","date_gmt":"2017-05-08T08:57:46","guid":{"rendered":"http:\/\/alexbutor.hu\/ovodabutor\/?page_id=41855"},"modified":"2020-06-19T10:41:54","modified_gmt":"2020-06-19T09:41:54","slug":"jatszoteri-eszkozok","status":"publish","type":"page","link":"https:\/\/alexbutor.hu\/ovodabutor\/kategoriak\/jatszoteri-eszkozok\/","title":{"rendered":"J\u00e1tsz\u00f3t\u00e9ri eszk\u00f6z\u00f6k"},"content":{"rendered":"<p><!-- \n\n<li class=\"portfolio_item isotope-item\">\n\n\n<div class=\"portfolio_item_holder\">\n\n\n<figure class=\"thumbnail thumbnail__portfolio\"><a href=\"https:\/\/alexbutor.hu\/ovodabutor\/kategoriak\/jatszoteri-eszkozok\/kerti-butorok\/\" class=\"image-wrap\"><img decoding=\"async\" src=\"https:\/\/alexbutor.hu\/ovodabutor\/wp-content\/uploads\/2017\/05\/Ovodabutor_kategoria_7-1-Kerti_butorok.jpg\" alt=\"Kerti b\u00fatorok\"><\/a><\/figure>\n\n\n\n\n<div class=\"caption caption__portfolio\">\n\n\n<h3><a href=\"https:\/\/alexbutor.hu\/ovodabutor\/kategoriak\/jatszoteri-eszkozok\/kerti-butorok\/\">Kerti b\u00fatorok<\/a><\/h3>\n\n\n<\/div>\n\n\n<\/div>\n\n\n<\/li>\n\n\n\n\n\n<li class=\"portfolio_item isotope-item\">\n\n\n<div class=\"portfolio_item_holder\">\n\n\n<figure class=\"thumbnail thumbnail__portfolio\"><a href=\"https:\/\/alexbutor.hu\/ovodabutor\/kategoriak\/jatszoteri-eszkozok\/akac-ronkszeru-jatekok\/\" class=\"image-wrap\"><img decoding=\"async\" src=\"https:\/\/alexbutor.hu\/ovodabutor\/wp-content\/uploads\/2017\/05\/Ovodabutor_kategoria_7-2-Akac_ronkszeru_jatekok.jpg\" alt=\"Ak\u00e1c r\u00f6nkszer\u0171 j\u00e1t\u00e9kok\"><\/a><\/figure>\n\n\n\n\n<div class=\"caption caption__portfolio\">\n\n\n<h3><a href=\"https:\/\/alexbutor.hu\/ovodabutor\/kategoriak\/jatszoteri-eszkozok\/akac-ronkszeru-jatekok\/\">Ak\u00e1c r\u00f6nkszer\u0171 j\u00e1t\u00e9kok<\/a><\/h3>\n\n\n<\/div>\n\n\n<\/div>\n\n\n<\/li>\n\n\n--><\/p>\n<li class=\"portfolio_item isotope-item\">\n<div class=\"portfolio_item_holder\">\n<figure class=\"thumbnail thumbnail__portfolio\"><a href=\"https:\/\/alexbutor.hu\/ovodabutor\/kategoriak\/jatszoteri-eszkozok\/fenyobol-keszult-jatekok\/\" class=\"image-wrap\"><img decoding=\"async\" src=\"https:\/\/alexbutor.hu\/ovodabutor\/wp-content\/uploads\/2017\/05\/Ovodabutor_kategoria_7-3-Fenyobol_keszult_jatekok.jpg\" alt=\"Feny\u0151b\u0151l k\u00e9sz\u00fclt j\u00e1t\u00e9kok\"><\/a><\/figure>\n<div class=\"caption caption__portfolio\">\n<h3><a href=\"https:\/\/alexbutor.hu\/ovodabutor\/kategoriak\/jatszoteri-eszkozok\/fenyobol-keszult-jatekok\/\">Feny\u0151b\u0151l k\u00e9sz\u00fclt j\u00e1t\u00e9kok<\/a><\/h3>\n<\/div>\n<\/div>\n<\/li>\n<li class=\"portfolio_item isotope-item\">\n<div class=\"portfolio_item_holder\">\n<figure class=\"thumbnail thumbnail__portfolio\"><a href=\"https:\/\/alexbutor.hu\/ovodabutor\/kategoriak\/jatszoteri-eszkozok\/rugos-jatekok\/\" class=\"image-wrap\"><img decoding=\"async\" src=\"https:\/\/alexbutor.hu\/ovodabutor\/wp-content\/uploads\/2017\/05\/Ovodabutor_kategoria_7-4-Rugos_jatekok.jpg\" alt=\"Rug\u00f3s j\u00e1t\u00e9kok\"><\/a><\/figure>\n<div class=\"caption caption__portfolio\">\n<h3><a href=\"https:\/\/alexbutor.hu\/ovodabutor\/kategoriak\/jatszoteri-eszkozok\/rugos-jatekok\/\">Rug\u00f3s j\u00e1t\u00e9kok<\/a><\/h3>\n<\/div>\n<\/div>\n<\/li>\n","protected":false},"excerpt":{"rendered":"<p>Feny\u0151b\u0151l k\u00e9sz\u00fclt j\u00e1t\u00e9kok Rug\u00f3s j\u00e1t\u00e9kok<\/p>\n","protected":false},"author":3,"featured_media":0,"parent":10,"menu_order":0,"comment_status":"closed","ping_status":"closed","template":"page-Portfolio2Cols-alexsub.php","meta":{"footnotes":""},"class_list":["post-41855","page","type-page","status-publish","hentry"],"yoast_head":"<!-- This site is optimized with the Yoast SEO plugin v23.5 - https:\/\/yoast.com\/wordpress\/plugins\/seo\/ -->\n<title>J\u00e1tsz\u00f3t\u00e9ri eszk\u00f6z\u00f6k - \u00d3vodab\u00fator<\/title>\n<meta name=\"robots\" content=\"index, follow, max-snippet:-1, max-image-preview:large, max-video-preview:-1\" \/>\n<link rel=\"canonical\" href=\"https:\/\/alexbutor.hu\/ovodabutor\/kategoriak\/jatszoteri-eszkozok\/\" \/>\n<meta property=\"og:locale\" content=\"hu_HU\" \/>\n<meta property=\"og:type\" content=\"article\" \/>\n<meta property=\"og:title\" content=\"J\u00e1tsz\u00f3t\u00e9ri eszk\u00f6z\u00f6k - \u00d3vodab\u00fator\" \/>\n<meta property=\"og:description\" content=\"Feny\u0151b\u0151l k\u00e9sz\u00fclt j\u00e1t\u00e9kok Rug\u00f3s j\u00e1t\u00e9kok\" \/>\n<meta property=\"og:url\" content=\"https:\/\/alexbutor.hu\/ovodabutor\/kategoriak\/jatszoteri-eszkozok\/\" \/>\n<meta property=\"og:site_name\" content=\"\u00d3vodab\u00fator\" \/>\n<meta property=\"article:modified_time\" content=\"2020-06-19T09:41:54+00:00\" \/>\n<meta property=\"og:image\" content=\"https:\/\/alexbutor.hu\/ovodabutor\/wp-content\/uploads\/2017\/05\/Ovodabutor_kategoria_7-1-Kerti_butorok.jpg\" \/>\n<meta name=\"twitter:card\" content=\"summary_large_image\" \/>\n<script type=\"application\/ld+json\" class=\"yoast-schema-graph\">{\"@context\":\"https:\/\/schema.org\",\"@graph\":[{\"@type\":\"WebPage\",\"@id\":\"https:\/\/alexbutor.hu\/ovodabutor\/kategoriak\/jatszoteri-eszkozok\/\",\"url\":\"https:\/\/alexbutor.hu\/ovodabutor\/kategoriak\/jatszoteri-eszkozok\/\",\"name\":\"J\u00e1tsz\u00f3t\u00e9ri eszk\u00f6z\u00f6k - \u00d3vodab\u00fator\",\"isPartOf\":{\"@id\":\"https:\/\/alexbutor.hu\/ovodabutor\/#website\"},\"primaryImageOfPage\":{\"@id\":\"https:\/\/alexbutor.hu\/ovodabutor\/kategoriak\/jatszoteri-eszkozok\/#primaryimage\"},\"image\":{\"@id\":\"https:\/\/alexbutor.hu\/ovodabutor\/kategoriak\/jatszoteri-eszkozok\/#primaryimage\"},\"thumbnailUrl\":\"https:\/\/alexbutor.hu\/ovodabutor\/wp-content\/uploads\/2017\/05\/Ovodabutor_kategoria_7-1-Kerti_butorok.jpg\",\"datePublished\":\"2017-05-08T08:57:46+00:00\",\"dateModified\":\"2020-06-19T09:41:54+00:00\",\"breadcrumb\":{\"@id\":\"https:\/\/alexbutor.hu\/ovodabutor\/kategoriak\/jatszoteri-eszkozok\/#breadcrumb\"},\"inLanguage\":\"hu\",\"potentialAction\":[{\"@type\":\"ReadAction\",\"target\":[\"https:\/\/alexbutor.hu\/ovodabutor\/kategoriak\/jatszoteri-eszkozok\/\"]}]},{\"@type\":\"ImageObject\",\"inLanguage\":\"hu\",\"@id\":\"https:\/\/alexbutor.hu\/ovodabutor\/kategoriak\/jatszoteri-eszkozok\/#primaryimage\",\"url\":\"https:\/\/alexbutor.hu\/ovodabutor\/wp-content\/uploads\/2017\/05\/Ovodabutor_kategoria_7-1-Kerti_butorok.jpg\",\"contentUrl\":\"https:\/\/alexbutor.hu\/ovodabutor\/wp-content\/uploads\/2017\/05\/Ovodabutor_kategoria_7-1-Kerti_butorok.jpg\",\"width\":800,\"height\":560},{\"@type\":\"BreadcrumbList\",\"@id\":\"https:\/\/alexbutor.hu\/ovodabutor\/kategoriak\/jatszoteri-eszkozok\/#breadcrumb\",\"itemListElement\":[{\"@type\":\"ListItem\",\"position\":1,\"name\":\"Home\",\"item\":\"https:\/\/alexbutor.hu\/ovodabutor\/\"},{\"@type\":\"ListItem\",\"position\":2,\"name\":\"Term\u00e9kek\",\"item\":\"https:\/\/alexbutor.hu\/ovodabutor\/kategoriak\/\"},{\"@type\":\"ListItem\",\"position\":3,\"name\":\"J\u00e1tsz\u00f3t\u00e9ri eszk\u00f6z\u00f6k\"}]},{\"@type\":\"WebSite\",\"@id\":\"https:\/\/alexbutor.hu\/ovodabutor\/#website\",\"url\":\"https:\/\/alexbutor.hu\/ovodabutor\/\",\"name\":\"\u00d3vodab\u00fator\",\"description\":\"Minden t\u00e9rben megold\u00e1s\",\"potentialAction\":[{\"@type\":\"SearchAction\",\"target\":{\"@type\":\"EntryPoint\",\"urlTemplate\":\"https:\/\/alexbutor.hu\/ovodabutor\/?s={search_term_string}\"},\"query-input\":{\"@type\":\"PropertyValueSpecification\",\"valueRequired\":true,\"valueName\":\"search_term_string\"}}],\"inLanguage\":\"hu\"}]}<\/script>\n<!-- \/ Yoast SEO plugin. -->","yoast_head_json":{"title":"J\u00e1tsz\u00f3t\u00e9ri eszk\u00f6z\u00f6k - \u00d3vodab\u00fator","robots":{"index":"index","follow":"follow","max-snippet":"max-snippet:-1","max-image-preview":"max-image-preview:large","max-video-preview":"max-video-preview:-1"},"canonical":"https:\/\/alexbutor.hu\/ovodabutor\/kategoriak\/jatszoteri-eszkozok\/","og_locale":"hu_HU","og_type":"article","og_title":"J\u00e1tsz\u00f3t\u00e9ri eszk\u00f6z\u00f6k - \u00d3vodab\u00fator","og_description":"Feny\u0151b\u0151l k\u00e9sz\u00fclt j\u00e1t\u00e9kok Rug\u00f3s j\u00e1t\u00e9kok","og_url":"https:\/\/alexbutor.hu\/ovodabutor\/kategoriak\/jatszoteri-eszkozok\/","og_site_name":"\u00d3vodab\u00fator","article_modified_time":"2020-06-19T09:41:54+00:00","og_image":[{"url":"https:\/\/alexbutor.hu\/ovodabutor\/wp-content\/uploads\/2017\/05\/Ovodabutor_kategoria_7-1-Kerti_butorok.jpg"}],"twitter_card":"summary_large_image","schema":{"@context":"https:\/\/schema.org","@graph":[{"@type":"WebPage","@id":"https:\/\/alexbutor.hu\/ovodabutor\/kategoriak\/jatszoteri-eszkozok\/","url":"https:\/\/alexbutor.hu\/ovodabutor\/kategoriak\/jatszoteri-eszkozok\/","name":"J\u00e1tsz\u00f3t\u00e9ri eszk\u00f6z\u00f6k - \u00d3vodab\u00fator","isPartOf":{"@id":"https:\/\/alexbutor.hu\/ovodabutor\/#website"},"primaryImageOfPage":{"@id":"https:\/\/alexbutor.hu\/ovodabutor\/kategoriak\/jatszoteri-eszkozok\/#primaryimage"},"image":{"@id":"https:\/\/alexbutor.hu\/ovodabutor\/kategoriak\/jatszoteri-eszkozok\/#primaryimage"},"thumbnailUrl":"https:\/\/alexbutor.hu\/ovodabutor\/wp-content\/uploads\/2017\/05\/Ovodabutor_kategoria_7-1-Kerti_butorok.jpg","datePublished":"2017-05-08T08:57:46+00:00","dateModified":"2020-06-19T09:41:54+00:00","breadcrumb":{"@id":"https:\/\/alexbutor.hu\/ovodabutor\/kategoriak\/jatszoteri-eszkozok\/#breadcrumb"},"inLanguage":"hu","potentialAction":[{"@type":"ReadAction","target":["https:\/\/alexbutor.hu\/ovodabutor\/kategoriak\/jatszoteri-eszkozok\/"]}]},{"@type":"ImageObject","inLanguage":"hu","@id":"https:\/\/alexbutor.hu\/ovodabutor\/kategoriak\/jatszoteri-eszkozok\/#primaryimage","url":"https:\/\/alexbutor.hu\/ovodabutor\/wp-content\/uploads\/2017\/05\/Ovodabutor_kategoria_7-1-Kerti_butorok.jpg","contentUrl":"https:\/\/alexbutor.hu\/ovodabutor\/wp-content\/uploads\/2017\/05\/Ovodabutor_kategoria_7-1-Kerti_butorok.jpg","width":800,"height":560},{"@type":"BreadcrumbList","@id":"https:\/\/alexbutor.hu\/ovodabutor\/kategoriak\/jatszoteri-eszkozok\/#breadcrumb","itemListElement":[{"@type":"ListItem","position":1,"name":"Home","item":"https:\/\/alexbutor.hu\/ovodabutor\/"},{"@type":"ListItem","position":2,"name":"Term\u00e9kek","item":"https:\/\/alexbutor.hu\/ovodabutor\/kategoriak\/"},{"@type":"ListItem","position":3,"name":"J\u00e1tsz\u00f3t\u00e9ri eszk\u00f6z\u00f6k"}]},{"@type":"WebSite","@id":"https:\/\/alexbutor.hu\/ovodabutor\/#website","url":"https:\/\/alexbutor.hu\/ovodabutor\/","name":"\u00d3vodab\u00fator","description":"Minden t\u00e9rben megold\u00e1s","potentialAction":[{"@type":"SearchAction","target":{"@type":"EntryPoint","urlTemplate":"https:\/\/alexbutor.hu\/ovodabutor\/?s={search_term_string}"},"query-input":{"@type":"PropertyValueSpecification","valueRequired":true,"valueName":"search_term_string"}}],"inLanguage":"hu"}]}},"_links":{"self":[{"href":"https:\/\/alexbutor.hu\/ovodabutor\/wp-json\/wp\/v2\/pages\/41855"}],"collection":[{"href":"https:\/\/alexbutor.hu\/ovodabutor\/wp-json\/wp\/v2\/pages"}],"about":[{"href":"https:\/\/alexbutor.hu\/ovodabutor\/wp-json\/wp\/v2\/types\/page"}],"author":[{"embeddable":true,"href":"https:\/\/alexbutor.hu\/ovodabutor\/wp-json\/wp\/v2\/users\/3"}],"replies":[{"embeddable":true,"href":"https:\/\/alexbutor.hu\/ovodabutor\/wp-json\/wp\/v2\/comments?post=41855"}],"version-history":[{"count":3,"href":"https:\/\/alexbutor.hu\/ovodabutor\/wp-json\/wp\/v2\/pages\/41855\/revisions"}],"predecessor-version":[{"id":48864,"href":"https:\/\/alexbutor.hu\/ovodabutor\/wp-json\/wp\/v2\/pages\/41855\/revisions\/48864"}],"up":[{"embeddable":true,"href":"https:\/\/alexbutor.hu\/ovodabutor\/wp-json\/wp\/v2\/pages\/10"}],"wp:attachment":[{"href":"https:\/\/alexbutor.hu\/ovodabutor\/wp-json\/wp\/v2\/media?parent=41855"}],"curies":[{"name":"wp","href":"https:\/\/api.w.org\/{rel}","templated":true}]}}