{"id":41861,"date":"2017-05-08T08:58:41","date_gmt":"2017-05-08T08:58:41","guid":{"rendered":"http:\/\/alexbutor.hu\/ovodabutor\/?page_id=41861"},"modified":"2017-05-08T08:58:41","modified_gmt":"2017-05-08T08:58:41","slug":"fenyobol-keszult-jatekok","status":"publish","type":"page","link":"https:\/\/alexbutor.hu\/ovodabutor\/kategoriak\/jatszoteri-eszkozok\/fenyobol-keszult-jatekok\/","title":{"rendered":"Feny\u0151b\u0151l k\u00e9sz\u00fclt j\u00e1t\u00e9kok"},"content":{"rendered":"","protected":false},"excerpt":{"rendered":"","protected":false},"author":3,"featured_media":0,"parent":41855,"menu_order":0,"comment_status":"closed","ping_status":"closed","template":"page-Portfolio4Cols-filterable.php","meta":{"footnotes":""},"class_list":["post-41861","page","type-page","status-publish","hentry"],"yoast_head":"<!-- This site is optimized with the Yoast SEO plugin v23.5 - https:\/\/yoast.com\/wordpress\/plugins\/seo\/ -->\n<title>Feny\u0151b\u0151l k\u00e9sz\u00fclt j\u00e1t\u00e9kok - \u00d3vodab\u00fator<\/title>\n<meta name=\"robots\" content=\"index, follow, max-snippet:-1, max-image-preview:large, max-video-preview:-1\" \/>\n<link rel=\"canonical\" href=\"https:\/\/alexbutor.hu\/ovodabutor\/kategoriak\/jatszoteri-eszkozok\/fenyobol-keszult-jatekok\/\" \/>\n<meta property=\"og:locale\" content=\"hu_HU\" \/>\n<meta property=\"og:type\" content=\"article\" \/>\n<meta property=\"og:title\" content=\"Feny\u0151b\u0151l k\u00e9sz\u00fclt j\u00e1t\u00e9kok - \u00d3vodab\u00fator\" \/>\n<meta property=\"og:url\" content=\"https:\/\/alexbutor.hu\/ovodabutor\/kategoriak\/jatszoteri-eszkozok\/fenyobol-keszult-jatekok\/\" \/>\n<meta property=\"og:site_name\" content=\"\u00d3vodab\u00fator\" \/>\n<meta name=\"twitter:card\" content=\"summary_large_image\" \/>\n<script type=\"application\/ld+json\" class=\"yoast-schema-graph\">{\"@context\":\"https:\/\/schema.org\",\"@graph\":[{\"@type\":\"WebPage\",\"@id\":\"https:\/\/alexbutor.hu\/ovodabutor\/kategoriak\/jatszoteri-eszkozok\/fenyobol-keszult-jatekok\/\",\"url\":\"https:\/\/alexbutor.hu\/ovodabutor\/kategoriak\/jatszoteri-eszkozok\/fenyobol-keszult-jatekok\/\",\"name\":\"Feny\u0151b\u0151l k\u00e9sz\u00fclt j\u00e1t\u00e9kok - \u00d3vodab\u00fator\",\"isPartOf\":{\"@id\":\"https:\/\/alexbutor.hu\/ovodabutor\/#website\"},\"datePublished\":\"2017-05-08T08:58:41+00:00\",\"dateModified\":\"2017-05-08T08:58:41+00:00\",\"breadcrumb\":{\"@id\":\"https:\/\/alexbutor.hu\/ovodabutor\/kategoriak\/jatszoteri-eszkozok\/fenyobol-keszult-jatekok\/#breadcrumb\"},\"inLanguage\":\"hu\",\"potentialAction\":[{\"@type\":\"ReadAction\",\"target\":[\"https:\/\/alexbutor.hu\/ovodabutor\/kategoriak\/jatszoteri-eszkozok\/fenyobol-keszult-jatekok\/\"]}]},{\"@type\":\"BreadcrumbList\",\"@id\":\"https:\/\/alexbutor.hu\/ovodabutor\/kategoriak\/jatszoteri-eszkozok\/fenyobol-keszult-jatekok\/#breadcrumb\",\"itemListElement\":[{\"@type\":\"ListItem\",\"position\":1,\"name\":\"Home\",\"item\":\"https:\/\/alexbutor.hu\/ovodabutor\/\"},{\"@type\":\"ListItem\",\"position\":2,\"name\":\"Term\u00e9kek\",\"item\":\"https:\/\/alexbutor.hu\/ovodabutor\/kategoriak\/\"},{\"@type\":\"ListItem\",\"position\":3,\"name\":\"J\u00e1tsz\u00f3t\u00e9ri eszk\u00f6z\u00f6k\",\"item\":\"https:\/\/alexbutor.hu\/ovodabutor\/kategoriak\/jatszoteri-eszkozok\/\"},{\"@type\":\"ListItem\",\"position\":4,\"name\":\"Feny\u0151b\u0151l k\u00e9sz\u00fclt j\u00e1t\u00e9kok\"}]},{\"@type\":\"WebSite\",\"@id\":\"https:\/\/alexbutor.hu\/ovodabutor\/#website\",\"url\":\"https:\/\/alexbutor.hu\/ovodabutor\/\",\"name\":\"\u00d3vodab\u00fator\",\"description\":\"Minden t\u00e9rben megold\u00e1s\",\"potentialAction\":[{\"@type\":\"SearchAction\",\"target\":{\"@type\":\"EntryPoint\",\"urlTemplate\":\"https:\/\/alexbutor.hu\/ovodabutor\/?s={search_term_string}\"},\"query-input\":{\"@type\":\"PropertyValueSpecification\",\"valueRequired\":true,\"valueName\":\"search_term_string\"}}],\"inLanguage\":\"hu\"}]}<\/script>\n<!-- \/ Yoast SEO plugin. -->","yoast_head_json":{"title":"Feny\u0151b\u0151l k\u00e9sz\u00fclt j\u00e1t\u00e9kok - \u00d3vodab\u00fator","robots":{"index":"index","follow":"follow","max-snippet":"max-snippet:-1","max-image-preview":"max-image-preview:large","max-video-preview":"max-video-preview:-1"},"canonical":"https:\/\/alexbutor.hu\/ovodabutor\/kategoriak\/jatszoteri-eszkozok\/fenyobol-keszult-jatekok\/","og_locale":"hu_HU","og_type":"article","og_title":"Feny\u0151b\u0151l k\u00e9sz\u00fclt j\u00e1t\u00e9kok - \u00d3vodab\u00fator","og_url":"https:\/\/alexbutor.hu\/ovodabutor\/kategoriak\/jatszoteri-eszkozok\/fenyobol-keszult-jatekok\/","og_site_name":"\u00d3vodab\u00fator","twitter_card":"summary_large_image","schema":{"@context":"https:\/\/schema.org","@graph":[{"@type":"WebPage","@id":"https:\/\/alexbutor.hu\/ovodabutor\/kategoriak\/jatszoteri-eszkozok\/fenyobol-keszult-jatekok\/","url":"https:\/\/alexbutor.hu\/ovodabutor\/kategoriak\/jatszoteri-eszkozok\/fenyobol-keszult-jatekok\/","name":"Feny\u0151b\u0151l k\u00e9sz\u00fclt j\u00e1t\u00e9kok - \u00d3vodab\u00fator","isPartOf":{"@id":"https:\/\/alexbutor.hu\/ovodabutor\/#website"},"datePublished":"2017-05-08T08:58:41+00:00","dateModified":"2017-05-08T08:58:41+00:00","breadcrumb":{"@id":"https:\/\/alexbutor.hu\/ovodabutor\/kategoriak\/jatszoteri-eszkozok\/fenyobol-keszult-jatekok\/#breadcrumb"},"inLanguage":"hu","potentialAction":[{"@type":"ReadAction","target":["https:\/\/alexbutor.hu\/ovodabutor\/kategoriak\/jatszoteri-eszkozok\/fenyobol-keszult-jatekok\/"]}]},{"@type":"BreadcrumbList","@id":"https:\/\/alexbutor.hu\/ovodabutor\/kategoriak\/jatszoteri-eszkozok\/fenyobol-keszult-jatekok\/#breadcrumb","itemListElement":[{"@type":"ListItem","position":1,"name":"Home","item":"https:\/\/alexbutor.hu\/ovodabutor\/"},{"@type":"ListItem","position":2,"name":"Term\u00e9kek","item":"https:\/\/alexbutor.hu\/ovodabutor\/kategoriak\/"},{"@type":"ListItem","position":3,"name":"J\u00e1tsz\u00f3t\u00e9ri eszk\u00f6z\u00f6k","item":"https:\/\/alexbutor.hu\/ovodabutor\/kategoriak\/jatszoteri-eszkozok\/"},{"@type":"ListItem","position":4,"name":"Feny\u0151b\u0151l k\u00e9sz\u00fclt j\u00e1t\u00e9kok"}]},{"@type":"WebSite","@id":"https:\/\/alexbutor.hu\/ovodabutor\/#website","url":"https:\/\/alexbutor.hu\/ovodabutor\/","name":"\u00d3vodab\u00fator","description":"Minden t\u00e9rben megold\u00e1s","potentialAction":[{"@type":"SearchAction","target":{"@type":"EntryPoint","urlTemplate":"https:\/\/alexbutor.hu\/ovodabutor\/?s={search_term_string}"},"query-input":{"@type":"PropertyValueSpecification","valueRequired":true,"valueName":"search_term_string"}}],"inLanguage":"hu"}]}},"_links":{"self":[{"href":"https:\/\/alexbutor.hu\/ovodabutor\/wp-json\/wp\/v2\/pages\/41861"}],"collection":[{"href":"https:\/\/alexbutor.hu\/ovodabutor\/wp-json\/wp\/v2\/pages"}],"about":[{"href":"https:\/\/alexbutor.hu\/ovodabutor\/wp-json\/wp\/v2\/types\/page"}],"author":[{"embeddable":true,"href":"https:\/\/alexbutor.hu\/ovodabutor\/wp-json\/wp\/v2\/users\/3"}],"replies":[{"embeddable":true,"href":"https:\/\/alexbutor.hu\/ovodabutor\/wp-json\/wp\/v2\/comments?post=41861"}],"version-history":[{"count":0,"href":"https:\/\/alexbutor.hu\/ovodabutor\/wp-json\/wp\/v2\/pages\/41861\/revisions"}],"up":[{"embeddable":true,"href":"https:\/\/alexbutor.hu\/ovodabutor\/wp-json\/wp\/v2\/pages\/41855"}],"wp:attachment":[{"href":"https:\/\/alexbutor.hu\/ovodabutor\/wp-json\/wp\/v2\/media?parent=41861"}],"curies":[{"name":"wp","href":"https:\/\/api.w.org\/{rel}","templated":true}]}}