{"id":48849,"date":"2020-06-19T10:27:22","date_gmt":"2020-06-19T09:27:22","guid":{"rendered":"http:\/\/alexbutor.hu\/ovodabutor\/?page_id=48849"},"modified":"2020-06-19T10:27:22","modified_gmt":"2020-06-19T09:27:22","slug":"laminalt-asztallappal","status":"publish","type":"page","link":"https:\/\/alexbutor.hu\/ovodabutor\/kategoriak\/ovodai-bolcsodei-szekek-asztalok\/fem-ovodai-asztalok\/laminalt-asztallappal\/","title":{"rendered":"Lamin\u00e1lt asztallappal"},"content":{"rendered":"","protected":false},"excerpt":{"rendered":"","protected":false},"author":3,"featured_media":48851,"parent":41785,"menu_order":0,"comment_status":"closed","ping_status":"closed","template":"page-Portfolio4Cols-filterable.php","meta":{"footnotes":""},"class_list":["post-48849","page","type-page","status-publish","has-post-thumbnail","hentry"],"yoast_head":"<!-- This site is optimized with the Yoast SEO plugin v23.5 - https:\/\/yoast.com\/wordpress\/plugins\/seo\/ -->\n<title>Lamin\u00e1lt asztallappal - \u00d3vodab\u00fator<\/title>\n<meta name=\"robots\" content=\"index, follow, max-snippet:-1, max-image-preview:large, max-video-preview:-1\" \/>\n<link rel=\"canonical\" href=\"https:\/\/alexbutor.hu\/ovodabutor\/kategoriak\/ovodai-bolcsodei-szekek-asztalok\/fem-ovodai-asztalok\/laminalt-asztallappal\/\" \/>\n<meta property=\"og:locale\" content=\"hu_HU\" \/>\n<meta property=\"og:type\" content=\"article\" \/>\n<meta property=\"og:title\" content=\"Lamin\u00e1lt asztallappal - \u00d3vodab\u00fator\" \/>\n<meta property=\"og:url\" content=\"https:\/\/alexbutor.hu\/ovodabutor\/kategoriak\/ovodai-bolcsodei-szekek-asztalok\/fem-ovodai-asztalok\/laminalt-asztallappal\/\" \/>\n<meta property=\"og:site_name\" content=\"\u00d3vodab\u00fator\" \/>\n<meta property=\"og:image\" content=\"https:\/\/alexbutor.hu\/ovodabutor\/wp-content\/uploads\/2020\/06\/MeseTeglalapLaminalt_800x560.jpg\" \/>\n\t<meta property=\"og:image:width\" content=\"800\" \/>\n\t<meta property=\"og:image:height\" content=\"560\" \/>\n\t<meta property=\"og:image:type\" content=\"image\/jpeg\" \/>\n<meta name=\"twitter:card\" content=\"summary_large_image\" \/>\n<script type=\"application\/ld+json\" class=\"yoast-schema-graph\">{\"@context\":\"https:\/\/schema.org\",\"@graph\":[{\"@type\":\"WebPage\",\"@id\":\"https:\/\/alexbutor.hu\/ovodabutor\/kategoriak\/ovodai-bolcsodei-szekek-asztalok\/fem-ovodai-asztalok\/laminalt-asztallappal\/\",\"url\":\"https:\/\/alexbutor.hu\/ovodabutor\/kategoriak\/ovodai-bolcsodei-szekek-asztalok\/fem-ovodai-asztalok\/laminalt-asztallappal\/\",\"name\":\"Lamin\u00e1lt asztallappal - \u00d3vodab\u00fator\",\"isPartOf\":{\"@id\":\"https:\/\/alexbutor.hu\/ovodabutor\/#website\"},\"primaryImageOfPage\":{\"@id\":\"https:\/\/alexbutor.hu\/ovodabutor\/kategoriak\/ovodai-bolcsodei-szekek-asztalok\/fem-ovodai-asztalok\/laminalt-asztallappal\/#primaryimage\"},\"image\":{\"@id\":\"https:\/\/alexbutor.hu\/ovodabutor\/kategoriak\/ovodai-bolcsodei-szekek-asztalok\/fem-ovodai-asztalok\/laminalt-asztallappal\/#primaryimage\"},\"thumbnailUrl\":\"https:\/\/alexbutor.hu\/ovodabutor\/wp-content\/uploads\/2020\/06\/MeseTeglalapLaminalt_800x560.jpg\",\"datePublished\":\"2020-06-19T09:27:22+00:00\",\"dateModified\":\"2020-06-19T09:27:22+00:00\",\"breadcrumb\":{\"@id\":\"https:\/\/alexbutor.hu\/ovodabutor\/kategoriak\/ovodai-bolcsodei-szekek-asztalok\/fem-ovodai-asztalok\/laminalt-asztallappal\/#breadcrumb\"},\"inLanguage\":\"hu\",\"potentialAction\":[{\"@type\":\"ReadAction\",\"target\":[\"https:\/\/alexbutor.hu\/ovodabutor\/kategoriak\/ovodai-bolcsodei-szekek-asztalok\/fem-ovodai-asztalok\/laminalt-asztallappal\/\"]}]},{\"@type\":\"ImageObject\",\"inLanguage\":\"hu\",\"@id\":\"https:\/\/alexbutor.hu\/ovodabutor\/kategoriak\/ovodai-bolcsodei-szekek-asztalok\/fem-ovodai-asztalok\/laminalt-asztallappal\/#primaryimage\",\"url\":\"https:\/\/alexbutor.hu\/ovodabutor\/wp-content\/uploads\/2020\/06\/MeseTeglalapLaminalt_800x560.jpg\",\"contentUrl\":\"https:\/\/alexbutor.hu\/ovodabutor\/wp-content\/uploads\/2020\/06\/MeseTeglalapLaminalt_800x560.jpg\",\"width\":800,\"height\":560},{\"@type\":\"BreadcrumbList\",\"@id\":\"https:\/\/alexbutor.hu\/ovodabutor\/kategoriak\/ovodai-bolcsodei-szekek-asztalok\/fem-ovodai-asztalok\/laminalt-asztallappal\/#breadcrumb\",\"itemListElement\":[{\"@type\":\"ListItem\",\"position\":1,\"name\":\"Home\",\"item\":\"https:\/\/alexbutor.hu\/ovodabutor\/\"},{\"@type\":\"ListItem\",\"position\":2,\"name\":\"Term\u00e9kek\",\"item\":\"https:\/\/alexbutor.hu\/ovodabutor\/kategoriak\/\"},{\"@type\":\"ListItem\",\"position\":3,\"name\":\"\u00d3vodai, b\u00f6lcs\u00f6dei sz\u00e9kek, asztalok\",\"item\":\"https:\/\/alexbutor.hu\/ovodabutor\/kategoriak\/ovodai-bolcsodei-szekek-asztalok\/\"},{\"@type\":\"ListItem\",\"position\":4,\"name\":\"F\u00e9m \u00f3vodai asztalok\",\"item\":\"https:\/\/alexbutor.hu\/ovodabutor\/kategoriak\/ovodai-bolcsodei-szekek-asztalok\/fem-ovodai-asztalok\/\"},{\"@type\":\"ListItem\",\"position\":5,\"name\":\"Lamin\u00e1lt asztallappal\"}]},{\"@type\":\"WebSite\",\"@id\":\"https:\/\/alexbutor.hu\/ovodabutor\/#website\",\"url\":\"https:\/\/alexbutor.hu\/ovodabutor\/\",\"name\":\"\u00d3vodab\u00fator\",\"description\":\"Minden t\u00e9rben megold\u00e1s\",\"potentialAction\":[{\"@type\":\"SearchAction\",\"target\":{\"@type\":\"EntryPoint\",\"urlTemplate\":\"https:\/\/alexbutor.hu\/ovodabutor\/?s={search_term_string}\"},\"query-input\":{\"@type\":\"PropertyValueSpecification\",\"valueRequired\":true,\"valueName\":\"search_term_string\"}}],\"inLanguage\":\"hu\"}]}<\/script>\n<!-- \/ Yoast SEO plugin. -->","yoast_head_json":{"title":"Lamin\u00e1lt asztallappal - \u00d3vodab\u00fator","robots":{"index":"index","follow":"follow","max-snippet":"max-snippet:-1","max-image-preview":"max-image-preview:large","max-video-preview":"max-video-preview:-1"},"canonical":"https:\/\/alexbutor.hu\/ovodabutor\/kategoriak\/ovodai-bolcsodei-szekek-asztalok\/fem-ovodai-asztalok\/laminalt-asztallappal\/","og_locale":"hu_HU","og_type":"article","og_title":"Lamin\u00e1lt asztallappal - \u00d3vodab\u00fator","og_url":"https:\/\/alexbutor.hu\/ovodabutor\/kategoriak\/ovodai-bolcsodei-szekek-asztalok\/fem-ovodai-asztalok\/laminalt-asztallappal\/","og_site_name":"\u00d3vodab\u00fator","og_image":[{"width":800,"height":560,"url":"https:\/\/alexbutor.hu\/ovodabutor\/wp-content\/uploads\/2020\/06\/MeseTeglalapLaminalt_800x560.jpg","type":"image\/jpeg"}],"twitter_card":"summary_large_image","schema":{"@context":"https:\/\/schema.org","@graph":[{"@type":"WebPage","@id":"https:\/\/alexbutor.hu\/ovodabutor\/kategoriak\/ovodai-bolcsodei-szekek-asztalok\/fem-ovodai-asztalok\/laminalt-asztallappal\/","url":"https:\/\/alexbutor.hu\/ovodabutor\/kategoriak\/ovodai-bolcsodei-szekek-asztalok\/fem-ovodai-asztalok\/laminalt-asztallappal\/","name":"Lamin\u00e1lt asztallappal - \u00d3vodab\u00fator","isPartOf":{"@id":"https:\/\/alexbutor.hu\/ovodabutor\/#website"},"primaryImageOfPage":{"@id":"https:\/\/alexbutor.hu\/ovodabutor\/kategoriak\/ovodai-bolcsodei-szekek-asztalok\/fem-ovodai-asztalok\/laminalt-asztallappal\/#primaryimage"},"image":{"@id":"https:\/\/alexbutor.hu\/ovodabutor\/kategoriak\/ovodai-bolcsodei-szekek-asztalok\/fem-ovodai-asztalok\/laminalt-asztallappal\/#primaryimage"},"thumbnailUrl":"https:\/\/alexbutor.hu\/ovodabutor\/wp-content\/uploads\/2020\/06\/MeseTeglalapLaminalt_800x560.jpg","datePublished":"2020-06-19T09:27:22+00:00","dateModified":"2020-06-19T09:27:22+00:00","breadcrumb":{"@id":"https:\/\/alexbutor.hu\/ovodabutor\/kategoriak\/ovodai-bolcsodei-szekek-asztalok\/fem-ovodai-asztalok\/laminalt-asztallappal\/#breadcrumb"},"inLanguage":"hu","potentialAction":[{"@type":"ReadAction","target":["https:\/\/alexbutor.hu\/ovodabutor\/kategoriak\/ovodai-bolcsodei-szekek-asztalok\/fem-ovodai-asztalok\/laminalt-asztallappal\/"]}]},{"@type":"ImageObject","inLanguage":"hu","@id":"https:\/\/alexbutor.hu\/ovodabutor\/kategoriak\/ovodai-bolcsodei-szekek-asztalok\/fem-ovodai-asztalok\/laminalt-asztallappal\/#primaryimage","url":"https:\/\/alexbutor.hu\/ovodabutor\/wp-content\/uploads\/2020\/06\/MeseTeglalapLaminalt_800x560.jpg","contentUrl":"https:\/\/alexbutor.hu\/ovodabutor\/wp-content\/uploads\/2020\/06\/MeseTeglalapLaminalt_800x560.jpg","width":800,"height":560},{"@type":"BreadcrumbList","@id":"https:\/\/alexbutor.hu\/ovodabutor\/kategoriak\/ovodai-bolcsodei-szekek-asztalok\/fem-ovodai-asztalok\/laminalt-asztallappal\/#breadcrumb","itemListElement":[{"@type":"ListItem","position":1,"name":"Home","item":"https:\/\/alexbutor.hu\/ovodabutor\/"},{"@type":"ListItem","position":2,"name":"Term\u00e9kek","item":"https:\/\/alexbutor.hu\/ovodabutor\/kategoriak\/"},{"@type":"ListItem","position":3,"name":"\u00d3vodai, b\u00f6lcs\u00f6dei sz\u00e9kek, asztalok","item":"https:\/\/alexbutor.hu\/ovodabutor\/kategoriak\/ovodai-bolcsodei-szekek-asztalok\/"},{"@type":"ListItem","position":4,"name":"F\u00e9m \u00f3vodai asztalok","item":"https:\/\/alexbutor.hu\/ovodabutor\/kategoriak\/ovodai-bolcsodei-szekek-asztalok\/fem-ovodai-asztalok\/"},{"@type":"ListItem","position":5,"name":"Lamin\u00e1lt asztallappal"}]},{"@type":"WebSite","@id":"https:\/\/alexbutor.hu\/ovodabutor\/#website","url":"https:\/\/alexbutor.hu\/ovodabutor\/","name":"\u00d3vodab\u00fator","description":"Minden t\u00e9rben megold\u00e1s","potentialAction":[{"@type":"SearchAction","target":{"@type":"EntryPoint","urlTemplate":"https:\/\/alexbutor.hu\/ovodabutor\/?s={search_term_string}"},"query-input":{"@type":"PropertyValueSpecification","valueRequired":true,"valueName":"search_term_string"}}],"inLanguage":"hu"}]}},"_links":{"self":[{"href":"https:\/\/alexbutor.hu\/ovodabutor\/wp-json\/wp\/v2\/pages\/48849"}],"collection":[{"href":"https:\/\/alexbutor.hu\/ovodabutor\/wp-json\/wp\/v2\/pages"}],"about":[{"href":"https:\/\/alexbutor.hu\/ovodabutor\/wp-json\/wp\/v2\/types\/page"}],"author":[{"embeddable":true,"href":"https:\/\/alexbutor.hu\/ovodabutor\/wp-json\/wp\/v2\/users\/3"}],"replies":[{"embeddable":true,"href":"https:\/\/alexbutor.hu\/ovodabutor\/wp-json\/wp\/v2\/comments?post=48849"}],"version-history":[{"count":1,"href":"https:\/\/alexbutor.hu\/ovodabutor\/wp-json\/wp\/v2\/pages\/48849\/revisions"}],"predecessor-version":[{"id":48852,"href":"https:\/\/alexbutor.hu\/ovodabutor\/wp-json\/wp\/v2\/pages\/48849\/revisions\/48852"}],"up":[{"embeddable":true,"href":"https:\/\/alexbutor.hu\/ovodabutor\/wp-json\/wp\/v2\/pages\/41785"}],"wp:featuredmedia":[{"embeddable":true,"href":"https:\/\/alexbutor.hu\/ovodabutor\/wp-json\/wp\/v2\/media\/48851"}],"wp:attachment":[{"href":"https:\/\/alexbutor.hu\/ovodabutor\/wp-json\/wp\/v2\/media?parent=48849"}],"curies":[{"name":"wp","href":"https:\/\/api.w.org\/{rel}","templated":true}]}}