{"id":49520,"date":"2020-06-25T09:25:19","date_gmt":"2020-06-25T08:25:19","guid":{"rendered":"http:\/\/alexbutor.hu\/ovodabutor\/?page_id=49520"},"modified":"2020-06-25T09:25:19","modified_gmt":"2020-06-25T08:25:19","slug":"ujdonsagaink","status":"publish","type":"page","link":"https:\/\/alexbutor.hu\/ovodabutor\/ujdonsagaink\/","title":{"rendered":"\u00daJDONS\u00c1GAINK"},"content":{"rendered":"<p><a href=\"https:\/\/alexbutor.hu\/ovodabutor\/katalogusok\/ovoda-es-bolcsodei-butor-katalogus-2020\/\"><img loading=\"lazy\" decoding=\"async\" src=\"https:\/\/alexbutor.hu\/ovodabutor\/wp-content\/uploads\/2020\/06\/Ovoda_Slide_Junius3.jpg\" alt=\"\" width=\"1920\" height=\"722\" class=\"alignnone size-full wp-image-49512\" srcset=\"https:\/\/alexbutor.hu\/ovodabutor\/wp-content\/uploads\/2020\/06\/Ovoda_Slide_Junius3.jpg 1920w, https:\/\/alexbutor.hu\/ovodabutor\/wp-content\/uploads\/2020\/06\/Ovoda_Slide_Junius3-300x113.jpg 300w, https:\/\/alexbutor.hu\/ovodabutor\/wp-content\/uploads\/2020\/06\/Ovoda_Slide_Junius3-1024x385.jpg 1024w, https:\/\/alexbutor.hu\/ovodabutor\/wp-content\/uploads\/2020\/06\/Ovoda_Slide_Junius3-768x289.jpg 768w, https:\/\/alexbutor.hu\/ovodabutor\/wp-content\/uploads\/2020\/06\/Ovoda_Slide_Junius3-1536x578.jpg 1536w, https:\/\/alexbutor.hu\/ovodabutor\/wp-content\/uploads\/2020\/06\/Ovoda_Slide_Junius3-665x250.jpg 665w, https:\/\/alexbutor.hu\/ovodabutor\/wp-content\/uploads\/2020\/06\/Ovoda_Slide_Junius3-1330x500.jpg 1330w\" sizes=\"(max-width: 1920px) 100vw, 1920px\" \/><\/a><\/p>\n<p><a href=\"https:\/\/alexbutor.hu\/ovodabutor\/?s=flex+sz%C3%A9k\"><img loading=\"lazy\" decoding=\"async\" src=\"https:\/\/alexbutor.hu\/ovodabutor\/wp-content\/uploads\/2020\/06\/Ovoda_Slide_Junius.jpg\" alt=\"\" width=\"1920\" height=\"722\" class=\"alignnone size-full wp-image-49510\" srcset=\"https:\/\/alexbutor.hu\/ovodabutor\/wp-content\/uploads\/2020\/06\/Ovoda_Slide_Junius.jpg 1920w, https:\/\/alexbutor.hu\/ovodabutor\/wp-content\/uploads\/2020\/06\/Ovoda_Slide_Junius-300x113.jpg 300w, https:\/\/alexbutor.hu\/ovodabutor\/wp-content\/uploads\/2020\/06\/Ovoda_Slide_Junius-1024x385.jpg 1024w, https:\/\/alexbutor.hu\/ovodabutor\/wp-content\/uploads\/2020\/06\/Ovoda_Slide_Junius-768x289.jpg 768w, https:\/\/alexbutor.hu\/ovodabutor\/wp-content\/uploads\/2020\/06\/Ovoda_Slide_Junius-1536x578.jpg 1536w, https:\/\/alexbutor.hu\/ovodabutor\/wp-content\/uploads\/2020\/06\/Ovoda_Slide_Junius-665x250.jpg 665w, https:\/\/alexbutor.hu\/ovodabutor\/wp-content\/uploads\/2020\/06\/Ovoda_Slide_Junius-1330x500.jpg 1330w\" sizes=\"(max-width: 1920px) 100vw, 1920px\" \/><\/a><\/p>\n<p><a href=\"https:\/\/alexbutor.hu\/ovodabutor\/kategoriak\/ovodai-bolcsodei-szekek-asztalok\/fem-ovodai-asztalok\/dekoritos-asztallappal\/\"><img loading=\"lazy\" decoding=\"async\" src=\"https:\/\/alexbutor.hu\/ovodabutor\/wp-content\/uploads\/2020\/06\/Ovoda_Slide_Junius2.jpg\" alt=\"\" width=\"1920\" height=\"722\" class=\"alignnone size-full wp-image-49511\" srcset=\"https:\/\/alexbutor.hu\/ovodabutor\/wp-content\/uploads\/2020\/06\/Ovoda_Slide_Junius2.jpg 1920w, https:\/\/alexbutor.hu\/ovodabutor\/wp-content\/uploads\/2020\/06\/Ovoda_Slide_Junius2-300x113.jpg 300w, https:\/\/alexbutor.hu\/ovodabutor\/wp-content\/uploads\/2020\/06\/Ovoda_Slide_Junius2-1024x385.jpg 1024w, https:\/\/alexbutor.hu\/ovodabutor\/wp-content\/uploads\/2020\/06\/Ovoda_Slide_Junius2-768x289.jpg 768w, https:\/\/alexbutor.hu\/ovodabutor\/wp-content\/uploads\/2020\/06\/Ovoda_Slide_Junius2-1536x578.jpg 1536w, https:\/\/alexbutor.hu\/ovodabutor\/wp-content\/uploads\/2020\/06\/Ovoda_Slide_Junius2-665x250.jpg 665w, https:\/\/alexbutor.hu\/ovodabutor\/wp-content\/uploads\/2020\/06\/Ovoda_Slide_Junius2-1330x500.jpg 1330w\" sizes=\"(max-width: 1920px) 100vw, 1920px\" \/><\/a><\/p>\n<p><a href=\"https:\/\/alexbutor.hu\/ovodabutor\/termekek\/ovodai-bolcsodei-fektetok\/9758-norbi-ovodai-fekteto-norbi-ovodai-fekteto\/\"><img loading=\"lazy\" decoding=\"async\" src=\"https:\/\/alexbutor.hu\/ovodabutor\/wp-content\/uploads\/2020\/06\/Ovoda_Slide_Junius4.jpg\" alt=\"\" width=\"1920\" height=\"722\" class=\"alignnone size-full wp-image-49513\" srcset=\"https:\/\/alexbutor.hu\/ovodabutor\/wp-content\/uploads\/2020\/06\/Ovoda_Slide_Junius4.jpg 1920w, https:\/\/alexbutor.hu\/ovodabutor\/wp-content\/uploads\/2020\/06\/Ovoda_Slide_Junius4-300x113.jpg 300w, https:\/\/alexbutor.hu\/ovodabutor\/wp-content\/uploads\/2020\/06\/Ovoda_Slide_Junius4-1024x385.jpg 1024w, https:\/\/alexbutor.hu\/ovodabutor\/wp-content\/uploads\/2020\/06\/Ovoda_Slide_Junius4-768x289.jpg 768w, https:\/\/alexbutor.hu\/ovodabutor\/wp-content\/uploads\/2020\/06\/Ovoda_Slide_Junius4-1536x578.jpg 1536w, https:\/\/alexbutor.hu\/ovodabutor\/wp-content\/uploads\/2020\/06\/Ovoda_Slide_Junius4-665x250.jpg 665w, https:\/\/alexbutor.hu\/ovodabutor\/wp-content\/uploads\/2020\/06\/Ovoda_Slide_Junius4-1330x500.jpg 1330w\" sizes=\"(max-width: 1920px) 100vw, 1920px\" \/><\/a><\/p>\n<p><a href=\"https:\/\/alexbutor.hu\/ovodabutor\/kategoriak\/jatszoteri-eszkozok\/fenyobol-keszult-jatekok\/\"><img loading=\"lazy\" decoding=\"async\" src=\"https:\/\/alexbutor.hu\/ovodabutor\/wp-content\/uploads\/2020\/06\/Ovoda_Slide_Junius5.jpg\" alt=\"\" width=\"1920\" height=\"722\" class=\"alignnone size-full wp-image-49514\" srcset=\"https:\/\/alexbutor.hu\/ovodabutor\/wp-content\/uploads\/2020\/06\/Ovoda_Slide_Junius5.jpg 1920w, https:\/\/alexbutor.hu\/ovodabutor\/wp-content\/uploads\/2020\/06\/Ovoda_Slide_Junius5-300x113.jpg 300w, https:\/\/alexbutor.hu\/ovodabutor\/wp-content\/uploads\/2020\/06\/Ovoda_Slide_Junius5-1024x385.jpg 1024w, https:\/\/alexbutor.hu\/ovodabutor\/wp-content\/uploads\/2020\/06\/Ovoda_Slide_Junius5-768x289.jpg 768w, https:\/\/alexbutor.hu\/ovodabutor\/wp-content\/uploads\/2020\/06\/Ovoda_Slide_Junius5-1536x578.jpg 1536w, https:\/\/alexbutor.hu\/ovodabutor\/wp-content\/uploads\/2020\/06\/Ovoda_Slide_Junius5-665x250.jpg 665w, https:\/\/alexbutor.hu\/ovodabutor\/wp-content\/uploads\/2020\/06\/Ovoda_Slide_Junius5-1330x500.jpg 1330w\" sizes=\"(max-width: 1920px) 100vw, 1920px\" \/><\/a><\/p>\n","protected":false},"excerpt":{"rendered":"","protected":false},"author":3,"featured_media":49513,"parent":0,"menu_order":0,"comment_status":"closed","ping_status":"closed","template":"page-fullwidth.php","meta":{"footnotes":""},"class_list":["post-49520","page","type-page","status-publish","has-post-thumbnail","hentry"],"yoast_head":"<!-- This site is optimized with the Yoast SEO plugin v23.5 - https:\/\/yoast.com\/wordpress\/plugins\/seo\/ -->\n<title>\u00daJDONS\u00c1GAINK - \u00d3vodab\u00fator<\/title>\n<meta name=\"robots\" content=\"index, follow, max-snippet:-1, max-image-preview:large, max-video-preview:-1\" \/>\n<link rel=\"canonical\" href=\"https:\/\/alexbutor.hu\/ovodabutor\/ujdonsagaink\/\" \/>\n<meta property=\"og:locale\" content=\"hu_HU\" \/>\n<meta property=\"og:type\" content=\"article\" \/>\n<meta property=\"og:title\" content=\"\u00daJDONS\u00c1GAINK - \u00d3vodab\u00fator\" \/>\n<meta property=\"og:url\" content=\"https:\/\/alexbutor.hu\/ovodabutor\/ujdonsagaink\/\" \/>\n<meta property=\"og:site_name\" content=\"\u00d3vodab\u00fator\" \/>\n<meta property=\"og:image\" content=\"https:\/\/alexbutor.hu\/ovodabutor\/wp-content\/uploads\/2020\/06\/Ovoda_Slide_Junius4.jpg\" \/>\n\t<meta property=\"og:image:width\" content=\"1920\" \/>\n\t<meta property=\"og:image:height\" content=\"722\" \/>\n\t<meta property=\"og:image:type\" content=\"image\/jpeg\" \/>\n<meta name=\"twitter:card\" content=\"summary_large_image\" \/>\n<script type=\"application\/ld+json\" class=\"yoast-schema-graph\">{\"@context\":\"https:\/\/schema.org\",\"@graph\":[{\"@type\":\"WebPage\",\"@id\":\"https:\/\/alexbutor.hu\/ovodabutor\/ujdonsagaink\/\",\"url\":\"https:\/\/alexbutor.hu\/ovodabutor\/ujdonsagaink\/\",\"name\":\"\u00daJDONS\u00c1GAINK - \u00d3vodab\u00fator\",\"isPartOf\":{\"@id\":\"https:\/\/alexbutor.hu\/ovodabutor\/#website\"},\"primaryImageOfPage\":{\"@id\":\"https:\/\/alexbutor.hu\/ovodabutor\/ujdonsagaink\/#primaryimage\"},\"image\":{\"@id\":\"https:\/\/alexbutor.hu\/ovodabutor\/ujdonsagaink\/#primaryimage\"},\"thumbnailUrl\":\"https:\/\/alexbutor.hu\/ovodabutor\/wp-content\/uploads\/2020\/06\/Ovoda_Slide_Junius4.jpg\",\"datePublished\":\"2020-06-25T08:25:19+00:00\",\"dateModified\":\"2020-06-25T08:25:19+00:00\",\"breadcrumb\":{\"@id\":\"https:\/\/alexbutor.hu\/ovodabutor\/ujdonsagaink\/#breadcrumb\"},\"inLanguage\":\"hu\",\"potentialAction\":[{\"@type\":\"ReadAction\",\"target\":[\"https:\/\/alexbutor.hu\/ovodabutor\/ujdonsagaink\/\"]}]},{\"@type\":\"ImageObject\",\"inLanguage\":\"hu\",\"@id\":\"https:\/\/alexbutor.hu\/ovodabutor\/ujdonsagaink\/#primaryimage\",\"url\":\"https:\/\/alexbutor.hu\/ovodabutor\/wp-content\/uploads\/2020\/06\/Ovoda_Slide_Junius4.jpg\",\"contentUrl\":\"https:\/\/alexbutor.hu\/ovodabutor\/wp-content\/uploads\/2020\/06\/Ovoda_Slide_Junius4.jpg\",\"width\":1920,\"height\":722},{\"@type\":\"BreadcrumbList\",\"@id\":\"https:\/\/alexbutor.hu\/ovodabutor\/ujdonsagaink\/#breadcrumb\",\"itemListElement\":[{\"@type\":\"ListItem\",\"position\":1,\"name\":\"Home\",\"item\":\"https:\/\/alexbutor.hu\/ovodabutor\/\"},{\"@type\":\"ListItem\",\"position\":2,\"name\":\"\u00daJDONS\u00c1GAINK\"}]},{\"@type\":\"WebSite\",\"@id\":\"https:\/\/alexbutor.hu\/ovodabutor\/#website\",\"url\":\"https:\/\/alexbutor.hu\/ovodabutor\/\",\"name\":\"\u00d3vodab\u00fator\",\"description\":\"Minden t\u00e9rben megold\u00e1s\",\"potentialAction\":[{\"@type\":\"SearchAction\",\"target\":{\"@type\":\"EntryPoint\",\"urlTemplate\":\"https:\/\/alexbutor.hu\/ovodabutor\/?s={search_term_string}\"},\"query-input\":{\"@type\":\"PropertyValueSpecification\",\"valueRequired\":true,\"valueName\":\"search_term_string\"}}],\"inLanguage\":\"hu\"}]}<\/script>\n<!-- \/ Yoast SEO plugin. -->","yoast_head_json":{"title":"\u00daJDONS\u00c1GAINK - \u00d3vodab\u00fator","robots":{"index":"index","follow":"follow","max-snippet":"max-snippet:-1","max-image-preview":"max-image-preview:large","max-video-preview":"max-video-preview:-1"},"canonical":"https:\/\/alexbutor.hu\/ovodabutor\/ujdonsagaink\/","og_locale":"hu_HU","og_type":"article","og_title":"\u00daJDONS\u00c1GAINK - \u00d3vodab\u00fator","og_url":"https:\/\/alexbutor.hu\/ovodabutor\/ujdonsagaink\/","og_site_name":"\u00d3vodab\u00fator","og_image":[{"width":1920,"height":722,"url":"https:\/\/alexbutor.hu\/ovodabutor\/wp-content\/uploads\/2020\/06\/Ovoda_Slide_Junius4.jpg","type":"image\/jpeg"}],"twitter_card":"summary_large_image","schema":{"@context":"https:\/\/schema.org","@graph":[{"@type":"WebPage","@id":"https:\/\/alexbutor.hu\/ovodabutor\/ujdonsagaink\/","url":"https:\/\/alexbutor.hu\/ovodabutor\/ujdonsagaink\/","name":"\u00daJDONS\u00c1GAINK - \u00d3vodab\u00fator","isPartOf":{"@id":"https:\/\/alexbutor.hu\/ovodabutor\/#website"},"primaryImageOfPage":{"@id":"https:\/\/alexbutor.hu\/ovodabutor\/ujdonsagaink\/#primaryimage"},"image":{"@id":"https:\/\/alexbutor.hu\/ovodabutor\/ujdonsagaink\/#primaryimage"},"thumbnailUrl":"https:\/\/alexbutor.hu\/ovodabutor\/wp-content\/uploads\/2020\/06\/Ovoda_Slide_Junius4.jpg","datePublished":"2020-06-25T08:25:19+00:00","dateModified":"2020-06-25T08:25:19+00:00","breadcrumb":{"@id":"https:\/\/alexbutor.hu\/ovodabutor\/ujdonsagaink\/#breadcrumb"},"inLanguage":"hu","potentialAction":[{"@type":"ReadAction","target":["https:\/\/alexbutor.hu\/ovodabutor\/ujdonsagaink\/"]}]},{"@type":"ImageObject","inLanguage":"hu","@id":"https:\/\/alexbutor.hu\/ovodabutor\/ujdonsagaink\/#primaryimage","url":"https:\/\/alexbutor.hu\/ovodabutor\/wp-content\/uploads\/2020\/06\/Ovoda_Slide_Junius4.jpg","contentUrl":"https:\/\/alexbutor.hu\/ovodabutor\/wp-content\/uploads\/2020\/06\/Ovoda_Slide_Junius4.jpg","width":1920,"height":722},{"@type":"BreadcrumbList","@id":"https:\/\/alexbutor.hu\/ovodabutor\/ujdonsagaink\/#breadcrumb","itemListElement":[{"@type":"ListItem","position":1,"name":"Home","item":"https:\/\/alexbutor.hu\/ovodabutor\/"},{"@type":"ListItem","position":2,"name":"\u00daJDONS\u00c1GAINK"}]},{"@type":"WebSite","@id":"https:\/\/alexbutor.hu\/ovodabutor\/#website","url":"https:\/\/alexbutor.hu\/ovodabutor\/","name":"\u00d3vodab\u00fator","description":"Minden t\u00e9rben megold\u00e1s","potentialAction":[{"@type":"SearchAction","target":{"@type":"EntryPoint","urlTemplate":"https:\/\/alexbutor.hu\/ovodabutor\/?s={search_term_string}"},"query-input":{"@type":"PropertyValueSpecification","valueRequired":true,"valueName":"search_term_string"}}],"inLanguage":"hu"}]}},"_links":{"self":[{"href":"https:\/\/alexbutor.hu\/ovodabutor\/wp-json\/wp\/v2\/pages\/49520"}],"collection":[{"href":"https:\/\/alexbutor.hu\/ovodabutor\/wp-json\/wp\/v2\/pages"}],"about":[{"href":"https:\/\/alexbutor.hu\/ovodabutor\/wp-json\/wp\/v2\/types\/page"}],"author":[{"embeddable":true,"href":"https:\/\/alexbutor.hu\/ovodabutor\/wp-json\/wp\/v2\/users\/3"}],"replies":[{"embeddable":true,"href":"https:\/\/alexbutor.hu\/ovodabutor\/wp-json\/wp\/v2\/comments?post=49520"}],"version-history":[{"count":1,"href":"https:\/\/alexbutor.hu\/ovodabutor\/wp-json\/wp\/v2\/pages\/49520\/revisions"}],"predecessor-version":[{"id":49521,"href":"https:\/\/alexbutor.hu\/ovodabutor\/wp-json\/wp\/v2\/pages\/49520\/revisions\/49521"}],"wp:featuredmedia":[{"embeddable":true,"href":"https:\/\/alexbutor.hu\/ovodabutor\/wp-json\/wp\/v2\/media\/49513"}],"wp:attachment":[{"href":"https:\/\/alexbutor.hu\/ovodabutor\/wp-json\/wp\/v2\/media?parent=49520"}],"curies":[{"name":"wp","href":"https:\/\/api.w.org\/{rel}","templated":true}]}}