{"id":9,"date":"2016-06-08T07:57:17","date_gmt":"2016-06-08T07:57:17","guid":{"rendered":"http:\/\/szallodabutor.hu\/?page_id=7"},"modified":"2024-11-15T13:17:43","modified_gmt":"2024-11-15T12:17:43","slug":"fooldal","status":"publish","type":"page","link":"https:\/\/alexbutor.hu\/ovodabutor\/","title":{"rendered":"F\u0151oldal"},"content":{"rendered":"<div class=\"row \"><div class=\"extra-wrap block_1\"><div class=\"span12 \"><section class=\"lazy-load-box trigger effect-fade \" data-delay=\"200\" data-speed=\"1200\" style=\"-webkit-transition: all 1200ms ease; -moz-transition: all 1200ms ease; -ms-transition: all 1200ms ease; -o-transition: all 1200ms ease; transition: all 1200ms ease;\">\n<h2>Aktu\u00e1lis h\u00edreink<\/h2>\n<\/section><\/div>\n\r\n<div class=\"span6 newhometexts-a\">\r\n\t<section class=\"lazy-load-box trigger effect-slidefromleft\" data-delay=\"200\" data-speed=\"900\" style=\"-webkit-transition: all 900ms ease; -moz-transition: all 900ms ease; -ms-transition: all 900ms ease; -o-transition: all 900ms ease; transition: all 900ms ease;\">\r\n\t\t<h3>ELK\u00c9SZ\u00dcLT LEG\u00daJABB \u00d3VODAB\u00daTOR KATAL\u00d3GUSUNK<\/h3>\r\n\t\t<p>A term\u00e9k- \u00e9s gy\u00e1rt\u00e1sfejleszt\u00e9seinknek k\u00f6sz\u00f6nhet\u0151en \u00faj term\u00e9kekkel b\u0151v\u00edtett\u00fck k\u00edn\u00e1latunkat.<\/p>\r\n\t\t<a href=\"https:\/\/alexbutor.hu\/ovodabutor\/ujdonsagaink\/\" class=\"btn btn-primary btn-normal btn-inline \">Tov\u00e1bb<\/a>\t\t\r\n\t<\/section>\r\n<\/div>\r\n<div class=\"span6 newhometexts-b\">\r\n\t<section class=\"lazy-load-box trigger effect-slidefromright\" data-delay=\"200\" data-speed=\"900\" style=\"-webkit-transition: all 900ms ease; -moz-transition: all 900ms ease; -ms-transition: all 900ms ease; -o-transition: all 900ms ease; transition: all 900ms ease;\">\r\n\t\t<h3>ISM\u00c9T MAGYAR BRANDS D\u00cdJAT NYERT AZ ALEX F\u00c9MB\u00daTOR KFT.<\/h3>\r\n\t\t<p>Az Alex F\u00e9mb\u00fator Kft. Magyar Brands elismer\u00e9sben r\u00e9szes\u00fclt \u201eKiv\u00e1l\u00f3 \u00dczleti M\u00e1rka\u201d kateg\u00f3ri\u00e1ban. A 15 f\u0151s szakmai zs\u0171ri 6 k\u00fcl\u00f6nb\u00f6z\u0151 szempontb\u00f3l vizsg\u00e1lta meg a v\u00e1llalkoz\u00e1sunkat, amelyek eredm\u00e9nyek\u00e9nt az idei \u00e9vben is d\u00edjazottak lett\u00fcnk!<\/p>\r\n\t\t<a href=\"https:\/\/magyarbrands.hu\/magyarbrands-program\/magyarbrands-dijazott-markak\/\" class=\"btn btn-primary btn-normal btn-inline \">Tov\u00e1bb<\/a>\t\t\r\n\t<\/section>\r\n<\/div>\n<\/div><\/div><!-- .row (end) --><script type=\"text\/javascript\">\r\n          jQuery(function() {\r\n              jQuery(\"#fixedparallax_69e7e60dbc0af\").cherryFixedParallax({\r\n                offset: true,\r\n                bgfixed: true,\r\n                invert: true\r\n              });\r\n          });\r\n    <\/script><section id=\"fixedparallax_69e7e60dbc0af\" class=\"fixed_parallax_section cherry_fixed_parallax1\" data-source-url=\"https:\/\/alexbutor.hu\/ovodabutor\/wp-content\/uploads\/2016\/06\/parallax_pic1.jpg\" data-source-width=\"1920\" data-source-height=\"1518\"><div class=\"container parallax_content\">\n<div class=\"row \"><div class=\"span12 \"><section class=\"lazy-load-box trigger effect-slideup \" data-delay=\"200\" data-speed=\"900\" style=\"-webkit-transition: all 900ms ease; -moz-transition: all 900ms ease; -ms-transition: all 900ms ease; -o-transition: all 900ms ease; transition: all 900ms ease;\">\n<h2>Aj\u00e1nlataink<\/h2>\n<\/section><\/div><section class=\"lazy-load-box trigger effect-zoomout \" data-delay=\"200\" data-speed=\"900\" style=\"-webkit-transition: all 900ms ease; -moz-transition: all 900ms ease; -ms-transition: all 900ms ease; -o-transition: all 900ms ease; transition: all 900ms ease;\">\n\r\n<div class=\"span4 top-termek-a\">\r\n\t<ul class=\"alex-fooldal-top-termek\">\r\n\t\t<li class=\"portfolio_item isotope-item\">\r\n\t\t\t<div class=\"portfolio_item_holder\">\r\n\t\t\t\t<figure class=\"thumbnail thumbnail__portfolio\">\r\n\t\t\t\t\t<a href=\"https:\/\/alexbutor.hu\/ovodabutor\/termekek\/ovodai-bolcsodei-szekek-asztalok\/fem-ovodai-asztalok\/9595-mese-teglalap-asztal-fem-vazzal-mese-teglalap-asztal-fem-vazzal\/\" class=\"image-wrap\" title=\"Mese t\u00e9glalap asztal\" >\r\n\t\t\t\t\t\t<img decoding=\"async\" src=\"https:\/\/alexbutor.hu\/ovodabutor\/wp-content\/uploads\/2020\/06\/AjanlatokOvoda370x370px.jpg\" alt=\"Mese t\u00e9glalap asztal\">\r\n\t\t\t\t\t<\/a>\r\n\t\t\t\t<\/figure>\r\n\t\t\t\t<div class=\"caption caption__portfolio\">\r\n\t\t\t\t\t<h3><a href=\"https:\/\/alexbutor.hu\/ovodabutor\/termekek\/ovodai-bolcsodei-szekek-asztalok\/fem-ovodai-asztalok\/9595-mese-teglalap-asztal-fem-vazzal-mese-teglalap-asztal-fem-vazzal\/\" >Mese t\u00e9glalap asztal<\/a><\/h3>\r\n\t\t\t\t<\/div>\r\n\t\t\t<\/div>\r\n\t\t<\/li>\r\n\t<\/ul>\r\n\t<div class=\"spacer\"><\/div>\r\n<\/div>\r\n<div class=\"span4 top-termek-b\">\r\n\t<ul class=\"alex-fooldal-top-termek\">\r\n\t\t<li class=\"portfolio_item isotope-item\">\r\n\t\t\t<div class=\"portfolio_item_holder\">\r\n\t\t\t\t<figure class=\"thumbnail thumbnail__portfolio\">\r\n\t\t\t\t\t<a href=\"https:\/\/alexbutor.hu\/ovodabutor\/termekek\/ovodai-bolcsodei-szekek-asztalok\/fem-ovodai-szekek\/9552-dini-ovodai-szek-dini-ovodai-szek\/\" class=\"image-wrap\" title=\"Dini sz\u00e9k\" >\r\n\t\t\t\t\t\t<img decoding=\"async\" src=\"https:\/\/alexbutor.hu\/ovodabutor\/wp-content\/uploads\/2020\/06\/AjanlatokOvoda370x370px2.jpg\" alt=\"Dini sz\u00e9k\">\r\n\t\t\t\t\t<\/a>\r\n\t\t\t\t<\/figure>\r\n\t\t\t\t<div class=\"caption caption__portfolio\">\r\n\t\t\t\t\t<h3><a href=\"https:\/\/alexbutor.hu\/ovodabutor\/termekek\/ovodai-bolcsodei-szekek-asztalok\/fem-ovodai-szekek\/9552-dini-ovodai-szek-dini-ovodai-szek\/\" >Dini sz\u00e9k<\/a><\/h3>\r\n\t\t\t\t<\/div>\r\n\t\t\t<\/div>\r\n\t\t<\/li>\r\n\t<\/ul>\r\n\t<div class=\"spacer\"><\/div>\r\n<\/div>\r\n<div class=\"span4 top-termek-c\">\r\n\t<ul class=\"alex-fooldal-top-termek\">\r\n\t\t<li class=\"portfolio_item isotope-item\">\r\n\t\t\t<div class=\"portfolio_item_holder\">\r\n\t\t\t\t<figure class=\"thumbnail thumbnail__portfolio\">\r\n\t\t\t\t\t<a href=\"https:\/\/alexbutor.hu\/ovodabutor\/termekek\/oltozobutorok\/ovodai-oltozobutorok\/10363-pluto-oltozoszekreny-6-szemelyes-pluto-oltozoszekreny-6-szemelyes\/\" class=\"image-wrap\" title=\"Plut\u00f3 \u00f6lt\u00f6z\u0151szekr\u00e9ny\" >\r\n\t\t\t\t\t\t<img decoding=\"async\" src=\"https:\/\/alexbutor.hu\/ovodabutor\/wp-content\/uploads\/2020\/06\/AjanlatokOvoda370x370px3.jpg\" alt=\"Plut\u00f3 \u00f6lt\u00f6z\u0151szekr\u00e9ny\">\r\n\t\t\t\t\t<\/a>\r\n\t\t\t\t<\/figure>\r\n\t\t\t\t<div class=\"caption caption__portfolio\">\r\n\t\t\t\t\t<h3><a href=\"https:\/\/alexbutor.hu\/ovodabutor\/termekek\/oltozobutorok\/ovodai-oltozobutorok\/10363-pluto-oltozoszekreny-6-szemelyes-pluto-oltozoszekreny-6-szemelyes\/\" >Plut\u00f3 \u00f6lt\u00f6z\u0151szekr\u00e9ny<\/a><\/h3>\r\n\t\t\t\t<\/div>\r\n\t\t\t<\/div>\r\n\t\t<\/li>\r\n\t<\/ul>\r\n\t<div class=\"spacer\"><\/div>\r\n<\/div>\r\n<div class=\"span4 top-termek-d\">\r\n\t<ul class=\"alex-fooldal-top-termek\">\r\n\t\t<li class=\"portfolio_item isotope-item\">\r\n\t\t\t<div class=\"portfolio_item_holder\">\r\n\t\t\t\t<figure class=\"thumbnail thumbnail__portfolio\">\r\n\t\t\t\t\t<a href=\"https:\/\/alexbutor.hu\/ovodabutor\/termekek\/ovodai-bolcsodei-fektetok\/9758-norbi-ovodai-fekteto-norbi-ovodai-fekteto\/\" class=\"image-wrap\" title=\"Norbi fektet\u0151\" >\r\n\t\t\t\t\t\t<img decoding=\"async\" src=\"https:\/\/alexbutor.hu\/ovodabutor\/wp-content\/uploads\/2020\/06\/AjanlatokOvoda370x370px4.jpg\" alt=\"Norbi fektet\u0151\">\r\n\t\t\t\t\t<\/a>\r\n\t\t\t\t<\/figure>\r\n\t\t\t\t<div class=\"caption caption__portfolio\">\r\n\t\t\t\t\t<h3><a href=\"https:\/\/alexbutor.hu\/ovodabutor\/termekek\/ovodai-bolcsodei-fektetok\/9758-norbi-ovodai-fekteto-norbi-ovodai-fekteto\/\" >Norbi fektet\u0151<\/a><\/h3>\r\n\t\t\t\t<\/div>\r\n\t\t\t<\/div>\r\n\t\t<\/li>\r\n\t<\/ul>\r\n\t<div class=\"spacer\"><\/div>\r\n<\/div>\r\n<div class=\"span4 top-termek-e\">\r\n\t<ul class=\"alex-fooldal-top-termek\">\r\n\t\t<li class=\"portfolio_item isotope-item\">\r\n\t\t\t<div class=\"portfolio_item_holder\">\r\n\t\t\t\t<figure class=\"thumbnail thumbnail__portfolio\">\r\n\t\t\t\t\t<a href=\"https:\/\/alexbutor.hu\/ovodabutor\/termekek\/ovodai-bolcsodei-szekek-asztalok\/fem-ovodai-szekek\/11775-flex-spider-ovodai-szek-flex-spider-ovodai-szek\/\" class=\"image-wrap\" title=\"Flex spider sz\u00e9k\" >\r\n\t\t\t\t\t\t<img decoding=\"async\" src=\"https:\/\/alexbutor.hu\/ovodabutor\/wp-content\/uploads\/2020\/06\/AjanlatokOvoda370x370px5.jpg\" alt=\"Flex spider sz\u00e9k\">\r\n\t\t\t\t\t<\/a>\r\n\t\t\t\t<\/figure>\r\n\t\t\t\t<div class=\"caption caption__portfolio\">\r\n\t\t\t\t\t<h3><a href=\"https:\/\/alexbutor.hu\/ovodabutor\/termekek\/ovodai-bolcsodei-szekek-asztalok\/fem-ovodai-szekek\/11775-flex-spider-ovodai-szek-flex-spider-ovodai-szek\/\" >Flex spider sz\u00e9k<\/a><\/h3>\r\n\t\t\t\t<\/div>\r\n\t\t\t<\/div>\r\n\t\t<\/li>\r\n\t<\/ul>\r\n\t<div class=\"spacer\"><\/div>\r\n<\/div>\r\n<div class=\"span4 top-termek-f\">\r\n\t<ul class=\"alex-fooldal-top-termek\">\r\n\t\t<li class=\"portfolio_item isotope-item\">\r\n\t\t\t<div class=\"portfolio_item_holder\">\r\n\t\t\t\t<figure class=\"thumbnail thumbnail__portfolio\">\r\n\t\t\t\t\t<a href=\"https:\/\/alexbutor.hu\/iskolabutor\/termekek\/iskolai-szekrenyek\/flex-szekrenyek\/fsz-17-fsz-17-szekreny-27-db-f1-muanyag-fiokkal-2-ajtos\/\" class=\"image-wrap\" title=\"Flex szekr\u00e9ny\" >\r\n\t\t\t\t\t\t<img decoding=\"async\" src=\"https:\/\/alexbutor.hu\/ovodabutor\/wp-content\/uploads\/2020\/06\/AjanlatokOvoda370x370px6.jpg\" alt=\"Flex szekr\u00e9ny\">\r\n\t\t\t\t\t<\/a>\r\n\t\t\t\t<\/figure>\r\n\t\t\t\t<div class=\"caption caption__portfolio\">\r\n\t\t\t\t\t<h3><a href=\"https:\/\/alexbutor.hu\/iskolabutor\/termekek\/iskolai-szekrenyek\/flex-szekrenyek\/fsz-17-fsz-17-szekreny-27-db-f1-muanyag-fiokkal-2-ajtos\/\" >Flex szekr\u00e9ny<\/a><\/h3>\r\n\t\t\t\t<\/div>\r\n\t\t\t<\/div>\r\n\t\t<\/li>\r\n\t<\/ul>\r\n\t<div class=\"spacer\"><\/div>\r\n<\/div>\n<\/section><div class=\"spacer\"><\/div><!-- .spacer (end) -->\n<div class=\"span12 \"><div class=\"spacer\"><\/div><!-- .spacer (end) --><section class=\"lazy-load-box trigger effect-slideup \" data-delay=\"200\" data-speed=\"900\" style=\"-webkit-transition: all 900ms ease; -moz-transition: all 900ms ease; -ms-transition: all 900ms ease; -o-transition: all 900ms ease; transition: all 900ms ease;\"><div class=\"spacer\"><\/div><!-- .spacer (end) -->\n<h2>Tov\u00e1bbi \u00fczlet\u00e1gaink<\/h2>\n<\/section><\/div><div class=\"span12 \"><section class=\"lazy-load-box trigger effect-zoomout \" data-delay=\"200\" data-speed=\"900\" style=\"-webkit-transition: all 900ms ease; -moz-transition: all 900ms ease; -ms-transition: all 900ms ease; -o-transition: all 900ms ease; transition: all 900ms ease;\">\n<section class=\"lazy-load-box effect-zoomout\">\n<ul class=\"posts-grid row-fluid unstyled block_2 ul-item-0\">\n\r\n\t<li class=\"span4 list-item\">\r\n\t\t<figure class=\"featured-thumbnail thumbnail\">\r\n\t\t\t<img decoding=\"async\" src=\"https:\/\/alexbutor.hu\/ovodabutor\/wp-content\/uploads\/2017\/05\/01_Iskola.jpg\"\">\r\n\t\t<\/figure>\r\n\t\t<div class=\"clear\"><\/div>\r\n\t\t<a href=\"https:\/\/alexbutor.hu\/iskolabutor\/\" target=\"_blank\">\r\n\t\t\t<div class=\"desc\">\r\n\t\t\t\t<h6><strong>Iskolab\u00fator<\/strong><span>Egy\u00e9ni \u00e9s csoportos munk\u00e1hoz alak\u00edthat\u00f3 tantermi b\u00fatorok, menz\u00e1k \u00e9s koll\u00e9giumok berendez\u00e9sei folyamatos fejleszt\u00e9sekkel, p\u00e1ly\u00e1zatok kezel\u00e9se.<\/span><\/h6>\r\n\t\t\t\t<span class=\"btn btn-primary\">Tov\u00e1bb<\/span>\r\n\t\t\t<\/div>\r\n\t\t<\/a>\r\n\t<\/li>\r\n\t\n\r\n\t<li class=\"span4 list-item\">\r\n\t\t<figure class=\"featured-thumbnail thumbnail\">\r\n\t\t\t<img decoding=\"async\" src=\"https:\/\/alexbutor.hu\/ovodabutor\/wp-content\/uploads\/2018\/09\/oltozo_uzletag.jpg\"\">\r\n\t\t<\/figure>\r\n\t\t<div class=\"clear\"><\/div>\r\n\t\t<a href=\"https:\/\/alexbutor.hu\/oltozobutor\/\" target=\"_blank\">\r\n\t\t\t<div class=\"desc\">\r\n\t\t\t\t<h6><strong>\u00d6lt\u00f6z\u0151b\u00fator<\/strong><span>V\u00e1lasszon min\u0151s\u00e9gi, saj\u00e1t gy\u00e1rt\u00e1s\u00fa \u00f6lt\u00f6z\u0151b\u00fatorainkb\u00f3l!<\/span><\/h6>\r\n\t\t\t\t<span class=\"btn btn-primary\">Tov\u00e1bb<\/span>\r\n\t\t\t<\/div>\r\n\t\t<\/a>\r\n\t<\/li>\r\n\t\n\r\n\t<li class=\"span4 list-item\">\r\n\t\t<figure class=\"featured-thumbnail thumbnail\">\r\n\t\t\t<img decoding=\"async\" src=\"https:\/\/alexbutor.hu\/ovodabutor\/wp-content\/uploads\/2017\/05\/03_Utca.jpg\"\">\r\n\t\t<\/figure>\r\n\t\t<div class=\"clear\"><\/div>\r\n\t\t<a href=\"https:\/\/alexbutor.hu\/utcabutor\/\" target=\"_blank\">\r\n\t\t\t<div class=\"desc\">\r\n\t\t\t\t<h6><strong>Utcab\u00fator<\/strong><span>Egys\u00e9ges \u00e9s formabont\u00f3 k\u00f6zterek elemeit keresse k\u00edn\u00e1latunkban!<\/span><\/h6>\r\n\t\t\t\t<span class=\"btn btn-primary\">Tov\u00e1bb<\/span>\r\n\t\t\t<\/div>\r\n\t\t<\/a>\r\n\t<\/li>\r\n\t\n<\/ul>\n<ul class=\"posts-grid row-fluid unstyled block_2 ul-item-1\"><\/ul>\n<\/section>\n<\/section><\/div><\/div><!-- .row (end) --><\/div><\/section>\n","protected":false},"excerpt":{"rendered":"","protected":false},"author":3,"featured_media":0,"parent":0,"menu_order":0,"comment_status":"closed","ping_status":"closed","template":"page-home.php","meta":{"footnotes":""},"class_list":["post-9","page","type-page","status-publish","hentry"],"yoast_head":"<!-- This site is optimized with the Yoast SEO plugin v23.5 - https:\/\/yoast.com\/wordpress\/plugins\/seo\/ -->\n<title>F\u0151oldal - \u00d3vodab\u00fator<\/title>\n<meta name=\"description\" content=\"N\u00e1lunk szem\u00e9lyesen kipr\u00f3b\u00e1lhat t\u00f6bb sz\u00e1z kiv\u00e1l\u00f3 b\u00fatort, \u00f6tletet mer\u00edtve az \u00e9lm\u00e9nyb\u0151l. Zs\u00e1mb\u00e9ki telephely\u00fcnk bejelentkez\u00e9s alapj\u00e1n v\u00e1rjuk az \u00e9rdekl\u0151d\u0151ket.\" \/>\n<meta name=\"robots\" content=\"index, follow, max-snippet:-1, max-image-preview:large, max-video-preview:-1\" \/>\n<link rel=\"canonical\" href=\"https:\/\/alexbutor.hu\/ovodabutor\/\" \/>\n<meta property=\"og:locale\" content=\"hu_HU\" \/>\n<meta property=\"og:type\" content=\"article\" \/>\n<meta property=\"og:title\" content=\"F\u0151oldal - \u00d3vodab\u00fator\" \/>\n<meta property=\"og:description\" content=\"N\u00e1lunk szem\u00e9lyesen kipr\u00f3b\u00e1lhat t\u00f6bb sz\u00e1z kiv\u00e1l\u00f3 b\u00fatort, \u00f6tletet mer\u00edtve az \u00e9lm\u00e9nyb\u0151l. Zs\u00e1mb\u00e9ki telephely\u00fcnk bejelentkez\u00e9s alapj\u00e1n v\u00e1rjuk az \u00e9rdekl\u0151d\u0151ket.\" \/>\n<meta property=\"og:url\" content=\"https:\/\/alexbutor.hu\/ovodabutor\/\" \/>\n<meta property=\"og:site_name\" content=\"\u00d3vodab\u00fator\" \/>\n<meta property=\"article:modified_time\" content=\"2024-11-15T12:17:43+00:00\" \/>\n<meta name=\"twitter:card\" content=\"summary_large_image\" \/>\n<meta name=\"twitter:label1\" content=\"Becs\u00fclt olvas\u00e1si id\u0151\" \/>\n\t<meta name=\"twitter:data1\" content=\"2 perc\" \/>\n<script type=\"application\/ld+json\" class=\"yoast-schema-graph\">{\"@context\":\"https:\/\/schema.org\",\"@graph\":[{\"@type\":\"WebPage\",\"@id\":\"https:\/\/alexbutor.hu\/ovodabutor\/\",\"url\":\"https:\/\/alexbutor.hu\/ovodabutor\/\",\"name\":\"F\u0151oldal - \u00d3vodab\u00fator\",\"isPartOf\":{\"@id\":\"https:\/\/alexbutor.hu\/ovodabutor\/#website\"},\"datePublished\":\"2016-06-08T07:57:17+00:00\",\"dateModified\":\"2024-11-15T12:17:43+00:00\",\"description\":\"N\u00e1lunk szem\u00e9lyesen kipr\u00f3b\u00e1lhat t\u00f6bb sz\u00e1z kiv\u00e1l\u00f3 b\u00fatort, \u00f6tletet mer\u00edtve az \u00e9lm\u00e9nyb\u0151l. Zs\u00e1mb\u00e9ki telephely\u00fcnk bejelentkez\u00e9s alapj\u00e1n v\u00e1rjuk az \u00e9rdekl\u0151d\u0151ket.\",\"breadcrumb\":{\"@id\":\"https:\/\/alexbutor.hu\/ovodabutor\/#breadcrumb\"},\"inLanguage\":\"hu\",\"potentialAction\":[{\"@type\":\"ReadAction\",\"target\":[\"https:\/\/alexbutor.hu\/ovodabutor\/\"]}]},{\"@type\":\"BreadcrumbList\",\"@id\":\"https:\/\/alexbutor.hu\/ovodabutor\/#breadcrumb\",\"itemListElement\":[{\"@type\":\"ListItem\",\"position\":1,\"name\":\"Home\",\"item\":\"https:\/\/alexbutor.hu\/ovodabutor\/\"},{\"@type\":\"ListItem\",\"position\":2,\"name\":\"F\u0151oldal\"}]},{\"@type\":\"WebSite\",\"@id\":\"https:\/\/alexbutor.hu\/ovodabutor\/#website\",\"url\":\"https:\/\/alexbutor.hu\/ovodabutor\/\",\"name\":\"\u00d3vodab\u00fator\",\"description\":\"Minden t\u00e9rben megold\u00e1s\",\"potentialAction\":[{\"@type\":\"SearchAction\",\"target\":{\"@type\":\"EntryPoint\",\"urlTemplate\":\"https:\/\/alexbutor.hu\/ovodabutor\/?s={search_term_string}\"},\"query-input\":{\"@type\":\"PropertyValueSpecification\",\"valueRequired\":true,\"valueName\":\"search_term_string\"}}],\"inLanguage\":\"hu\"}]}<\/script>\n<!-- \/ Yoast SEO plugin. -->","yoast_head_json":{"title":"F\u0151oldal - \u00d3vodab\u00fator","description":"N\u00e1lunk szem\u00e9lyesen kipr\u00f3b\u00e1lhat t\u00f6bb sz\u00e1z kiv\u00e1l\u00f3 b\u00fatort, \u00f6tletet mer\u00edtve az \u00e9lm\u00e9nyb\u0151l. Zs\u00e1mb\u00e9ki telephely\u00fcnk bejelentkez\u00e9s alapj\u00e1n v\u00e1rjuk az \u00e9rdekl\u0151d\u0151ket.","robots":{"index":"index","follow":"follow","max-snippet":"max-snippet:-1","max-image-preview":"max-image-preview:large","max-video-preview":"max-video-preview:-1"},"canonical":"https:\/\/alexbutor.hu\/ovodabutor\/","og_locale":"hu_HU","og_type":"article","og_title":"F\u0151oldal - \u00d3vodab\u00fator","og_description":"N\u00e1lunk szem\u00e9lyesen kipr\u00f3b\u00e1lhat t\u00f6bb sz\u00e1z kiv\u00e1l\u00f3 b\u00fatort, \u00f6tletet mer\u00edtve az \u00e9lm\u00e9nyb\u0151l. Zs\u00e1mb\u00e9ki telephely\u00fcnk bejelentkez\u00e9s alapj\u00e1n v\u00e1rjuk az \u00e9rdekl\u0151d\u0151ket.","og_url":"https:\/\/alexbutor.hu\/ovodabutor\/","og_site_name":"\u00d3vodab\u00fator","article_modified_time":"2024-11-15T12:17:43+00:00","twitter_card":"summary_large_image","twitter_misc":{"Becs\u00fclt olvas\u00e1si id\u0151":"2 perc"},"schema":{"@context":"https:\/\/schema.org","@graph":[{"@type":"WebPage","@id":"https:\/\/alexbutor.hu\/ovodabutor\/","url":"https:\/\/alexbutor.hu\/ovodabutor\/","name":"F\u0151oldal - \u00d3vodab\u00fator","isPartOf":{"@id":"https:\/\/alexbutor.hu\/ovodabutor\/#website"},"datePublished":"2016-06-08T07:57:17+00:00","dateModified":"2024-11-15T12:17:43+00:00","description":"N\u00e1lunk szem\u00e9lyesen kipr\u00f3b\u00e1lhat t\u00f6bb sz\u00e1z kiv\u00e1l\u00f3 b\u00fatort, \u00f6tletet mer\u00edtve az \u00e9lm\u00e9nyb\u0151l. Zs\u00e1mb\u00e9ki telephely\u00fcnk bejelentkez\u00e9s alapj\u00e1n v\u00e1rjuk az \u00e9rdekl\u0151d\u0151ket.","breadcrumb":{"@id":"https:\/\/alexbutor.hu\/ovodabutor\/#breadcrumb"},"inLanguage":"hu","potentialAction":[{"@type":"ReadAction","target":["https:\/\/alexbutor.hu\/ovodabutor\/"]}]},{"@type":"BreadcrumbList","@id":"https:\/\/alexbutor.hu\/ovodabutor\/#breadcrumb","itemListElement":[{"@type":"ListItem","position":1,"name":"Home","item":"https:\/\/alexbutor.hu\/ovodabutor\/"},{"@type":"ListItem","position":2,"name":"F\u0151oldal"}]},{"@type":"WebSite","@id":"https:\/\/alexbutor.hu\/ovodabutor\/#website","url":"https:\/\/alexbutor.hu\/ovodabutor\/","name":"\u00d3vodab\u00fator","description":"Minden t\u00e9rben megold\u00e1s","potentialAction":[{"@type":"SearchAction","target":{"@type":"EntryPoint","urlTemplate":"https:\/\/alexbutor.hu\/ovodabutor\/?s={search_term_string}"},"query-input":{"@type":"PropertyValueSpecification","valueRequired":true,"valueName":"search_term_string"}}],"inLanguage":"hu"}]}},"_links":{"self":[{"href":"https:\/\/alexbutor.hu\/ovodabutor\/wp-json\/wp\/v2\/pages\/9"}],"collection":[{"href":"https:\/\/alexbutor.hu\/ovodabutor\/wp-json\/wp\/v2\/pages"}],"about":[{"href":"https:\/\/alexbutor.hu\/ovodabutor\/wp-json\/wp\/v2\/types\/page"}],"author":[{"embeddable":true,"href":"https:\/\/alexbutor.hu\/ovodabutor\/wp-json\/wp\/v2\/users\/3"}],"replies":[{"embeddable":true,"href":"https:\/\/alexbutor.hu\/ovodabutor\/wp-json\/wp\/v2\/comments?post=9"}],"version-history":[{"count":6,"href":"https:\/\/alexbutor.hu\/ovodabutor\/wp-json\/wp\/v2\/pages\/9\/revisions"}],"predecessor-version":[{"id":55656,"href":"https:\/\/alexbutor.hu\/ovodabutor\/wp-json\/wp\/v2\/pages\/9\/revisions\/55656"}],"wp:attachment":[{"href":"https:\/\/alexbutor.hu\/ovodabutor\/wp-json\/wp\/v2\/media?parent=9"}],"curies":[{"name":"wp","href":"https:\/\/api.w.org\/{rel}","templated":true}]}}