{"id":13,"date":"2016-06-08T07:58:17","date_gmt":"2016-06-08T07:58:17","guid":{"rendered":"http:\/\/szallodabutor.hu\/?page_id=13"},"modified":"2024-10-28T10:10:52","modified_gmt":"2024-10-28T09:10:52","slug":"katalogusok","status":"publish","type":"page","link":"https:\/\/alexbutor.hu\/utcabutor\/katalogusok\/","title":{"rendered":"Katal\u00f3gusok"},"content":{"rendered":"<div class=\"row \"><div class=\"span12 \"><strong>A katal\u00f3gusaink gyors megtekint\u00e9s\u00e9hez k\u00e9rj\u00fck kattintson a k\u00e9pekre.<\/strong><\/div><\/div><!-- .row (end) -->\n<div class=\"row \"><div class=\"span6 \"><a href=\"https:\/\/alexbutor.hu\/utcabutor\/katalogusok\/minden-terben-megoldas\/\"><img loading=\"lazy\" decoding=\"async\" class=\"aligncenter size-full\" src=\"https:\/\/alexbutor.hu\/utcabutor\/wp-content\/uploads\/2024\/10\/okt_latvany_utca_mailing.webp\" alt=\"Minden t\u00e9rben megold\u00e1s\" width=\"600\" height=\"377\" \/><\/a><\/p>\n<h3>Minden t\u00e9rben megold\u00e1s<\/h3>\n<p><a href=\"https:\/\/alexbutor.hu\/utcabutor\/wp-content\/uploads\/2024\/10\/v8_utcabutor_mailing_148x210mm_oktober.pdf\" target=\"_blank\" rel=\"noopener noreferrer\"><\/p>\n<p>PDF let\u00f6lt\u00e9s<\/p>\n<p><\/a><br \/><\/div>\n<div class=\"span6 \"><a href=\"https:\/\/alexbutor.hu\/utcabutor\/katalogusok\/utcabutor-katalogus\/\"><img loading=\"lazy\" decoding=\"async\" class=\"aligncenter size-full\" src=\"https:\/\/alexbutor.hu\/utcabutor\/wp-content\/uploads\/2024\/03\/webre_latvany_utcabutor.webp\" alt=\"Utcab\u00fator katal\u00f3gus\" width=\"600\" height=\"377\" \/><\/a><\/p>\n<h3>Utcab\u00fator katal\u00f3gus<\/h3>\n<p><a href=\"https:\/\/alexbutor.hu\/utcabutor\/wp-content\/uploads\/2024\/03\/v10_utcabutor_katalogus_2024_297x210.pdf\" target=\"_blank\" rel=\"noopener noreferrer\"><\/p>\n<p>PDF let\u00f6lt\u00e9s<\/p>\n<p><\/a><br \/><\/div>\n<\/div><!-- .row (end) -->\n<div class=\"row \">\n<div class=\"span6 \"><a href=\"https:\/\/alexbutor.hu\/utcabutor\/wp-content\/uploads\/2022\/10\/UtcaMailing_BELI_2022.09.26.pdf\" target=\"_blank\" rel=\"noopener\"><img loading=\"lazy\" decoding=\"async\" class=\"aligncenter size-full\" src=\"https:\/\/alexbutor.hu\/utcabutor\/wp-content\/uploads\/2022\/10\/Mailing_Utca_mockup_22.10.12.png\" alt=\"Utcab\u00fator katal\u00f3gus\" width=\"600\" height=\"377\" \/><\/a><\/p>\n<h3>Komplex megold\u00e1sok K\u00d6ZTEREKRE<\/h3>\n<p><a href=\"https:\/\/alexbutor.hu\/utcabutor\/wp-content\/uploads\/2022\/10\/UtcaMailing_BELI_2022.09.26.pdf\" target=\"_blank\" rel=\"noopener noreferrer\"><\/p>\n<p>PDF let\u00f6lt\u00e9s<\/p>\n<p><\/a><br \/><\/div>\n<div class=\"span6 \"><a href=\"https:\/\/alexbutor.hu\/utcabutor\/wp-content\/uploads\/2024\/05\/v5_utcabutor_mailing_148x210mm.pdf\" target=\"_blank\" rel=\"noopener\"><img loading=\"lazy\" decoding=\"async\" class=\"aligncenter size-full\" src=\"https:\/\/alexbutor.hu\/utcabutor\/wp-content\/uploads\/2024\/05\/latvany_utcabutor_mailing-copy.webp\" alt=\"\u00daJ FEJLESZT\u00c9S - \u00daJ DESIGN\" width=\"600\" height=\"377\" \/><\/a><\/p>\n<h3>\u00daJ FEJLESZT\u00c9S - \u00daJ DESIGN<\/h3>\n<p><a href=\"https:\/\/alexbutor.hu\/utcabutor\/wp-content\/uploads\/2024\/05\/v5_utcabutor_mailing_148x210mm.pdf\" target=\"_blank\" rel=\"noopener noreferrer\"><\/p>\n<p>PDF let\u00f6lt\u00e9s<\/p>\n<p><\/a><br \/><\/div><\/div><!-- .row (end) -->\n<div class=\"row \">\n<div class=\"span6 \"><a href=\"https:\/\/alexbutor.hu\/utcabutor\/wp-content\/uploads\/2022\/06\/UtcaMailing_2022.06_09_webes.pdf\" target=\"_blank\" rel=\"noopener\"><img decoding=\"async\" src=\"https:\/\/alexbutor.hu\/utcabutor\/wp-content\/uploads\/2022\/06\/Utca_junius_mockup_2022.png\" alt=\"Soksz\u00edn\u0171 megold\u00e1sok k\u00f6zterekre\" class=\"alignnone\" \/><\/a><\/p>\n<h3>Soksz\u00edn\u0171 megold\u00e1sok k\u00f6zterekre 2.<\/h3>\n<p><a href=\"https:\/\/alexbutor.hu\/utcabutor\/wp-content\/uploads\/2022\/06\/UtcaMailing_2022.06_09_webes.pdf\" target=\"_blank\" rel=\"noopener noreferrer\"><\/p>\n<p>PDF let\u00f6lt\u00e9s<\/p>\n<p><\/a><br \/><\/div>\n<div class=\"span6 \"><a href=\"https:\/\/alexbutor.hu\/utcabutor\/wp-content\/uploads\/2022\/10\/UtcaMailing_2022.01_06_webes.pdf\" target=\"_blank\" rel=\"noopener\"><img decoding=\"async\" src=\"https:\/\/alexbutor.hu\/utcabutor\/wp-content\/uploads\/2022\/02\/Mailing_UTCA_mockup_2022_januar.png\" alt=\"Soksz\u00edn\u0171 megold\u00e1sok k\u00f6zterekre\" class=\"alignnone\" \/><\/a><\/p>\n<h3>Soksz\u00edn\u0171 megold\u00e1sok k\u00f6zterekre 1.<\/h3>\n<p><a href=\"https:\/\/alexbutor.hu\/utcabutor\/wp-content\/uploads\/2022\/10\/UtcaMailing_2022.01_06_webes.pdf\" target=\"_blank\" rel=\"noopener noreferrer\"><\/p>\n<p>PDF let\u00f6lt\u00e9s<\/p>\n<p><\/a><br \/><\/div><\/div><!-- .row (end) -->\n<div class=\"row \">\n<div class=\"span6 \"><a href=\"https:\/\/alexbutor.hu\/utcabutor\/katalogusok\/utcabutorok-a-rendezett-kozterekert\/\"><img loading=\"lazy\" decoding=\"async\" src=\"https:\/\/alexbutor.hu\/utcabutor\/wp-content\/uploads\/2020\/11\/Mailing_UTCA_mockup2020.png\" alt=\"\" width=\"604\" height=\"379\" class=\"alignnone size-large wp-image-47399\" \/><\/a><\/p>\n<h3>Utcab\u00fatorok a rendezett k\u00f6zterek\u00e9rt<\/h3>\n<p><a href=\"https:\/\/alexbutor.hu\/utcabutor\/wp-content\/uploads\/2020\/11\/UtcaMailing_BELI_2020.10.28.pdf\" target=\"_blank\" rel=\"noopener noreferrer\"><\/p>\n<p>PDF let\u00f6lt\u00e9s<\/p>\n<p><\/a><br \/><\/div><\/div><!-- .row (end) -->\n<div class=\"spacer\"><\/div><!-- .spacer (end) -->\n","protected":false},"excerpt":{"rendered":"","protected":false},"author":3,"featured_media":0,"parent":0,"menu_order":0,"comment_status":"closed","ping_status":"closed","template":"page-fullwidth.php","meta":{"footnotes":""},"class_list":["post-13","page","type-page","status-publish","hentry"],"yoast_head":"<!-- This site is optimized with the Yoast SEO plugin v23.5 - https:\/\/yoast.com\/wordpress\/plugins\/seo\/ -->\n<title>Katal\u00f3gusok - Utcab\u00fator<\/title>\n<meta name=\"robots\" content=\"index, follow, max-snippet:-1, max-image-preview:large, max-video-preview:-1\" \/>\n<link rel=\"canonical\" href=\"https:\/\/alexbutor.hu\/utcabutor\/katalogusok\/\" \/>\n<meta property=\"og:locale\" content=\"hu_HU\" \/>\n<meta property=\"og:type\" content=\"article\" \/>\n<meta property=\"og:title\" content=\"Katal\u00f3gusok - Utcab\u00fator\" \/>\n<meta property=\"og:url\" content=\"https:\/\/alexbutor.hu\/utcabutor\/katalogusok\/\" \/>\n<meta property=\"og:site_name\" content=\"Utcab\u00fator\" \/>\n<meta property=\"article:modified_time\" content=\"2024-10-28T09:10:52+00:00\" \/>\n<meta property=\"og:image\" content=\"https:\/\/alexbutor.hu\/utcabutor\/wp-content\/uploads\/2024\/10\/okt_latvany_utca_mailing.webp\" \/>\n<meta name=\"twitter:card\" content=\"summary_large_image\" \/>\n<meta name=\"twitter:label1\" content=\"Becs\u00fclt olvas\u00e1si id\u0151\" \/>\n\t<meta name=\"twitter:data1\" content=\"2 perc\" \/>\n<script type=\"application\/ld+json\" class=\"yoast-schema-graph\">{\"@context\":\"https:\/\/schema.org\",\"@graph\":[{\"@type\":\"WebPage\",\"@id\":\"https:\/\/alexbutor.hu\/utcabutor\/katalogusok\/\",\"url\":\"https:\/\/alexbutor.hu\/utcabutor\/katalogusok\/\",\"name\":\"Katal\u00f3gusok - Utcab\u00fator\",\"isPartOf\":{\"@id\":\"https:\/\/alexbutor.hu\/utcabutor\/#website\"},\"primaryImageOfPage\":{\"@id\":\"https:\/\/alexbutor.hu\/utcabutor\/katalogusok\/#primaryimage\"},\"image\":{\"@id\":\"https:\/\/alexbutor.hu\/utcabutor\/katalogusok\/#primaryimage\"},\"thumbnailUrl\":\"https:\/\/alexbutor.hu\/utcabutor\/wp-content\/uploads\/2024\/10\/okt_latvany_utca_mailing.webp\",\"datePublished\":\"2016-06-08T07:58:17+00:00\",\"dateModified\":\"2024-10-28T09:10:52+00:00\",\"breadcrumb\":{\"@id\":\"https:\/\/alexbutor.hu\/utcabutor\/katalogusok\/#breadcrumb\"},\"inLanguage\":\"hu\",\"potentialAction\":[{\"@type\":\"ReadAction\",\"target\":[\"https:\/\/alexbutor.hu\/utcabutor\/katalogusok\/\"]}]},{\"@type\":\"ImageObject\",\"inLanguage\":\"hu\",\"@id\":\"https:\/\/alexbutor.hu\/utcabutor\/katalogusok\/#primaryimage\",\"url\":\"https:\/\/alexbutor.hu\/utcabutor\/wp-content\/uploads\/2024\/10\/okt_latvany_utca_mailing.webp\",\"contentUrl\":\"https:\/\/alexbutor.hu\/utcabutor\/wp-content\/uploads\/2024\/10\/okt_latvany_utca_mailing.webp\",\"width\":1200,\"height\":754},{\"@type\":\"BreadcrumbList\",\"@id\":\"https:\/\/alexbutor.hu\/utcabutor\/katalogusok\/#breadcrumb\",\"itemListElement\":[{\"@type\":\"ListItem\",\"position\":1,\"name\":\"Home\",\"item\":\"https:\/\/alexbutor.hu\/utcabutor\/\"},{\"@type\":\"ListItem\",\"position\":2,\"name\":\"Katal\u00f3gusok\"}]},{\"@type\":\"WebSite\",\"@id\":\"https:\/\/alexbutor.hu\/utcabutor\/#website\",\"url\":\"https:\/\/alexbutor.hu\/utcabutor\/\",\"name\":\"Utcab\u00fator\",\"description\":\"Minden t\u00e9rben megold\u00e1s\",\"potentialAction\":[{\"@type\":\"SearchAction\",\"target\":{\"@type\":\"EntryPoint\",\"urlTemplate\":\"https:\/\/alexbutor.hu\/utcabutor\/?s={search_term_string}\"},\"query-input\":{\"@type\":\"PropertyValueSpecification\",\"valueRequired\":true,\"valueName\":\"search_term_string\"}}],\"inLanguage\":\"hu\"}]}<\/script>\n<!-- \/ Yoast SEO plugin. -->","yoast_head_json":{"title":"Katal\u00f3gusok - Utcab\u00fator","robots":{"index":"index","follow":"follow","max-snippet":"max-snippet:-1","max-image-preview":"max-image-preview:large","max-video-preview":"max-video-preview:-1"},"canonical":"https:\/\/alexbutor.hu\/utcabutor\/katalogusok\/","og_locale":"hu_HU","og_type":"article","og_title":"Katal\u00f3gusok - Utcab\u00fator","og_url":"https:\/\/alexbutor.hu\/utcabutor\/katalogusok\/","og_site_name":"Utcab\u00fator","article_modified_time":"2024-10-28T09:10:52+00:00","og_image":[{"url":"https:\/\/alexbutor.hu\/utcabutor\/wp-content\/uploads\/2024\/10\/okt_latvany_utca_mailing.webp"}],"twitter_card":"summary_large_image","twitter_misc":{"Becs\u00fclt olvas\u00e1si id\u0151":"2 perc"},"schema":{"@context":"https:\/\/schema.org","@graph":[{"@type":"WebPage","@id":"https:\/\/alexbutor.hu\/utcabutor\/katalogusok\/","url":"https:\/\/alexbutor.hu\/utcabutor\/katalogusok\/","name":"Katal\u00f3gusok - Utcab\u00fator","isPartOf":{"@id":"https:\/\/alexbutor.hu\/utcabutor\/#website"},"primaryImageOfPage":{"@id":"https:\/\/alexbutor.hu\/utcabutor\/katalogusok\/#primaryimage"},"image":{"@id":"https:\/\/alexbutor.hu\/utcabutor\/katalogusok\/#primaryimage"},"thumbnailUrl":"https:\/\/alexbutor.hu\/utcabutor\/wp-content\/uploads\/2024\/10\/okt_latvany_utca_mailing.webp","datePublished":"2016-06-08T07:58:17+00:00","dateModified":"2024-10-28T09:10:52+00:00","breadcrumb":{"@id":"https:\/\/alexbutor.hu\/utcabutor\/katalogusok\/#breadcrumb"},"inLanguage":"hu","potentialAction":[{"@type":"ReadAction","target":["https:\/\/alexbutor.hu\/utcabutor\/katalogusok\/"]}]},{"@type":"ImageObject","inLanguage":"hu","@id":"https:\/\/alexbutor.hu\/utcabutor\/katalogusok\/#primaryimage","url":"https:\/\/alexbutor.hu\/utcabutor\/wp-content\/uploads\/2024\/10\/okt_latvany_utca_mailing.webp","contentUrl":"https:\/\/alexbutor.hu\/utcabutor\/wp-content\/uploads\/2024\/10\/okt_latvany_utca_mailing.webp","width":1200,"height":754},{"@type":"BreadcrumbList","@id":"https:\/\/alexbutor.hu\/utcabutor\/katalogusok\/#breadcrumb","itemListElement":[{"@type":"ListItem","position":1,"name":"Home","item":"https:\/\/alexbutor.hu\/utcabutor\/"},{"@type":"ListItem","position":2,"name":"Katal\u00f3gusok"}]},{"@type":"WebSite","@id":"https:\/\/alexbutor.hu\/utcabutor\/#website","url":"https:\/\/alexbutor.hu\/utcabutor\/","name":"Utcab\u00fator","description":"Minden t\u00e9rben megold\u00e1s","potentialAction":[{"@type":"SearchAction","target":{"@type":"EntryPoint","urlTemplate":"https:\/\/alexbutor.hu\/utcabutor\/?s={search_term_string}"},"query-input":{"@type":"PropertyValueSpecification","valueRequired":true,"valueName":"search_term_string"}}],"inLanguage":"hu"}]}},"_links":{"self":[{"href":"https:\/\/alexbutor.hu\/utcabutor\/wp-json\/wp\/v2\/pages\/13"}],"collection":[{"href":"https:\/\/alexbutor.hu\/utcabutor\/wp-json\/wp\/v2\/pages"}],"about":[{"href":"https:\/\/alexbutor.hu\/utcabutor\/wp-json\/wp\/v2\/types\/page"}],"author":[{"embeddable":true,"href":"https:\/\/alexbutor.hu\/utcabutor\/wp-json\/wp\/v2\/users\/3"}],"replies":[{"embeddable":true,"href":"https:\/\/alexbutor.hu\/utcabutor\/wp-json\/wp\/v2\/comments?post=13"}],"version-history":[{"count":4,"href":"https:\/\/alexbutor.hu\/utcabutor\/wp-json\/wp\/v2\/pages\/13\/revisions"}],"predecessor-version":[{"id":96077,"href":"https:\/\/alexbutor.hu\/utcabutor\/wp-json\/wp\/v2\/pages\/13\/revisions\/96077"}],"wp:attachment":[{"href":"https:\/\/alexbutor.hu\/utcabutor\/wp-json\/wp\/v2\/media?parent=13"}],"curies":[{"name":"wp","href":"https:\/\/api.w.org\/{rel}","templated":true}]}}