{"id":38598,"date":"2017-03-08T19:21:05","date_gmt":"2017-03-08T19:21:05","guid":{"rendered":"http:\/\/alexbutor.hu\/utcabutor\/?page_id=38598"},"modified":"2024-04-24T09:07:44","modified_gmt":"2024-04-24T08:07:44","slug":"butorcsaladok","status":"publish","type":"page","link":"https:\/\/alexbutor.hu\/utcabutor\/kategoriak\/butorcsaladok\/","title":{"rendered":"B\u00fatorcsal\u00e1dok"},"content":{"rendered":"\r\n\t<li class=\"portfolio_item isotope-item\"><div class=\"portfolio_item_holder\"><figure class=\"thumbnail thumbnail__portfolio\"><a href=\"https:\/\/alexbutor.hu\/utcabutor\/kategoriak\/butorcsaladok\/riga\/\" class=\"image-wrap\"><img decoding=\"async\" src=\"https:\/\/alexbutor.hu\/utcabutor\/wp-content\/uploads\/2024\/02\/Riga_KAT484-1.jpg\" alt=\"RIGA\"><\/a><\/figure><div class=\"caption caption__portfolio\"><h3><a href=\"https:\/\/alexbutor.hu\/utcabutor\/kategoriak\/butorcsaladok\/riga\/\">RIGA (8)<\/a><\/h3><\/div><\/div><\/li>\n\r\n\t<li class=\"portfolio_item isotope-item\"><div class=\"portfolio_item_holder\"><figure class=\"thumbnail thumbnail__portfolio\"><a href=\"https:\/\/alexbutor.hu\/utcabutor\/kategoriak\/butorcsaladok\/dublin\/\" class=\"image-wrap\"><img decoding=\"async\" src=\"https:\/\/alexbutor.hu\/utcabutor\/wp-content\/uploads\/2024\/02\/Dublin_KAT485-1.jpg\" alt=\"DUBLIN\"><\/a><\/figure><div class=\"caption caption__portfolio\"><h3><a href=\"https:\/\/alexbutor.hu\/utcabutor\/kategoriak\/butorcsaladok\/dublin\/\">DUBLIN (9)<\/a><\/h3><\/div><\/div><\/li>\n\r\n\t<li class=\"portfolio_item isotope-item\"><div class=\"portfolio_item_holder\"><figure class=\"thumbnail thumbnail__portfolio\"><a href=\"https:\/\/alexbutor.hu\/utcabutor\/kategoriak\/butorcsaladok\/trento\/\" class=\"image-wrap\"><img decoding=\"async\" src=\"https:\/\/alexbutor.hu\/utcabutor\/wp-content\/uploads\/2024\/02\/Trento_KAT486.jpg\" alt=\"TRENTO\"><\/a><\/figure><div class=\"caption caption__portfolio\"><h3><a href=\"https:\/\/alexbutor.hu\/utcabutor\/kategoriak\/butorcsaladok\/trento\/\">TRENTO (10)<\/a><\/h3><\/div><\/div><\/li>\n\r\n\t<li class=\"portfolio_item isotope-item\"><div class=\"portfolio_item_holder\"><figure class=\"thumbnail thumbnail__portfolio\"><a href=\"https:\/\/alexbutor.hu\/utcabutor\/kategoriak\/butorcsaladok\/ypszilon\/\" class=\"image-wrap\"><img decoding=\"async\" src=\"https:\/\/alexbutor.hu\/utcabutor\/wp-content\/uploads\/2024\/02\/Ypszilon_KAT487.jpg\" alt=\"YPSILON\"><\/a><\/figure><div class=\"caption caption__portfolio\"><h3><a href=\"https:\/\/alexbutor.hu\/utcabutor\/kategoriak\/butorcsaladok\/ypszilon\/\">YPSILON (14)<\/a><\/h3><\/div><\/div><\/li>\n\r\n\t<li class=\"portfolio_item isotope-item\"><div class=\"portfolio_item_holder\"><figure class=\"thumbnail thumbnail__portfolio\"><a href=\"https:\/\/alexbutor.hu\/utcabutor\/kategoriak\/butorcsaladok\/domino\/\" class=\"image-wrap\"><img decoding=\"async\" src=\"https:\/\/alexbutor.hu\/utcabutor\/wp-content\/uploads\/2024\/02\/Domino_KAT469.jpg\" alt=\"DOMINO\"><\/a><\/figure><div class=\"caption caption__portfolio\"><h3><a href=\"https:\/\/alexbutor.hu\/utcabutor\/kategoriak\/butorcsaladok\/domino\/\">DOMINO (7)<\/a><\/h3><\/div><\/div><\/li>\n\r\n\t<li class=\"portfolio_item isotope-item\"><div class=\"portfolio_item_holder\"><figure class=\"thumbnail thumbnail__portfolio\"><a href=\"https:\/\/alexbutor.hu\/utcabutor\/kategoriak\/butorcsaladok\/forte\/\" class=\"image-wrap\"><img decoding=\"async\" src=\"https:\/\/alexbutor.hu\/utcabutor\/wp-content\/uploads\/2024\/03\/KAT483.jpg\" alt=\"Forte\"><\/a><\/figure><div class=\"caption caption__portfolio\"><h3><a href=\"https:\/\/alexbutor.hu\/utcabutor\/kategoriak\/butorcsaladok\/forte\/\">Forte<\/a><\/h3><\/div><\/div><\/li>\n\r\n\t<li class=\"portfolio_item isotope-item\"><div class=\"portfolio_item_holder\"><figure class=\"thumbnail thumbnail__portfolio\"><a href=\"https:\/\/alexbutor.hu\/utcabutor\/kategoriak\/butorcsaladok\/nord\/\" class=\"image-wrap\"><img decoding=\"async\" src=\"https:\/\/alexbutor.hu\/utcabutor\/wp-content\/uploads\/2024\/03\/KAT457.jpg\" alt=\"Nord\"><\/a><\/figure><div class=\"caption caption__portfolio\"><h3><a href=\"https:\/\/alexbutor.hu\/utcabutor\/kategoriak\/butorcsaladok\/nord\/\">Nord<\/a><\/h3><\/div><\/div><\/li>\n<li class=\"portfolio_item isotope-item\">\n<div class=\"portfolio_item_holder\">\n<figure class=\"thumbnail thumbnail__portfolio\"><a href=\"https:\/\/alexbutor.hu\/utcabutor\/kategoriak\/butorcsaladok\/robusto\/\" class=\"image-wrap\"><img decoding=\"async\" src=\"https:\/\/alexbutor.hu\/utcabutor\/wp-content\/uploads\/2024\/03\/KAT225.jpg\" alt=\"ROBUSTO\"><\/a><\/figure>\n<div class=\"caption caption__portfolio\">\n<h3><a href=\"https:\/\/alexbutor.hu\/utcabutor\/kategoriak\/butorcsaladok\/robusto\/\">ROBUSTO<\/a><\/h3>\n<\/div>\n<\/div>\n<\/li>\n<li class=\"portfolio_item isotope-item\">\n<div class=\"portfolio_item_holder\">\n<figure class=\"thumbnail thumbnail__portfolio\"><a href=\"https:\/\/alexbutor.hu\/utcabutor\/kategoriak\/butorcsaladok\/bella\/\" class=\"image-wrap\"><img decoding=\"async\" src=\"https:\/\/alexbutor.hu\/utcabutor\/wp-content\/uploads\/2022\/02\/Bella_800x560.jpg\" alt=\"BELLA\"><\/a><\/figure>\n<div class=\"caption caption__portfolio\">\n<h3><a href=\"https:\/\/alexbutor.hu\/utcabutor\/kategoriak\/butorcsaladok\/bella\/\">BELLA<\/a><\/h3>\n<\/div>\n<\/div>\n<\/li>\n<li class=\"portfolio_item isotope-item\">\n<div class=\"portfolio_item_holder\">\n<figure class=\"thumbnail thumbnail__portfolio\"><a href=\"https:\/\/alexbutor.hu\/utcabutor\/kategoriak\/butorcsaladok\/easy\/\" class=\"image-wrap\"><img decoding=\"async\" src=\"https:\/\/alexbutor.hu\/utcabutor\/wp-content\/uploads\/2019\/05\/Horus_1_800.jpg\" alt=\"EASY\"><\/a><\/figure>\n<div class=\"caption caption__portfolio\">\n<h3><a href=\"https:\/\/alexbutor.hu\/utcabutor\/kategoriak\/butorcsaladok\/easy\/\">EASY<\/a><\/h3>\n<\/div>\n<\/div>\n<\/li>\n<li class=\"portfolio_item isotope-item\">\n<div class=\"portfolio_item_holder\">\n<figure class=\"thumbnail thumbnail__portfolio\"><a href=\"https:\/\/alexbutor.hu\/utcabutor\/kategoriak\/butorcsaladok\/central\/\" class=\"image-wrap\"><img decoding=\"async\" src=\"https:\/\/alexbutor.hu\/utcabutor\/wp-content\/uploads\/2017\/03\/02_Butorcsaladok-02_Central.jpg\" alt=\"Centr\u00e1l\"><\/a><\/figure>\n<div class=\"caption caption__portfolio\">\n<h3><a href=\"https:\/\/alexbutor.hu\/utcabutor\/kategoriak\/butorcsaladok\/central\/\">Centr\u00e1l<\/a><\/h3>\n<\/div>\n<\/div>\n<\/li>\n\r\n\t<li class=\"portfolio_item isotope-item\"><div class=\"portfolio_item_holder\"><figure class=\"thumbnail thumbnail__portfolio\"><a href=\"https:\/\/alexbutor.hu\/utcabutor\/kategoriak\/butorcsaladok\/z-smart\/\" class=\"image-wrap\"><img decoding=\"async\" src=\"https:\/\/alexbutor.hu\/utcabutor\/wp-content\/uploads\/2021\/04\/Z.smart_.jpg\" alt=\"Z-Smart\"><\/a><\/figure><div class=\"caption caption__portfolio\"><h3><a href=\"https:\/\/alexbutor.hu\/utcabutor\/kategoriak\/butorcsaladok\/z-smart\/\">Z-Smart<\/a><\/h3><\/div><\/div><\/li>\n\r\n\t<li class=\"portfolio_item isotope-item\"><div class=\"portfolio_item_holder\"><figure class=\"thumbnail thumbnail__portfolio\"><a href=\"https:\/\/alexbutor.hu\/utcabutor\/kategoriak\/butorcsaladok\/planet\/\" class=\"image-wrap\"><img decoding=\"async\" src=\"https:\/\/alexbutor.hu\/utcabutor\/wp-content\/uploads\/2023\/10\/Planet_piknikasztal_5db_szines-1.jpg\" alt=\"Planet\"><\/a><\/figure><div class=\"caption caption__portfolio\"><h3><a href=\"https:\/\/alexbutor.hu\/utcabutor\/kategoriak\/butorcsaladok\/planet\/\">Planet (8)<\/a><\/h3><\/div><\/div><\/li>\n\r\n\t<li class=\"portfolio_item isotope-item\"><div class=\"portfolio_item_holder\"><figure class=\"thumbnail thumbnail__portfolio\"><a href=\"https:\/\/alexbutor.hu\/utcabutor\/kategoriak\/butorcsaladok\/wave\/\" class=\"image-wrap\"><img decoding=\"async\" src=\"https:\/\/alexbutor.hu\/utcabutor\/wp-content\/uploads\/2023\/10\/wave-1.jpg\" alt=\"Wave\"><\/a><\/figure><div class=\"caption caption__portfolio\"><h3><a href=\"https:\/\/alexbutor.hu\/utcabutor\/kategoriak\/butorcsaladok\/wave\/\">Wave (13)<\/a><\/h3><\/div><\/div><\/li>\n\r\n\t<li class=\"portfolio_item isotope-item\"><div class=\"portfolio_item_holder\"><figure class=\"thumbnail thumbnail__portfolio\"><a href=\"https:\/\/alexbutor.hu\/utcabutor\/kategoriak\/butorcsaladok\/oasis\/\" class=\"image-wrap\"><img decoding=\"async\" src=\"https:\/\/alexbutor.hu\/utcabutor\/wp-content\/uploads\/2023\/10\/Oasis-osszeallitas-1.jpg\" alt=\"Oasis\"><\/a><\/figure><div class=\"caption caption__portfolio\"><h3><a href=\"https:\/\/alexbutor.hu\/utcabutor\/kategoriak\/butorcsaladok\/oasis\/\">Oasis (13)<\/a><\/h3><\/div><\/div><\/li>\n<li class=\"portfolio_item isotope-item\">\n<div class=\"portfolio_item_holder\">\n<figure class=\"thumbnail thumbnail__portfolio\"><a href=\"https:\/\/alexbutor.hu\/utcabutor\/kategoriak\/butorcsaladok\/madrid\/\" class=\"image-wrap\"><img decoding=\"async\" src=\"https:\/\/alexbutor.hu\/utcabutor\/wp-content\/uploads\/2017\/03\/02_Butorcsaladok-04_Madrid.jpg\" alt=\"Madrid\"><\/a><\/figure>\n<div class=\"caption caption__portfolio\">\n<h3><a href=\"https:\/\/alexbutor.hu\/utcabutor\/kategoriak\/butorcsaladok\/madrid\/\">Madrid<\/a><\/h3>\n<\/div>\n<\/div>\n<\/li>\n<li class=\"portfolio_item isotope-item\">\n<div class=\"portfolio_item_holder\">\n<figure class=\"thumbnail thumbnail__portfolio\"><a href=\"https:\/\/alexbutor.hu\/utcabutor\/kategoriak\/butorcsaladok\/london\/\" class=\"image-wrap\"><img decoding=\"async\" src=\"https:\/\/alexbutor.hu\/utcabutor\/wp-content\/uploads\/2017\/03\/02_Butorcsaladok-05_London.jpg\" alt=\"London\"><\/a><\/figure>\n<div class=\"caption caption__portfolio\">\n<h3><a href=\"https:\/\/alexbutor.hu\/utcabutor\/kategoriak\/butorcsaladok\/london\/\">London<\/a><\/h3>\n<\/div>\n<\/div>\n<\/li>\n<li class=\"portfolio_item isotope-item\">\n<div class=\"portfolio_item_holder\">\n<figure class=\"thumbnail thumbnail__portfolio\"><a href=\"https:\/\/alexbutor.hu\/utcabutor\/kategoriak\/butorcsaladok\/ring\/\" class=\"image-wrap\"><img decoding=\"async\" src=\"https:\/\/alexbutor.hu\/utcabutor\/wp-content\/uploads\/2017\/03\/02_Butorcsaladok-06_Ring.jpg\" alt=\"Ring\"><\/a><\/figure>\n<div class=\"caption caption__portfolio\">\n<h3><a href=\"https:\/\/alexbutor.hu\/utcabutor\/kategoriak\/butorcsaladok\/ring\/\">Ring<\/a><\/h3>\n<\/div>\n<\/div>\n<\/li>\n<li class=\"portfolio_item isotope-item\">\n<div class=\"portfolio_item_holder\">\n<figure class=\"thumbnail thumbnail__portfolio\"><a href=\"https:\/\/alexbutor.hu\/utcabutor\/kategoriak\/butorcsaladok\/cube\/\" class=\"image-wrap\"><img decoding=\"async\" src=\"https:\/\/alexbutor.hu\/utcabutor\/wp-content\/uploads\/2024\/03\/KAT191.jpg\" alt=\"Cube\"><\/a><\/figure>\n<div class=\"caption caption__portfolio\">\n<h3><a href=\"https:\/\/alexbutor.hu\/utcabutor\/kategoriak\/butorcsaladok\/cube\/\">Cube<\/a><\/h3>\n<\/div>\n<\/div>\n<\/li>\n<li class=\"portfolio_item isotope-item\">\n<div class=\"portfolio_item_holder\">\n<figure class=\"thumbnail thumbnail__portfolio\"><a href=\"https:\/\/alexbutor.hu\/utcabutor\/kategoriak\/butorcsaladok\/stone\/\" class=\"image-wrap\"><img decoding=\"async\" src=\"https:\/\/alexbutor.hu\/utcabutor\/wp-content\/uploads\/2017\/03\/02_Butorcsaladok-10_Stone.jpg\" alt=\"Stone\"><\/a><\/figure>\n<div class=\"caption caption__portfolio\">\n<h3><a href=\"https:\/\/alexbutor.hu\/utcabutor\/kategoriak\/butorcsaladok\/stone\/\">Stone<\/a><\/h3>\n<\/div>\n<\/div>\n<\/li>\n<li class=\"portfolio_item isotope-item\">\n<div class=\"portfolio_item_holder\">\n<figure class=\"thumbnail thumbnail__portfolio\"><a href=\"https:\/\/alexbutor.hu\/utcabutor\/kategoriak\/butorcsaladok\/valencia\/\" class=\"image-wrap\"><img decoding=\"async\" src=\"https:\/\/alexbutor.hu\/utcabutor\/wp-content\/uploads\/2017\/03\/02_Butorcsaladok-13_Valencia.jpg\" alt=\"Valencia\"><\/a><\/figure>\n<div class=\"caption caption__portfolio\">\n<h3><a href=\"https:\/\/alexbutor.hu\/utcabutor\/kategoriak\/butorcsaladok\/valencia\/\">Valencia<\/a><\/h3>\n<\/div>\n<\/div>\n<\/li>\n<li class=\"portfolio_item isotope-item\">\n<div class=\"portfolio_item_holder\">\n<figure class=\"thumbnail thumbnail__portfolio\"><a href=\"https:\/\/alexbutor.hu\/utcabutor\/kategoriak\/butorcsaladok\/klasszikus\/\" class=\"image-wrap\"><img decoding=\"async\" src=\"https:\/\/alexbutor.hu\/utcabutor\/wp-content\/uploads\/2017\/03\/02_Butorcsaladok-14_Klasszikus.jpg\" alt=\"Klasszikus\"><\/a><\/figure>\n<div class=\"caption caption__portfolio\">\n<h3><a href=\"https:\/\/alexbutor.hu\/utcabutor\/kategoriak\/butorcsaladok\/klasszikus\/\">Klasszikus<\/a><\/h3>\n<\/div>\n<\/div>\n<\/li>\n<p><!--\n\n\n<li class=\"portfolio_item isotope-item\">\n\n\n<div class=\"portfolio_item_holder\">\n\n\n<figure class=\"thumbnail thumbnail__portfolio\"><a href=\"https:\/\/alexbutor.hu\/utcabutor\/kategoriak\/butorcsaladok\/szecesszios\/\" class=\"image-wrap\"><img decoding=\"async\" src=\"https:\/\/alexbutor.hu\/utcabutor\/wp-content\/uploads\/2017\/03\/02_Butorcsaladok-15_Szecesszios.jpg\" alt=\"Szecesszi\u00f3s\"><\/a><\/figure>\n\n\n\n\n<div class=\"caption caption__portfolio\">\n\n\n<h3><a href=\"https:\/\/alexbutor.hu\/utcabutor\/kategoriak\/butorcsaladok\/szecesszios\/\">Szecesszi\u00f3s<\/a><\/h3>\n\n\n<\/div>\n\n\n<\/div>\n\n\n<\/li>\n\n\n--><\/p>\n<li class=\"portfolio_item isotope-item\">\n<div class=\"portfolio_item_holder\">\n<figure class=\"thumbnail thumbnail__portfolio\"><a href=\"https:\/\/alexbutor.hu\/utcabutor\/kategoriak\/butorcsaladok\/egyeb\/\" class=\"image-wrap\"><img decoding=\"async\" src=\"https:\/\/alexbutor.hu\/utcabutor\/wp-content\/uploads\/2017\/03\/02_Butorcsaladok-16_Egyeb.jpg\" alt=\"Egy\u00e9b\"><\/a><\/figure>\n<div class=\"caption caption__portfolio\">\n<h3><a href=\"https:\/\/alexbutor.hu\/utcabutor\/kategoriak\/butorcsaladok\/egyeb\/\">Egy\u00e9b<\/a><\/h3>\n<\/div>\n<\/div>\n<\/li>\n","protected":false},"excerpt":{"rendered":"<p>ROBUSTO BELLA EASY Centr\u00e1l Madrid London Ring Cube Stone Valencia Klasszikus Egy\u00e9b<\/p>\n","protected":false},"author":3,"featured_media":0,"parent":10,"menu_order":0,"comment_status":"closed","ping_status":"closed","template":"page-Portfolio4Cols-alexsub.php","meta":{"footnotes":""},"class_list":["post-38598","page","type-page","status-publish","hentry"],"yoast_head":"<!-- This site is optimized with the Yoast SEO plugin v23.5 - https:\/\/yoast.com\/wordpress\/plugins\/seo\/ -->\n<title>B\u00fatorcsal\u00e1dok - Utcab\u00fator<\/title>\n<meta name=\"robots\" content=\"index, follow, max-snippet:-1, max-image-preview:large, max-video-preview:-1\" \/>\n<link rel=\"canonical\" href=\"https:\/\/alexbutor.hu\/utcabutor\/kategoriak\/butorcsaladok\/\" \/>\n<meta property=\"og:locale\" content=\"hu_HU\" \/>\n<meta property=\"og:type\" content=\"article\" \/>\n<meta property=\"og:title\" content=\"B\u00fatorcsal\u00e1dok - Utcab\u00fator\" \/>\n<meta property=\"og:description\" content=\"ROBUSTO BELLA EASY Centr\u00e1l Madrid London Ring Cube Stone Valencia Klasszikus Egy\u00e9b\" \/>\n<meta property=\"og:url\" content=\"https:\/\/alexbutor.hu\/utcabutor\/kategoriak\/butorcsaladok\/\" \/>\n<meta property=\"og:site_name\" content=\"Utcab\u00fator\" \/>\n<meta property=\"article:modified_time\" content=\"2024-04-24T08:07:44+00:00\" \/>\n<meta property=\"og:image\" content=\"https:\/\/alexbutor.hu\/utcabutor\/wp-content\/uploads\/2024\/03\/KAT225.jpg\" \/>\n<meta name=\"twitter:card\" content=\"summary_large_image\" \/>\n<meta name=\"twitter:label1\" content=\"Becs\u00fclt olvas\u00e1si id\u0151\" \/>\n\t<meta name=\"twitter:data1\" content=\"1 perc\" \/>\n<script type=\"application\/ld+json\" class=\"yoast-schema-graph\">{\"@context\":\"https:\/\/schema.org\",\"@graph\":[{\"@type\":\"WebPage\",\"@id\":\"https:\/\/alexbutor.hu\/utcabutor\/kategoriak\/butorcsaladok\/\",\"url\":\"https:\/\/alexbutor.hu\/utcabutor\/kategoriak\/butorcsaladok\/\",\"name\":\"B\u00fatorcsal\u00e1dok - Utcab\u00fator\",\"isPartOf\":{\"@id\":\"https:\/\/alexbutor.hu\/utcabutor\/#website\"},\"primaryImageOfPage\":{\"@id\":\"https:\/\/alexbutor.hu\/utcabutor\/kategoriak\/butorcsaladok\/#primaryimage\"},\"image\":{\"@id\":\"https:\/\/alexbutor.hu\/utcabutor\/kategoriak\/butorcsaladok\/#primaryimage\"},\"thumbnailUrl\":\"https:\/\/alexbutor.hu\/utcabutor\/wp-content\/uploads\/2024\/03\/KAT225.jpg\",\"datePublished\":\"2017-03-08T19:21:05+00:00\",\"dateModified\":\"2024-04-24T08:07:44+00:00\",\"breadcrumb\":{\"@id\":\"https:\/\/alexbutor.hu\/utcabutor\/kategoriak\/butorcsaladok\/#breadcrumb\"},\"inLanguage\":\"hu\",\"potentialAction\":[{\"@type\":\"ReadAction\",\"target\":[\"https:\/\/alexbutor.hu\/utcabutor\/kategoriak\/butorcsaladok\/\"]}]},{\"@type\":\"ImageObject\",\"inLanguage\":\"hu\",\"@id\":\"https:\/\/alexbutor.hu\/utcabutor\/kategoriak\/butorcsaladok\/#primaryimage\",\"url\":\"https:\/\/alexbutor.hu\/utcabutor\/wp-content\/uploads\/2024\/03\/KAT225.jpg\",\"contentUrl\":\"https:\/\/alexbutor.hu\/utcabutor\/wp-content\/uploads\/2024\/03\/KAT225.jpg\",\"width\":800,\"height\":560},{\"@type\":\"BreadcrumbList\",\"@id\":\"https:\/\/alexbutor.hu\/utcabutor\/kategoriak\/butorcsaladok\/#breadcrumb\",\"itemListElement\":[{\"@type\":\"ListItem\",\"position\":1,\"name\":\"Home\",\"item\":\"https:\/\/alexbutor.hu\/utcabutor\/\"},{\"@type\":\"ListItem\",\"position\":2,\"name\":\"Term\u00e9kek\",\"item\":\"https:\/\/alexbutor.hu\/utcabutor\/kategoriak\/\"},{\"@type\":\"ListItem\",\"position\":3,\"name\":\"B\u00fatorcsal\u00e1dok\"}]},{\"@type\":\"WebSite\",\"@id\":\"https:\/\/alexbutor.hu\/utcabutor\/#website\",\"url\":\"https:\/\/alexbutor.hu\/utcabutor\/\",\"name\":\"Utcab\u00fator\",\"description\":\"Minden t\u00e9rben megold\u00e1s\",\"potentialAction\":[{\"@type\":\"SearchAction\",\"target\":{\"@type\":\"EntryPoint\",\"urlTemplate\":\"https:\/\/alexbutor.hu\/utcabutor\/?s={search_term_string}\"},\"query-input\":{\"@type\":\"PropertyValueSpecification\",\"valueRequired\":true,\"valueName\":\"search_term_string\"}}],\"inLanguage\":\"hu\"}]}<\/script>\n<!-- \/ Yoast SEO plugin. -->","yoast_head_json":{"title":"B\u00fatorcsal\u00e1dok - Utcab\u00fator","robots":{"index":"index","follow":"follow","max-snippet":"max-snippet:-1","max-image-preview":"max-image-preview:large","max-video-preview":"max-video-preview:-1"},"canonical":"https:\/\/alexbutor.hu\/utcabutor\/kategoriak\/butorcsaladok\/","og_locale":"hu_HU","og_type":"article","og_title":"B\u00fatorcsal\u00e1dok - Utcab\u00fator","og_description":"ROBUSTO BELLA EASY Centr\u00e1l Madrid London Ring Cube Stone Valencia Klasszikus Egy\u00e9b","og_url":"https:\/\/alexbutor.hu\/utcabutor\/kategoriak\/butorcsaladok\/","og_site_name":"Utcab\u00fator","article_modified_time":"2024-04-24T08:07:44+00:00","og_image":[{"url":"https:\/\/alexbutor.hu\/utcabutor\/wp-content\/uploads\/2024\/03\/KAT225.jpg"}],"twitter_card":"summary_large_image","twitter_misc":{"Becs\u00fclt olvas\u00e1si id\u0151":"1 perc"},"schema":{"@context":"https:\/\/schema.org","@graph":[{"@type":"WebPage","@id":"https:\/\/alexbutor.hu\/utcabutor\/kategoriak\/butorcsaladok\/","url":"https:\/\/alexbutor.hu\/utcabutor\/kategoriak\/butorcsaladok\/","name":"B\u00fatorcsal\u00e1dok - Utcab\u00fator","isPartOf":{"@id":"https:\/\/alexbutor.hu\/utcabutor\/#website"},"primaryImageOfPage":{"@id":"https:\/\/alexbutor.hu\/utcabutor\/kategoriak\/butorcsaladok\/#primaryimage"},"image":{"@id":"https:\/\/alexbutor.hu\/utcabutor\/kategoriak\/butorcsaladok\/#primaryimage"},"thumbnailUrl":"https:\/\/alexbutor.hu\/utcabutor\/wp-content\/uploads\/2024\/03\/KAT225.jpg","datePublished":"2017-03-08T19:21:05+00:00","dateModified":"2024-04-24T08:07:44+00:00","breadcrumb":{"@id":"https:\/\/alexbutor.hu\/utcabutor\/kategoriak\/butorcsaladok\/#breadcrumb"},"inLanguage":"hu","potentialAction":[{"@type":"ReadAction","target":["https:\/\/alexbutor.hu\/utcabutor\/kategoriak\/butorcsaladok\/"]}]},{"@type":"ImageObject","inLanguage":"hu","@id":"https:\/\/alexbutor.hu\/utcabutor\/kategoriak\/butorcsaladok\/#primaryimage","url":"https:\/\/alexbutor.hu\/utcabutor\/wp-content\/uploads\/2024\/03\/KAT225.jpg","contentUrl":"https:\/\/alexbutor.hu\/utcabutor\/wp-content\/uploads\/2024\/03\/KAT225.jpg","width":800,"height":560},{"@type":"BreadcrumbList","@id":"https:\/\/alexbutor.hu\/utcabutor\/kategoriak\/butorcsaladok\/#breadcrumb","itemListElement":[{"@type":"ListItem","position":1,"name":"Home","item":"https:\/\/alexbutor.hu\/utcabutor\/"},{"@type":"ListItem","position":2,"name":"Term\u00e9kek","item":"https:\/\/alexbutor.hu\/utcabutor\/kategoriak\/"},{"@type":"ListItem","position":3,"name":"B\u00fatorcsal\u00e1dok"}]},{"@type":"WebSite","@id":"https:\/\/alexbutor.hu\/utcabutor\/#website","url":"https:\/\/alexbutor.hu\/utcabutor\/","name":"Utcab\u00fator","description":"Minden t\u00e9rben megold\u00e1s","potentialAction":[{"@type":"SearchAction","target":{"@type":"EntryPoint","urlTemplate":"https:\/\/alexbutor.hu\/utcabutor\/?s={search_term_string}"},"query-input":{"@type":"PropertyValueSpecification","valueRequired":true,"valueName":"search_term_string"}}],"inLanguage":"hu"}]}},"_links":{"self":[{"href":"https:\/\/alexbutor.hu\/utcabutor\/wp-json\/wp\/v2\/pages\/38598"}],"collection":[{"href":"https:\/\/alexbutor.hu\/utcabutor\/wp-json\/wp\/v2\/pages"}],"about":[{"href":"https:\/\/alexbutor.hu\/utcabutor\/wp-json\/wp\/v2\/types\/page"}],"author":[{"embeddable":true,"href":"https:\/\/alexbutor.hu\/utcabutor\/wp-json\/wp\/v2\/users\/3"}],"replies":[{"embeddable":true,"href":"https:\/\/alexbutor.hu\/utcabutor\/wp-json\/wp\/v2\/comments?post=38598"}],"version-history":[{"count":3,"href":"https:\/\/alexbutor.hu\/utcabutor\/wp-json\/wp\/v2\/pages\/38598\/revisions"}],"predecessor-version":[{"id":90561,"href":"https:\/\/alexbutor.hu\/utcabutor\/wp-json\/wp\/v2\/pages\/38598\/revisions\/90561"}],"up":[{"embeddable":true,"href":"https:\/\/alexbutor.hu\/utcabutor\/wp-json\/wp\/v2\/pages\/10"}],"wp:attachment":[{"href":"https:\/\/alexbutor.hu\/utcabutor\/wp-json\/wp\/v2\/media?parent=38598"}],"curies":[{"name":"wp","href":"https:\/\/api.w.org\/{rel}","templated":true}]}}