{"id":38606,"date":"2017-03-08T19:22:48","date_gmt":"2017-03-08T19:22:48","guid":{"rendered":"http:\/\/alexbutor.hu\/utcabutor\/?page_id=38606"},"modified":"2019-11-05T16:01:26","modified_gmt":"2019-11-05T15:01:26","slug":"madrid","status":"publish","type":"page","link":"https:\/\/alexbutor.hu\/utcabutor\/kategoriak\/butorcsaladok\/madrid\/","title":{"rendered":"Madrid"},"content":{"rendered":"<li class=\"portfolio_item isotope-item\">\n<div class=\"portfolio_item_holder\">\n<figure class=\"thumbnail thumbnail__portfolio\"><a href=\"https:\/\/alexbutor.hu\/utcabutor\/kategoriak\/butorcsaladok\/madrid\/fa-ulofelulettel\/\" class=\"image-wrap\"><img decoding=\"async\" src=\"https:\/\/alexbutor.hu\/utcabutor\/wp-content\/uploads\/2019\/11\/Madrid_800x560.jpg\" alt=\"Fa \u00fcl\u0151fel\u00fclettel\"><\/a><\/figure>\n<div class=\"caption caption__portfolio\">\n<h3><a href=\"https:\/\/alexbutor.hu\/utcabutor\/kategoriak\/butorcsaladok\/madrid\/fa-ulofelulettel\/\">Fa \u00fcl\u0151fel\u00fclettel<\/a><\/h3>\n<\/div>\n<\/div>\n<\/li>\n<li class=\"portfolio_item isotope-item\">\n<div class=\"portfolio_item_holder\">\n<figure class=\"thumbnail thumbnail__portfolio\"><a href=\"https:\/\/alexbutor.hu\/utcabutor\/kategoriak\/butorcsaladok\/madrid\/wpc-ulofelulettel\/\" class=\"image-wrap\"><img decoding=\"async\" src=\"https:\/\/alexbutor.hu\/utcabutor\/wp-content\/uploads\/2019\/11\/Madrid_WPC_800x560.jpg\" alt=\"WPC \u00fcl\u0151fel\u00fclettel\"><\/a><\/figure>\n<div class=\"caption caption__portfolio\">\n<h3><a href=\"https:\/\/alexbutor.hu\/utcabutor\/kategoriak\/butorcsaladok\/madrid\/wpc-ulofelulettel\/\">WPC \u00fcl\u0151fel\u00fclettel<\/a><\/h3>\n<\/div>\n<\/div>\n<\/li>\n","protected":false},"excerpt":{"rendered":"<p>Fa \u00fcl\u0151fel\u00fclettel WPC \u00fcl\u0151fel\u00fclettel<\/p>\n","protected":false},"author":3,"featured_media":0,"parent":38598,"menu_order":0,"comment_status":"closed","ping_status":"closed","template":"page-Portfolio2Cols-alexsub.php","meta":{"footnotes":""},"class_list":["post-38606","page","type-page","status-publish","hentry"],"yoast_head":"<!-- This site is optimized with the Yoast SEO plugin v23.5 - https:\/\/yoast.com\/wordpress\/plugins\/seo\/ -->\n<title>Madrid - Utcab\u00fator<\/title>\n<meta name=\"robots\" content=\"index, follow, max-snippet:-1, max-image-preview:large, max-video-preview:-1\" \/>\n<link rel=\"canonical\" href=\"https:\/\/alexbutor.hu\/utcabutor\/kategoriak\/butorcsaladok\/madrid\/\" \/>\n<meta property=\"og:locale\" content=\"hu_HU\" \/>\n<meta property=\"og:type\" content=\"article\" \/>\n<meta property=\"og:title\" content=\"Madrid - Utcab\u00fator\" \/>\n<meta property=\"og:description\" content=\"Fa \u00fcl\u0151fel\u00fclettel WPC \u00fcl\u0151fel\u00fclettel\" \/>\n<meta property=\"og:url\" content=\"https:\/\/alexbutor.hu\/utcabutor\/kategoriak\/butorcsaladok\/madrid\/\" \/>\n<meta property=\"og:site_name\" content=\"Utcab\u00fator\" \/>\n<meta property=\"article:modified_time\" content=\"2019-11-05T15:01:26+00:00\" \/>\n<meta property=\"og:image\" content=\"https:\/\/alexbutor.hu\/utcabutor\/wp-content\/uploads\/2019\/11\/Madrid_800x560.jpg\" \/>\n<meta name=\"twitter:card\" content=\"summary_large_image\" \/>\n<script type=\"application\/ld+json\" class=\"yoast-schema-graph\">{\"@context\":\"https:\/\/schema.org\",\"@graph\":[{\"@type\":\"WebPage\",\"@id\":\"https:\/\/alexbutor.hu\/utcabutor\/kategoriak\/butorcsaladok\/madrid\/\",\"url\":\"https:\/\/alexbutor.hu\/utcabutor\/kategoriak\/butorcsaladok\/madrid\/\",\"name\":\"Madrid - Utcab\u00fator\",\"isPartOf\":{\"@id\":\"https:\/\/alexbutor.hu\/utcabutor\/#website\"},\"primaryImageOfPage\":{\"@id\":\"https:\/\/alexbutor.hu\/utcabutor\/kategoriak\/butorcsaladok\/madrid\/#primaryimage\"},\"image\":{\"@id\":\"https:\/\/alexbutor.hu\/utcabutor\/kategoriak\/butorcsaladok\/madrid\/#primaryimage\"},\"thumbnailUrl\":\"https:\/\/alexbutor.hu\/utcabutor\/wp-content\/uploads\/2019\/11\/Madrid_800x560.jpg\",\"datePublished\":\"2017-03-08T19:22:48+00:00\",\"dateModified\":\"2019-11-05T15:01:26+00:00\",\"breadcrumb\":{\"@id\":\"https:\/\/alexbutor.hu\/utcabutor\/kategoriak\/butorcsaladok\/madrid\/#breadcrumb\"},\"inLanguage\":\"hu\",\"potentialAction\":[{\"@type\":\"ReadAction\",\"target\":[\"https:\/\/alexbutor.hu\/utcabutor\/kategoriak\/butorcsaladok\/madrid\/\"]}]},{\"@type\":\"ImageObject\",\"inLanguage\":\"hu\",\"@id\":\"https:\/\/alexbutor.hu\/utcabutor\/kategoriak\/butorcsaladok\/madrid\/#primaryimage\",\"url\":\"https:\/\/alexbutor.hu\/utcabutor\/wp-content\/uploads\/2019\/11\/Madrid_800x560.jpg\",\"contentUrl\":\"https:\/\/alexbutor.hu\/utcabutor\/wp-content\/uploads\/2019\/11\/Madrid_800x560.jpg\",\"width\":1067,\"height\":747},{\"@type\":\"BreadcrumbList\",\"@id\":\"https:\/\/alexbutor.hu\/utcabutor\/kategoriak\/butorcsaladok\/madrid\/#breadcrumb\",\"itemListElement\":[{\"@type\":\"ListItem\",\"position\":1,\"name\":\"Home\",\"item\":\"https:\/\/alexbutor.hu\/utcabutor\/\"},{\"@type\":\"ListItem\",\"position\":2,\"name\":\"Term\u00e9kek\",\"item\":\"https:\/\/alexbutor.hu\/utcabutor\/kategoriak\/\"},{\"@type\":\"ListItem\",\"position\":3,\"name\":\"B\u00fatorcsal\u00e1dok\",\"item\":\"https:\/\/alexbutor.hu\/utcabutor\/kategoriak\/butorcsaladok\/\"},{\"@type\":\"ListItem\",\"position\":4,\"name\":\"Madrid\"}]},{\"@type\":\"WebSite\",\"@id\":\"https:\/\/alexbutor.hu\/utcabutor\/#website\",\"url\":\"https:\/\/alexbutor.hu\/utcabutor\/\",\"name\":\"Utcab\u00fator\",\"description\":\"Minden t\u00e9rben megold\u00e1s\",\"potentialAction\":[{\"@type\":\"SearchAction\",\"target\":{\"@type\":\"EntryPoint\",\"urlTemplate\":\"https:\/\/alexbutor.hu\/utcabutor\/?s={search_term_string}\"},\"query-input\":{\"@type\":\"PropertyValueSpecification\",\"valueRequired\":true,\"valueName\":\"search_term_string\"}}],\"inLanguage\":\"hu\"}]}<\/script>\n<!-- \/ Yoast SEO plugin. -->","yoast_head_json":{"title":"Madrid - Utcab\u00fator","robots":{"index":"index","follow":"follow","max-snippet":"max-snippet:-1","max-image-preview":"max-image-preview:large","max-video-preview":"max-video-preview:-1"},"canonical":"https:\/\/alexbutor.hu\/utcabutor\/kategoriak\/butorcsaladok\/madrid\/","og_locale":"hu_HU","og_type":"article","og_title":"Madrid - Utcab\u00fator","og_description":"Fa \u00fcl\u0151fel\u00fclettel WPC \u00fcl\u0151fel\u00fclettel","og_url":"https:\/\/alexbutor.hu\/utcabutor\/kategoriak\/butorcsaladok\/madrid\/","og_site_name":"Utcab\u00fator","article_modified_time":"2019-11-05T15:01:26+00:00","og_image":[{"url":"https:\/\/alexbutor.hu\/utcabutor\/wp-content\/uploads\/2019\/11\/Madrid_800x560.jpg"}],"twitter_card":"summary_large_image","schema":{"@context":"https:\/\/schema.org","@graph":[{"@type":"WebPage","@id":"https:\/\/alexbutor.hu\/utcabutor\/kategoriak\/butorcsaladok\/madrid\/","url":"https:\/\/alexbutor.hu\/utcabutor\/kategoriak\/butorcsaladok\/madrid\/","name":"Madrid - Utcab\u00fator","isPartOf":{"@id":"https:\/\/alexbutor.hu\/utcabutor\/#website"},"primaryImageOfPage":{"@id":"https:\/\/alexbutor.hu\/utcabutor\/kategoriak\/butorcsaladok\/madrid\/#primaryimage"},"image":{"@id":"https:\/\/alexbutor.hu\/utcabutor\/kategoriak\/butorcsaladok\/madrid\/#primaryimage"},"thumbnailUrl":"https:\/\/alexbutor.hu\/utcabutor\/wp-content\/uploads\/2019\/11\/Madrid_800x560.jpg","datePublished":"2017-03-08T19:22:48+00:00","dateModified":"2019-11-05T15:01:26+00:00","breadcrumb":{"@id":"https:\/\/alexbutor.hu\/utcabutor\/kategoriak\/butorcsaladok\/madrid\/#breadcrumb"},"inLanguage":"hu","potentialAction":[{"@type":"ReadAction","target":["https:\/\/alexbutor.hu\/utcabutor\/kategoriak\/butorcsaladok\/madrid\/"]}]},{"@type":"ImageObject","inLanguage":"hu","@id":"https:\/\/alexbutor.hu\/utcabutor\/kategoriak\/butorcsaladok\/madrid\/#primaryimage","url":"https:\/\/alexbutor.hu\/utcabutor\/wp-content\/uploads\/2019\/11\/Madrid_800x560.jpg","contentUrl":"https:\/\/alexbutor.hu\/utcabutor\/wp-content\/uploads\/2019\/11\/Madrid_800x560.jpg","width":1067,"height":747},{"@type":"BreadcrumbList","@id":"https:\/\/alexbutor.hu\/utcabutor\/kategoriak\/butorcsaladok\/madrid\/#breadcrumb","itemListElement":[{"@type":"ListItem","position":1,"name":"Home","item":"https:\/\/alexbutor.hu\/utcabutor\/"},{"@type":"ListItem","position":2,"name":"Term\u00e9kek","item":"https:\/\/alexbutor.hu\/utcabutor\/kategoriak\/"},{"@type":"ListItem","position":3,"name":"B\u00fatorcsal\u00e1dok","item":"https:\/\/alexbutor.hu\/utcabutor\/kategoriak\/butorcsaladok\/"},{"@type":"ListItem","position":4,"name":"Madrid"}]},{"@type":"WebSite","@id":"https:\/\/alexbutor.hu\/utcabutor\/#website","url":"https:\/\/alexbutor.hu\/utcabutor\/","name":"Utcab\u00fator","description":"Minden t\u00e9rben megold\u00e1s","potentialAction":[{"@type":"SearchAction","target":{"@type":"EntryPoint","urlTemplate":"https:\/\/alexbutor.hu\/utcabutor\/?s={search_term_string}"},"query-input":{"@type":"PropertyValueSpecification","valueRequired":true,"valueName":"search_term_string"}}],"inLanguage":"hu"}]}},"_links":{"self":[{"href":"https:\/\/alexbutor.hu\/utcabutor\/wp-json\/wp\/v2\/pages\/38606"}],"collection":[{"href":"https:\/\/alexbutor.hu\/utcabutor\/wp-json\/wp\/v2\/pages"}],"about":[{"href":"https:\/\/alexbutor.hu\/utcabutor\/wp-json\/wp\/v2\/types\/page"}],"author":[{"embeddable":true,"href":"https:\/\/alexbutor.hu\/utcabutor\/wp-json\/wp\/v2\/users\/3"}],"replies":[{"embeddable":true,"href":"https:\/\/alexbutor.hu\/utcabutor\/wp-json\/wp\/v2\/comments?post=38606"}],"version-history":[{"count":0,"href":"https:\/\/alexbutor.hu\/utcabutor\/wp-json\/wp\/v2\/pages\/38606\/revisions"}],"up":[{"embeddable":true,"href":"https:\/\/alexbutor.hu\/utcabutor\/wp-json\/wp\/v2\/pages\/38598"}],"wp:attachment":[{"href":"https:\/\/alexbutor.hu\/utcabutor\/wp-json\/wp\/v2\/media?parent=38606"}],"curies":[{"name":"wp","href":"https:\/\/api.w.org\/{rel}","templated":true}]}}