{"id":38644,"date":"2017-03-08T19:29:47","date_gmt":"2017-03-08T19:29:47","guid":{"rendered":"http:\/\/alexbutor.hu\/utcabutor\/?page_id=38644"},"modified":"2021-11-17T09:35:35","modified_gmt":"2021-11-17T08:35:35","slug":"kulteri-fitness","status":"publish","type":"page","link":"https:\/\/alexbutor.hu\/utcabutor\/kategoriak\/kulteri-fitness\/","title":{"rendered":"K\u00fclt\u00e9ri fitness, Street workout"},"content":{"rendered":"<li class=\"portfolio_item isotope-item\">\n<div class=\"portfolio_item_holder\">\n<figure class=\"thumbnail thumbnail__portfolio\"><a href=\"https:\/\/alexbutor.hu\/utcabutor\/kategoriak\/kulteri-fitness\/fitness-eszkozok\/\" class=\"image-wrap\"><img decoding=\"async\" src=\"https:\/\/alexbutor.hu\/utcabutor\/wp-content\/uploads\/2017\/03\/07_Kulteri_fitness-01_Fitness_eszkozok-1.jpg\" alt=\"Fitness eszk\u00f6z\u00f6k\"><\/a><\/figure>\n<div class=\"caption caption__portfolio\">\n<h3><a href=\"https:\/\/alexbutor.hu\/utcabutor\/kategoriak\/kulteri-fitness\/fitness-eszkozok\/\">Fitness eszk\u00f6z\u00f6k<\/a><\/h3>\n<\/div>\n<\/div>\n<\/li>\n<li class=\"portfolio_item isotope-item\">\n<div class=\"portfolio_item_holder\">\n<figure class=\"thumbnail thumbnail__portfolio\"><a href=\"https:\/\/alexbutor.hu\/utcabutor\/kategoriak\/kulteri-fitness\/street-workout\/\" class=\"image-wrap\"><img decoding=\"async\" src=\"https:\/\/alexbutor.hu\/utcabutor\/wp-content\/uploads\/2017\/03\/07_Kulteri_fitness-02_Street_Workout.jpg\" alt=\"Street workout\"><\/a><\/figure>\n<div class=\"caption caption__portfolio\">\n<h3><a href=\"https:\/\/alexbutor.hu\/utcabutor\/kategoriak\/kulteri-fitness\/street-workout\/\">Street workout<\/a><\/h3>\n<\/div>\n<\/div>\n<\/li>\n","protected":false},"excerpt":{"rendered":"<p>Fitness eszk\u00f6z\u00f6k Street workout<\/p>\n","protected":false},"author":3,"featured_media":0,"parent":10,"menu_order":0,"comment_status":"closed","ping_status":"closed","template":"page-Portfolio2Cols-alexsub.php","meta":{"footnotes":""},"class_list":["post-38644","page","type-page","status-publish","hentry"],"yoast_head":"<!-- This site is optimized with the Yoast SEO plugin v23.5 - https:\/\/yoast.com\/wordpress\/plugins\/seo\/ -->\n<title>K\u00fclt\u00e9ri fitness, Street workout - Utcab\u00fator<\/title>\n<meta name=\"robots\" content=\"index, follow, max-snippet:-1, max-image-preview:large, max-video-preview:-1\" \/>\n<link rel=\"canonical\" href=\"https:\/\/alexbutor.hu\/utcabutor\/kategoriak\/kulteri-fitness\/\" \/>\n<meta property=\"og:locale\" content=\"hu_HU\" \/>\n<meta property=\"og:type\" content=\"article\" \/>\n<meta property=\"og:title\" content=\"K\u00fclt\u00e9ri fitness, Street workout - Utcab\u00fator\" \/>\n<meta property=\"og:description\" content=\"Fitness eszk\u00f6z\u00f6k Street workout\" \/>\n<meta property=\"og:url\" content=\"https:\/\/alexbutor.hu\/utcabutor\/kategoriak\/kulteri-fitness\/\" \/>\n<meta property=\"og:site_name\" content=\"Utcab\u00fator\" \/>\n<meta property=\"article:modified_time\" content=\"2021-11-17T08:35:35+00:00\" \/>\n<meta property=\"og:image\" content=\"https:\/\/alexbutor.hu\/utcabutor\/wp-content\/uploads\/2017\/03\/07_Kulteri_fitness-01_Fitness_eszkozok-1.jpg\" \/>\n<meta name=\"twitter:card\" content=\"summary_large_image\" \/>\n<script type=\"application\/ld+json\" class=\"yoast-schema-graph\">{\"@context\":\"https:\/\/schema.org\",\"@graph\":[{\"@type\":\"WebPage\",\"@id\":\"https:\/\/alexbutor.hu\/utcabutor\/kategoriak\/kulteri-fitness\/\",\"url\":\"https:\/\/alexbutor.hu\/utcabutor\/kategoriak\/kulteri-fitness\/\",\"name\":\"K\u00fclt\u00e9ri fitness, Street workout - Utcab\u00fator\",\"isPartOf\":{\"@id\":\"https:\/\/alexbutor.hu\/utcabutor\/#website\"},\"primaryImageOfPage\":{\"@id\":\"https:\/\/alexbutor.hu\/utcabutor\/kategoriak\/kulteri-fitness\/#primaryimage\"},\"image\":{\"@id\":\"https:\/\/alexbutor.hu\/utcabutor\/kategoriak\/kulteri-fitness\/#primaryimage\"},\"thumbnailUrl\":\"https:\/\/alexbutor.hu\/utcabutor\/wp-content\/uploads\/2017\/03\/07_Kulteri_fitness-01_Fitness_eszkozok-1.jpg\",\"datePublished\":\"2017-03-08T19:29:47+00:00\",\"dateModified\":\"2021-11-17T08:35:35+00:00\",\"breadcrumb\":{\"@id\":\"https:\/\/alexbutor.hu\/utcabutor\/kategoriak\/kulteri-fitness\/#breadcrumb\"},\"inLanguage\":\"hu\",\"potentialAction\":[{\"@type\":\"ReadAction\",\"target\":[\"https:\/\/alexbutor.hu\/utcabutor\/kategoriak\/kulteri-fitness\/\"]}]},{\"@type\":\"ImageObject\",\"inLanguage\":\"hu\",\"@id\":\"https:\/\/alexbutor.hu\/utcabutor\/kategoriak\/kulteri-fitness\/#primaryimage\",\"url\":\"https:\/\/alexbutor.hu\/utcabutor\/wp-content\/uploads\/2017\/03\/07_Kulteri_fitness-01_Fitness_eszkozok-1.jpg\",\"contentUrl\":\"https:\/\/alexbutor.hu\/utcabutor\/wp-content\/uploads\/2017\/03\/07_Kulteri_fitness-01_Fitness_eszkozok-1.jpg\",\"width\":800,\"height\":560},{\"@type\":\"BreadcrumbList\",\"@id\":\"https:\/\/alexbutor.hu\/utcabutor\/kategoriak\/kulteri-fitness\/#breadcrumb\",\"itemListElement\":[{\"@type\":\"ListItem\",\"position\":1,\"name\":\"Home\",\"item\":\"https:\/\/alexbutor.hu\/utcabutor\/\"},{\"@type\":\"ListItem\",\"position\":2,\"name\":\"Term\u00e9kek\",\"item\":\"https:\/\/alexbutor.hu\/utcabutor\/kategoriak\/\"},{\"@type\":\"ListItem\",\"position\":3,\"name\":\"K\u00fclt\u00e9ri fitness, Street workout\"}]},{\"@type\":\"WebSite\",\"@id\":\"https:\/\/alexbutor.hu\/utcabutor\/#website\",\"url\":\"https:\/\/alexbutor.hu\/utcabutor\/\",\"name\":\"Utcab\u00fator\",\"description\":\"Minden t\u00e9rben megold\u00e1s\",\"potentialAction\":[{\"@type\":\"SearchAction\",\"target\":{\"@type\":\"EntryPoint\",\"urlTemplate\":\"https:\/\/alexbutor.hu\/utcabutor\/?s={search_term_string}\"},\"query-input\":{\"@type\":\"PropertyValueSpecification\",\"valueRequired\":true,\"valueName\":\"search_term_string\"}}],\"inLanguage\":\"hu\"}]}<\/script>\n<!-- \/ Yoast SEO plugin. -->","yoast_head_json":{"title":"K\u00fclt\u00e9ri fitness, Street workout - Utcab\u00fator","robots":{"index":"index","follow":"follow","max-snippet":"max-snippet:-1","max-image-preview":"max-image-preview:large","max-video-preview":"max-video-preview:-1"},"canonical":"https:\/\/alexbutor.hu\/utcabutor\/kategoriak\/kulteri-fitness\/","og_locale":"hu_HU","og_type":"article","og_title":"K\u00fclt\u00e9ri fitness, Street workout - Utcab\u00fator","og_description":"Fitness eszk\u00f6z\u00f6k Street workout","og_url":"https:\/\/alexbutor.hu\/utcabutor\/kategoriak\/kulteri-fitness\/","og_site_name":"Utcab\u00fator","article_modified_time":"2021-11-17T08:35:35+00:00","og_image":[{"url":"https:\/\/alexbutor.hu\/utcabutor\/wp-content\/uploads\/2017\/03\/07_Kulteri_fitness-01_Fitness_eszkozok-1.jpg"}],"twitter_card":"summary_large_image","schema":{"@context":"https:\/\/schema.org","@graph":[{"@type":"WebPage","@id":"https:\/\/alexbutor.hu\/utcabutor\/kategoriak\/kulteri-fitness\/","url":"https:\/\/alexbutor.hu\/utcabutor\/kategoriak\/kulteri-fitness\/","name":"K\u00fclt\u00e9ri fitness, Street workout - Utcab\u00fator","isPartOf":{"@id":"https:\/\/alexbutor.hu\/utcabutor\/#website"},"primaryImageOfPage":{"@id":"https:\/\/alexbutor.hu\/utcabutor\/kategoriak\/kulteri-fitness\/#primaryimage"},"image":{"@id":"https:\/\/alexbutor.hu\/utcabutor\/kategoriak\/kulteri-fitness\/#primaryimage"},"thumbnailUrl":"https:\/\/alexbutor.hu\/utcabutor\/wp-content\/uploads\/2017\/03\/07_Kulteri_fitness-01_Fitness_eszkozok-1.jpg","datePublished":"2017-03-08T19:29:47+00:00","dateModified":"2021-11-17T08:35:35+00:00","breadcrumb":{"@id":"https:\/\/alexbutor.hu\/utcabutor\/kategoriak\/kulteri-fitness\/#breadcrumb"},"inLanguage":"hu","potentialAction":[{"@type":"ReadAction","target":["https:\/\/alexbutor.hu\/utcabutor\/kategoriak\/kulteri-fitness\/"]}]},{"@type":"ImageObject","inLanguage":"hu","@id":"https:\/\/alexbutor.hu\/utcabutor\/kategoriak\/kulteri-fitness\/#primaryimage","url":"https:\/\/alexbutor.hu\/utcabutor\/wp-content\/uploads\/2017\/03\/07_Kulteri_fitness-01_Fitness_eszkozok-1.jpg","contentUrl":"https:\/\/alexbutor.hu\/utcabutor\/wp-content\/uploads\/2017\/03\/07_Kulteri_fitness-01_Fitness_eszkozok-1.jpg","width":800,"height":560},{"@type":"BreadcrumbList","@id":"https:\/\/alexbutor.hu\/utcabutor\/kategoriak\/kulteri-fitness\/#breadcrumb","itemListElement":[{"@type":"ListItem","position":1,"name":"Home","item":"https:\/\/alexbutor.hu\/utcabutor\/"},{"@type":"ListItem","position":2,"name":"Term\u00e9kek","item":"https:\/\/alexbutor.hu\/utcabutor\/kategoriak\/"},{"@type":"ListItem","position":3,"name":"K\u00fclt\u00e9ri fitness, Street workout"}]},{"@type":"WebSite","@id":"https:\/\/alexbutor.hu\/utcabutor\/#website","url":"https:\/\/alexbutor.hu\/utcabutor\/","name":"Utcab\u00fator","description":"Minden t\u00e9rben megold\u00e1s","potentialAction":[{"@type":"SearchAction","target":{"@type":"EntryPoint","urlTemplate":"https:\/\/alexbutor.hu\/utcabutor\/?s={search_term_string}"},"query-input":{"@type":"PropertyValueSpecification","valueRequired":true,"valueName":"search_term_string"}}],"inLanguage":"hu"}]}},"_links":{"self":[{"href":"https:\/\/alexbutor.hu\/utcabutor\/wp-json\/wp\/v2\/pages\/38644"}],"collection":[{"href":"https:\/\/alexbutor.hu\/utcabutor\/wp-json\/wp\/v2\/pages"}],"about":[{"href":"https:\/\/alexbutor.hu\/utcabutor\/wp-json\/wp\/v2\/types\/page"}],"author":[{"embeddable":true,"href":"https:\/\/alexbutor.hu\/utcabutor\/wp-json\/wp\/v2\/users\/3"}],"replies":[{"embeddable":true,"href":"https:\/\/alexbutor.hu\/utcabutor\/wp-json\/wp\/v2\/comments?post=38644"}],"version-history":[{"count":2,"href":"https:\/\/alexbutor.hu\/utcabutor\/wp-json\/wp\/v2\/pages\/38644\/revisions"}],"predecessor-version":[{"id":61912,"href":"https:\/\/alexbutor.hu\/utcabutor\/wp-json\/wp\/v2\/pages\/38644\/revisions\/61912"}],"up":[{"embeddable":true,"href":"https:\/\/alexbutor.hu\/utcabutor\/wp-json\/wp\/v2\/pages\/10"}],"wp:attachment":[{"href":"https:\/\/alexbutor.hu\/utcabutor\/wp-json\/wp\/v2\/media?parent=38644"}],"curies":[{"name":"wp","href":"https:\/\/api.w.org\/{rel}","templated":true}]}}