{"id":38662,"date":"2017-03-08T19:33:30","date_gmt":"2017-03-08T19:33:30","guid":{"rendered":"http:\/\/alexbutor.hu\/utcabutor\/?page_id=38662"},"modified":"2017-03-08T19:33:30","modified_gmt":"2017-03-08T19:33:30","slug":"cimer-hazszam-utcanev-tabla","status":"publish","type":"page","link":"https:\/\/alexbutor.hu\/utcabutor\/kategoriak\/utcatablak\/cimer-hazszam-utcanev-tabla\/","title":{"rendered":"C\u00edmer, h\u00e1zsz\u00e1m, utcan\u00e9v t\u00e1bla"},"content":{"rendered":"","protected":false},"excerpt":{"rendered":"","protected":false},"author":3,"featured_media":0,"parent":38660,"menu_order":0,"comment_status":"closed","ping_status":"closed","template":"page-Portfolio4Cols-filterable.php","meta":{"footnotes":""},"class_list":["post-38662","page","type-page","status-publish","hentry"],"yoast_head":"<!-- This site is optimized with the Yoast SEO plugin v23.5 - https:\/\/yoast.com\/wordpress\/plugins\/seo\/ -->\n<title>C\u00edmer, h\u00e1zsz\u00e1m, utcan\u00e9v t\u00e1bla - Utcab\u00fator<\/title>\n<meta name=\"robots\" content=\"index, follow, max-snippet:-1, max-image-preview:large, max-video-preview:-1\" \/>\n<link rel=\"canonical\" href=\"https:\/\/alexbutor.hu\/utcabutor\/kategoriak\/utcatablak\/cimer-hazszam-utcanev-tabla\/\" \/>\n<meta property=\"og:locale\" content=\"hu_HU\" \/>\n<meta property=\"og:type\" content=\"article\" \/>\n<meta property=\"og:title\" content=\"C\u00edmer, h\u00e1zsz\u00e1m, utcan\u00e9v t\u00e1bla - Utcab\u00fator\" \/>\n<meta property=\"og:url\" content=\"https:\/\/alexbutor.hu\/utcabutor\/kategoriak\/utcatablak\/cimer-hazszam-utcanev-tabla\/\" \/>\n<meta property=\"og:site_name\" content=\"Utcab\u00fator\" \/>\n<meta name=\"twitter:card\" content=\"summary_large_image\" \/>\n<script type=\"application\/ld+json\" class=\"yoast-schema-graph\">{\"@context\":\"https:\/\/schema.org\",\"@graph\":[{\"@type\":\"WebPage\",\"@id\":\"https:\/\/alexbutor.hu\/utcabutor\/kategoriak\/utcatablak\/cimer-hazszam-utcanev-tabla\/\",\"url\":\"https:\/\/alexbutor.hu\/utcabutor\/kategoriak\/utcatablak\/cimer-hazszam-utcanev-tabla\/\",\"name\":\"C\u00edmer, h\u00e1zsz\u00e1m, utcan\u00e9v t\u00e1bla - Utcab\u00fator\",\"isPartOf\":{\"@id\":\"https:\/\/alexbutor.hu\/utcabutor\/#website\"},\"datePublished\":\"2017-03-08T19:33:30+00:00\",\"dateModified\":\"2017-03-08T19:33:30+00:00\",\"breadcrumb\":{\"@id\":\"https:\/\/alexbutor.hu\/utcabutor\/kategoriak\/utcatablak\/cimer-hazszam-utcanev-tabla\/#breadcrumb\"},\"inLanguage\":\"hu\",\"potentialAction\":[{\"@type\":\"ReadAction\",\"target\":[\"https:\/\/alexbutor.hu\/utcabutor\/kategoriak\/utcatablak\/cimer-hazszam-utcanev-tabla\/\"]}]},{\"@type\":\"BreadcrumbList\",\"@id\":\"https:\/\/alexbutor.hu\/utcabutor\/kategoriak\/utcatablak\/cimer-hazszam-utcanev-tabla\/#breadcrumb\",\"itemListElement\":[{\"@type\":\"ListItem\",\"position\":1,\"name\":\"Home\",\"item\":\"https:\/\/alexbutor.hu\/utcabutor\/\"},{\"@type\":\"ListItem\",\"position\":2,\"name\":\"Term\u00e9kek\",\"item\":\"https:\/\/alexbutor.hu\/utcabutor\/kategoriak\/\"},{\"@type\":\"ListItem\",\"position\":3,\"name\":\"Utcat\u00e1bl\u00e1k, \u00fcdv\u00f6zl\u0151t\u00e1bl\u00e1k\",\"item\":\"https:\/\/alexbutor.hu\/utcabutor\/kategoriak\/utcatablak\/\"},{\"@type\":\"ListItem\",\"position\":4,\"name\":\"C\u00edmer, h\u00e1zsz\u00e1m, utcan\u00e9v t\u00e1bla\"}]},{\"@type\":\"WebSite\",\"@id\":\"https:\/\/alexbutor.hu\/utcabutor\/#website\",\"url\":\"https:\/\/alexbutor.hu\/utcabutor\/\",\"name\":\"Utcab\u00fator\",\"description\":\"Minden t\u00e9rben megold\u00e1s\",\"potentialAction\":[{\"@type\":\"SearchAction\",\"target\":{\"@type\":\"EntryPoint\",\"urlTemplate\":\"https:\/\/alexbutor.hu\/utcabutor\/?s={search_term_string}\"},\"query-input\":{\"@type\":\"PropertyValueSpecification\",\"valueRequired\":true,\"valueName\":\"search_term_string\"}}],\"inLanguage\":\"hu\"}]}<\/script>\n<!-- \/ Yoast SEO plugin. -->","yoast_head_json":{"title":"C\u00edmer, h\u00e1zsz\u00e1m, utcan\u00e9v t\u00e1bla - Utcab\u00fator","robots":{"index":"index","follow":"follow","max-snippet":"max-snippet:-1","max-image-preview":"max-image-preview:large","max-video-preview":"max-video-preview:-1"},"canonical":"https:\/\/alexbutor.hu\/utcabutor\/kategoriak\/utcatablak\/cimer-hazszam-utcanev-tabla\/","og_locale":"hu_HU","og_type":"article","og_title":"C\u00edmer, h\u00e1zsz\u00e1m, utcan\u00e9v t\u00e1bla - Utcab\u00fator","og_url":"https:\/\/alexbutor.hu\/utcabutor\/kategoriak\/utcatablak\/cimer-hazszam-utcanev-tabla\/","og_site_name":"Utcab\u00fator","twitter_card":"summary_large_image","schema":{"@context":"https:\/\/schema.org","@graph":[{"@type":"WebPage","@id":"https:\/\/alexbutor.hu\/utcabutor\/kategoriak\/utcatablak\/cimer-hazszam-utcanev-tabla\/","url":"https:\/\/alexbutor.hu\/utcabutor\/kategoriak\/utcatablak\/cimer-hazszam-utcanev-tabla\/","name":"C\u00edmer, h\u00e1zsz\u00e1m, utcan\u00e9v t\u00e1bla - Utcab\u00fator","isPartOf":{"@id":"https:\/\/alexbutor.hu\/utcabutor\/#website"},"datePublished":"2017-03-08T19:33:30+00:00","dateModified":"2017-03-08T19:33:30+00:00","breadcrumb":{"@id":"https:\/\/alexbutor.hu\/utcabutor\/kategoriak\/utcatablak\/cimer-hazszam-utcanev-tabla\/#breadcrumb"},"inLanguage":"hu","potentialAction":[{"@type":"ReadAction","target":["https:\/\/alexbutor.hu\/utcabutor\/kategoriak\/utcatablak\/cimer-hazszam-utcanev-tabla\/"]}]},{"@type":"BreadcrumbList","@id":"https:\/\/alexbutor.hu\/utcabutor\/kategoriak\/utcatablak\/cimer-hazszam-utcanev-tabla\/#breadcrumb","itemListElement":[{"@type":"ListItem","position":1,"name":"Home","item":"https:\/\/alexbutor.hu\/utcabutor\/"},{"@type":"ListItem","position":2,"name":"Term\u00e9kek","item":"https:\/\/alexbutor.hu\/utcabutor\/kategoriak\/"},{"@type":"ListItem","position":3,"name":"Utcat\u00e1bl\u00e1k, \u00fcdv\u00f6zl\u0151t\u00e1bl\u00e1k","item":"https:\/\/alexbutor.hu\/utcabutor\/kategoriak\/utcatablak\/"},{"@type":"ListItem","position":4,"name":"C\u00edmer, h\u00e1zsz\u00e1m, utcan\u00e9v t\u00e1bla"}]},{"@type":"WebSite","@id":"https:\/\/alexbutor.hu\/utcabutor\/#website","url":"https:\/\/alexbutor.hu\/utcabutor\/","name":"Utcab\u00fator","description":"Minden t\u00e9rben megold\u00e1s","potentialAction":[{"@type":"SearchAction","target":{"@type":"EntryPoint","urlTemplate":"https:\/\/alexbutor.hu\/utcabutor\/?s={search_term_string}"},"query-input":{"@type":"PropertyValueSpecification","valueRequired":true,"valueName":"search_term_string"}}],"inLanguage":"hu"}]}},"_links":{"self":[{"href":"https:\/\/alexbutor.hu\/utcabutor\/wp-json\/wp\/v2\/pages\/38662"}],"collection":[{"href":"https:\/\/alexbutor.hu\/utcabutor\/wp-json\/wp\/v2\/pages"}],"about":[{"href":"https:\/\/alexbutor.hu\/utcabutor\/wp-json\/wp\/v2\/types\/page"}],"author":[{"embeddable":true,"href":"https:\/\/alexbutor.hu\/utcabutor\/wp-json\/wp\/v2\/users\/3"}],"replies":[{"embeddable":true,"href":"https:\/\/alexbutor.hu\/utcabutor\/wp-json\/wp\/v2\/comments?post=38662"}],"version-history":[{"count":0,"href":"https:\/\/alexbutor.hu\/utcabutor\/wp-json\/wp\/v2\/pages\/38662\/revisions"}],"up":[{"embeddable":true,"href":"https:\/\/alexbutor.hu\/utcabutor\/wp-json\/wp\/v2\/pages\/38660"}],"wp:attachment":[{"href":"https:\/\/alexbutor.hu\/utcabutor\/wp-json\/wp\/v2\/media?parent=38662"}],"curies":[{"name":"wp","href":"https:\/\/api.w.org\/{rel}","templated":true}]}}