{"id":38670,"date":"2017-03-08T19:34:50","date_gmt":"2017-03-08T19:34:50","guid":{"rendered":"http:\/\/alexbutor.hu\/utcabutor\/?page_id=38670"},"modified":"2021-11-17T09:35:16","modified_gmt":"2021-11-17T08:35:16","slug":"utasvarok-buszvarok","status":"publish","type":"page","link":"https:\/\/alexbutor.hu\/utcabutor\/kategoriak\/utasvarok-buszvarok\/","title":{"rendered":"Utasv\u00e1r\u00f3k, ker\u00e9kp\u00e1rt\u00e1rol\u00f3"},"content":{"rendered":"<li class=\"portfolio_item isotope-item\">\n<div class=\"portfolio_item_holder\">\n<figure class=\"thumbnail thumbnail__portfolio\"><a href=\"https:\/\/alexbutor.hu\/utcabutor\/kategoriak\/utasvarok-buszvarok\/fem-buszmegallok\/\" class=\"image-wrap\"><img decoding=\"async\" src=\"https:\/\/alexbutor.hu\/utcabutor\/wp-content\/uploads\/2017\/03\/12_Utasvarok-buszmegallok-03_Fem_buszmegallok_UTV-02.jpg\" alt=\"F\u00e9m buszmeg\u00e1ll\u00f3k\"><\/a><\/figure>\n<div class=\"caption caption__portfolio\">\n<h3><a href=\"https:\/\/alexbutor.hu\/utcabutor\/kategoriak\/utasvarok-buszvarok\/fem-buszmegallok\/\">F\u00e9m buszmeg\u00e1ll\u00f3k<\/a><\/h3>\n<\/div>\n<\/div>\n<\/li>\n<li class=\"portfolio_item isotope-item\">\n<div class=\"portfolio_item_holder\">\n<figure class=\"thumbnail thumbnail__portfolio\"><a href=\"https:\/\/alexbutor.hu\/utcabutor\/kategoriak\/utasvarok-buszvarok\/fedett-dohanyzohely\/\" class=\"image-wrap\"><img decoding=\"async\" src=\"https:\/\/alexbutor.hu\/utcabutor\/wp-content\/uploads\/2017\/03\/12_Utasvarok-buszmegallok-04_Dohanyzofulkek.jpg\" alt=\"Fedett doh\u00e1nyz\u00f3hely\"><\/a><\/figure>\n<div class=\"caption caption__portfolio\">\n<h3><a href=\"https:\/\/alexbutor.hu\/utcabutor\/kategoriak\/utasvarok-buszvarok\/fedett-dohanyzohely\/\">Fedett doh\u00e1nyz\u00f3hely<\/a><\/h3>\n<\/div>\n<\/div>\n<\/li>\n<li class=\"portfolio_item isotope-item\">\n<div class=\"portfolio_item_holder\">\n<figure class=\"thumbnail thumbnail__portfolio\"><a href=\"https:\/\/alexbutor.hu\/utcabutor\/kategoriak\/utasvarok-buszvarok\/fedett-kerekpartarolo\/\" class=\"image-wrap\"><img decoding=\"async\" src=\"https:\/\/alexbutor.hu\/utcabutor\/wp-content\/uploads\/2017\/03\/12_Utasvarok-buszmegallok-05_Fedett_kerekpartarolok.jpg\" alt=\"Fedett ker\u00e9kp\u00e1rt\u00e1rol\u00f3\"><\/a><\/figure>\n<div class=\"caption caption__portfolio\">\n<h3><a href=\"https:\/\/alexbutor.hu\/utcabutor\/kategoriak\/utasvarok-buszvarok\/fedett-kerekpartarolo\/\">Fedett ker\u00e9kp\u00e1rt\u00e1rol\u00f3<\/a><\/h3>\n<\/div>\n<\/div>\n<\/li>\n","protected":false},"excerpt":{"rendered":"<p>F\u00e9m buszmeg\u00e1ll\u00f3k Fedett doh\u00e1nyz\u00f3hely Fedett ker\u00e9kp\u00e1rt\u00e1rol\u00f3<\/p>\n","protected":false},"author":3,"featured_media":0,"parent":10,"menu_order":0,"comment_status":"closed","ping_status":"closed","template":"page-Portfolio2Cols-alexsub.php","meta":{"footnotes":""},"class_list":["post-38670","page","type-page","status-publish","hentry"],"yoast_head":"<!-- This site is optimized with the Yoast SEO plugin v23.5 - https:\/\/yoast.com\/wordpress\/plugins\/seo\/ -->\n<title>Utasv\u00e1r\u00f3k, ker\u00e9kp\u00e1rt\u00e1rol\u00f3 - Utcab\u00fator<\/title>\n<meta name=\"robots\" content=\"index, follow, max-snippet:-1, max-image-preview:large, max-video-preview:-1\" \/>\n<link rel=\"canonical\" href=\"https:\/\/alexbutor.hu\/utcabutor\/kategoriak\/utasvarok-buszvarok\/\" \/>\n<meta property=\"og:locale\" content=\"hu_HU\" \/>\n<meta property=\"og:type\" content=\"article\" \/>\n<meta property=\"og:title\" content=\"Utasv\u00e1r\u00f3k, ker\u00e9kp\u00e1rt\u00e1rol\u00f3 - Utcab\u00fator\" \/>\n<meta property=\"og:description\" content=\"F\u00e9m buszmeg\u00e1ll\u00f3k Fedett doh\u00e1nyz\u00f3hely Fedett ker\u00e9kp\u00e1rt\u00e1rol\u00f3\" \/>\n<meta property=\"og:url\" content=\"https:\/\/alexbutor.hu\/utcabutor\/kategoriak\/utasvarok-buszvarok\/\" \/>\n<meta property=\"og:site_name\" content=\"Utcab\u00fator\" \/>\n<meta property=\"article:modified_time\" content=\"2021-11-17T08:35:16+00:00\" \/>\n<meta property=\"og:image\" content=\"https:\/\/alexbutor.hu\/utcabutor\/wp-content\/uploads\/2017\/03\/12_Utasvarok-buszmegallok-03_Fem_buszmegallok_UTV-02.jpg\" \/>\n<meta name=\"twitter:card\" content=\"summary_large_image\" \/>\n<script type=\"application\/ld+json\" class=\"yoast-schema-graph\">{\"@context\":\"https:\/\/schema.org\",\"@graph\":[{\"@type\":\"WebPage\",\"@id\":\"https:\/\/alexbutor.hu\/utcabutor\/kategoriak\/utasvarok-buszvarok\/\",\"url\":\"https:\/\/alexbutor.hu\/utcabutor\/kategoriak\/utasvarok-buszvarok\/\",\"name\":\"Utasv\u00e1r\u00f3k, ker\u00e9kp\u00e1rt\u00e1rol\u00f3 - Utcab\u00fator\",\"isPartOf\":{\"@id\":\"https:\/\/alexbutor.hu\/utcabutor\/#website\"},\"primaryImageOfPage\":{\"@id\":\"https:\/\/alexbutor.hu\/utcabutor\/kategoriak\/utasvarok-buszvarok\/#primaryimage\"},\"image\":{\"@id\":\"https:\/\/alexbutor.hu\/utcabutor\/kategoriak\/utasvarok-buszvarok\/#primaryimage\"},\"thumbnailUrl\":\"https:\/\/alexbutor.hu\/utcabutor\/wp-content\/uploads\/2017\/03\/12_Utasvarok-buszmegallok-03_Fem_buszmegallok_UTV-02.jpg\",\"datePublished\":\"2017-03-08T19:34:50+00:00\",\"dateModified\":\"2021-11-17T08:35:16+00:00\",\"breadcrumb\":{\"@id\":\"https:\/\/alexbutor.hu\/utcabutor\/kategoriak\/utasvarok-buszvarok\/#breadcrumb\"},\"inLanguage\":\"hu\",\"potentialAction\":[{\"@type\":\"ReadAction\",\"target\":[\"https:\/\/alexbutor.hu\/utcabutor\/kategoriak\/utasvarok-buszvarok\/\"]}]},{\"@type\":\"ImageObject\",\"inLanguage\":\"hu\",\"@id\":\"https:\/\/alexbutor.hu\/utcabutor\/kategoriak\/utasvarok-buszvarok\/#primaryimage\",\"url\":\"https:\/\/alexbutor.hu\/utcabutor\/wp-content\/uploads\/2017\/03\/12_Utasvarok-buszmegallok-03_Fem_buszmegallok_UTV-02.jpg\",\"contentUrl\":\"https:\/\/alexbutor.hu\/utcabutor\/wp-content\/uploads\/2017\/03\/12_Utasvarok-buszmegallok-03_Fem_buszmegallok_UTV-02.jpg\",\"width\":800,\"height\":560},{\"@type\":\"BreadcrumbList\",\"@id\":\"https:\/\/alexbutor.hu\/utcabutor\/kategoriak\/utasvarok-buszvarok\/#breadcrumb\",\"itemListElement\":[{\"@type\":\"ListItem\",\"position\":1,\"name\":\"Home\",\"item\":\"https:\/\/alexbutor.hu\/utcabutor\/\"},{\"@type\":\"ListItem\",\"position\":2,\"name\":\"Term\u00e9kek\",\"item\":\"https:\/\/alexbutor.hu\/utcabutor\/kategoriak\/\"},{\"@type\":\"ListItem\",\"position\":3,\"name\":\"Utasv\u00e1r\u00f3k, ker\u00e9kp\u00e1rt\u00e1rol\u00f3\"}]},{\"@type\":\"WebSite\",\"@id\":\"https:\/\/alexbutor.hu\/utcabutor\/#website\",\"url\":\"https:\/\/alexbutor.hu\/utcabutor\/\",\"name\":\"Utcab\u00fator\",\"description\":\"Minden t\u00e9rben megold\u00e1s\",\"potentialAction\":[{\"@type\":\"SearchAction\",\"target\":{\"@type\":\"EntryPoint\",\"urlTemplate\":\"https:\/\/alexbutor.hu\/utcabutor\/?s={search_term_string}\"},\"query-input\":{\"@type\":\"PropertyValueSpecification\",\"valueRequired\":true,\"valueName\":\"search_term_string\"}}],\"inLanguage\":\"hu\"}]}<\/script>\n<!-- \/ Yoast SEO plugin. -->","yoast_head_json":{"title":"Utasv\u00e1r\u00f3k, ker\u00e9kp\u00e1rt\u00e1rol\u00f3 - Utcab\u00fator","robots":{"index":"index","follow":"follow","max-snippet":"max-snippet:-1","max-image-preview":"max-image-preview:large","max-video-preview":"max-video-preview:-1"},"canonical":"https:\/\/alexbutor.hu\/utcabutor\/kategoriak\/utasvarok-buszvarok\/","og_locale":"hu_HU","og_type":"article","og_title":"Utasv\u00e1r\u00f3k, ker\u00e9kp\u00e1rt\u00e1rol\u00f3 - Utcab\u00fator","og_description":"F\u00e9m buszmeg\u00e1ll\u00f3k Fedett doh\u00e1nyz\u00f3hely Fedett ker\u00e9kp\u00e1rt\u00e1rol\u00f3","og_url":"https:\/\/alexbutor.hu\/utcabutor\/kategoriak\/utasvarok-buszvarok\/","og_site_name":"Utcab\u00fator","article_modified_time":"2021-11-17T08:35:16+00:00","og_image":[{"url":"https:\/\/alexbutor.hu\/utcabutor\/wp-content\/uploads\/2017\/03\/12_Utasvarok-buszmegallok-03_Fem_buszmegallok_UTV-02.jpg"}],"twitter_card":"summary_large_image","schema":{"@context":"https:\/\/schema.org","@graph":[{"@type":"WebPage","@id":"https:\/\/alexbutor.hu\/utcabutor\/kategoriak\/utasvarok-buszvarok\/","url":"https:\/\/alexbutor.hu\/utcabutor\/kategoriak\/utasvarok-buszvarok\/","name":"Utasv\u00e1r\u00f3k, ker\u00e9kp\u00e1rt\u00e1rol\u00f3 - Utcab\u00fator","isPartOf":{"@id":"https:\/\/alexbutor.hu\/utcabutor\/#website"},"primaryImageOfPage":{"@id":"https:\/\/alexbutor.hu\/utcabutor\/kategoriak\/utasvarok-buszvarok\/#primaryimage"},"image":{"@id":"https:\/\/alexbutor.hu\/utcabutor\/kategoriak\/utasvarok-buszvarok\/#primaryimage"},"thumbnailUrl":"https:\/\/alexbutor.hu\/utcabutor\/wp-content\/uploads\/2017\/03\/12_Utasvarok-buszmegallok-03_Fem_buszmegallok_UTV-02.jpg","datePublished":"2017-03-08T19:34:50+00:00","dateModified":"2021-11-17T08:35:16+00:00","breadcrumb":{"@id":"https:\/\/alexbutor.hu\/utcabutor\/kategoriak\/utasvarok-buszvarok\/#breadcrumb"},"inLanguage":"hu","potentialAction":[{"@type":"ReadAction","target":["https:\/\/alexbutor.hu\/utcabutor\/kategoriak\/utasvarok-buszvarok\/"]}]},{"@type":"ImageObject","inLanguage":"hu","@id":"https:\/\/alexbutor.hu\/utcabutor\/kategoriak\/utasvarok-buszvarok\/#primaryimage","url":"https:\/\/alexbutor.hu\/utcabutor\/wp-content\/uploads\/2017\/03\/12_Utasvarok-buszmegallok-03_Fem_buszmegallok_UTV-02.jpg","contentUrl":"https:\/\/alexbutor.hu\/utcabutor\/wp-content\/uploads\/2017\/03\/12_Utasvarok-buszmegallok-03_Fem_buszmegallok_UTV-02.jpg","width":800,"height":560},{"@type":"BreadcrumbList","@id":"https:\/\/alexbutor.hu\/utcabutor\/kategoriak\/utasvarok-buszvarok\/#breadcrumb","itemListElement":[{"@type":"ListItem","position":1,"name":"Home","item":"https:\/\/alexbutor.hu\/utcabutor\/"},{"@type":"ListItem","position":2,"name":"Term\u00e9kek","item":"https:\/\/alexbutor.hu\/utcabutor\/kategoriak\/"},{"@type":"ListItem","position":3,"name":"Utasv\u00e1r\u00f3k, ker\u00e9kp\u00e1rt\u00e1rol\u00f3"}]},{"@type":"WebSite","@id":"https:\/\/alexbutor.hu\/utcabutor\/#website","url":"https:\/\/alexbutor.hu\/utcabutor\/","name":"Utcab\u00fator","description":"Minden t\u00e9rben megold\u00e1s","potentialAction":[{"@type":"SearchAction","target":{"@type":"EntryPoint","urlTemplate":"https:\/\/alexbutor.hu\/utcabutor\/?s={search_term_string}"},"query-input":{"@type":"PropertyValueSpecification","valueRequired":true,"valueName":"search_term_string"}}],"inLanguage":"hu"}]}},"_links":{"self":[{"href":"https:\/\/alexbutor.hu\/utcabutor\/wp-json\/wp\/v2\/pages\/38670"}],"collection":[{"href":"https:\/\/alexbutor.hu\/utcabutor\/wp-json\/wp\/v2\/pages"}],"about":[{"href":"https:\/\/alexbutor.hu\/utcabutor\/wp-json\/wp\/v2\/types\/page"}],"author":[{"embeddable":true,"href":"https:\/\/alexbutor.hu\/utcabutor\/wp-json\/wp\/v2\/users\/3"}],"replies":[{"embeddable":true,"href":"https:\/\/alexbutor.hu\/utcabutor\/wp-json\/wp\/v2\/comments?post=38670"}],"version-history":[{"count":2,"href":"https:\/\/alexbutor.hu\/utcabutor\/wp-json\/wp\/v2\/pages\/38670\/revisions"}],"predecessor-version":[{"id":61911,"href":"https:\/\/alexbutor.hu\/utcabutor\/wp-json\/wp\/v2\/pages\/38670\/revisions\/61911"}],"up":[{"embeddable":true,"href":"https:\/\/alexbutor.hu\/utcabutor\/wp-json\/wp\/v2\/pages\/10"}],"wp:attachment":[{"href":"https:\/\/alexbutor.hu\/utcabutor\/wp-json\/wp\/v2\/media?parent=38670"}],"curies":[{"name":"wp","href":"https:\/\/api.w.org\/{rel}","templated":true}]}}