{"id":38680,"date":"2017-03-08T19:36:37","date_gmt":"2017-03-08T19:36:37","guid":{"rendered":"http:\/\/alexbutor.hu\/utcabutor\/?page_id=38680"},"modified":"2017-03-08T19:36:37","modified_gmt":"2017-03-08T19:36:37","slug":"fedett-kerekpartarolo","status":"publish","type":"page","link":"https:\/\/alexbutor.hu\/utcabutor\/kategoriak\/utasvarok-buszvarok\/fedett-kerekpartarolo\/","title":{"rendered":"Fedett ker\u00e9kp\u00e1rt\u00e1rol\u00f3"},"content":{"rendered":"","protected":false},"excerpt":{"rendered":"","protected":false},"author":3,"featured_media":0,"parent":38670,"menu_order":0,"comment_status":"closed","ping_status":"closed","template":"page-Portfolio4Cols-filterable.php","meta":{"footnotes":""},"class_list":["post-38680","page","type-page","status-publish","hentry"],"yoast_head":"<!-- This site is optimized with the Yoast SEO plugin v23.5 - https:\/\/yoast.com\/wordpress\/plugins\/seo\/ -->\n<title>Fedett ker\u00e9kp\u00e1rt\u00e1rol\u00f3 - Utcab\u00fator<\/title>\n<meta name=\"robots\" content=\"index, follow, max-snippet:-1, max-image-preview:large, max-video-preview:-1\" \/>\n<link rel=\"canonical\" href=\"https:\/\/alexbutor.hu\/utcabutor\/kategoriak\/utasvarok-buszvarok\/fedett-kerekpartarolo\/\" \/>\n<meta property=\"og:locale\" content=\"hu_HU\" \/>\n<meta property=\"og:type\" content=\"article\" \/>\n<meta property=\"og:title\" content=\"Fedett ker\u00e9kp\u00e1rt\u00e1rol\u00f3 - Utcab\u00fator\" \/>\n<meta property=\"og:url\" content=\"https:\/\/alexbutor.hu\/utcabutor\/kategoriak\/utasvarok-buszvarok\/fedett-kerekpartarolo\/\" \/>\n<meta property=\"og:site_name\" content=\"Utcab\u00fator\" \/>\n<meta name=\"twitter:card\" content=\"summary_large_image\" \/>\n<script type=\"application\/ld+json\" class=\"yoast-schema-graph\">{\"@context\":\"https:\/\/schema.org\",\"@graph\":[{\"@type\":\"WebPage\",\"@id\":\"https:\/\/alexbutor.hu\/utcabutor\/kategoriak\/utasvarok-buszvarok\/fedett-kerekpartarolo\/\",\"url\":\"https:\/\/alexbutor.hu\/utcabutor\/kategoriak\/utasvarok-buszvarok\/fedett-kerekpartarolo\/\",\"name\":\"Fedett ker\u00e9kp\u00e1rt\u00e1rol\u00f3 - Utcab\u00fator\",\"isPartOf\":{\"@id\":\"https:\/\/alexbutor.hu\/utcabutor\/#website\"},\"datePublished\":\"2017-03-08T19:36:37+00:00\",\"dateModified\":\"2017-03-08T19:36:37+00:00\",\"breadcrumb\":{\"@id\":\"https:\/\/alexbutor.hu\/utcabutor\/kategoriak\/utasvarok-buszvarok\/fedett-kerekpartarolo\/#breadcrumb\"},\"inLanguage\":\"hu\",\"potentialAction\":[{\"@type\":\"ReadAction\",\"target\":[\"https:\/\/alexbutor.hu\/utcabutor\/kategoriak\/utasvarok-buszvarok\/fedett-kerekpartarolo\/\"]}]},{\"@type\":\"BreadcrumbList\",\"@id\":\"https:\/\/alexbutor.hu\/utcabutor\/kategoriak\/utasvarok-buszvarok\/fedett-kerekpartarolo\/#breadcrumb\",\"itemListElement\":[{\"@type\":\"ListItem\",\"position\":1,\"name\":\"Home\",\"item\":\"https:\/\/alexbutor.hu\/utcabutor\/\"},{\"@type\":\"ListItem\",\"position\":2,\"name\":\"Term\u00e9kek\",\"item\":\"https:\/\/alexbutor.hu\/utcabutor\/kategoriak\/\"},{\"@type\":\"ListItem\",\"position\":3,\"name\":\"Utasv\u00e1r\u00f3k, ker\u00e9kp\u00e1rt\u00e1rol\u00f3\",\"item\":\"https:\/\/alexbutor.hu\/utcabutor\/kategoriak\/utasvarok-buszvarok\/\"},{\"@type\":\"ListItem\",\"position\":4,\"name\":\"Fedett ker\u00e9kp\u00e1rt\u00e1rol\u00f3\"}]},{\"@type\":\"WebSite\",\"@id\":\"https:\/\/alexbutor.hu\/utcabutor\/#website\",\"url\":\"https:\/\/alexbutor.hu\/utcabutor\/\",\"name\":\"Utcab\u00fator\",\"description\":\"Minden t\u00e9rben megold\u00e1s\",\"potentialAction\":[{\"@type\":\"SearchAction\",\"target\":{\"@type\":\"EntryPoint\",\"urlTemplate\":\"https:\/\/alexbutor.hu\/utcabutor\/?s={search_term_string}\"},\"query-input\":{\"@type\":\"PropertyValueSpecification\",\"valueRequired\":true,\"valueName\":\"search_term_string\"}}],\"inLanguage\":\"hu\"}]}<\/script>\n<!-- \/ Yoast SEO plugin. -->","yoast_head_json":{"title":"Fedett ker\u00e9kp\u00e1rt\u00e1rol\u00f3 - Utcab\u00fator","robots":{"index":"index","follow":"follow","max-snippet":"max-snippet:-1","max-image-preview":"max-image-preview:large","max-video-preview":"max-video-preview:-1"},"canonical":"https:\/\/alexbutor.hu\/utcabutor\/kategoriak\/utasvarok-buszvarok\/fedett-kerekpartarolo\/","og_locale":"hu_HU","og_type":"article","og_title":"Fedett ker\u00e9kp\u00e1rt\u00e1rol\u00f3 - Utcab\u00fator","og_url":"https:\/\/alexbutor.hu\/utcabutor\/kategoriak\/utasvarok-buszvarok\/fedett-kerekpartarolo\/","og_site_name":"Utcab\u00fator","twitter_card":"summary_large_image","schema":{"@context":"https:\/\/schema.org","@graph":[{"@type":"WebPage","@id":"https:\/\/alexbutor.hu\/utcabutor\/kategoriak\/utasvarok-buszvarok\/fedett-kerekpartarolo\/","url":"https:\/\/alexbutor.hu\/utcabutor\/kategoriak\/utasvarok-buszvarok\/fedett-kerekpartarolo\/","name":"Fedett ker\u00e9kp\u00e1rt\u00e1rol\u00f3 - Utcab\u00fator","isPartOf":{"@id":"https:\/\/alexbutor.hu\/utcabutor\/#website"},"datePublished":"2017-03-08T19:36:37+00:00","dateModified":"2017-03-08T19:36:37+00:00","breadcrumb":{"@id":"https:\/\/alexbutor.hu\/utcabutor\/kategoriak\/utasvarok-buszvarok\/fedett-kerekpartarolo\/#breadcrumb"},"inLanguage":"hu","potentialAction":[{"@type":"ReadAction","target":["https:\/\/alexbutor.hu\/utcabutor\/kategoriak\/utasvarok-buszvarok\/fedett-kerekpartarolo\/"]}]},{"@type":"BreadcrumbList","@id":"https:\/\/alexbutor.hu\/utcabutor\/kategoriak\/utasvarok-buszvarok\/fedett-kerekpartarolo\/#breadcrumb","itemListElement":[{"@type":"ListItem","position":1,"name":"Home","item":"https:\/\/alexbutor.hu\/utcabutor\/"},{"@type":"ListItem","position":2,"name":"Term\u00e9kek","item":"https:\/\/alexbutor.hu\/utcabutor\/kategoriak\/"},{"@type":"ListItem","position":3,"name":"Utasv\u00e1r\u00f3k, ker\u00e9kp\u00e1rt\u00e1rol\u00f3","item":"https:\/\/alexbutor.hu\/utcabutor\/kategoriak\/utasvarok-buszvarok\/"},{"@type":"ListItem","position":4,"name":"Fedett ker\u00e9kp\u00e1rt\u00e1rol\u00f3"}]},{"@type":"WebSite","@id":"https:\/\/alexbutor.hu\/utcabutor\/#website","url":"https:\/\/alexbutor.hu\/utcabutor\/","name":"Utcab\u00fator","description":"Minden t\u00e9rben megold\u00e1s","potentialAction":[{"@type":"SearchAction","target":{"@type":"EntryPoint","urlTemplate":"https:\/\/alexbutor.hu\/utcabutor\/?s={search_term_string}"},"query-input":{"@type":"PropertyValueSpecification","valueRequired":true,"valueName":"search_term_string"}}],"inLanguage":"hu"}]}},"_links":{"self":[{"href":"https:\/\/alexbutor.hu\/utcabutor\/wp-json\/wp\/v2\/pages\/38680"}],"collection":[{"href":"https:\/\/alexbutor.hu\/utcabutor\/wp-json\/wp\/v2\/pages"}],"about":[{"href":"https:\/\/alexbutor.hu\/utcabutor\/wp-json\/wp\/v2\/types\/page"}],"author":[{"embeddable":true,"href":"https:\/\/alexbutor.hu\/utcabutor\/wp-json\/wp\/v2\/users\/3"}],"replies":[{"embeddable":true,"href":"https:\/\/alexbutor.hu\/utcabutor\/wp-json\/wp\/v2\/comments?post=38680"}],"version-history":[{"count":0,"href":"https:\/\/alexbutor.hu\/utcabutor\/wp-json\/wp\/v2\/pages\/38680\/revisions"}],"up":[{"embeddable":true,"href":"https:\/\/alexbutor.hu\/utcabutor\/wp-json\/wp\/v2\/pages\/38670"}],"wp:attachment":[{"href":"https:\/\/alexbutor.hu\/utcabutor\/wp-json\/wp\/v2\/media?parent=38680"}],"curies":[{"name":"wp","href":"https:\/\/api.w.org\/{rel}","templated":true}]}}