{"id":40638,"date":"2017-03-09T12:48:14","date_gmt":"2017-03-09T12:48:14","guid":{"rendered":"http:\/\/alexbutor.hu\/utcabutor\/?page_id=40638"},"modified":"2024-05-15T15:35:17","modified_gmt":"2024-05-15T14:35:17","slug":"teljes-kulteri-butor-termek-kinalatunk","status":"publish","type":"page","link":"https:\/\/alexbutor.hu\/utcabutor\/kategoriak\/teljes-kulteri-butor-termek-kinalatunk\/","title":{"rendered":"Teljes k\u00fclt\u00e9ri b\u00fator term\u00e9k k\u00edn\u00e1latunk"},"content":{"rendered":"<li class=\"portfolio_item isotope-item\">\n<div class=\"portfolio_item_holder\">\n<figure class=\"thumbnail thumbnail__portfolio\"><a href=\"https:\/\/alexbutor.hu\/utcabutor\/kategoriak\/butorcsaladok\/\" class=\"image-wrap\"><img decoding=\"async\" src=\"https:\/\/alexbutor.hu\/utcabutor\/wp-content\/uploads\/2017\/03\/02_Butorcsaladok.jpg\" alt=\"B\u00fatorcsal\u00e1dok\"><\/a><\/figure>\n<div class=\"caption caption__portfolio\">\n<h3><a href=\"https:\/\/alexbutor.hu\/utcabutor\/kategoriak\/butorcsaladok\/\">B\u00fatorcsal\u00e1dok<\/a><\/h3>\n<\/div>\n<\/div>\n<\/li>\n<li class=\"portfolio_item isotope-item\">\n<div class=\"portfolio_item_holder\">\n<figure class=\"thumbnail thumbnail__portfolio\"><a href=\"https:\/\/alexbutor.hu\/utcabutor\/kategoriak\/utcai-es-kulteri-padok\/\" class=\"image-wrap\"><img decoding=\"async\" src=\"https:\/\/alexbutor.hu\/utcabutor\/wp-content\/uploads\/2024\/03\/KAT199.jpg\" alt=\"Utcai \u00e9s k\u00fclt\u00e9ri padok\"><\/a><\/figure>\n<div class=\"caption caption__portfolio\">\n<h3><a href=\"https:\/\/alexbutor.hu\/utcabutor\/kategoriak\/utcai-es-kulteri-padok\/\">Utcai \u00e9s k\u00fclt\u00e9ri padok<\/a><\/h3>\n<\/div>\n<\/div>\n<\/li>\n<li class=\"portfolio_item isotope-item\">\n<div class=\"portfolio_item_holder\">\n<figure class=\"thumbnail thumbnail__portfolio\"><a href=\"https:\/\/alexbutor.hu\/utcabutor\/kategoriak\/utcai-es-kulteri-asztalok\/\" class=\"image-wrap\"><img decoding=\"async\" src=\"https:\/\/alexbutor.hu\/utcabutor\/wp-content\/uploads\/2017\/03\/04_Utcai_es_kulteri_asztalok.jpg\" alt=\"Utcai \u00e9s k\u00fclt\u00e9ri asztalok\"><\/a><\/figure>\n<div class=\"caption caption__portfolio\">\n<h3><a href=\"https:\/\/alexbutor.hu\/utcabutor\/kategoriak\/utcai-es-kulteri-asztalok\/\">Utcai \u00e9s k\u00fclt\u00e9ri asztalok<\/a><\/h3>\n<\/div>\n<\/div>\n<\/li>\n<li class=\"portfolio_item isotope-item\">\n<div class=\"portfolio_item_holder\">\n<figure class=\"thumbnail thumbnail__portfolio\"><a href=\"https:\/\/alexbutor.hu\/utcabutor\/kategoriak\/hulladekgyujtok\/\" class=\"image-wrap\"><img decoding=\"async\" src=\"https:\/\/alexbutor.hu\/utcabutor\/wp-content\/uploads\/2024\/03\/KAT201.jpg\" alt=\"Hullad\u00e9kgy\u0171jt\u0151k\"><\/a><\/figure>\n<div class=\"caption caption__portfolio\">\n<h3><a href=\"https:\/\/alexbutor.hu\/utcabutor\/kategoriak\/hulladekgyujtok\/\">Hullad\u00e9kgy\u0171jt\u0151k<\/a><\/h3>\n<\/div>\n<\/div>\n<\/li>\n<li class=\"portfolio_item isotope-item\">\n<div class=\"portfolio_item_holder\">\n<figure class=\"thumbnail thumbnail__portfolio\"><a href=\"https:\/\/alexbutor.hu\/utcabutor\/kategoriak\/viragladak\/\" class=\"image-wrap\"><img decoding=\"async\" src=\"https:\/\/alexbutor.hu\/utcabutor\/wp-content\/uploads\/2024\/03\/KAT203.jpg\" alt=\"Vir\u00e1gl\u00e1d\u00e1k\"><\/a><\/figure>\n<div class=\"caption caption__portfolio\">\n<h3><a href=\"https:\/\/alexbutor.hu\/utcabutor\/kategoriak\/viragladak\/\">Vir\u00e1gl\u00e1d\u00e1k \u00e9s faveremr\u00e1csok<\/a><\/h3>\n<\/div>\n<\/div>\n<\/li>\n<li class=\"portfolio_item isotope-item\">\n<div class=\"portfolio_item_holder\">\n<figure class=\"thumbnail thumbnail__portfolio\"><a href=\"https:\/\/alexbutor.hu\/utcabutor\/kategoriak\/kerekpartarolok\/\" class=\"image-wrap\"><img decoding=\"async\" src=\"https:\/\/alexbutor.hu\/utcabutor\/wp-content\/uploads\/2024\/03\/KAT204.jpg\" alt=\"Ker\u00e9kp\u00e1rt\u00e1rol\u00f3k\"><\/a><\/figure>\n<div class=\"caption caption__portfolio\">\n<h3><a href=\"https:\/\/alexbutor.hu\/utcabutor\/kategoriak\/kerekpartarolok\/\">Ker\u00e9kp\u00e1rt\u00e1maszok<\/a><\/h3>\n<\/div>\n<\/div>\n<\/li>\n<li class=\"portfolio_item isotope-item\">\n<div class=\"portfolio_item_holder\">\n<figure class=\"thumbnail thumbnail__portfolio\"><a href=\"https:\/\/alexbutor.hu\/utcabutor\/kategoriak\/utasvarok-buszvarok\/\" class=\"image-wrap\"><img decoding=\"async\" src=\"https:\/\/alexbutor.hu\/utcabutor\/wp-content\/uploads\/2017\/03\/12_Utasvarok-buszmegallok.jpg\" alt=\"Utasv\u00e1r\u00f3k, buszv\u00e1r\u00f3k\"><\/a><\/figure>\n<div class=\"caption caption__portfolio\">\n<h3><a href=\"https:\/\/alexbutor.hu\/utcabutor\/kategoriak\/utasvarok-buszvarok\/\">Utasv\u00e1r\u00f3k, ker\u00e9kp\u00e1rt\u00e1rol\u00f3<\/a><\/h3>\n<\/div>\n<\/div>\n<\/li>\n<li class=\"portfolio_item isotope-item\">\n<div class=\"portfolio_item_holder\">\n<figure class=\"thumbnail thumbnail__portfolio\"><a href=\"https:\/\/alexbutor.hu\/utcabutor\/kategoriak\/terelvalasztok-pollerek\/\" class=\"image-wrap\"><img decoding=\"async\" src=\"https:\/\/alexbutor.hu\/utcabutor\/wp-content\/uploads\/2017\/03\/15_Terelvalasztok.jpg\" alt=\"T\u00e9relv\u00e1laszt\u00f3k, pollerek\"><\/a><\/figure>\n<div class=\"caption caption__portfolio\">\n<h3><a href=\"https:\/\/alexbutor.hu\/utcabutor\/kategoriak\/terelvalasztok-pollerek\/\">T\u00e9relv\u00e1laszt\u00f3k, pollerek<\/a><\/h3>\n<\/div>\n<\/div>\n<\/li>\n<li class=\"portfolio_item isotope-item\">\n<div class=\"portfolio_item_holder\">\n<figure class=\"thumbnail thumbnail__portfolio\"><a href=\"https:\/\/alexbutor.hu\/utcabutor\/kategoriak\/kulteri-fitness\/\" class=\"image-wrap\"><img decoding=\"async\" src=\"https:\/\/alexbutor.hu\/utcabutor\/wp-content\/uploads\/2024\/03\/Kulteri_fitness.jpg\" alt=\"K\u00fclt\u00e9ri fitness\"><\/a><\/figure>\n<div class=\"caption caption__portfolio\">\n<h3><a href=\"https:\/\/alexbutor.hu\/utcabutor\/kategoriak\/kulteri-fitness\/\">K\u00fclt\u00e9ri fitness, Street workout<\/a><\/h3>\n<\/div>\n<\/div>\n<\/li>\n<li class=\"portfolio_item isotope-item\">\n<div class=\"portfolio_item_holder\">\n<figure class=\"thumbnail thumbnail__portfolio\"><a href=\"https:\/\/alexbutor.hu\/utcabutor\/kategoriak\/ontott-kulteri-butor\/\" class=\"image-wrap\"><img decoding=\"async\" src=\"https:\/\/alexbutor.hu\/utcabutor\/wp-content\/uploads\/2017\/03\/20_Ontott_kulteri_butorok.jpg\" alt=\"Beton eszk\u00f6z\u00f6k \u00e9s b\u00fatorok\"><\/a><\/figure>\n<div class=\"caption caption__portfolio\">\n<h3><a href=\"https:\/\/alexbutor.hu\/utcabutor\/kategoriak\/ontott-kulteri-butor\/\">Beton eszk\u00f6z\u00f6k \u00e9s b\u00fatorok<\/a><\/h3>\n<\/div>\n<\/div>\n<\/li>\n<li class=\"portfolio_item isotope-item\">\n<div class=\"portfolio_item_holder\">\n<figure class=\"thumbnail thumbnail__portfolio\"><a href=\"https:\/\/alexbutor.hu\/ovodabutor\/kategoriak\/jatszoteri-eszkozok\/\" target=\"blank\" class=\"image-wrap\" rel=\"noopener noreferrer\"><img decoding=\"async\" src=\"https:\/\/alexbutor.hu\/utcabutor\/wp-content\/uploads\/2017\/03\/19_Jatszoteri_jatekok.jpg\" alt=\"Udvari j\u00e1t\u00e9kok\"><\/a><\/figure>\n<div class=\"caption caption__portfolio\">\n<h3><a href=\"https:\/\/alexbutor.hu\/ovodabutor\/kategoriak\/jatszoteri-eszkozok\/\" target=\"blank\" rel=\"noopener noreferrer\">Udvari j\u00e1t\u00e9kok<\/a><\/h3>\n<\/div>\n<\/div>\n<\/li>\n<li class=\"portfolio_item isotope-item\">\n<div class=\"portfolio_item_holder\">\n<figure class=\"thumbnail thumbnail__portfolio\"><a href=\"https:\/\/alexbutor.hu\/utcabutor\/kategoriak\/utcatablak\/\" class=\"image-wrap\"><img decoding=\"async\" src=\"https:\/\/alexbutor.hu\/utcabutor\/wp-content\/uploads\/2017\/03\/10_Utcatablak.jpg\" alt=\"Utcat\u00e1bl\u00e1k\"><\/a><\/figure>\n<div class=\"caption caption__portfolio\">\n<h3><a href=\"https:\/\/alexbutor.hu\/utcabutor\/kategoriak\/utcatablak\/\">Utcat\u00e1bl\u00e1k, \u00fcdv\u00f6zl\u0151t\u00e1bl\u00e1k<\/a><\/h3>\n<\/div>\n<\/div>\n<\/li>\n<li class=\"portfolio_item isotope-item\">\n<div class=\"portfolio_item_holder\">\n<figure class=\"thumbnail thumbnail__portfolio\"><a href=\"https:\/\/alexbutor.hu\/utcabutor\/kategoriak\/zaszlorudak\/\" class=\"image-wrap\"><img decoding=\"async\" src=\"https:\/\/alexbutor.hu\/utcabutor\/wp-content\/uploads\/2017\/03\/11_Zaszlorudak.jpg\" alt=\"Z\u00e1szl\u00f3rudak\"><\/a><\/figure>\n<div class=\"caption caption__portfolio\">\n<h3><a href=\"https:\/\/alexbutor.hu\/utcabutor\/kategoriak\/zaszlorudak\/\">Z\u00e1szl\u00f3rudak<\/a><\/h3>\n<\/div>\n<\/div>\n<\/li>\n<li class=\"portfolio_item isotope-item\">\n<div class=\"portfolio_item_holder\">\n<figure class=\"thumbnail thumbnail__portfolio\"><a href=\"https:\/\/alexbutor.hu\/utcabutor\/kategoriak\/szelektiv-gyujtok\/\" class=\"image-wrap\"><img decoding=\"async\" src=\"https:\/\/alexbutor.hu\/utcabutor\/wp-content\/uploads\/2024\/03\/KAT219.jpg\" alt=\"Szelekt\u00edv gy\u0171jt\u0151k\"><\/a><\/figure>\n<div class=\"caption caption__portfolio\">\n<h3><a href=\"https:\/\/alexbutor.hu\/utcabutor\/kategoriak\/szelektiv-gyujtok\/\">Szelekt\u00edv gy\u0171jt\u0151k<\/a><\/h3>\n<\/div>\n<\/div>\n<\/li>\n<li class=\"portfolio_item isotope-item\">\n<div class=\"portfolio_item_holder\">\n<figure class=\"thumbnail thumbnail__portfolio\"><a href=\"https:\/\/alexbutor.hu\/utcabutor\/kategoriak\/kulteri-kutyatoalett\/\" class=\"image-wrap\"><img decoding=\"async\" src=\"https:\/\/alexbutor.hu\/utcabutor\/wp-content\/uploads\/2017\/03\/17_Kulteri_kutyatoalett.jpg\" alt=\"K\u00fclt\u00e9ri kutyatoalett\"><\/a><\/figure>\n<div class=\"caption caption__portfolio\">\n<h3><a href=\"https:\/\/alexbutor.hu\/utcabutor\/kategoriak\/kulteri-kutyatoalett\/\">K\u00fclt\u00e9ri kutyapiszok gy\u0171jt\u0151k<\/a><\/h3>\n<\/div>\n<\/div>\n<\/li>\n<li class=\"portfolio_item isotope-item\">\n<div class=\"portfolio_item_holder\">\n<figure class=\"thumbnail thumbnail__portfolio\"><a href=\"https:\/\/alexbutor.hu\/utcabutor\/kategoriak\/urbanium\/\" class=\"image-wrap\"><img decoding=\"async\" src=\"https:\/\/alexbutor.hu\/utcabutor\/wp-content\/uploads\/2024\/03\/KAT470.jpg\" alt=\"URBANIUIM\"><\/a><\/figure>\n<div class=\"caption caption__portfolio\">\n<h3><a href=\"https:\/\/alexbutor.hu\/utcabutor\/kategoriak\/urbanium\/\">URBANIUIM<\/a><\/h3>\n<\/div>\n<\/div>\n<\/li>\n","protected":false},"excerpt":{"rendered":"<p>B\u00fatorcsal\u00e1dok Utcai \u00e9s k\u00fclt\u00e9ri padok Utcai \u00e9s k\u00fclt\u00e9ri asztalok Hullad\u00e9kgy\u0171jt\u0151k Vir\u00e1gl\u00e1d\u00e1k \u00e9s faveremr\u00e1csok Ker\u00e9kp\u00e1rt\u00e1maszok Utasv\u00e1r\u00f3k, ker\u00e9kp\u00e1rt\u00e1rol\u00f3 T\u00e9relv\u00e1laszt\u00f3k, pollerek K\u00fclt\u00e9ri fitness, Street workout Beton eszk\u00f6z\u00f6k \u00e9s b\u00fatorok Udvari j\u00e1t\u00e9kok Utcat\u00e1bl\u00e1k, \u00fcdv\u00f6zl\u0151t\u00e1bl\u00e1k Z\u00e1szl\u00f3rudak Szelekt\u00edv gy\u0171jt\u0151k K\u00fclt\u00e9ri kutyapiszok gy\u0171jt\u0151k URBANIUIM<\/p>\n","protected":false},"author":3,"featured_media":0,"parent":10,"menu_order":0,"comment_status":"closed","ping_status":"closed","template":"page-Portfolio4Cols-alexsub.php","meta":{"footnotes":""},"class_list":["post-40638","page","type-page","status-publish","hentry"],"yoast_head":"<!-- This site is optimized with the Yoast SEO plugin v23.5 - https:\/\/yoast.com\/wordpress\/plugins\/seo\/ -->\n<title>Teljes k\u00fclt\u00e9ri b\u00fator term\u00e9k k\u00edn\u00e1latunk - Utcab\u00fator<\/title>\n<meta name=\"robots\" content=\"index, follow, max-snippet:-1, max-image-preview:large, max-video-preview:-1\" \/>\n<link rel=\"canonical\" href=\"https:\/\/alexbutor.hu\/utcabutor\/kategoriak\/teljes-kulteri-butor-termek-kinalatunk\/\" \/>\n<meta property=\"og:locale\" content=\"hu_HU\" \/>\n<meta property=\"og:type\" content=\"article\" \/>\n<meta property=\"og:title\" content=\"Teljes k\u00fclt\u00e9ri b\u00fator term\u00e9k k\u00edn\u00e1latunk - Utcab\u00fator\" \/>\n<meta property=\"og:description\" content=\"B\u00fatorcsal\u00e1dok Utcai \u00e9s k\u00fclt\u00e9ri padok Utcai \u00e9s k\u00fclt\u00e9ri asztalok Hullad\u00e9kgy\u0171jt\u0151k Vir\u00e1gl\u00e1d\u00e1k \u00e9s faveremr\u00e1csok Ker\u00e9kp\u00e1rt\u00e1maszok Utasv\u00e1r\u00f3k, ker\u00e9kp\u00e1rt\u00e1rol\u00f3 T\u00e9relv\u00e1laszt\u00f3k, pollerek K\u00fclt\u00e9ri fitness, Street workout Beton eszk\u00f6z\u00f6k \u00e9s b\u00fatorok Udvari j\u00e1t\u00e9kok Utcat\u00e1bl\u00e1k, \u00fcdv\u00f6zl\u0151t\u00e1bl\u00e1k Z\u00e1szl\u00f3rudak Szelekt\u00edv gy\u0171jt\u0151k K\u00fclt\u00e9ri kutyapiszok gy\u0171jt\u0151k URBANIUIM\" \/>\n<meta property=\"og:url\" content=\"https:\/\/alexbutor.hu\/utcabutor\/kategoriak\/teljes-kulteri-butor-termek-kinalatunk\/\" \/>\n<meta property=\"og:site_name\" content=\"Utcab\u00fator\" \/>\n<meta property=\"article:modified_time\" content=\"2024-05-15T14:35:17+00:00\" \/>\n<meta property=\"og:image\" content=\"https:\/\/alexbutor.hu\/utcabutor\/wp-content\/uploads\/2017\/03\/02_Butorcsaladok.jpg\" \/>\n<meta name=\"twitter:card\" content=\"summary_large_image\" \/>\n<script type=\"application\/ld+json\" class=\"yoast-schema-graph\">{\"@context\":\"https:\/\/schema.org\",\"@graph\":[{\"@type\":\"WebPage\",\"@id\":\"https:\/\/alexbutor.hu\/utcabutor\/kategoriak\/teljes-kulteri-butor-termek-kinalatunk\/\",\"url\":\"https:\/\/alexbutor.hu\/utcabutor\/kategoriak\/teljes-kulteri-butor-termek-kinalatunk\/\",\"name\":\"Teljes k\u00fclt\u00e9ri b\u00fator term\u00e9k k\u00edn\u00e1latunk - Utcab\u00fator\",\"isPartOf\":{\"@id\":\"https:\/\/alexbutor.hu\/utcabutor\/#website\"},\"primaryImageOfPage\":{\"@id\":\"https:\/\/alexbutor.hu\/utcabutor\/kategoriak\/teljes-kulteri-butor-termek-kinalatunk\/#primaryimage\"},\"image\":{\"@id\":\"https:\/\/alexbutor.hu\/utcabutor\/kategoriak\/teljes-kulteri-butor-termek-kinalatunk\/#primaryimage\"},\"thumbnailUrl\":\"https:\/\/alexbutor.hu\/utcabutor\/wp-content\/uploads\/2017\/03\/02_Butorcsaladok.jpg\",\"datePublished\":\"2017-03-09T12:48:14+00:00\",\"dateModified\":\"2024-05-15T14:35:17+00:00\",\"breadcrumb\":{\"@id\":\"https:\/\/alexbutor.hu\/utcabutor\/kategoriak\/teljes-kulteri-butor-termek-kinalatunk\/#breadcrumb\"},\"inLanguage\":\"hu\",\"potentialAction\":[{\"@type\":\"ReadAction\",\"target\":[\"https:\/\/alexbutor.hu\/utcabutor\/kategoriak\/teljes-kulteri-butor-termek-kinalatunk\/\"]}]},{\"@type\":\"ImageObject\",\"inLanguage\":\"hu\",\"@id\":\"https:\/\/alexbutor.hu\/utcabutor\/kategoriak\/teljes-kulteri-butor-termek-kinalatunk\/#primaryimage\",\"url\":\"https:\/\/alexbutor.hu\/utcabutor\/wp-content\/uploads\/2017\/03\/02_Butorcsaladok.jpg\",\"contentUrl\":\"https:\/\/alexbutor.hu\/utcabutor\/wp-content\/uploads\/2017\/03\/02_Butorcsaladok.jpg\",\"width\":800,\"height\":560},{\"@type\":\"BreadcrumbList\",\"@id\":\"https:\/\/alexbutor.hu\/utcabutor\/kategoriak\/teljes-kulteri-butor-termek-kinalatunk\/#breadcrumb\",\"itemListElement\":[{\"@type\":\"ListItem\",\"position\":1,\"name\":\"Home\",\"item\":\"https:\/\/alexbutor.hu\/utcabutor\/\"},{\"@type\":\"ListItem\",\"position\":2,\"name\":\"Term\u00e9kek\",\"item\":\"https:\/\/alexbutor.hu\/utcabutor\/kategoriak\/\"},{\"@type\":\"ListItem\",\"position\":3,\"name\":\"Teljes k\u00fclt\u00e9ri b\u00fator term\u00e9k k\u00edn\u00e1latunk\"}]},{\"@type\":\"WebSite\",\"@id\":\"https:\/\/alexbutor.hu\/utcabutor\/#website\",\"url\":\"https:\/\/alexbutor.hu\/utcabutor\/\",\"name\":\"Utcab\u00fator\",\"description\":\"Minden t\u00e9rben megold\u00e1s\",\"potentialAction\":[{\"@type\":\"SearchAction\",\"target\":{\"@type\":\"EntryPoint\",\"urlTemplate\":\"https:\/\/alexbutor.hu\/utcabutor\/?s={search_term_string}\"},\"query-input\":{\"@type\":\"PropertyValueSpecification\",\"valueRequired\":true,\"valueName\":\"search_term_string\"}}],\"inLanguage\":\"hu\"}]}<\/script>\n<!-- \/ Yoast SEO plugin. -->","yoast_head_json":{"title":"Teljes k\u00fclt\u00e9ri b\u00fator term\u00e9k k\u00edn\u00e1latunk - Utcab\u00fator","robots":{"index":"index","follow":"follow","max-snippet":"max-snippet:-1","max-image-preview":"max-image-preview:large","max-video-preview":"max-video-preview:-1"},"canonical":"https:\/\/alexbutor.hu\/utcabutor\/kategoriak\/teljes-kulteri-butor-termek-kinalatunk\/","og_locale":"hu_HU","og_type":"article","og_title":"Teljes k\u00fclt\u00e9ri b\u00fator term\u00e9k k\u00edn\u00e1latunk - Utcab\u00fator","og_description":"B\u00fatorcsal\u00e1dok Utcai \u00e9s k\u00fclt\u00e9ri padok Utcai \u00e9s k\u00fclt\u00e9ri asztalok Hullad\u00e9kgy\u0171jt\u0151k Vir\u00e1gl\u00e1d\u00e1k \u00e9s faveremr\u00e1csok Ker\u00e9kp\u00e1rt\u00e1maszok Utasv\u00e1r\u00f3k, ker\u00e9kp\u00e1rt\u00e1rol\u00f3 T\u00e9relv\u00e1laszt\u00f3k, pollerek K\u00fclt\u00e9ri fitness, Street workout Beton eszk\u00f6z\u00f6k \u00e9s b\u00fatorok Udvari j\u00e1t\u00e9kok Utcat\u00e1bl\u00e1k, \u00fcdv\u00f6zl\u0151t\u00e1bl\u00e1k Z\u00e1szl\u00f3rudak Szelekt\u00edv gy\u0171jt\u0151k K\u00fclt\u00e9ri kutyapiszok gy\u0171jt\u0151k URBANIUIM","og_url":"https:\/\/alexbutor.hu\/utcabutor\/kategoriak\/teljes-kulteri-butor-termek-kinalatunk\/","og_site_name":"Utcab\u00fator","article_modified_time":"2024-05-15T14:35:17+00:00","og_image":[{"url":"https:\/\/alexbutor.hu\/utcabutor\/wp-content\/uploads\/2017\/03\/02_Butorcsaladok.jpg"}],"twitter_card":"summary_large_image","schema":{"@context":"https:\/\/schema.org","@graph":[{"@type":"WebPage","@id":"https:\/\/alexbutor.hu\/utcabutor\/kategoriak\/teljes-kulteri-butor-termek-kinalatunk\/","url":"https:\/\/alexbutor.hu\/utcabutor\/kategoriak\/teljes-kulteri-butor-termek-kinalatunk\/","name":"Teljes k\u00fclt\u00e9ri b\u00fator term\u00e9k k\u00edn\u00e1latunk - Utcab\u00fator","isPartOf":{"@id":"https:\/\/alexbutor.hu\/utcabutor\/#website"},"primaryImageOfPage":{"@id":"https:\/\/alexbutor.hu\/utcabutor\/kategoriak\/teljes-kulteri-butor-termek-kinalatunk\/#primaryimage"},"image":{"@id":"https:\/\/alexbutor.hu\/utcabutor\/kategoriak\/teljes-kulteri-butor-termek-kinalatunk\/#primaryimage"},"thumbnailUrl":"https:\/\/alexbutor.hu\/utcabutor\/wp-content\/uploads\/2017\/03\/02_Butorcsaladok.jpg","datePublished":"2017-03-09T12:48:14+00:00","dateModified":"2024-05-15T14:35:17+00:00","breadcrumb":{"@id":"https:\/\/alexbutor.hu\/utcabutor\/kategoriak\/teljes-kulteri-butor-termek-kinalatunk\/#breadcrumb"},"inLanguage":"hu","potentialAction":[{"@type":"ReadAction","target":["https:\/\/alexbutor.hu\/utcabutor\/kategoriak\/teljes-kulteri-butor-termek-kinalatunk\/"]}]},{"@type":"ImageObject","inLanguage":"hu","@id":"https:\/\/alexbutor.hu\/utcabutor\/kategoriak\/teljes-kulteri-butor-termek-kinalatunk\/#primaryimage","url":"https:\/\/alexbutor.hu\/utcabutor\/wp-content\/uploads\/2017\/03\/02_Butorcsaladok.jpg","contentUrl":"https:\/\/alexbutor.hu\/utcabutor\/wp-content\/uploads\/2017\/03\/02_Butorcsaladok.jpg","width":800,"height":560},{"@type":"BreadcrumbList","@id":"https:\/\/alexbutor.hu\/utcabutor\/kategoriak\/teljes-kulteri-butor-termek-kinalatunk\/#breadcrumb","itemListElement":[{"@type":"ListItem","position":1,"name":"Home","item":"https:\/\/alexbutor.hu\/utcabutor\/"},{"@type":"ListItem","position":2,"name":"Term\u00e9kek","item":"https:\/\/alexbutor.hu\/utcabutor\/kategoriak\/"},{"@type":"ListItem","position":3,"name":"Teljes k\u00fclt\u00e9ri b\u00fator term\u00e9k k\u00edn\u00e1latunk"}]},{"@type":"WebSite","@id":"https:\/\/alexbutor.hu\/utcabutor\/#website","url":"https:\/\/alexbutor.hu\/utcabutor\/","name":"Utcab\u00fator","description":"Minden t\u00e9rben megold\u00e1s","potentialAction":[{"@type":"SearchAction","target":{"@type":"EntryPoint","urlTemplate":"https:\/\/alexbutor.hu\/utcabutor\/?s={search_term_string}"},"query-input":{"@type":"PropertyValueSpecification","valueRequired":true,"valueName":"search_term_string"}}],"inLanguage":"hu"}]}},"_links":{"self":[{"href":"https:\/\/alexbutor.hu\/utcabutor\/wp-json\/wp\/v2\/pages\/40638"}],"collection":[{"href":"https:\/\/alexbutor.hu\/utcabutor\/wp-json\/wp\/v2\/pages"}],"about":[{"href":"https:\/\/alexbutor.hu\/utcabutor\/wp-json\/wp\/v2\/types\/page"}],"author":[{"embeddable":true,"href":"https:\/\/alexbutor.hu\/utcabutor\/wp-json\/wp\/v2\/users\/3"}],"replies":[{"embeddable":true,"href":"https:\/\/alexbutor.hu\/utcabutor\/wp-json\/wp\/v2\/comments?post=40638"}],"version-history":[{"count":4,"href":"https:\/\/alexbutor.hu\/utcabutor\/wp-json\/wp\/v2\/pages\/40638\/revisions"}],"predecessor-version":[{"id":92369,"href":"https:\/\/alexbutor.hu\/utcabutor\/wp-json\/wp\/v2\/pages\/40638\/revisions\/92369"}],"up":[{"embeddable":true,"href":"https:\/\/alexbutor.hu\/utcabutor\/wp-json\/wp\/v2\/pages\/10"}],"wp:attachment":[{"href":"https:\/\/alexbutor.hu\/utcabutor\/wp-json\/wp\/v2\/media?parent=40638"}],"curies":[{"name":"wp","href":"https:\/\/api.w.org\/{rel}","templated":true}]}}