{"id":50378,"date":"2020-02-19T16:17:12","date_gmt":"2020-02-19T15:17:12","guid":{"rendered":"http:\/\/alexbutor.hu\/utcabutor\/?page_id=50378"},"modified":"2020-02-19T16:17:12","modified_gmt":"2020-02-19T15:17:12","slug":"fa-ulofelulettel","status":"publish","type":"page","link":"https:\/\/alexbutor.hu\/utcabutor\/kategoriak\/utcai-es-kulteri-padok\/fa-ulofelulettel\/","title":{"rendered":"Fa \u00fcl\u0151fel\u00fclettel"},"content":{"rendered":"","protected":false},"excerpt":{"rendered":"","protected":false},"author":3,"featured_media":50379,"parent":38596,"menu_order":0,"comment_status":"closed","ping_status":"closed","template":"page-Portfolio4Cols-filterable.php","meta":{"footnotes":""},"class_list":["post-50378","page","type-page","status-publish","has-post-thumbnail","hentry"],"yoast_head":"<!-- This site is optimized with the Yoast SEO plugin v23.5 - https:\/\/yoast.com\/wordpress\/plugins\/seo\/ -->\n<title>Fa \u00fcl\u0151fel\u00fclettel - Utcab\u00fator<\/title>\n<meta name=\"robots\" content=\"index, follow, max-snippet:-1, max-image-preview:large, max-video-preview:-1\" \/>\n<link rel=\"canonical\" href=\"https:\/\/alexbutor.hu\/utcabutor\/kategoriak\/utcai-es-kulteri-padok\/fa-ulofelulettel\/\" \/>\n<meta property=\"og:locale\" content=\"hu_HU\" \/>\n<meta property=\"og:type\" content=\"article\" \/>\n<meta property=\"og:title\" content=\"Fa \u00fcl\u0151fel\u00fclettel - Utcab\u00fator\" \/>\n<meta property=\"og:url\" content=\"https:\/\/alexbutor.hu\/utcabutor\/kategoriak\/utcai-es-kulteri-padok\/fa-ulofelulettel\/\" \/>\n<meta property=\"og:site_name\" content=\"Utcab\u00fator\" \/>\n<meta property=\"og:image\" content=\"https:\/\/alexbutor.hu\/utcabutor\/wp-content\/uploads\/2020\/02\/KAT454.jpg\" \/>\n\t<meta property=\"og:image:width\" content=\"1667\" \/>\n\t<meta property=\"og:image:height\" content=\"1167\" \/>\n\t<meta property=\"og:image:type\" content=\"image\/jpeg\" \/>\n<meta name=\"twitter:card\" content=\"summary_large_image\" \/>\n<script type=\"application\/ld+json\" class=\"yoast-schema-graph\">{\"@context\":\"https:\/\/schema.org\",\"@graph\":[{\"@type\":\"WebPage\",\"@id\":\"https:\/\/alexbutor.hu\/utcabutor\/kategoriak\/utcai-es-kulteri-padok\/fa-ulofelulettel\/\",\"url\":\"https:\/\/alexbutor.hu\/utcabutor\/kategoriak\/utcai-es-kulteri-padok\/fa-ulofelulettel\/\",\"name\":\"Fa \u00fcl\u0151fel\u00fclettel - Utcab\u00fator\",\"isPartOf\":{\"@id\":\"https:\/\/alexbutor.hu\/utcabutor\/#website\"},\"primaryImageOfPage\":{\"@id\":\"https:\/\/alexbutor.hu\/utcabutor\/kategoriak\/utcai-es-kulteri-padok\/fa-ulofelulettel\/#primaryimage\"},\"image\":{\"@id\":\"https:\/\/alexbutor.hu\/utcabutor\/kategoriak\/utcai-es-kulteri-padok\/fa-ulofelulettel\/#primaryimage\"},\"thumbnailUrl\":\"https:\/\/alexbutor.hu\/utcabutor\/wp-content\/uploads\/2020\/02\/KAT454.jpg\",\"datePublished\":\"2020-02-19T15:17:12+00:00\",\"dateModified\":\"2020-02-19T15:17:12+00:00\",\"breadcrumb\":{\"@id\":\"https:\/\/alexbutor.hu\/utcabutor\/kategoriak\/utcai-es-kulteri-padok\/fa-ulofelulettel\/#breadcrumb\"},\"inLanguage\":\"hu\",\"potentialAction\":[{\"@type\":\"ReadAction\",\"target\":[\"https:\/\/alexbutor.hu\/utcabutor\/kategoriak\/utcai-es-kulteri-padok\/fa-ulofelulettel\/\"]}]},{\"@type\":\"ImageObject\",\"inLanguage\":\"hu\",\"@id\":\"https:\/\/alexbutor.hu\/utcabutor\/kategoriak\/utcai-es-kulteri-padok\/fa-ulofelulettel\/#primaryimage\",\"url\":\"https:\/\/alexbutor.hu\/utcabutor\/wp-content\/uploads\/2020\/02\/KAT454.jpg\",\"contentUrl\":\"https:\/\/alexbutor.hu\/utcabutor\/wp-content\/uploads\/2020\/02\/KAT454.jpg\",\"width\":1667,\"height\":1167},{\"@type\":\"BreadcrumbList\",\"@id\":\"https:\/\/alexbutor.hu\/utcabutor\/kategoriak\/utcai-es-kulteri-padok\/fa-ulofelulettel\/#breadcrumb\",\"itemListElement\":[{\"@type\":\"ListItem\",\"position\":1,\"name\":\"Home\",\"item\":\"https:\/\/alexbutor.hu\/utcabutor\/\"},{\"@type\":\"ListItem\",\"position\":2,\"name\":\"Term\u00e9kek\",\"item\":\"https:\/\/alexbutor.hu\/utcabutor\/kategoriak\/\"},{\"@type\":\"ListItem\",\"position\":3,\"name\":\"Utcai \u00e9s k\u00fclt\u00e9ri padok\",\"item\":\"https:\/\/alexbutor.hu\/utcabutor\/kategoriak\/utcai-es-kulteri-padok\/\"},{\"@type\":\"ListItem\",\"position\":4,\"name\":\"Fa \u00fcl\u0151fel\u00fclettel\"}]},{\"@type\":\"WebSite\",\"@id\":\"https:\/\/alexbutor.hu\/utcabutor\/#website\",\"url\":\"https:\/\/alexbutor.hu\/utcabutor\/\",\"name\":\"Utcab\u00fator\",\"description\":\"Minden t\u00e9rben megold\u00e1s\",\"potentialAction\":[{\"@type\":\"SearchAction\",\"target\":{\"@type\":\"EntryPoint\",\"urlTemplate\":\"https:\/\/alexbutor.hu\/utcabutor\/?s={search_term_string}\"},\"query-input\":{\"@type\":\"PropertyValueSpecification\",\"valueRequired\":true,\"valueName\":\"search_term_string\"}}],\"inLanguage\":\"hu\"}]}<\/script>\n<!-- \/ Yoast SEO plugin. -->","yoast_head_json":{"title":"Fa \u00fcl\u0151fel\u00fclettel - Utcab\u00fator","robots":{"index":"index","follow":"follow","max-snippet":"max-snippet:-1","max-image-preview":"max-image-preview:large","max-video-preview":"max-video-preview:-1"},"canonical":"https:\/\/alexbutor.hu\/utcabutor\/kategoriak\/utcai-es-kulteri-padok\/fa-ulofelulettel\/","og_locale":"hu_HU","og_type":"article","og_title":"Fa \u00fcl\u0151fel\u00fclettel - Utcab\u00fator","og_url":"https:\/\/alexbutor.hu\/utcabutor\/kategoriak\/utcai-es-kulteri-padok\/fa-ulofelulettel\/","og_site_name":"Utcab\u00fator","og_image":[{"width":1667,"height":1167,"url":"https:\/\/alexbutor.hu\/utcabutor\/wp-content\/uploads\/2020\/02\/KAT454.jpg","type":"image\/jpeg"}],"twitter_card":"summary_large_image","schema":{"@context":"https:\/\/schema.org","@graph":[{"@type":"WebPage","@id":"https:\/\/alexbutor.hu\/utcabutor\/kategoriak\/utcai-es-kulteri-padok\/fa-ulofelulettel\/","url":"https:\/\/alexbutor.hu\/utcabutor\/kategoriak\/utcai-es-kulteri-padok\/fa-ulofelulettel\/","name":"Fa \u00fcl\u0151fel\u00fclettel - Utcab\u00fator","isPartOf":{"@id":"https:\/\/alexbutor.hu\/utcabutor\/#website"},"primaryImageOfPage":{"@id":"https:\/\/alexbutor.hu\/utcabutor\/kategoriak\/utcai-es-kulteri-padok\/fa-ulofelulettel\/#primaryimage"},"image":{"@id":"https:\/\/alexbutor.hu\/utcabutor\/kategoriak\/utcai-es-kulteri-padok\/fa-ulofelulettel\/#primaryimage"},"thumbnailUrl":"https:\/\/alexbutor.hu\/utcabutor\/wp-content\/uploads\/2020\/02\/KAT454.jpg","datePublished":"2020-02-19T15:17:12+00:00","dateModified":"2020-02-19T15:17:12+00:00","breadcrumb":{"@id":"https:\/\/alexbutor.hu\/utcabutor\/kategoriak\/utcai-es-kulteri-padok\/fa-ulofelulettel\/#breadcrumb"},"inLanguage":"hu","potentialAction":[{"@type":"ReadAction","target":["https:\/\/alexbutor.hu\/utcabutor\/kategoriak\/utcai-es-kulteri-padok\/fa-ulofelulettel\/"]}]},{"@type":"ImageObject","inLanguage":"hu","@id":"https:\/\/alexbutor.hu\/utcabutor\/kategoriak\/utcai-es-kulteri-padok\/fa-ulofelulettel\/#primaryimage","url":"https:\/\/alexbutor.hu\/utcabutor\/wp-content\/uploads\/2020\/02\/KAT454.jpg","contentUrl":"https:\/\/alexbutor.hu\/utcabutor\/wp-content\/uploads\/2020\/02\/KAT454.jpg","width":1667,"height":1167},{"@type":"BreadcrumbList","@id":"https:\/\/alexbutor.hu\/utcabutor\/kategoriak\/utcai-es-kulteri-padok\/fa-ulofelulettel\/#breadcrumb","itemListElement":[{"@type":"ListItem","position":1,"name":"Home","item":"https:\/\/alexbutor.hu\/utcabutor\/"},{"@type":"ListItem","position":2,"name":"Term\u00e9kek","item":"https:\/\/alexbutor.hu\/utcabutor\/kategoriak\/"},{"@type":"ListItem","position":3,"name":"Utcai \u00e9s k\u00fclt\u00e9ri padok","item":"https:\/\/alexbutor.hu\/utcabutor\/kategoriak\/utcai-es-kulteri-padok\/"},{"@type":"ListItem","position":4,"name":"Fa \u00fcl\u0151fel\u00fclettel"}]},{"@type":"WebSite","@id":"https:\/\/alexbutor.hu\/utcabutor\/#website","url":"https:\/\/alexbutor.hu\/utcabutor\/","name":"Utcab\u00fator","description":"Minden t\u00e9rben megold\u00e1s","potentialAction":[{"@type":"SearchAction","target":{"@type":"EntryPoint","urlTemplate":"https:\/\/alexbutor.hu\/utcabutor\/?s={search_term_string}"},"query-input":{"@type":"PropertyValueSpecification","valueRequired":true,"valueName":"search_term_string"}}],"inLanguage":"hu"}]}},"_links":{"self":[{"href":"https:\/\/alexbutor.hu\/utcabutor\/wp-json\/wp\/v2\/pages\/50378"}],"collection":[{"href":"https:\/\/alexbutor.hu\/utcabutor\/wp-json\/wp\/v2\/pages"}],"about":[{"href":"https:\/\/alexbutor.hu\/utcabutor\/wp-json\/wp\/v2\/types\/page"}],"author":[{"embeddable":true,"href":"https:\/\/alexbutor.hu\/utcabutor\/wp-json\/wp\/v2\/users\/3"}],"replies":[{"embeddable":true,"href":"https:\/\/alexbutor.hu\/utcabutor\/wp-json\/wp\/v2\/comments?post=50378"}],"version-history":[{"count":1,"href":"https:\/\/alexbutor.hu\/utcabutor\/wp-json\/wp\/v2\/pages\/50378\/revisions"}],"predecessor-version":[{"id":50388,"href":"https:\/\/alexbutor.hu\/utcabutor\/wp-json\/wp\/v2\/pages\/50378\/revisions\/50388"}],"up":[{"embeddable":true,"href":"https:\/\/alexbutor.hu\/utcabutor\/wp-json\/wp\/v2\/pages\/38596"}],"wp:featuredmedia":[{"embeddable":true,"href":"https:\/\/alexbutor.hu\/utcabutor\/wp-json\/wp\/v2\/media\/50379"}],"wp:attachment":[{"href":"https:\/\/alexbutor.hu\/utcabutor\/wp-json\/wp\/v2\/media?parent=50378"}],"curies":[{"name":"wp","href":"https:\/\/api.w.org\/{rel}","templated":true}]}}