{"id":13,"date":"2016-06-08T07:58:17","date_gmt":"2016-06-08T07:58:17","guid":{"rendered":"http:\/\/alexbutor.hu\/vendeglatoibutor\/?page_id=13"},"modified":"2024-09-26T05:38:50","modified_gmt":"2024-09-26T04:38:50","slug":"katalogusok","status":"publish","type":"page","link":"https:\/\/alexbutor.hu\/vendeglatoibutor\/katalogusok\/","title":{"rendered":"Katal\u00f3gusok"},"content":{"rendered":"<div class=\"row \"><div class=\"span12 \"><strong>A katal\u00f3gusaink gyors megtekint\u00e9s\u00e9hez k\u00e9rj\u00fck kattintson a k\u00e9pekre.<\/strong><\/div><\/div><!-- .row (end) -->\n<div class=\"row \">\n<div class=\"span6 \">\r\n\t<a href=\"https:\/\/alexbutor.hu\/vendeglatoibutor\/katalogusok\/horeca-indulhat-a-szezon\/\" class=\"katalogus-desktop\">\r\n\t\t<img decoding=\"async\" src=\"https:\/\/alexbutor.hu\/vendeglatoibutor\/wp-content\/uploads\/2024\/09\/hg_2024_latvany-cropped.webp\" alt=\"HORECA\" class=\"alignnone size-large\" \/>\r\n\t<\/a>\r\n\t<a href=\"https:\/\/alexbutor.hu\/vendeglatoibutor\/wp-content\/uploads\/2024\/09\/webre_kicsi_2024_horeca_katalogus.pdf\" class=\"katalogus-mobile\" target=\"_blank\">\r\n\t\t<img decoding=\"async\" src=\"https:\/\/alexbutor.hu\/vendeglatoibutor\/wp-content\/uploads\/2024\/09\/hg_2024_latvany-cropped.webp\" alt=\"HORECA\" class=\"alignnone size-large\" \/>\r\n\t<\/a>\r\n\t<h3>HORECA<\/h3><a href=\"https:\/\/alexbutor.hu\/vendeglatoibutor\/wp-content\/uploads\/2024\/09\/webre_kicsi_2024_horeca_katalogus.pdf\" target=\"_blank\"><p>PDF let\u00f6lt\u00e9s<\/p><\/a>\r\n\t<\/div>\n<div class=\"span6 \">\r\n\t<a href=\"https:\/\/alexbutor.hu\/vendeglatoibutor\/katalogusok\/horeca-indulhat-a-szezon-2\/\" class=\"katalogus-desktop\">\r\n\t\t<img decoding=\"async\" src=\"https:\/\/alexbutor.hu\/vendeglatoibutor\/wp-content\/uploads\/2024\/03\/latvany_hg_mailing.webp\" alt=\"HORECA \u2013 INDULHAT A SZEZON\" class=\"alignnone size-large\" \/>\r\n\t<\/a>\r\n\t<a href=\"https:\/\/alexbutor.hu\/vendeglatoibutor\/wp-content\/uploads\/2024\/03\/hotel_gastro_mailing_148x210mm.pdf\" class=\"katalogus-mobile\" target=\"_blank\">\r\n\t\t<img decoding=\"async\" src=\"https:\/\/alexbutor.hu\/vendeglatoibutor\/wp-content\/uploads\/2024\/03\/latvany_hg_mailing.webp\" alt=\"HORECA \u2013 INDULHAT A SZEZON\" class=\"alignnone size-large\" \/>\r\n\t<\/a>\r\n\t<h3>HORECA \u2013 INDULHAT A SZEZON<\/h3><a href=\"https:\/\/alexbutor.hu\/vendeglatoibutor\/wp-content\/uploads\/2024\/03\/hotel_gastro_mailing_148x210mm.pdf\" target=\"_blank\"><p>PDF let\u00f6lt\u00e9s<\/p><\/a>\r\n\t<\/div>\n<\/div><!-- .row (end) -->\n<div class=\"row \">\n<\/div><!-- .row (end) -->\n<div class=\"spacer\"><\/div><!-- .spacer (end) -->\n","protected":false},"excerpt":{"rendered":"","protected":false},"author":3,"featured_media":0,"parent":0,"menu_order":0,"comment_status":"closed","ping_status":"closed","template":"page-fullwidth.php","meta":{"footnotes":""},"class_list":["post-13","page","type-page","status-publish","hentry"],"yoast_head":"<!-- This site is optimized with the Yoast SEO plugin v23.5 - https:\/\/yoast.com\/wordpress\/plugins\/seo\/ -->\n<title>Katal\u00f3gusok - Vend\u00e9gl\u00e1t\u00f3i b\u00fator<\/title>\n<meta name=\"description\" content=\"Lapozza \u00e1t b\u00fatorkatal\u00f3gusainkat \u00e9s k\u00e9rjen szem\u00e9lyre szabott aj\u00e1nlatot vend\u00e9gl\u00e1t\u00f3helye, sz\u00e1llod\u00e1ja vagy c\u00e9ge sz\u00e1m\u00e1ra. Ingyenes, helysz\u00edni tan\u00e1csad\u00e1ssal seg\u00edtj\u00fck!\" \/>\n<meta name=\"robots\" content=\"index, follow, max-snippet:-1, max-image-preview:large, max-video-preview:-1\" \/>\n<link rel=\"canonical\" href=\"https:\/\/alexbutor.hu\/vendeglatoibutor\/katalogusok\/\" \/>\n<meta property=\"og:locale\" content=\"hu_HU\" \/>\n<meta property=\"og:type\" content=\"article\" \/>\n<meta property=\"og:title\" content=\"Katal\u00f3gusok - Vend\u00e9gl\u00e1t\u00f3i b\u00fator\" \/>\n<meta property=\"og:description\" content=\"Lapozza \u00e1t b\u00fatorkatal\u00f3gusainkat \u00e9s k\u00e9rjen szem\u00e9lyre szabott aj\u00e1nlatot vend\u00e9gl\u00e1t\u00f3helye, sz\u00e1llod\u00e1ja vagy c\u00e9ge sz\u00e1m\u00e1ra. Ingyenes, helysz\u00edni tan\u00e1csad\u00e1ssal seg\u00edtj\u00fck!\" \/>\n<meta property=\"og:url\" content=\"https:\/\/alexbutor.hu\/vendeglatoibutor\/katalogusok\/\" \/>\n<meta property=\"og:site_name\" content=\"Vend\u00e9gl\u00e1t\u00f3i b\u00fator\" \/>\n<meta property=\"article:modified_time\" content=\"2024-09-26T04:38:50+00:00\" \/>\n<meta name=\"twitter:card\" content=\"summary_large_image\" \/>\n<script type=\"application\/ld+json\" class=\"yoast-schema-graph\">{\"@context\":\"https:\/\/schema.org\",\"@graph\":[{\"@type\":\"WebPage\",\"@id\":\"https:\/\/alexbutor.hu\/vendeglatoibutor\/katalogusok\/\",\"url\":\"https:\/\/alexbutor.hu\/vendeglatoibutor\/katalogusok\/\",\"name\":\"Katal\u00f3gusok - Vend\u00e9gl\u00e1t\u00f3i b\u00fator\",\"isPartOf\":{\"@id\":\"https:\/\/alexbutor.hu\/vendeglatoibutor\/#website\"},\"datePublished\":\"2016-06-08T07:58:17+00:00\",\"dateModified\":\"2024-09-26T04:38:50+00:00\",\"description\":\"Lapozza \u00e1t b\u00fatorkatal\u00f3gusainkat \u00e9s k\u00e9rjen szem\u00e9lyre szabott aj\u00e1nlatot vend\u00e9gl\u00e1t\u00f3helye, sz\u00e1llod\u00e1ja vagy c\u00e9ge sz\u00e1m\u00e1ra. Ingyenes, helysz\u00edni tan\u00e1csad\u00e1ssal seg\u00edtj\u00fck!\",\"breadcrumb\":{\"@id\":\"https:\/\/alexbutor.hu\/vendeglatoibutor\/katalogusok\/#breadcrumb\"},\"inLanguage\":\"hu\",\"potentialAction\":[{\"@type\":\"ReadAction\",\"target\":[\"https:\/\/alexbutor.hu\/vendeglatoibutor\/katalogusok\/\"]}]},{\"@type\":\"BreadcrumbList\",\"@id\":\"https:\/\/alexbutor.hu\/vendeglatoibutor\/katalogusok\/#breadcrumb\",\"itemListElement\":[{\"@type\":\"ListItem\",\"position\":1,\"name\":\"Home\",\"item\":\"https:\/\/alexbutor.hu\/vendeglatoibutor\/\"},{\"@type\":\"ListItem\",\"position\":2,\"name\":\"Katal\u00f3gusok\"}]},{\"@type\":\"WebSite\",\"@id\":\"https:\/\/alexbutor.hu\/vendeglatoibutor\/#website\",\"url\":\"https:\/\/alexbutor.hu\/vendeglatoibutor\/\",\"name\":\"Vend\u00e9gl\u00e1t\u00f3i b\u00fator\",\"description\":\"Minden t\u00e9rben megold\u00e1s\",\"potentialAction\":[{\"@type\":\"SearchAction\",\"target\":{\"@type\":\"EntryPoint\",\"urlTemplate\":\"https:\/\/alexbutor.hu\/vendeglatoibutor\/?s={search_term_string}\"},\"query-input\":{\"@type\":\"PropertyValueSpecification\",\"valueRequired\":true,\"valueName\":\"search_term_string\"}}],\"inLanguage\":\"hu\"}]}<\/script>\n<!-- \/ Yoast SEO plugin. -->","yoast_head_json":{"title":"Katal\u00f3gusok - Vend\u00e9gl\u00e1t\u00f3i b\u00fator","description":"Lapozza \u00e1t b\u00fatorkatal\u00f3gusainkat \u00e9s k\u00e9rjen szem\u00e9lyre szabott aj\u00e1nlatot vend\u00e9gl\u00e1t\u00f3helye, sz\u00e1llod\u00e1ja vagy c\u00e9ge sz\u00e1m\u00e1ra. Ingyenes, helysz\u00edni tan\u00e1csad\u00e1ssal seg\u00edtj\u00fck!","robots":{"index":"index","follow":"follow","max-snippet":"max-snippet:-1","max-image-preview":"max-image-preview:large","max-video-preview":"max-video-preview:-1"},"canonical":"https:\/\/alexbutor.hu\/vendeglatoibutor\/katalogusok\/","og_locale":"hu_HU","og_type":"article","og_title":"Katal\u00f3gusok - Vend\u00e9gl\u00e1t\u00f3i b\u00fator","og_description":"Lapozza \u00e1t b\u00fatorkatal\u00f3gusainkat \u00e9s k\u00e9rjen szem\u00e9lyre szabott aj\u00e1nlatot vend\u00e9gl\u00e1t\u00f3helye, sz\u00e1llod\u00e1ja vagy c\u00e9ge sz\u00e1m\u00e1ra. Ingyenes, helysz\u00edni tan\u00e1csad\u00e1ssal seg\u00edtj\u00fck!","og_url":"https:\/\/alexbutor.hu\/vendeglatoibutor\/katalogusok\/","og_site_name":"Vend\u00e9gl\u00e1t\u00f3i b\u00fator","article_modified_time":"2024-09-26T04:38:50+00:00","twitter_card":"summary_large_image","schema":{"@context":"https:\/\/schema.org","@graph":[{"@type":"WebPage","@id":"https:\/\/alexbutor.hu\/vendeglatoibutor\/katalogusok\/","url":"https:\/\/alexbutor.hu\/vendeglatoibutor\/katalogusok\/","name":"Katal\u00f3gusok - Vend\u00e9gl\u00e1t\u00f3i b\u00fator","isPartOf":{"@id":"https:\/\/alexbutor.hu\/vendeglatoibutor\/#website"},"datePublished":"2016-06-08T07:58:17+00:00","dateModified":"2024-09-26T04:38:50+00:00","description":"Lapozza \u00e1t b\u00fatorkatal\u00f3gusainkat \u00e9s k\u00e9rjen szem\u00e9lyre szabott aj\u00e1nlatot vend\u00e9gl\u00e1t\u00f3helye, sz\u00e1llod\u00e1ja vagy c\u00e9ge sz\u00e1m\u00e1ra. Ingyenes, helysz\u00edni tan\u00e1csad\u00e1ssal seg\u00edtj\u00fck!","breadcrumb":{"@id":"https:\/\/alexbutor.hu\/vendeglatoibutor\/katalogusok\/#breadcrumb"},"inLanguage":"hu","potentialAction":[{"@type":"ReadAction","target":["https:\/\/alexbutor.hu\/vendeglatoibutor\/katalogusok\/"]}]},{"@type":"BreadcrumbList","@id":"https:\/\/alexbutor.hu\/vendeglatoibutor\/katalogusok\/#breadcrumb","itemListElement":[{"@type":"ListItem","position":1,"name":"Home","item":"https:\/\/alexbutor.hu\/vendeglatoibutor\/"},{"@type":"ListItem","position":2,"name":"Katal\u00f3gusok"}]},{"@type":"WebSite","@id":"https:\/\/alexbutor.hu\/vendeglatoibutor\/#website","url":"https:\/\/alexbutor.hu\/vendeglatoibutor\/","name":"Vend\u00e9gl\u00e1t\u00f3i b\u00fator","description":"Minden t\u00e9rben megold\u00e1s","potentialAction":[{"@type":"SearchAction","target":{"@type":"EntryPoint","urlTemplate":"https:\/\/alexbutor.hu\/vendeglatoibutor\/?s={search_term_string}"},"query-input":{"@type":"PropertyValueSpecification","valueRequired":true,"valueName":"search_term_string"}}],"inLanguage":"hu"}]}},"_links":{"self":[{"href":"https:\/\/alexbutor.hu\/vendeglatoibutor\/wp-json\/wp\/v2\/pages\/13"}],"collection":[{"href":"https:\/\/alexbutor.hu\/vendeglatoibutor\/wp-json\/wp\/v2\/pages"}],"about":[{"href":"https:\/\/alexbutor.hu\/vendeglatoibutor\/wp-json\/wp\/v2\/types\/page"}],"author":[{"embeddable":true,"href":"https:\/\/alexbutor.hu\/vendeglatoibutor\/wp-json\/wp\/v2\/users\/3"}],"replies":[{"embeddable":true,"href":"https:\/\/alexbutor.hu\/vendeglatoibutor\/wp-json\/wp\/v2\/comments?post=13"}],"version-history":[{"count":4,"href":"https:\/\/alexbutor.hu\/vendeglatoibutor\/wp-json\/wp\/v2\/pages\/13\/revisions"}],"predecessor-version":[{"id":159794,"href":"https:\/\/alexbutor.hu\/vendeglatoibutor\/wp-json\/wp\/v2\/pages\/13\/revisions\/159794"}],"wp:attachment":[{"href":"https:\/\/alexbutor.hu\/vendeglatoibutor\/wp-json\/wp\/v2\/media?parent=13"}],"curies":[{"name":"wp","href":"https:\/\/api.w.org\/{rel}","templated":true}]}}