{"id":166604,"date":"2025-03-25T07:03:52","date_gmt":"2025-03-25T06:03:52","guid":{"rendered":"https:\/\/alexbutor.hu\/vendeglatoibutor\/?page_id=166604"},"modified":"2025-03-25T07:08:11","modified_gmt":"2025-03-25T06:08:11","slug":"raktaron","status":"publish","type":"page","link":"https:\/\/alexbutor.hu\/vendeglatoibutor\/raktaron\/","title":{"rendered":"RAKT\u00c1RON"},"content":{"rendered":"<div class=\"row \">\n<div class=\"span4 \"><a href=\"https:\/\/alexbutor.hu\/vendeglatoibutor\/bankettbutor-keszletrol\/\"><img loading=\"lazy\" decoding=\"async\" src=\"https:\/\/alexbutor.hu\/vendeglatoibutor\/wp-content\/uploads\/2025\/03\/K6-konferencia-terem-v01_1600px.webp\" alt=\"\" width=\"800\" height=\"550\" class=\"alignleft size-full wp-image-166607\" srcset=\"https:\/\/alexbutor.hu\/vendeglatoibutor\/wp-content\/uploads\/2025\/03\/K6-konferencia-terem-v01_1600px.webp 800w, https:\/\/alexbutor.hu\/vendeglatoibutor\/wp-content\/uploads\/2025\/03\/K6-konferencia-terem-v01_1600px-300x206.webp 300w, https:\/\/alexbutor.hu\/vendeglatoibutor\/wp-content\/uploads\/2025\/03\/K6-konferencia-terem-v01_1600px-768x528.webp 768w, https:\/\/alexbutor.hu\/vendeglatoibutor\/wp-content\/uploads\/2025\/03\/K6-konferencia-terem-v01_1600px-364x250.webp 364w, https:\/\/alexbutor.hu\/vendeglatoibutor\/wp-content\/uploads\/2025\/03\/K6-konferencia-terem-v01_1600px-727x500.webp 727w\" sizes=\"(max-width: 800px) 100vw, 800px\" \/><\/a><br \/>\n<a href=\"https:\/\/alexbutor.hu\/vendeglatoibutor\/bankettbutor-keszletrol\/\"><\/p>\n<h3>Bankettb\u00fator<\/h3>\n<p><\/a><br \/><\/div>\n<div class=\"span4 \"><a href=\"https:\/\/alexbutor.hu\/vendeglatoibutor\/vendeglatoi-butor-keszletrol\/\"><img loading=\"lazy\" decoding=\"async\" src=\"https:\/\/alexbutor.hu\/vendeglatoibutor\/wp-content\/uploads\/2025\/03\/Lunda_interior_R0-1600px.webp\" alt=\"\" width=\"800\" height=\"550\" class=\"alignleft size-full wp-image-166608\" srcset=\"https:\/\/alexbutor.hu\/vendeglatoibutor\/wp-content\/uploads\/2025\/03\/Lunda_interior_R0-1600px.webp 800w, https:\/\/alexbutor.hu\/vendeglatoibutor\/wp-content\/uploads\/2025\/03\/Lunda_interior_R0-1600px-300x206.webp 300w, https:\/\/alexbutor.hu\/vendeglatoibutor\/wp-content\/uploads\/2025\/03\/Lunda_interior_R0-1600px-768x528.webp 768w, https:\/\/alexbutor.hu\/vendeglatoibutor\/wp-content\/uploads\/2025\/03\/Lunda_interior_R0-1600px-364x250.webp 364w, https:\/\/alexbutor.hu\/vendeglatoibutor\/wp-content\/uploads\/2025\/03\/Lunda_interior_R0-1600px-727x500.webp 727w\" sizes=\"(max-width: 800px) 100vw, 800px\" \/><\/a><br \/>\n<a href=\"https:\/\/alexbutor.hu\/vendeglatoibutor\/vendeglatoi-butor-keszletrol\/\"><\/p>\n<h3>Vend\u00e9gl\u00e1t\u00f3i b\u00fator<\/h3>\n<p><\/a><br \/><\/div>\n<div class=\"span4 \"><a href=\"https:\/\/alexbutor.hu\/vendeglatoibutor\/kulteri-butor-keszletrol\/\"><img loading=\"lazy\" decoding=\"async\" src=\"https:\/\/alexbutor.hu\/vendeglatoibutor\/wp-content\/uploads\/2025\/03\/Nardi_chairs_NET_views2_LR.webp\" alt=\"\" width=\"800\" height=\"550\" class=\"alignleft size-full wp-image-166609\" srcset=\"https:\/\/alexbutor.hu\/vendeglatoibutor\/wp-content\/uploads\/2025\/03\/Nardi_chairs_NET_views2_LR.webp 800w, https:\/\/alexbutor.hu\/vendeglatoibutor\/wp-content\/uploads\/2025\/03\/Nardi_chairs_NET_views2_LR-300x206.webp 300w, https:\/\/alexbutor.hu\/vendeglatoibutor\/wp-content\/uploads\/2025\/03\/Nardi_chairs_NET_views2_LR-768x528.webp 768w, https:\/\/alexbutor.hu\/vendeglatoibutor\/wp-content\/uploads\/2025\/03\/Nardi_chairs_NET_views2_LR-364x250.webp 364w, https:\/\/alexbutor.hu\/vendeglatoibutor\/wp-content\/uploads\/2025\/03\/Nardi_chairs_NET_views2_LR-727x500.webp 727w\" sizes=\"(max-width: 800px) 100vw, 800px\" \/><\/a><br \/>\n<a href=\"https:\/\/alexbutor.hu\/vendeglatoibutor\/kulteri-butor-keszletrol\/\"><\/p>\n<h3>Kerti b\u00fator<\/h3>\n<p><\/a><br \/><\/div>\n<\/div><!-- .row (end) -->\n","protected":false},"excerpt":{"rendered":"","protected":false},"author":3,"featured_media":166597,"parent":0,"menu_order":0,"comment_status":"closed","ping_status":"closed","template":"page-fullwidth.php","meta":{"footnotes":""},"class_list":["post-166604","page","type-page","status-publish","has-post-thumbnail","hentry"],"yoast_head":"<!-- This site is optimized with the Yoast SEO plugin v23.5 - https:\/\/yoast.com\/wordpress\/plugins\/seo\/ -->\n<title>RAKT\u00c1RON - Vend\u00e9gl\u00e1t\u00f3i b\u00fator<\/title>\n<meta name=\"robots\" content=\"index, follow, max-snippet:-1, max-image-preview:large, max-video-preview:-1\" \/>\n<link rel=\"canonical\" href=\"https:\/\/alexbutor.hu\/vendeglatoibutor\/raktaron\/\" \/>\n<meta property=\"og:locale\" content=\"hu_HU\" \/>\n<meta property=\"og:type\" content=\"article\" \/>\n<meta property=\"og:title\" content=\"RAKT\u00c1RON - Vend\u00e9gl\u00e1t\u00f3i b\u00fator\" \/>\n<meta property=\"og:url\" content=\"https:\/\/alexbutor.hu\/vendeglatoibutor\/raktaron\/\" \/>\n<meta property=\"og:site_name\" content=\"Vend\u00e9gl\u00e1t\u00f3i b\u00fator\" \/>\n<meta property=\"article:modified_time\" content=\"2025-03-25T06:08:11+00:00\" \/>\n<meta property=\"og:image\" content=\"https:\/\/alexbutor.hu\/vendeglatoibutor\/wp-content\/uploads\/2025\/03\/K6-konferencia-terem-v01_1600px.jpg\" \/>\n\t<meta property=\"og:image:width\" content=\"1600\" \/>\n\t<meta property=\"og:image:height\" content=\"1200\" \/>\n\t<meta property=\"og:image:type\" content=\"image\/jpeg\" \/>\n<meta name=\"twitter:card\" content=\"summary_large_image\" \/>\n<meta name=\"twitter:label1\" content=\"Becs\u00fclt olvas\u00e1si id\u0151\" \/>\n\t<meta name=\"twitter:data1\" content=\"1 perc\" \/>\n<script type=\"application\/ld+json\" class=\"yoast-schema-graph\">{\"@context\":\"https:\/\/schema.org\",\"@graph\":[{\"@type\":\"WebPage\",\"@id\":\"https:\/\/alexbutor.hu\/vendeglatoibutor\/raktaron\/\",\"url\":\"https:\/\/alexbutor.hu\/vendeglatoibutor\/raktaron\/\",\"name\":\"RAKT\u00c1RON - Vend\u00e9gl\u00e1t\u00f3i b\u00fator\",\"isPartOf\":{\"@id\":\"https:\/\/alexbutor.hu\/vendeglatoibutor\/#website\"},\"primaryImageOfPage\":{\"@id\":\"https:\/\/alexbutor.hu\/vendeglatoibutor\/raktaron\/#primaryimage\"},\"image\":{\"@id\":\"https:\/\/alexbutor.hu\/vendeglatoibutor\/raktaron\/#primaryimage\"},\"thumbnailUrl\":\"https:\/\/alexbutor.hu\/vendeglatoibutor\/wp-content\/uploads\/2025\/03\/K6-konferencia-terem-v01_1600px.jpg\",\"datePublished\":\"2025-03-25T06:03:52+00:00\",\"dateModified\":\"2025-03-25T06:08:11+00:00\",\"breadcrumb\":{\"@id\":\"https:\/\/alexbutor.hu\/vendeglatoibutor\/raktaron\/#breadcrumb\"},\"inLanguage\":\"hu\",\"potentialAction\":[{\"@type\":\"ReadAction\",\"target\":[\"https:\/\/alexbutor.hu\/vendeglatoibutor\/raktaron\/\"]}]},{\"@type\":\"ImageObject\",\"inLanguage\":\"hu\",\"@id\":\"https:\/\/alexbutor.hu\/vendeglatoibutor\/raktaron\/#primaryimage\",\"url\":\"https:\/\/alexbutor.hu\/vendeglatoibutor\/wp-content\/uploads\/2025\/03\/K6-konferencia-terem-v01_1600px.jpg\",\"contentUrl\":\"https:\/\/alexbutor.hu\/vendeglatoibutor\/wp-content\/uploads\/2025\/03\/K6-konferencia-terem-v01_1600px.jpg\",\"width\":1600,\"height\":1200},{\"@type\":\"BreadcrumbList\",\"@id\":\"https:\/\/alexbutor.hu\/vendeglatoibutor\/raktaron\/#breadcrumb\",\"itemListElement\":[{\"@type\":\"ListItem\",\"position\":1,\"name\":\"Home\",\"item\":\"https:\/\/alexbutor.hu\/vendeglatoibutor\/\"},{\"@type\":\"ListItem\",\"position\":2,\"name\":\"RAKT\u00c1RON\"}]},{\"@type\":\"WebSite\",\"@id\":\"https:\/\/alexbutor.hu\/vendeglatoibutor\/#website\",\"url\":\"https:\/\/alexbutor.hu\/vendeglatoibutor\/\",\"name\":\"Vend\u00e9gl\u00e1t\u00f3i b\u00fator\",\"description\":\"Minden t\u00e9rben megold\u00e1s\",\"potentialAction\":[{\"@type\":\"SearchAction\",\"target\":{\"@type\":\"EntryPoint\",\"urlTemplate\":\"https:\/\/alexbutor.hu\/vendeglatoibutor\/?s={search_term_string}\"},\"query-input\":{\"@type\":\"PropertyValueSpecification\",\"valueRequired\":true,\"valueName\":\"search_term_string\"}}],\"inLanguage\":\"hu\"}]}<\/script>\n<!-- \/ Yoast SEO plugin. -->","yoast_head_json":{"title":"RAKT\u00c1RON - Vend\u00e9gl\u00e1t\u00f3i b\u00fator","robots":{"index":"index","follow":"follow","max-snippet":"max-snippet:-1","max-image-preview":"max-image-preview:large","max-video-preview":"max-video-preview:-1"},"canonical":"https:\/\/alexbutor.hu\/vendeglatoibutor\/raktaron\/","og_locale":"hu_HU","og_type":"article","og_title":"RAKT\u00c1RON - Vend\u00e9gl\u00e1t\u00f3i b\u00fator","og_url":"https:\/\/alexbutor.hu\/vendeglatoibutor\/raktaron\/","og_site_name":"Vend\u00e9gl\u00e1t\u00f3i b\u00fator","article_modified_time":"2025-03-25T06:08:11+00:00","og_image":[{"width":1600,"height":1200,"url":"https:\/\/alexbutor.hu\/vendeglatoibutor\/wp-content\/uploads\/2025\/03\/K6-konferencia-terem-v01_1600px.jpg","type":"image\/jpeg"}],"twitter_card":"summary_large_image","twitter_misc":{"Becs\u00fclt olvas\u00e1si id\u0151":"1 perc"},"schema":{"@context":"https:\/\/schema.org","@graph":[{"@type":"WebPage","@id":"https:\/\/alexbutor.hu\/vendeglatoibutor\/raktaron\/","url":"https:\/\/alexbutor.hu\/vendeglatoibutor\/raktaron\/","name":"RAKT\u00c1RON - Vend\u00e9gl\u00e1t\u00f3i b\u00fator","isPartOf":{"@id":"https:\/\/alexbutor.hu\/vendeglatoibutor\/#website"},"primaryImageOfPage":{"@id":"https:\/\/alexbutor.hu\/vendeglatoibutor\/raktaron\/#primaryimage"},"image":{"@id":"https:\/\/alexbutor.hu\/vendeglatoibutor\/raktaron\/#primaryimage"},"thumbnailUrl":"https:\/\/alexbutor.hu\/vendeglatoibutor\/wp-content\/uploads\/2025\/03\/K6-konferencia-terem-v01_1600px.jpg","datePublished":"2025-03-25T06:03:52+00:00","dateModified":"2025-03-25T06:08:11+00:00","breadcrumb":{"@id":"https:\/\/alexbutor.hu\/vendeglatoibutor\/raktaron\/#breadcrumb"},"inLanguage":"hu","potentialAction":[{"@type":"ReadAction","target":["https:\/\/alexbutor.hu\/vendeglatoibutor\/raktaron\/"]}]},{"@type":"ImageObject","inLanguage":"hu","@id":"https:\/\/alexbutor.hu\/vendeglatoibutor\/raktaron\/#primaryimage","url":"https:\/\/alexbutor.hu\/vendeglatoibutor\/wp-content\/uploads\/2025\/03\/K6-konferencia-terem-v01_1600px.jpg","contentUrl":"https:\/\/alexbutor.hu\/vendeglatoibutor\/wp-content\/uploads\/2025\/03\/K6-konferencia-terem-v01_1600px.jpg","width":1600,"height":1200},{"@type":"BreadcrumbList","@id":"https:\/\/alexbutor.hu\/vendeglatoibutor\/raktaron\/#breadcrumb","itemListElement":[{"@type":"ListItem","position":1,"name":"Home","item":"https:\/\/alexbutor.hu\/vendeglatoibutor\/"},{"@type":"ListItem","position":2,"name":"RAKT\u00c1RON"}]},{"@type":"WebSite","@id":"https:\/\/alexbutor.hu\/vendeglatoibutor\/#website","url":"https:\/\/alexbutor.hu\/vendeglatoibutor\/","name":"Vend\u00e9gl\u00e1t\u00f3i b\u00fator","description":"Minden t\u00e9rben megold\u00e1s","potentialAction":[{"@type":"SearchAction","target":{"@type":"EntryPoint","urlTemplate":"https:\/\/alexbutor.hu\/vendeglatoibutor\/?s={search_term_string}"},"query-input":{"@type":"PropertyValueSpecification","valueRequired":true,"valueName":"search_term_string"}}],"inLanguage":"hu"}]}},"_links":{"self":[{"href":"https:\/\/alexbutor.hu\/vendeglatoibutor\/wp-json\/wp\/v2\/pages\/166604"}],"collection":[{"href":"https:\/\/alexbutor.hu\/vendeglatoibutor\/wp-json\/wp\/v2\/pages"}],"about":[{"href":"https:\/\/alexbutor.hu\/vendeglatoibutor\/wp-json\/wp\/v2\/types\/page"}],"author":[{"embeddable":true,"href":"https:\/\/alexbutor.hu\/vendeglatoibutor\/wp-json\/wp\/v2\/users\/3"}],"replies":[{"embeddable":true,"href":"https:\/\/alexbutor.hu\/vendeglatoibutor\/wp-json\/wp\/v2\/comments?post=166604"}],"version-history":[{"count":5,"href":"https:\/\/alexbutor.hu\/vendeglatoibutor\/wp-json\/wp\/v2\/pages\/166604\/revisions"}],"predecessor-version":[{"id":166612,"href":"https:\/\/alexbutor.hu\/vendeglatoibutor\/wp-json\/wp\/v2\/pages\/166604\/revisions\/166612"}],"wp:featuredmedia":[{"embeddable":true,"href":"https:\/\/alexbutor.hu\/vendeglatoibutor\/wp-json\/wp\/v2\/media\/166597"}],"wp:attachment":[{"href":"https:\/\/alexbutor.hu\/vendeglatoibutor\/wp-json\/wp\/v2\/media?parent=166604"}],"curies":[{"name":"wp","href":"https:\/\/api.w.org\/{rel}","templated":true}]}}