{"id":26848,"date":"2016-10-25T10:52:01","date_gmt":"2016-10-25T10:52:01","guid":{"rendered":"http:\/\/alexbutor.hu\/vendeglatoibutor\/?page_id=26848"},"modified":"2016-10-25T10:52:01","modified_gmt":"2016-10-25T10:52:01","slug":"muanyag-kerti-butorok","status":"publish","type":"page","link":"https:\/\/alexbutor.hu\/vendeglatoibutor\/muanyag-kerti-butorok\/","title":{"rendered":"M\u0171anyag kerti b\u00fatorok"},"content":{"rendered":"","protected":false},"excerpt":{"rendered":"","protected":false},"author":3,"featured_media":0,"parent":0,"menu_order":0,"comment_status":"closed","ping_status":"closed","template":"page-Portfolio4Cols-filterable.php","meta":{"footnotes":""},"class_list":["post-26848","page","type-page","status-publish","hentry"],"yoast_head":"<!-- This site is optimized with the Yoast SEO plugin v23.5 - https:\/\/yoast.com\/wordpress\/plugins\/seo\/ -->\n<title>M\u0171anyag kerti b\u00fatorok - Vend\u00e9gl\u00e1t\u00f3i b\u00fator<\/title>\n<meta name=\"robots\" content=\"index, follow, max-snippet:-1, max-image-preview:large, max-video-preview:-1\" \/>\n<link rel=\"canonical\" href=\"https:\/\/alexbutor.hu\/vendeglatoibutor\/muanyag-kerti-butorok\/\" \/>\n<meta property=\"og:locale\" content=\"hu_HU\" \/>\n<meta property=\"og:type\" content=\"article\" \/>\n<meta property=\"og:title\" content=\"M\u0171anyag kerti b\u00fatorok - Vend\u00e9gl\u00e1t\u00f3i b\u00fator\" \/>\n<meta property=\"og:url\" content=\"https:\/\/alexbutor.hu\/vendeglatoibutor\/muanyag-kerti-butorok\/\" \/>\n<meta property=\"og:site_name\" content=\"Vend\u00e9gl\u00e1t\u00f3i b\u00fator\" \/>\n<meta name=\"twitter:card\" content=\"summary_large_image\" \/>\n<script type=\"application\/ld+json\" class=\"yoast-schema-graph\">{\"@context\":\"https:\/\/schema.org\",\"@graph\":[{\"@type\":\"WebPage\",\"@id\":\"https:\/\/alexbutor.hu\/vendeglatoibutor\/muanyag-kerti-butorok\/\",\"url\":\"https:\/\/alexbutor.hu\/vendeglatoibutor\/muanyag-kerti-butorok\/\",\"name\":\"M\u0171anyag kerti b\u00fatorok - Vend\u00e9gl\u00e1t\u00f3i b\u00fator\",\"isPartOf\":{\"@id\":\"https:\/\/alexbutor.hu\/vendeglatoibutor\/#website\"},\"datePublished\":\"2016-10-25T10:52:01+00:00\",\"dateModified\":\"2016-10-25T10:52:01+00:00\",\"breadcrumb\":{\"@id\":\"https:\/\/alexbutor.hu\/vendeglatoibutor\/muanyag-kerti-butorok\/#breadcrumb\"},\"inLanguage\":\"hu\",\"potentialAction\":[{\"@type\":\"ReadAction\",\"target\":[\"https:\/\/alexbutor.hu\/vendeglatoibutor\/muanyag-kerti-butorok\/\"]}]},{\"@type\":\"BreadcrumbList\",\"@id\":\"https:\/\/alexbutor.hu\/vendeglatoibutor\/muanyag-kerti-butorok\/#breadcrumb\",\"itemListElement\":[{\"@type\":\"ListItem\",\"position\":1,\"name\":\"Home\",\"item\":\"https:\/\/alexbutor.hu\/vendeglatoibutor\/\"},{\"@type\":\"ListItem\",\"position\":2,\"name\":\"M\u0171anyag kerti b\u00fatorok\"}]},{\"@type\":\"WebSite\",\"@id\":\"https:\/\/alexbutor.hu\/vendeglatoibutor\/#website\",\"url\":\"https:\/\/alexbutor.hu\/vendeglatoibutor\/\",\"name\":\"Vend\u00e9gl\u00e1t\u00f3i b\u00fator\",\"description\":\"Minden t\u00e9rben megold\u00e1s\",\"potentialAction\":[{\"@type\":\"SearchAction\",\"target\":{\"@type\":\"EntryPoint\",\"urlTemplate\":\"https:\/\/alexbutor.hu\/vendeglatoibutor\/?s={search_term_string}\"},\"query-input\":{\"@type\":\"PropertyValueSpecification\",\"valueRequired\":true,\"valueName\":\"search_term_string\"}}],\"inLanguage\":\"hu\"}]}<\/script>\n<!-- \/ Yoast SEO plugin. -->","yoast_head_json":{"title":"M\u0171anyag kerti b\u00fatorok - Vend\u00e9gl\u00e1t\u00f3i b\u00fator","robots":{"index":"index","follow":"follow","max-snippet":"max-snippet:-1","max-image-preview":"max-image-preview:large","max-video-preview":"max-video-preview:-1"},"canonical":"https:\/\/alexbutor.hu\/vendeglatoibutor\/muanyag-kerti-butorok\/","og_locale":"hu_HU","og_type":"article","og_title":"M\u0171anyag kerti b\u00fatorok - Vend\u00e9gl\u00e1t\u00f3i b\u00fator","og_url":"https:\/\/alexbutor.hu\/vendeglatoibutor\/muanyag-kerti-butorok\/","og_site_name":"Vend\u00e9gl\u00e1t\u00f3i b\u00fator","twitter_card":"summary_large_image","schema":{"@context":"https:\/\/schema.org","@graph":[{"@type":"WebPage","@id":"https:\/\/alexbutor.hu\/vendeglatoibutor\/muanyag-kerti-butorok\/","url":"https:\/\/alexbutor.hu\/vendeglatoibutor\/muanyag-kerti-butorok\/","name":"M\u0171anyag kerti b\u00fatorok - Vend\u00e9gl\u00e1t\u00f3i b\u00fator","isPartOf":{"@id":"https:\/\/alexbutor.hu\/vendeglatoibutor\/#website"},"datePublished":"2016-10-25T10:52:01+00:00","dateModified":"2016-10-25T10:52:01+00:00","breadcrumb":{"@id":"https:\/\/alexbutor.hu\/vendeglatoibutor\/muanyag-kerti-butorok\/#breadcrumb"},"inLanguage":"hu","potentialAction":[{"@type":"ReadAction","target":["https:\/\/alexbutor.hu\/vendeglatoibutor\/muanyag-kerti-butorok\/"]}]},{"@type":"BreadcrumbList","@id":"https:\/\/alexbutor.hu\/vendeglatoibutor\/muanyag-kerti-butorok\/#breadcrumb","itemListElement":[{"@type":"ListItem","position":1,"name":"Home","item":"https:\/\/alexbutor.hu\/vendeglatoibutor\/"},{"@type":"ListItem","position":2,"name":"M\u0171anyag kerti b\u00fatorok"}]},{"@type":"WebSite","@id":"https:\/\/alexbutor.hu\/vendeglatoibutor\/#website","url":"https:\/\/alexbutor.hu\/vendeglatoibutor\/","name":"Vend\u00e9gl\u00e1t\u00f3i b\u00fator","description":"Minden t\u00e9rben megold\u00e1s","potentialAction":[{"@type":"SearchAction","target":{"@type":"EntryPoint","urlTemplate":"https:\/\/alexbutor.hu\/vendeglatoibutor\/?s={search_term_string}"},"query-input":{"@type":"PropertyValueSpecification","valueRequired":true,"valueName":"search_term_string"}}],"inLanguage":"hu"}]}},"_links":{"self":[{"href":"https:\/\/alexbutor.hu\/vendeglatoibutor\/wp-json\/wp\/v2\/pages\/26848"}],"collection":[{"href":"https:\/\/alexbutor.hu\/vendeglatoibutor\/wp-json\/wp\/v2\/pages"}],"about":[{"href":"https:\/\/alexbutor.hu\/vendeglatoibutor\/wp-json\/wp\/v2\/types\/page"}],"author":[{"embeddable":true,"href":"https:\/\/alexbutor.hu\/vendeglatoibutor\/wp-json\/wp\/v2\/users\/3"}],"replies":[{"embeddable":true,"href":"https:\/\/alexbutor.hu\/vendeglatoibutor\/wp-json\/wp\/v2\/comments?post=26848"}],"version-history":[{"count":0,"href":"https:\/\/alexbutor.hu\/vendeglatoibutor\/wp-json\/wp\/v2\/pages\/26848\/revisions"}],"wp:attachment":[{"href":"https:\/\/alexbutor.hu\/vendeglatoibutor\/wp-json\/wp\/v2\/media?parent=26848"}],"curies":[{"name":"wp","href":"https:\/\/api.w.org\/{rel}","templated":true}]}}