{"id":3647,"date":"2016-07-07T09:21:59","date_gmt":"2016-07-07T09:21:59","guid":{"rendered":"http:\/\/alexbutor.hu\/vendeglatoibutor\/?page_id=3647"},"modified":"2024-08-01T16:08:22","modified_gmt":"2024-08-01T15:08:22","slug":"kompaktlemez-asztallap","status":"publish","type":"page","link":"https:\/\/alexbutor.hu\/vendeglatoibutor\/kategoriak\/vendeglatoi-butor\/asztallap\/kompaktlemez-asztallap\/","title":{"rendered":"Kompaktlemez asztallap"},"content":{"rendered":"<p>A Kompaktlemez duroplasztikus anyag, mely val\u00f3j\u00e1ban melamin gyant\u00e1val \u00e1titatott cellul\u00f3z rostokb\u00f3l \u00e1ll, melyeket magas h\u0151m\u00e9rs\u00e9kleten \u00e9s nagy nyom\u00e1ssal pr\u00e9selnek homog\u00e9n anyagg\u00e1. A kompaktlemez munkafel\u00fcletek a melamin gyanta alapanyag miatt val\u00f3ban j\u00f3 vegyi \u00e9s h\u0151\u00e1ll\u00f3s\u00e1g\u00faak, a gy\u00e1rt\u00e1stechnol\u00f3gia r\u00e9v\u00e9n j\u00f3 kop\u00e1s\u00e1ll\u00f3s\u00e1g\u00faak \u00e9s nehezen gy\u00fal\u00e9konyak, a hordoz\u00f3 celluloid sz\u00e1lszerkezet r\u00e9v\u00e9n kem\u00e9nyek \u00e9s nem reped\u00e9s\u00e9rz\u00e9kenyek, fel\u00fclet\u00fck t\u00f6m\u00f6r \u00e9s karc\u00e1ll\u00f3. Mindezek mellett a legeleg\u00e1nsabb eszt\u00e9tikai megjelen\u00e9st is k\u00e9pesek biztos\u00edtani. Ide\u00e1lis fel\u00fcletet biztos\u00edtanak a tanul\u00f3asztaloknak, munka- \u00e9s \u00e9tkez\u0151asztaloknak.<\/p>\n","protected":false},"excerpt":{"rendered":"<p>A Kompaktlemez duroplasztikus anyag, mely val\u00f3j\u00e1ban melamin gyant\u00e1val \u00e1titatott cellul\u00f3z rostokb\u00f3l \u00e1ll, melyeket magas h\u0151m\u00e9rs\u00e9kleten \u00e9s nagy nyom\u00e1ssal pr\u00e9selnek homog\u00e9n anyagg\u00e1. A kompaktlemez munkafel\u00fcletek a melamin gyanta alapanyag miatt val\u00f3ban j\u00f3 vegyi \u00e9s h\u0151\u00e1ll\u00f3s\u00e1g\u00faak, a gy\u00e1rt\u00e1stechnol\u00f3gia r\u00e9v\u00e9n j\u00f3 kop\u00e1s\u00e1ll\u00f3s\u00e1g\u00faak \u00e9s nehezen gy\u00fal\u00e9konyak, a hordoz\u00f3 celluloid sz\u00e1lszerkezet r\u00e9v\u00e9n kem\u00e9nyek \u00e9s nem reped\u00e9s\u00e9rz\u00e9kenyek, fel\u00fclet\u00fck t\u00f6m\u00f6r \u00e9s karc\u00e1ll\u00f3. Mindezek mellett a legeleg\u00e1nsabb eszt\u00e9tikai&nbsp;<a href=\"https:\/\/alexbutor.hu\/vendeglatoibutor\/kategoriak\/vendeglatoi-butor\/asztallap\/kompaktlemez-asztallap\/\" class=\"read-more\">...<\/a><\/p>\n","protected":false},"author":3,"featured_media":154531,"parent":672,"menu_order":0,"comment_status":"closed","ping_status":"closed","template":"page-asztallap-2.php","meta":{"footnotes":""},"class_list":["post-3647","page","type-page","status-publish","has-post-thumbnail","hentry"],"yoast_head":"<!-- This site is optimized with the Yoast SEO plugin v23.5 - https:\/\/yoast.com\/wordpress\/plugins\/seo\/ -->\n<title>Kompaktlemez asztallap - Vend\u00e9gl\u00e1t\u00f3i b\u00fator<\/title>\n<meta name=\"description\" content=\"A kompaktlemez asztallap nagyon magas s\u0171r\u0171s\u00e9g\u00e9nek k\u00f6sz\u00f6nhet\u0151en j\u00f3 \u00fct\u00e9s\u00e1ll\u00f3, karc\u00e1ll\u00f3, t\u0171z\u00e1ll\u00f3, v\u00edz\u00e1ll\u00f3, \u00e9s j\u00f3l tiszt\u00edthat\u00f3. K\u00e9rje aj\u00e1nlatunkat!\" \/>\n<meta name=\"robots\" content=\"index, follow, max-snippet:-1, max-image-preview:large, max-video-preview:-1\" \/>\n<link rel=\"canonical\" href=\"https:\/\/alexbutor.hu\/vendeglatoibutor\/kategoriak\/vendeglatoi-butor\/asztallap\/kompaktlemez-asztallap\/\" \/>\n<meta property=\"og:locale\" content=\"hu_HU\" \/>\n<meta property=\"og:type\" content=\"article\" \/>\n<meta property=\"og:title\" content=\"Kompaktlemez asztallap - Vend\u00e9gl\u00e1t\u00f3i b\u00fator\" \/>\n<meta property=\"og:description\" content=\"A kompaktlemez asztallap nagyon magas s\u0171r\u0171s\u00e9g\u00e9nek k\u00f6sz\u00f6nhet\u0151en j\u00f3 \u00fct\u00e9s\u00e1ll\u00f3, karc\u00e1ll\u00f3, t\u0171z\u00e1ll\u00f3, v\u00edz\u00e1ll\u00f3, \u00e9s j\u00f3l tiszt\u00edthat\u00f3. K\u00e9rje aj\u00e1nlatunkat!\" \/>\n<meta property=\"og:url\" content=\"https:\/\/alexbutor.hu\/vendeglatoibutor\/kategoriak\/vendeglatoi-butor\/asztallap\/kompaktlemez-asztallap\/\" \/>\n<meta property=\"og:site_name\" content=\"Vend\u00e9gl\u00e1t\u00f3i b\u00fator\" \/>\n<meta property=\"article:modified_time\" content=\"2024-08-01T15:08:22+00:00\" \/>\n<meta property=\"og:image\" content=\"https:\/\/alexbutor.hu\/vendeglatoibutor\/wp-content\/uploads\/2024\/07\/KAT357-asztallap-kompaktlemez-hpl-B.jpg\" \/>\n\t<meta property=\"og:image:width\" content=\"800\" \/>\n\t<meta property=\"og:image:height\" content=\"560\" \/>\n\t<meta property=\"og:image:type\" content=\"image\/jpeg\" \/>\n<meta name=\"twitter:card\" content=\"summary_large_image\" \/>\n<meta name=\"twitter:label1\" content=\"Becs\u00fclt olvas\u00e1si id\u0151\" \/>\n\t<meta name=\"twitter:data1\" content=\"1 perc\" \/>\n<script type=\"application\/ld+json\" class=\"yoast-schema-graph\">{\"@context\":\"https:\/\/schema.org\",\"@graph\":[{\"@type\":\"WebPage\",\"@id\":\"https:\/\/alexbutor.hu\/vendeglatoibutor\/kategoriak\/vendeglatoi-butor\/asztallap\/kompaktlemez-asztallap\/\",\"url\":\"https:\/\/alexbutor.hu\/vendeglatoibutor\/kategoriak\/vendeglatoi-butor\/asztallap\/kompaktlemez-asztallap\/\",\"name\":\"Kompaktlemez asztallap - Vend\u00e9gl\u00e1t\u00f3i b\u00fator\",\"isPartOf\":{\"@id\":\"https:\/\/alexbutor.hu\/vendeglatoibutor\/#website\"},\"primaryImageOfPage\":{\"@id\":\"https:\/\/alexbutor.hu\/vendeglatoibutor\/kategoriak\/vendeglatoi-butor\/asztallap\/kompaktlemez-asztallap\/#primaryimage\"},\"image\":{\"@id\":\"https:\/\/alexbutor.hu\/vendeglatoibutor\/kategoriak\/vendeglatoi-butor\/asztallap\/kompaktlemez-asztallap\/#primaryimage\"},\"thumbnailUrl\":\"https:\/\/alexbutor.hu\/vendeglatoibutor\/wp-content\/uploads\/2024\/07\/KAT357-asztallap-kompaktlemez-hpl-B.jpg\",\"datePublished\":\"2016-07-07T09:21:59+00:00\",\"dateModified\":\"2024-08-01T15:08:22+00:00\",\"description\":\"A kompaktlemez asztallap nagyon magas s\u0171r\u0171s\u00e9g\u00e9nek k\u00f6sz\u00f6nhet\u0151en j\u00f3 \u00fct\u00e9s\u00e1ll\u00f3, karc\u00e1ll\u00f3, t\u0171z\u00e1ll\u00f3, v\u00edz\u00e1ll\u00f3, \u00e9s j\u00f3l tiszt\u00edthat\u00f3. K\u00e9rje aj\u00e1nlatunkat!\",\"breadcrumb\":{\"@id\":\"https:\/\/alexbutor.hu\/vendeglatoibutor\/kategoriak\/vendeglatoi-butor\/asztallap\/kompaktlemez-asztallap\/#breadcrumb\"},\"inLanguage\":\"hu\",\"potentialAction\":[{\"@type\":\"ReadAction\",\"target\":[\"https:\/\/alexbutor.hu\/vendeglatoibutor\/kategoriak\/vendeglatoi-butor\/asztallap\/kompaktlemez-asztallap\/\"]}]},{\"@type\":\"ImageObject\",\"inLanguage\":\"hu\",\"@id\":\"https:\/\/alexbutor.hu\/vendeglatoibutor\/kategoriak\/vendeglatoi-butor\/asztallap\/kompaktlemez-asztallap\/#primaryimage\",\"url\":\"https:\/\/alexbutor.hu\/vendeglatoibutor\/wp-content\/uploads\/2024\/07\/KAT357-asztallap-kompaktlemez-hpl-B.jpg\",\"contentUrl\":\"https:\/\/alexbutor.hu\/vendeglatoibutor\/wp-content\/uploads\/2024\/07\/KAT357-asztallap-kompaktlemez-hpl-B.jpg\",\"width\":800,\"height\":560},{\"@type\":\"BreadcrumbList\",\"@id\":\"https:\/\/alexbutor.hu\/vendeglatoibutor\/kategoriak\/vendeglatoi-butor\/asztallap\/kompaktlemez-asztallap\/#breadcrumb\",\"itemListElement\":[{\"@type\":\"ListItem\",\"position\":1,\"name\":\"Home\",\"item\":\"https:\/\/alexbutor.hu\/vendeglatoibutor\/\"},{\"@type\":\"ListItem\",\"position\":2,\"name\":\"Term\u00e9kek\",\"item\":\"https:\/\/alexbutor.hu\/vendeglatoibutor\/kategoriak\/\"},{\"@type\":\"ListItem\",\"position\":3,\"name\":\"Vend\u00e9gl\u00e1t\u00f3i b\u00fator\",\"item\":\"https:\/\/alexbutor.hu\/vendeglatoibutor\/kategoriak\/vendeglatoi-butor\/\"},{\"@type\":\"ListItem\",\"position\":4,\"name\":\"Asztallap\",\"item\":\"https:\/\/alexbutor.hu\/vendeglatoibutor\/kategoriak\/vendeglatoi-butor\/asztallap\/\"},{\"@type\":\"ListItem\",\"position\":5,\"name\":\"Kompaktlemez asztallap\"}]},{\"@type\":\"WebSite\",\"@id\":\"https:\/\/alexbutor.hu\/vendeglatoibutor\/#website\",\"url\":\"https:\/\/alexbutor.hu\/vendeglatoibutor\/\",\"name\":\"Vend\u00e9gl\u00e1t\u00f3i b\u00fator\",\"description\":\"Minden t\u00e9rben megold\u00e1s\",\"potentialAction\":[{\"@type\":\"SearchAction\",\"target\":{\"@type\":\"EntryPoint\",\"urlTemplate\":\"https:\/\/alexbutor.hu\/vendeglatoibutor\/?s={search_term_string}\"},\"query-input\":{\"@type\":\"PropertyValueSpecification\",\"valueRequired\":true,\"valueName\":\"search_term_string\"}}],\"inLanguage\":\"hu\"}]}<\/script>\n<!-- \/ Yoast SEO plugin. -->","yoast_head_json":{"title":"Kompaktlemez asztallap - Vend\u00e9gl\u00e1t\u00f3i b\u00fator","description":"A kompaktlemez asztallap nagyon magas s\u0171r\u0171s\u00e9g\u00e9nek k\u00f6sz\u00f6nhet\u0151en j\u00f3 \u00fct\u00e9s\u00e1ll\u00f3, karc\u00e1ll\u00f3, t\u0171z\u00e1ll\u00f3, v\u00edz\u00e1ll\u00f3, \u00e9s j\u00f3l tiszt\u00edthat\u00f3. K\u00e9rje aj\u00e1nlatunkat!","robots":{"index":"index","follow":"follow","max-snippet":"max-snippet:-1","max-image-preview":"max-image-preview:large","max-video-preview":"max-video-preview:-1"},"canonical":"https:\/\/alexbutor.hu\/vendeglatoibutor\/kategoriak\/vendeglatoi-butor\/asztallap\/kompaktlemez-asztallap\/","og_locale":"hu_HU","og_type":"article","og_title":"Kompaktlemez asztallap - Vend\u00e9gl\u00e1t\u00f3i b\u00fator","og_description":"A kompaktlemez asztallap nagyon magas s\u0171r\u0171s\u00e9g\u00e9nek k\u00f6sz\u00f6nhet\u0151en j\u00f3 \u00fct\u00e9s\u00e1ll\u00f3, karc\u00e1ll\u00f3, t\u0171z\u00e1ll\u00f3, v\u00edz\u00e1ll\u00f3, \u00e9s j\u00f3l tiszt\u00edthat\u00f3. K\u00e9rje aj\u00e1nlatunkat!","og_url":"https:\/\/alexbutor.hu\/vendeglatoibutor\/kategoriak\/vendeglatoi-butor\/asztallap\/kompaktlemez-asztallap\/","og_site_name":"Vend\u00e9gl\u00e1t\u00f3i b\u00fator","article_modified_time":"2024-08-01T15:08:22+00:00","og_image":[{"width":800,"height":560,"url":"https:\/\/alexbutor.hu\/vendeglatoibutor\/wp-content\/uploads\/2024\/07\/KAT357-asztallap-kompaktlemez-hpl-B.jpg","type":"image\/jpeg"}],"twitter_card":"summary_large_image","twitter_misc":{"Becs\u00fclt olvas\u00e1si id\u0151":"1 perc"},"schema":{"@context":"https:\/\/schema.org","@graph":[{"@type":"WebPage","@id":"https:\/\/alexbutor.hu\/vendeglatoibutor\/kategoriak\/vendeglatoi-butor\/asztallap\/kompaktlemez-asztallap\/","url":"https:\/\/alexbutor.hu\/vendeglatoibutor\/kategoriak\/vendeglatoi-butor\/asztallap\/kompaktlemez-asztallap\/","name":"Kompaktlemez asztallap - Vend\u00e9gl\u00e1t\u00f3i b\u00fator","isPartOf":{"@id":"https:\/\/alexbutor.hu\/vendeglatoibutor\/#website"},"primaryImageOfPage":{"@id":"https:\/\/alexbutor.hu\/vendeglatoibutor\/kategoriak\/vendeglatoi-butor\/asztallap\/kompaktlemez-asztallap\/#primaryimage"},"image":{"@id":"https:\/\/alexbutor.hu\/vendeglatoibutor\/kategoriak\/vendeglatoi-butor\/asztallap\/kompaktlemez-asztallap\/#primaryimage"},"thumbnailUrl":"https:\/\/alexbutor.hu\/vendeglatoibutor\/wp-content\/uploads\/2024\/07\/KAT357-asztallap-kompaktlemez-hpl-B.jpg","datePublished":"2016-07-07T09:21:59+00:00","dateModified":"2024-08-01T15:08:22+00:00","description":"A kompaktlemez asztallap nagyon magas s\u0171r\u0171s\u00e9g\u00e9nek k\u00f6sz\u00f6nhet\u0151en j\u00f3 \u00fct\u00e9s\u00e1ll\u00f3, karc\u00e1ll\u00f3, t\u0171z\u00e1ll\u00f3, v\u00edz\u00e1ll\u00f3, \u00e9s j\u00f3l tiszt\u00edthat\u00f3. K\u00e9rje aj\u00e1nlatunkat!","breadcrumb":{"@id":"https:\/\/alexbutor.hu\/vendeglatoibutor\/kategoriak\/vendeglatoi-butor\/asztallap\/kompaktlemez-asztallap\/#breadcrumb"},"inLanguage":"hu","potentialAction":[{"@type":"ReadAction","target":["https:\/\/alexbutor.hu\/vendeglatoibutor\/kategoriak\/vendeglatoi-butor\/asztallap\/kompaktlemez-asztallap\/"]}]},{"@type":"ImageObject","inLanguage":"hu","@id":"https:\/\/alexbutor.hu\/vendeglatoibutor\/kategoriak\/vendeglatoi-butor\/asztallap\/kompaktlemez-asztallap\/#primaryimage","url":"https:\/\/alexbutor.hu\/vendeglatoibutor\/wp-content\/uploads\/2024\/07\/KAT357-asztallap-kompaktlemez-hpl-B.jpg","contentUrl":"https:\/\/alexbutor.hu\/vendeglatoibutor\/wp-content\/uploads\/2024\/07\/KAT357-asztallap-kompaktlemez-hpl-B.jpg","width":800,"height":560},{"@type":"BreadcrumbList","@id":"https:\/\/alexbutor.hu\/vendeglatoibutor\/kategoriak\/vendeglatoi-butor\/asztallap\/kompaktlemez-asztallap\/#breadcrumb","itemListElement":[{"@type":"ListItem","position":1,"name":"Home","item":"https:\/\/alexbutor.hu\/vendeglatoibutor\/"},{"@type":"ListItem","position":2,"name":"Term\u00e9kek","item":"https:\/\/alexbutor.hu\/vendeglatoibutor\/kategoriak\/"},{"@type":"ListItem","position":3,"name":"Vend\u00e9gl\u00e1t\u00f3i b\u00fator","item":"https:\/\/alexbutor.hu\/vendeglatoibutor\/kategoriak\/vendeglatoi-butor\/"},{"@type":"ListItem","position":4,"name":"Asztallap","item":"https:\/\/alexbutor.hu\/vendeglatoibutor\/kategoriak\/vendeglatoi-butor\/asztallap\/"},{"@type":"ListItem","position":5,"name":"Kompaktlemez asztallap"}]},{"@type":"WebSite","@id":"https:\/\/alexbutor.hu\/vendeglatoibutor\/#website","url":"https:\/\/alexbutor.hu\/vendeglatoibutor\/","name":"Vend\u00e9gl\u00e1t\u00f3i b\u00fator","description":"Minden t\u00e9rben megold\u00e1s","potentialAction":[{"@type":"SearchAction","target":{"@type":"EntryPoint","urlTemplate":"https:\/\/alexbutor.hu\/vendeglatoibutor\/?s={search_term_string}"},"query-input":{"@type":"PropertyValueSpecification","valueRequired":true,"valueName":"search_term_string"}}],"inLanguage":"hu"}]}},"_links":{"self":[{"href":"https:\/\/alexbutor.hu\/vendeglatoibutor\/wp-json\/wp\/v2\/pages\/3647"}],"collection":[{"href":"https:\/\/alexbutor.hu\/vendeglatoibutor\/wp-json\/wp\/v2\/pages"}],"about":[{"href":"https:\/\/alexbutor.hu\/vendeglatoibutor\/wp-json\/wp\/v2\/types\/page"}],"author":[{"embeddable":true,"href":"https:\/\/alexbutor.hu\/vendeglatoibutor\/wp-json\/wp\/v2\/users\/3"}],"replies":[{"embeddable":true,"href":"https:\/\/alexbutor.hu\/vendeglatoibutor\/wp-json\/wp\/v2\/comments?post=3647"}],"version-history":[{"count":2,"href":"https:\/\/alexbutor.hu\/vendeglatoibutor\/wp-json\/wp\/v2\/pages\/3647\/revisions"}],"predecessor-version":[{"id":155884,"href":"https:\/\/alexbutor.hu\/vendeglatoibutor\/wp-json\/wp\/v2\/pages\/3647\/revisions\/155884"}],"up":[{"embeddable":true,"href":"https:\/\/alexbutor.hu\/vendeglatoibutor\/wp-json\/wp\/v2\/pages\/672"}],"wp:featuredmedia":[{"embeddable":true,"href":"https:\/\/alexbutor.hu\/vendeglatoibutor\/wp-json\/wp\/v2\/media\/154531"}],"wp:attachment":[{"href":"https:\/\/alexbutor.hu\/vendeglatoibutor\/wp-json\/wp\/v2\/media?parent=3647"}],"curies":[{"name":"wp","href":"https:\/\/api.w.org\/{rel}","templated":true}]}}