{"id":60158,"date":"2018-02-21T15:39:39","date_gmt":"2018-02-21T15:39:39","guid":{"rendered":"http:\/\/alexbutor.hu\/vendeglatoibutor\/?page_id=60158"},"modified":"2025-05-29T06:54:00","modified_gmt":"2025-05-29T05:54:00","slug":"kozossegi-etkezok","status":"publish","type":"page","link":"https:\/\/alexbutor.hu\/vendeglatoibutor\/kategoriak\/kozossegi-etkezok\/","title":{"rendered":"K\u00f6z\u00f6ss\u00e9gi \u00c9tkez\u0151k"},"content":{"rendered":"\r\n\t<li class=\"portfolio_item isotope-item\"><div class=\"portfolio_item_holder\"><figure class=\"thumbnail thumbnail__portfolio\"><a href=\"https:\/\/alexbutor.hu\/vendeglatoibutor\/kategoriak\/kozossegi-etkezok\/etkezo-garniturak\/\" class=\"image-wrap\"><img decoding=\"async\" src=\"https:\/\/alexbutor.hu\/vendeglatoibutor\/wp-content\/uploads\/2025\/05\/KAT402-kozossegi-etkezogarnitura.webp\" alt=\"\u00c9tkez\u0151 garnit\u00far\u00e1k\"><\/a><\/figure><div class=\"caption caption__portfolio\"><h3><a href=\"https:\/\/alexbutor.hu\/vendeglatoibutor\/kategoriak\/kozossegi-etkezok\/etkezo-garniturak\/\">\u00c9tkez\u0151 garnit\u00far\u00e1k<\/a><\/h3><\/div><\/div><\/li>\n\r\n\t<li class=\"portfolio_item isotope-item\"><div class=\"portfolio_item_holder\"><figure class=\"thumbnail thumbnail__portfolio\"><a href=\"https:\/\/alexbutor.hu\/vendeglatoibutor\/kategoriak\/kozossegi-etkezok\/etkezo-szekek\/\" class=\"image-wrap\"><img decoding=\"async\" src=\"https:\/\/alexbutor.hu\/vendeglatoibutor\/wp-content\/uploads\/2025\/05\/KAT403-kozossegi-etkezoszekek.webp\" alt=\"\u00c9tkez\u0151 sz\u00e9kek\"><\/a><\/figure><div class=\"caption caption__portfolio\"><h3><a href=\"https:\/\/alexbutor.hu\/vendeglatoibutor\/kategoriak\/kozossegi-etkezok\/etkezo-szekek\/\">\u00c9tkez\u0151 sz\u00e9kek<\/a><\/h3><\/div><\/div><\/li>\n\r\n\t<li class=\"portfolio_item isotope-item\"><div class=\"portfolio_item_holder\"><figure class=\"thumbnail thumbnail__portfolio\"><a href=\"https:\/\/alexbutor.hu\/vendeglatoibutor\/kategoriak\/kozossegi-etkezok\/etkezo-asztalok\/\" class=\"image-wrap\"><img decoding=\"async\" src=\"https:\/\/alexbutor.hu\/vendeglatoibutor\/wp-content\/uploads\/2025\/05\/KAT404-kozossegi-etkezoasztalok.webp\" alt=\"\u00c9tkez\u0151 asztalok\"><\/a><\/figure><div class=\"caption caption__portfolio\"><h3><a href=\"https:\/\/alexbutor.hu\/vendeglatoibutor\/kategoriak\/kozossegi-etkezok\/etkezo-asztalok\/\">\u00c9tkez\u0151 asztalok<\/a><\/h3><\/div><\/div><\/li>\n\r\n\t<li class=\"portfolio_item isotope-item\"><div class=\"portfolio_item_holder\"><figure class=\"thumbnail thumbnail__portfolio\"><a href=\"https:\/\/alexbutor.hu\/vendeglatoibutor\/kategoriak\/vendeglatoi-butor\/asztalbazis\/\" class=\"image-wrap\"><img decoding=\"async\" src=\"https:\/\/alexbutor.hu\/vendeglatoibutor\/wp-content\/uploads\/2025\/05\/KAT249-asztalbazis.webp\" alt=\"Asztalb\u00e1zis\"><\/a><\/figure><div class=\"caption caption__portfolio\"><h3><a href=\"https:\/\/alexbutor.hu\/vendeglatoibutor\/kategoriak\/vendeglatoi-butor\/asztalbazis\/\">Asztalb\u00e1zis<\/a><\/h3><\/div><\/div><\/li>\n\r\n\t<li class=\"portfolio_item isotope-item\"><div class=\"portfolio_item_holder\"><figure class=\"thumbnail thumbnail__portfolio\"><a href=\"https:\/\/alexbutor.hu\/vendeglatoibutor\/kategoriak\/vendeglatoi-butor\/asztallap\/\" class=\"image-wrap\"><img decoding=\"async\" src=\"https:\/\/alexbutor.hu\/vendeglatoibutor\/wp-content\/uploads\/2025\/05\/KAT358-asztallap-dekorit-B.webp\" alt=\"Asztallap\"><\/a><\/figure><div class=\"caption caption__portfolio\"><h3><a href=\"https:\/\/alexbutor.hu\/vendeglatoibutor\/kategoriak\/vendeglatoi-butor\/asztallap\/\">Asztallap<\/a><\/h3><\/div><\/div><\/li>\n","protected":false},"excerpt":{"rendered":"","protected":false},"author":3,"featured_media":60159,"parent":9,"menu_order":0,"comment_status":"closed","ping_status":"closed","template":"page-Portfolio2Cols-alexsub.php","meta":{"footnotes":""},"class_list":["post-60158","page","type-page","status-publish","has-post-thumbnail","hentry"],"yoast_head":"<!-- This site is optimized with the Yoast SEO plugin v23.5 - https:\/\/yoast.com\/wordpress\/plugins\/seo\/ -->\n<title>K\u00f6z\u00f6ss\u00e9gi \u00c9tkez\u0151k - Vend\u00e9gl\u00e1t\u00f3i b\u00fator<\/title>\n<meta name=\"robots\" content=\"index, follow, max-snippet:-1, max-image-preview:large, max-video-preview:-1\" \/>\n<link rel=\"canonical\" href=\"https:\/\/alexbutor.hu\/vendeglatoibutor\/kategoriak\/kozossegi-etkezok\/\" \/>\n<meta property=\"og:locale\" content=\"hu_HU\" \/>\n<meta property=\"og:type\" content=\"article\" \/>\n<meta property=\"og:title\" content=\"K\u00f6z\u00f6ss\u00e9gi \u00c9tkez\u0151k - Vend\u00e9gl\u00e1t\u00f3i b\u00fator\" \/>\n<meta property=\"og:url\" content=\"https:\/\/alexbutor.hu\/vendeglatoibutor\/kategoriak\/kozossegi-etkezok\/\" \/>\n<meta property=\"og:site_name\" content=\"Vend\u00e9gl\u00e1t\u00f3i b\u00fator\" \/>\n<meta property=\"article:modified_time\" content=\"2025-05-29T05:54:00+00:00\" \/>\n<meta property=\"og:image\" content=\"https:\/\/alexbutor.hu\/vendeglatoibutor\/wp-content\/uploads\/2018\/02\/Iskolabutor_13-Etkezo_butorok-01_Etkezo_garniturak.jpg\" \/>\n\t<meta property=\"og:image:width\" content=\"800\" \/>\n\t<meta property=\"og:image:height\" content=\"560\" \/>\n\t<meta property=\"og:image:type\" content=\"image\/jpeg\" \/>\n<meta name=\"twitter:card\" content=\"summary_large_image\" \/>\n<meta name=\"twitter:label1\" content=\"Becs\u00fclt olvas\u00e1si id\u0151\" \/>\n\t<meta name=\"twitter:data1\" content=\"1 perc\" \/>\n<script type=\"application\/ld+json\" class=\"yoast-schema-graph\">{\"@context\":\"https:\/\/schema.org\",\"@graph\":[{\"@type\":\"WebPage\",\"@id\":\"https:\/\/alexbutor.hu\/vendeglatoibutor\/kategoriak\/kozossegi-etkezok\/\",\"url\":\"https:\/\/alexbutor.hu\/vendeglatoibutor\/kategoriak\/kozossegi-etkezok\/\",\"name\":\"K\u00f6z\u00f6ss\u00e9gi \u00c9tkez\u0151k - Vend\u00e9gl\u00e1t\u00f3i b\u00fator\",\"isPartOf\":{\"@id\":\"https:\/\/alexbutor.hu\/vendeglatoibutor\/#website\"},\"primaryImageOfPage\":{\"@id\":\"https:\/\/alexbutor.hu\/vendeglatoibutor\/kategoriak\/kozossegi-etkezok\/#primaryimage\"},\"image\":{\"@id\":\"https:\/\/alexbutor.hu\/vendeglatoibutor\/kategoriak\/kozossegi-etkezok\/#primaryimage\"},\"thumbnailUrl\":\"https:\/\/alexbutor.hu\/vendeglatoibutor\/wp-content\/uploads\/2018\/02\/Iskolabutor_13-Etkezo_butorok-01_Etkezo_garniturak.jpg\",\"datePublished\":\"2018-02-21T15:39:39+00:00\",\"dateModified\":\"2025-05-29T05:54:00+00:00\",\"breadcrumb\":{\"@id\":\"https:\/\/alexbutor.hu\/vendeglatoibutor\/kategoriak\/kozossegi-etkezok\/#breadcrumb\"},\"inLanguage\":\"hu\",\"potentialAction\":[{\"@type\":\"ReadAction\",\"target\":[\"https:\/\/alexbutor.hu\/vendeglatoibutor\/kategoriak\/kozossegi-etkezok\/\"]}]},{\"@type\":\"ImageObject\",\"inLanguage\":\"hu\",\"@id\":\"https:\/\/alexbutor.hu\/vendeglatoibutor\/kategoriak\/kozossegi-etkezok\/#primaryimage\",\"url\":\"https:\/\/alexbutor.hu\/vendeglatoibutor\/wp-content\/uploads\/2018\/02\/Iskolabutor_13-Etkezo_butorok-01_Etkezo_garniturak.jpg\",\"contentUrl\":\"https:\/\/alexbutor.hu\/vendeglatoibutor\/wp-content\/uploads\/2018\/02\/Iskolabutor_13-Etkezo_butorok-01_Etkezo_garniturak.jpg\",\"width\":800,\"height\":560},{\"@type\":\"BreadcrumbList\",\"@id\":\"https:\/\/alexbutor.hu\/vendeglatoibutor\/kategoriak\/kozossegi-etkezok\/#breadcrumb\",\"itemListElement\":[{\"@type\":\"ListItem\",\"position\":1,\"name\":\"Home\",\"item\":\"https:\/\/alexbutor.hu\/vendeglatoibutor\/\"},{\"@type\":\"ListItem\",\"position\":2,\"name\":\"Term\u00e9kek\",\"item\":\"https:\/\/alexbutor.hu\/vendeglatoibutor\/kategoriak\/\"},{\"@type\":\"ListItem\",\"position\":3,\"name\":\"K\u00f6z\u00f6ss\u00e9gi \u00c9tkez\u0151k\"}]},{\"@type\":\"WebSite\",\"@id\":\"https:\/\/alexbutor.hu\/vendeglatoibutor\/#website\",\"url\":\"https:\/\/alexbutor.hu\/vendeglatoibutor\/\",\"name\":\"Vend\u00e9gl\u00e1t\u00f3i b\u00fator\",\"description\":\"Minden t\u00e9rben megold\u00e1s\",\"potentialAction\":[{\"@type\":\"SearchAction\",\"target\":{\"@type\":\"EntryPoint\",\"urlTemplate\":\"https:\/\/alexbutor.hu\/vendeglatoibutor\/?s={search_term_string}\"},\"query-input\":{\"@type\":\"PropertyValueSpecification\",\"valueRequired\":true,\"valueName\":\"search_term_string\"}}],\"inLanguage\":\"hu\"}]}<\/script>\n<!-- \/ Yoast SEO plugin. -->","yoast_head_json":{"title":"K\u00f6z\u00f6ss\u00e9gi \u00c9tkez\u0151k - Vend\u00e9gl\u00e1t\u00f3i b\u00fator","robots":{"index":"index","follow":"follow","max-snippet":"max-snippet:-1","max-image-preview":"max-image-preview:large","max-video-preview":"max-video-preview:-1"},"canonical":"https:\/\/alexbutor.hu\/vendeglatoibutor\/kategoriak\/kozossegi-etkezok\/","og_locale":"hu_HU","og_type":"article","og_title":"K\u00f6z\u00f6ss\u00e9gi \u00c9tkez\u0151k - Vend\u00e9gl\u00e1t\u00f3i b\u00fator","og_url":"https:\/\/alexbutor.hu\/vendeglatoibutor\/kategoriak\/kozossegi-etkezok\/","og_site_name":"Vend\u00e9gl\u00e1t\u00f3i b\u00fator","article_modified_time":"2025-05-29T05:54:00+00:00","og_image":[{"width":800,"height":560,"url":"https:\/\/alexbutor.hu\/vendeglatoibutor\/wp-content\/uploads\/2018\/02\/Iskolabutor_13-Etkezo_butorok-01_Etkezo_garniturak.jpg","type":"image\/jpeg"}],"twitter_card":"summary_large_image","twitter_misc":{"Becs\u00fclt olvas\u00e1si id\u0151":"1 perc"},"schema":{"@context":"https:\/\/schema.org","@graph":[{"@type":"WebPage","@id":"https:\/\/alexbutor.hu\/vendeglatoibutor\/kategoriak\/kozossegi-etkezok\/","url":"https:\/\/alexbutor.hu\/vendeglatoibutor\/kategoriak\/kozossegi-etkezok\/","name":"K\u00f6z\u00f6ss\u00e9gi \u00c9tkez\u0151k - Vend\u00e9gl\u00e1t\u00f3i b\u00fator","isPartOf":{"@id":"https:\/\/alexbutor.hu\/vendeglatoibutor\/#website"},"primaryImageOfPage":{"@id":"https:\/\/alexbutor.hu\/vendeglatoibutor\/kategoriak\/kozossegi-etkezok\/#primaryimage"},"image":{"@id":"https:\/\/alexbutor.hu\/vendeglatoibutor\/kategoriak\/kozossegi-etkezok\/#primaryimage"},"thumbnailUrl":"https:\/\/alexbutor.hu\/vendeglatoibutor\/wp-content\/uploads\/2018\/02\/Iskolabutor_13-Etkezo_butorok-01_Etkezo_garniturak.jpg","datePublished":"2018-02-21T15:39:39+00:00","dateModified":"2025-05-29T05:54:00+00:00","breadcrumb":{"@id":"https:\/\/alexbutor.hu\/vendeglatoibutor\/kategoriak\/kozossegi-etkezok\/#breadcrumb"},"inLanguage":"hu","potentialAction":[{"@type":"ReadAction","target":["https:\/\/alexbutor.hu\/vendeglatoibutor\/kategoriak\/kozossegi-etkezok\/"]}]},{"@type":"ImageObject","inLanguage":"hu","@id":"https:\/\/alexbutor.hu\/vendeglatoibutor\/kategoriak\/kozossegi-etkezok\/#primaryimage","url":"https:\/\/alexbutor.hu\/vendeglatoibutor\/wp-content\/uploads\/2018\/02\/Iskolabutor_13-Etkezo_butorok-01_Etkezo_garniturak.jpg","contentUrl":"https:\/\/alexbutor.hu\/vendeglatoibutor\/wp-content\/uploads\/2018\/02\/Iskolabutor_13-Etkezo_butorok-01_Etkezo_garniturak.jpg","width":800,"height":560},{"@type":"BreadcrumbList","@id":"https:\/\/alexbutor.hu\/vendeglatoibutor\/kategoriak\/kozossegi-etkezok\/#breadcrumb","itemListElement":[{"@type":"ListItem","position":1,"name":"Home","item":"https:\/\/alexbutor.hu\/vendeglatoibutor\/"},{"@type":"ListItem","position":2,"name":"Term\u00e9kek","item":"https:\/\/alexbutor.hu\/vendeglatoibutor\/kategoriak\/"},{"@type":"ListItem","position":3,"name":"K\u00f6z\u00f6ss\u00e9gi \u00c9tkez\u0151k"}]},{"@type":"WebSite","@id":"https:\/\/alexbutor.hu\/vendeglatoibutor\/#website","url":"https:\/\/alexbutor.hu\/vendeglatoibutor\/","name":"Vend\u00e9gl\u00e1t\u00f3i b\u00fator","description":"Minden t\u00e9rben megold\u00e1s","potentialAction":[{"@type":"SearchAction","target":{"@type":"EntryPoint","urlTemplate":"https:\/\/alexbutor.hu\/vendeglatoibutor\/?s={search_term_string}"},"query-input":{"@type":"PropertyValueSpecification","valueRequired":true,"valueName":"search_term_string"}}],"inLanguage":"hu"}]}},"_links":{"self":[{"href":"https:\/\/alexbutor.hu\/vendeglatoibutor\/wp-json\/wp\/v2\/pages\/60158"}],"collection":[{"href":"https:\/\/alexbutor.hu\/vendeglatoibutor\/wp-json\/wp\/v2\/pages"}],"about":[{"href":"https:\/\/alexbutor.hu\/vendeglatoibutor\/wp-json\/wp\/v2\/types\/page"}],"author":[{"embeddable":true,"href":"https:\/\/alexbutor.hu\/vendeglatoibutor\/wp-json\/wp\/v2\/users\/3"}],"replies":[{"embeddable":true,"href":"https:\/\/alexbutor.hu\/vendeglatoibutor\/wp-json\/wp\/v2\/comments?post=60158"}],"version-history":[{"count":4,"href":"https:\/\/alexbutor.hu\/vendeglatoibutor\/wp-json\/wp\/v2\/pages\/60158\/revisions"}],"predecessor-version":[{"id":170466,"href":"https:\/\/alexbutor.hu\/vendeglatoibutor\/wp-json\/wp\/v2\/pages\/60158\/revisions\/170466"}],"up":[{"embeddable":true,"href":"https:\/\/alexbutor.hu\/vendeglatoibutor\/wp-json\/wp\/v2\/pages\/9"}],"wp:featuredmedia":[{"embeddable":true,"href":"https:\/\/alexbutor.hu\/vendeglatoibutor\/wp-json\/wp\/v2\/media\/60159"}],"wp:attachment":[{"href":"https:\/\/alexbutor.hu\/vendeglatoibutor\/wp-json\/wp\/v2\/media?parent=60158"}],"curies":[{"name":"wp","href":"https:\/\/api.w.org\/{rel}","templated":true}]}}