{"id":60168,"date":"2018-02-21T15:42:35","date_gmt":"2018-02-21T15:42:35","guid":{"rendered":"http:\/\/alexbutor.hu\/vendeglatoibutor\/?page_id=60168"},"modified":"2018-02-21T15:42:35","modified_gmt":"2018-02-21T15:42:35","slug":"etkezo-asztalok","status":"publish","type":"page","link":"https:\/\/alexbutor.hu\/vendeglatoibutor\/kategoriak\/kozossegi-etkezok\/etkezo-asztalok\/","title":{"rendered":"\u00c9tkez\u0151 asztalok"},"content":{"rendered":"","protected":false},"excerpt":{"rendered":"","protected":false},"author":3,"featured_media":60161,"parent":60158,"menu_order":0,"comment_status":"closed","ping_status":"closed","template":"page-Portfolio4Cols-filterable.php","meta":{"footnotes":""},"class_list":["post-60168","page","type-page","status-publish","has-post-thumbnail","hentry"],"yoast_head":"<!-- This site is optimized with the Yoast SEO plugin v23.5 - https:\/\/yoast.com\/wordpress\/plugins\/seo\/ -->\n<title>\u00c9tkez\u0151 asztalok - Vend\u00e9gl\u00e1t\u00f3i b\u00fator<\/title>\n<meta name=\"robots\" content=\"index, follow, max-snippet:-1, max-image-preview:large, max-video-preview:-1\" \/>\n<link rel=\"canonical\" href=\"https:\/\/alexbutor.hu\/vendeglatoibutor\/kategoriak\/kozossegi-etkezok\/etkezo-asztalok\/\" \/>\n<meta property=\"og:locale\" content=\"hu_HU\" \/>\n<meta property=\"og:type\" content=\"article\" \/>\n<meta property=\"og:title\" content=\"\u00c9tkez\u0151 asztalok - Vend\u00e9gl\u00e1t\u00f3i b\u00fator\" \/>\n<meta property=\"og:url\" content=\"https:\/\/alexbutor.hu\/vendeglatoibutor\/kategoriak\/kozossegi-etkezok\/etkezo-asztalok\/\" \/>\n<meta property=\"og:site_name\" content=\"Vend\u00e9gl\u00e1t\u00f3i b\u00fator\" \/>\n<meta property=\"og:image\" content=\"https:\/\/alexbutor.hu\/vendeglatoibutor\/wp-content\/uploads\/2018\/02\/Iskolabutor_13-Etkezo_butorok-03_Etkezo_asztalok.jpg\" \/>\n\t<meta property=\"og:image:width\" content=\"800\" \/>\n\t<meta property=\"og:image:height\" content=\"560\" \/>\n\t<meta property=\"og:image:type\" content=\"image\/jpeg\" \/>\n<meta name=\"twitter:card\" content=\"summary_large_image\" \/>\n<script type=\"application\/ld+json\" class=\"yoast-schema-graph\">{\"@context\":\"https:\/\/schema.org\",\"@graph\":[{\"@type\":\"WebPage\",\"@id\":\"https:\/\/alexbutor.hu\/vendeglatoibutor\/kategoriak\/kozossegi-etkezok\/etkezo-asztalok\/\",\"url\":\"https:\/\/alexbutor.hu\/vendeglatoibutor\/kategoriak\/kozossegi-etkezok\/etkezo-asztalok\/\",\"name\":\"\u00c9tkez\u0151 asztalok - Vend\u00e9gl\u00e1t\u00f3i b\u00fator\",\"isPartOf\":{\"@id\":\"https:\/\/alexbutor.hu\/vendeglatoibutor\/#website\"},\"primaryImageOfPage\":{\"@id\":\"https:\/\/alexbutor.hu\/vendeglatoibutor\/kategoriak\/kozossegi-etkezok\/etkezo-asztalok\/#primaryimage\"},\"image\":{\"@id\":\"https:\/\/alexbutor.hu\/vendeglatoibutor\/kategoriak\/kozossegi-etkezok\/etkezo-asztalok\/#primaryimage\"},\"thumbnailUrl\":\"https:\/\/alexbutor.hu\/vendeglatoibutor\/wp-content\/uploads\/2018\/02\/Iskolabutor_13-Etkezo_butorok-03_Etkezo_asztalok.jpg\",\"datePublished\":\"2018-02-21T15:42:35+00:00\",\"dateModified\":\"2018-02-21T15:42:35+00:00\",\"breadcrumb\":{\"@id\":\"https:\/\/alexbutor.hu\/vendeglatoibutor\/kategoriak\/kozossegi-etkezok\/etkezo-asztalok\/#breadcrumb\"},\"inLanguage\":\"hu\",\"potentialAction\":[{\"@type\":\"ReadAction\",\"target\":[\"https:\/\/alexbutor.hu\/vendeglatoibutor\/kategoriak\/kozossegi-etkezok\/etkezo-asztalok\/\"]}]},{\"@type\":\"ImageObject\",\"inLanguage\":\"hu\",\"@id\":\"https:\/\/alexbutor.hu\/vendeglatoibutor\/kategoriak\/kozossegi-etkezok\/etkezo-asztalok\/#primaryimage\",\"url\":\"https:\/\/alexbutor.hu\/vendeglatoibutor\/wp-content\/uploads\/2018\/02\/Iskolabutor_13-Etkezo_butorok-03_Etkezo_asztalok.jpg\",\"contentUrl\":\"https:\/\/alexbutor.hu\/vendeglatoibutor\/wp-content\/uploads\/2018\/02\/Iskolabutor_13-Etkezo_butorok-03_Etkezo_asztalok.jpg\",\"width\":800,\"height\":560},{\"@type\":\"BreadcrumbList\",\"@id\":\"https:\/\/alexbutor.hu\/vendeglatoibutor\/kategoriak\/kozossegi-etkezok\/etkezo-asztalok\/#breadcrumb\",\"itemListElement\":[{\"@type\":\"ListItem\",\"position\":1,\"name\":\"Home\",\"item\":\"https:\/\/alexbutor.hu\/vendeglatoibutor\/\"},{\"@type\":\"ListItem\",\"position\":2,\"name\":\"Term\u00e9kek\",\"item\":\"https:\/\/alexbutor.hu\/vendeglatoibutor\/kategoriak\/\"},{\"@type\":\"ListItem\",\"position\":3,\"name\":\"K\u00f6z\u00f6ss\u00e9gi \u00c9tkez\u0151k\",\"item\":\"https:\/\/alexbutor.hu\/vendeglatoibutor\/kategoriak\/kozossegi-etkezok\/\"},{\"@type\":\"ListItem\",\"position\":4,\"name\":\"\u00c9tkez\u0151 asztalok\"}]},{\"@type\":\"WebSite\",\"@id\":\"https:\/\/alexbutor.hu\/vendeglatoibutor\/#website\",\"url\":\"https:\/\/alexbutor.hu\/vendeglatoibutor\/\",\"name\":\"Vend\u00e9gl\u00e1t\u00f3i b\u00fator\",\"description\":\"Minden t\u00e9rben megold\u00e1s\",\"potentialAction\":[{\"@type\":\"SearchAction\",\"target\":{\"@type\":\"EntryPoint\",\"urlTemplate\":\"https:\/\/alexbutor.hu\/vendeglatoibutor\/?s={search_term_string}\"},\"query-input\":{\"@type\":\"PropertyValueSpecification\",\"valueRequired\":true,\"valueName\":\"search_term_string\"}}],\"inLanguage\":\"hu\"}]}<\/script>\n<!-- \/ Yoast SEO plugin. -->","yoast_head_json":{"title":"\u00c9tkez\u0151 asztalok - Vend\u00e9gl\u00e1t\u00f3i b\u00fator","robots":{"index":"index","follow":"follow","max-snippet":"max-snippet:-1","max-image-preview":"max-image-preview:large","max-video-preview":"max-video-preview:-1"},"canonical":"https:\/\/alexbutor.hu\/vendeglatoibutor\/kategoriak\/kozossegi-etkezok\/etkezo-asztalok\/","og_locale":"hu_HU","og_type":"article","og_title":"\u00c9tkez\u0151 asztalok - Vend\u00e9gl\u00e1t\u00f3i b\u00fator","og_url":"https:\/\/alexbutor.hu\/vendeglatoibutor\/kategoriak\/kozossegi-etkezok\/etkezo-asztalok\/","og_site_name":"Vend\u00e9gl\u00e1t\u00f3i b\u00fator","og_image":[{"width":800,"height":560,"url":"https:\/\/alexbutor.hu\/vendeglatoibutor\/wp-content\/uploads\/2018\/02\/Iskolabutor_13-Etkezo_butorok-03_Etkezo_asztalok.jpg","type":"image\/jpeg"}],"twitter_card":"summary_large_image","schema":{"@context":"https:\/\/schema.org","@graph":[{"@type":"WebPage","@id":"https:\/\/alexbutor.hu\/vendeglatoibutor\/kategoriak\/kozossegi-etkezok\/etkezo-asztalok\/","url":"https:\/\/alexbutor.hu\/vendeglatoibutor\/kategoriak\/kozossegi-etkezok\/etkezo-asztalok\/","name":"\u00c9tkez\u0151 asztalok - Vend\u00e9gl\u00e1t\u00f3i b\u00fator","isPartOf":{"@id":"https:\/\/alexbutor.hu\/vendeglatoibutor\/#website"},"primaryImageOfPage":{"@id":"https:\/\/alexbutor.hu\/vendeglatoibutor\/kategoriak\/kozossegi-etkezok\/etkezo-asztalok\/#primaryimage"},"image":{"@id":"https:\/\/alexbutor.hu\/vendeglatoibutor\/kategoriak\/kozossegi-etkezok\/etkezo-asztalok\/#primaryimage"},"thumbnailUrl":"https:\/\/alexbutor.hu\/vendeglatoibutor\/wp-content\/uploads\/2018\/02\/Iskolabutor_13-Etkezo_butorok-03_Etkezo_asztalok.jpg","datePublished":"2018-02-21T15:42:35+00:00","dateModified":"2018-02-21T15:42:35+00:00","breadcrumb":{"@id":"https:\/\/alexbutor.hu\/vendeglatoibutor\/kategoriak\/kozossegi-etkezok\/etkezo-asztalok\/#breadcrumb"},"inLanguage":"hu","potentialAction":[{"@type":"ReadAction","target":["https:\/\/alexbutor.hu\/vendeglatoibutor\/kategoriak\/kozossegi-etkezok\/etkezo-asztalok\/"]}]},{"@type":"ImageObject","inLanguage":"hu","@id":"https:\/\/alexbutor.hu\/vendeglatoibutor\/kategoriak\/kozossegi-etkezok\/etkezo-asztalok\/#primaryimage","url":"https:\/\/alexbutor.hu\/vendeglatoibutor\/wp-content\/uploads\/2018\/02\/Iskolabutor_13-Etkezo_butorok-03_Etkezo_asztalok.jpg","contentUrl":"https:\/\/alexbutor.hu\/vendeglatoibutor\/wp-content\/uploads\/2018\/02\/Iskolabutor_13-Etkezo_butorok-03_Etkezo_asztalok.jpg","width":800,"height":560},{"@type":"BreadcrumbList","@id":"https:\/\/alexbutor.hu\/vendeglatoibutor\/kategoriak\/kozossegi-etkezok\/etkezo-asztalok\/#breadcrumb","itemListElement":[{"@type":"ListItem","position":1,"name":"Home","item":"https:\/\/alexbutor.hu\/vendeglatoibutor\/"},{"@type":"ListItem","position":2,"name":"Term\u00e9kek","item":"https:\/\/alexbutor.hu\/vendeglatoibutor\/kategoriak\/"},{"@type":"ListItem","position":3,"name":"K\u00f6z\u00f6ss\u00e9gi \u00c9tkez\u0151k","item":"https:\/\/alexbutor.hu\/vendeglatoibutor\/kategoriak\/kozossegi-etkezok\/"},{"@type":"ListItem","position":4,"name":"\u00c9tkez\u0151 asztalok"}]},{"@type":"WebSite","@id":"https:\/\/alexbutor.hu\/vendeglatoibutor\/#website","url":"https:\/\/alexbutor.hu\/vendeglatoibutor\/","name":"Vend\u00e9gl\u00e1t\u00f3i b\u00fator","description":"Minden t\u00e9rben megold\u00e1s","potentialAction":[{"@type":"SearchAction","target":{"@type":"EntryPoint","urlTemplate":"https:\/\/alexbutor.hu\/vendeglatoibutor\/?s={search_term_string}"},"query-input":{"@type":"PropertyValueSpecification","valueRequired":true,"valueName":"search_term_string"}}],"inLanguage":"hu"}]}},"_links":{"self":[{"href":"https:\/\/alexbutor.hu\/vendeglatoibutor\/wp-json\/wp\/v2\/pages\/60168"}],"collection":[{"href":"https:\/\/alexbutor.hu\/vendeglatoibutor\/wp-json\/wp\/v2\/pages"}],"about":[{"href":"https:\/\/alexbutor.hu\/vendeglatoibutor\/wp-json\/wp\/v2\/types\/page"}],"author":[{"embeddable":true,"href":"https:\/\/alexbutor.hu\/vendeglatoibutor\/wp-json\/wp\/v2\/users\/3"}],"replies":[{"embeddable":true,"href":"https:\/\/alexbutor.hu\/vendeglatoibutor\/wp-json\/wp\/v2\/comments?post=60168"}],"version-history":[{"count":0,"href":"https:\/\/alexbutor.hu\/vendeglatoibutor\/wp-json\/wp\/v2\/pages\/60168\/revisions"}],"up":[{"embeddable":true,"href":"https:\/\/alexbutor.hu\/vendeglatoibutor\/wp-json\/wp\/v2\/pages\/60158"}],"wp:featuredmedia":[{"embeddable":true,"href":"https:\/\/alexbutor.hu\/vendeglatoibutor\/wp-json\/wp\/v2\/media\/60161"}],"wp:attachment":[{"href":"https:\/\/alexbutor.hu\/vendeglatoibutor\/wp-json\/wp\/v2\/media?parent=60168"}],"curies":[{"name":"wp","href":"https:\/\/api.w.org\/{rel}","templated":true}]}}