{"id":668,"date":"2016-06-11T12:20:12","date_gmt":"2016-06-11T12:20:12","guid":{"rendered":"http:\/\/alexbutor.hu\/vendeglatoibutor\/?page_id=668"},"modified":"2025-06-18T16:15:48","modified_gmt":"2025-06-18T15:15:48","slug":"longue-butor","status":"publish","type":"page","link":"https:\/\/alexbutor.hu\/vendeglatoibutor\/kategoriak\/vendeglatoi-butor\/longue-butor\/","title":{"rendered":"Lounge b\u00fator"},"content":{"rendered":"\r\n\t<li class=\"portfolio_item isotope-item\"><div class=\"portfolio_item_holder\"><figure class=\"thumbnail thumbnail__portfolio\"><a href=\"https:\/\/alexbutor.hu\/vendeglatoibutor\/kategoriak\/vendeglatoi-butor\/longue-butor\/domino\/\" class=\"image-wrap\"><img decoding=\"async\" src=\"https:\/\/alexbutor.hu\/vendeglatoibutor\/wp-content\/uploads\/2025\/05\/KAT371-lounge-domino.webp\" alt=\"Domino\"><\/a><\/figure><div class=\"caption caption__portfolio\"><h3><a href=\"https:\/\/alexbutor.hu\/vendeglatoibutor\/kategoriak\/vendeglatoi-butor\/longue-butor\/domino\/\">Domino<\/a><\/h3><\/div><\/div><\/li>\n\r\n\t<li class=\"portfolio_item isotope-item\"><div class=\"portfolio_item_holder\"><figure class=\"thumbnail thumbnail__portfolio\"><a href=\"https:\/\/alexbutor.hu\/vendeglatoibutor\/kategoriak\/vendeglatoi-butor\/longue-butor\/bangkok\/\" class=\"image-wrap\"><img decoding=\"async\" src=\"https:\/\/alexbutor.hu\/vendeglatoibutor\/wp-content\/uploads\/2025\/05\/KAT360-lounge-bangkok.webp\" alt=\"Bangkok\"><\/a><\/figure><div class=\"caption caption__portfolio\"><h3><a href=\"https:\/\/alexbutor.hu\/vendeglatoibutor\/kategoriak\/vendeglatoi-butor\/longue-butor\/bangkok\/\">Bangkok<\/a><\/h3><\/div><\/div><\/li>\n<li class=\"portfolio_item isotope-item\">\n<div class=\"portfolio_item_holder\">\n<figure class=\"thumbnail thumbnail__portfolio\"><a href=\"https:\/\/alexbutor.hu\/vendeglatoibutor\/kategoriak\/vendeglatoi-butor\/longue-butor\/corner\/\" class=\"image-wrap\"><img decoding=\"async\" src=\"https:\/\/alexbutor.hu\/vendeglatoibutor\/wp-content\/uploads\/2025\/05\/KAT361-lounge-corner-v2.webp\" alt=\"Corner\"><span class=\"zoom-icon\"><\/span><\/a><\/figure>\n<div class=\"caption caption__portfolio\">\n<h3><a href=\"https:\/\/alexbutor.hu\/vendeglatoibutor\/kategoriak\/vendeglatoi-butor\/longue-butor\/corner\/\">Corner<\/a><\/h3>\n<p><a href=\"https:\/\/alexbutor.hu\/vendeglatoibutor\/kategoriak\/vendeglatoi-butor\/longue-butor\/corner\/\" class=\"btn btn-primary\">Tov\u00e1bb<\/a><\/p>\n<\/div>\n<\/div>\n<\/li>\n<li class=\"portfolio_item isotope-item\">\n<div class=\"portfolio_item_holder\">\n<figure class=\"thumbnail thumbnail__portfolio\"><a href=\"https:\/\/alexbutor.hu\/vendeglatoibutor\/kategoriak\/vendeglatoi-butor\/longue-butor\/django\/\" class=\"image-wrap\"><img decoding=\"async\" src=\"https:\/\/alexbutor.hu\/vendeglatoibutor\/wp-content\/uploads\/2025\/05\/django-termekcsalad-2.webp\" alt=\"Django\"><span class=\"zoom-icon\"><\/span><\/a><\/figure>\n<div class=\"caption caption__portfolio\">\n<h3><a href=\"https:\/\/alexbutor.hu\/vendeglatoibutor\/kategoriak\/vendeglatoi-butor\/longue-butor\/django\/\">Django<\/a><\/h3>\n<p><a href=\"https:\/\/alexbutor.hu\/vendeglatoibutor\/kategoriak\/vendeglatoi-butor\/longue-butor\/django\/\" class=\"btn btn-primary\">Tov\u00e1bb<\/a><\/p>\n<\/div>\n<\/div>\n<\/li>\n<li class=\"portfolio_item isotope-item\">\n<div class=\"portfolio_item_holder\">\n<figure class=\"thumbnail thumbnail__portfolio\"><a href=\"https:\/\/alexbutor.hu\/vendeglatoibutor\/kategoriak\/vendeglatoi-butor\/longue-butor\/klass-padok\/\" class=\"image-wrap\"><img decoding=\"async\" src=\"https:\/\/alexbutor.hu\/vendeglatoibutor\/wp-content\/uploads\/2025\/05\/KAT369-lounge-klass.webp\" alt=\"Klass padok\"><span class=\"zoom-icon\"><\/span><\/a><\/figure>\n<div class=\"caption caption__portfolio\">\n<h3><a href=\"https:\/\/alexbutor.hu\/vendeglatoibutor\/kategoriak\/vendeglatoi-butor\/longue-butor\/klass-padok\/\">Klass padok<\/a><\/h3>\n<p><a href=\"https:\/\/alexbutor.hu\/vendeglatoibutor\/kategoriak\/vendeglatoi-butor\/longue-butor\/klass-padok\/\" class=\"btn btn-primary\">Tov\u00e1bb<\/a><\/p>\n<\/div>\n<\/div>\n<\/li>\n<li class=\"portfolio_item isotope-item\">\n<div class=\"portfolio_item_holder\">\n<figure class=\"thumbnail thumbnail__portfolio\"><a href=\"https:\/\/alexbutor.hu\/vendeglatoibutor\/kategoriak\/vendeglatoi-butor\/longue-butor\/pihenoelem\/\" class=\"image-wrap\"><img decoding=\"async\" src=\"https:\/\/alexbutor.hu\/vendeglatoibutor\/wp-content\/uploads\/2025\/05\/KAT364-lounge-pihenoelem.webp\" alt=\"Pihen\u0151elem\"><span class=\"zoom-icon\"><\/span><\/a><\/figure>\n<div class=\"caption caption__portfolio\">\n<h3><a href=\"https:\/\/alexbutor.hu\/vendeglatoibutor\/kategoriak\/vendeglatoi-butor\/longue-butor\/pihenoelem\/\">Pihen\u0151elem<\/a><\/h3>\n<p><a href=\"https:\/\/alexbutor.hu\/vendeglatoibutor\/kategoriak\/vendeglatoi-butor\/longue-butor\/pihenoelem\/\" class=\"btn btn-primary\">Tov\u00e1bb<\/a><\/p>\n<\/div>\n<\/div>\n<\/li>\n\r\n\t<li class=\"portfolio_item isotope-item\"><div class=\"portfolio_item_holder\"><figure class=\"thumbnail thumbnail__portfolio\"><a href=\"https:\/\/alexbutor.hu\/vendeglatoibutor\/kategoriak\/vendeglatoi-butor\/longue-butor\/vital\/\" class=\"image-wrap\"><img decoding=\"async\" src=\"https:\/\/alexbutor.hu\/vendeglatoibutor\/wp-content\/uploads\/2025\/05\/Vital.webp\" alt=\"Vital\"><\/a><\/figure><div class=\"caption caption__portfolio\"><h3><a href=\"https:\/\/alexbutor.hu\/vendeglatoibutor\/kategoriak\/vendeglatoi-butor\/longue-butor\/vital\/\">Vital<\/a><\/h3><\/div><\/div><\/li>\n\r\n\t<li class=\"portfolio_item isotope-item\"><div class=\"portfolio_item_holder\"><figure class=\"thumbnail thumbnail__portfolio\"><a href=\"https:\/\/alexbutor.hu\/vendeglatoibutor\/kategoriak\/vendeglatoi-butor\/longue-butor\/moon\/\" class=\"image-wrap\"><img decoding=\"async\" src=\"https:\/\/alexbutor.hu\/vendeglatoibutor\/wp-content\/uploads\/2025\/05\/Moon.webp\" alt=\"Moon\"><\/a><\/figure><div class=\"caption caption__portfolio\"><h3><a href=\"https:\/\/alexbutor.hu\/vendeglatoibutor\/kategoriak\/vendeglatoi-butor\/longue-butor\/moon\/\">Moon<\/a><\/h3><\/div><\/div><\/li>\n\r\n\t<li class=\"portfolio_item isotope-item\"><div class=\"portfolio_item_holder\"><figure class=\"thumbnail thumbnail__portfolio\"><a href=\"https:\/\/alexbutor.hu\/vendeglatoibutor\/kategoriak\/vendeglatoi-butor\/longue-butor\/atlanta\/\" class=\"image-wrap\"><img decoding=\"async\" src=\"https:\/\/alexbutor.hu\/vendeglatoibutor\/wp-content\/uploads\/2025\/05\/Atlanta.webp\" alt=\"Atlanta\"><\/a><\/figure><div class=\"caption caption__portfolio\"><h3><a href=\"https:\/\/alexbutor.hu\/vendeglatoibutor\/kategoriak\/vendeglatoi-butor\/longue-butor\/atlanta\/\">Atlanta<\/a><\/h3><\/div><\/div><\/li>\n\r\n\t<li class=\"portfolio_item isotope-item\"><div class=\"portfolio_item_holder\"><figure class=\"thumbnail thumbnail__portfolio\"><a href=\"https:\/\/alexbutor.hu\/vendeglatoibutor\/kategoriak\/vendeglatoi-butor\/longue-butor\/lounge-fotelek\/\" class=\"image-wrap\"><img decoding=\"async\" src=\"https:\/\/alexbutor.hu\/vendeglatoibutor\/wp-content\/uploads\/2025\/06\/launge_fotelek-1.webp\" alt=\"Lounge fotelek\"><\/a><\/figure><div class=\"caption caption__portfolio\"><h3><a href=\"https:\/\/alexbutor.hu\/vendeglatoibutor\/kategoriak\/vendeglatoi-butor\/longue-butor\/lounge-fotelek\/\">Lounge fotelek<\/a><\/h3><\/div><\/div><\/li>\n","protected":false},"excerpt":{"rendered":"<p>Corner Tov\u00e1bb Django Tov\u00e1bb Klass padok Tov\u00e1bb Pihen\u0151elem Tov\u00e1bb<\/p>\n","protected":false},"author":3,"featured_media":16692,"parent":64,"menu_order":0,"comment_status":"closed","ping_status":"closed","template":"page-Portfolio2Cols-alexsub.php","meta":{"footnotes":""},"class_list":["post-668","page","type-page","status-publish","has-post-thumbnail","hentry"],"yoast_head":"<!-- This site is optimized with the Yoast SEO plugin v23.5 - https:\/\/yoast.com\/wordpress\/plugins\/seo\/ -->\n<title>Lounge b\u00fator - Vend\u00e9gl\u00e1t\u00f3i b\u00fator<\/title>\n<meta name=\"description\" content=\"Lounge b\u00fatorok, pihen\u0151elemek. Sz\u00e9les, saj\u00e1t gy\u00e1rt\u00e1s\u00fa k\u00edn\u00e1lat, k\u00edv\u00e1l\u00f3 referenci\u00e1k. Vend\u00e9gl\u00e1t\u00f3i b\u00fatorok, HORECA projektek. K\u00e9rje aj\u00e1nlatunkat!\" \/>\n<meta name=\"robots\" content=\"index, follow, max-snippet:-1, max-image-preview:large, max-video-preview:-1\" \/>\n<link rel=\"canonical\" href=\"https:\/\/alexbutor.hu\/vendeglatoibutor\/kategoriak\/vendeglatoi-butor\/longue-butor\/\" \/>\n<meta property=\"og:locale\" content=\"hu_HU\" \/>\n<meta property=\"og:type\" content=\"article\" \/>\n<meta property=\"og:title\" content=\"Lounge b\u00fator - Vend\u00e9gl\u00e1t\u00f3i b\u00fator\" \/>\n<meta property=\"og:description\" content=\"Lounge b\u00fatorok, pihen\u0151elemek. Sz\u00e9les, saj\u00e1t gy\u00e1rt\u00e1s\u00fa k\u00edn\u00e1lat, k\u00edv\u00e1l\u00f3 referenci\u00e1k. Vend\u00e9gl\u00e1t\u00f3i b\u00fatorok, HORECA projektek. K\u00e9rje aj\u00e1nlatunkat!\" \/>\n<meta property=\"og:url\" content=\"https:\/\/alexbutor.hu\/vendeglatoibutor\/kategoriak\/vendeglatoi-butor\/longue-butor\/\" \/>\n<meta property=\"og:site_name\" content=\"Vend\u00e9gl\u00e1t\u00f3i b\u00fator\" \/>\n<meta property=\"article:modified_time\" content=\"2025-06-18T15:15:48+00:00\" \/>\n<meta property=\"og:image\" content=\"https:\/\/alexbutor.hu\/vendeglatoibutor\/wp-content\/uploads\/2016\/06\/05_Lounge_butorok_v2.jpg\" \/>\n\t<meta property=\"og:image:width\" content=\"800\" \/>\n\t<meta property=\"og:image:height\" content=\"560\" \/>\n\t<meta property=\"og:image:type\" content=\"image\/jpeg\" \/>\n<meta name=\"twitter:card\" content=\"summary_large_image\" \/>\n<meta name=\"twitter:label1\" content=\"Becs\u00fclt olvas\u00e1si id\u0151\" \/>\n\t<meta name=\"twitter:data1\" content=\"2 perc\" \/>\n<script type=\"application\/ld+json\" class=\"yoast-schema-graph\">{\"@context\":\"https:\/\/schema.org\",\"@graph\":[{\"@type\":\"WebPage\",\"@id\":\"https:\/\/alexbutor.hu\/vendeglatoibutor\/kategoriak\/vendeglatoi-butor\/longue-butor\/\",\"url\":\"https:\/\/alexbutor.hu\/vendeglatoibutor\/kategoriak\/vendeglatoi-butor\/longue-butor\/\",\"name\":\"Lounge b\u00fator - Vend\u00e9gl\u00e1t\u00f3i b\u00fator\",\"isPartOf\":{\"@id\":\"https:\/\/alexbutor.hu\/vendeglatoibutor\/#website\"},\"primaryImageOfPage\":{\"@id\":\"https:\/\/alexbutor.hu\/vendeglatoibutor\/kategoriak\/vendeglatoi-butor\/longue-butor\/#primaryimage\"},\"image\":{\"@id\":\"https:\/\/alexbutor.hu\/vendeglatoibutor\/kategoriak\/vendeglatoi-butor\/longue-butor\/#primaryimage\"},\"thumbnailUrl\":\"https:\/\/alexbutor.hu\/vendeglatoibutor\/wp-content\/uploads\/2016\/06\/05_Lounge_butorok_v2.jpg\",\"datePublished\":\"2016-06-11T12:20:12+00:00\",\"dateModified\":\"2025-06-18T15:15:48+00:00\",\"description\":\"Lounge b\u00fatorok, pihen\u0151elemek. Sz\u00e9les, saj\u00e1t gy\u00e1rt\u00e1s\u00fa k\u00edn\u00e1lat, k\u00edv\u00e1l\u00f3 referenci\u00e1k. Vend\u00e9gl\u00e1t\u00f3i b\u00fatorok, HORECA projektek. K\u00e9rje aj\u00e1nlatunkat!\",\"breadcrumb\":{\"@id\":\"https:\/\/alexbutor.hu\/vendeglatoibutor\/kategoriak\/vendeglatoi-butor\/longue-butor\/#breadcrumb\"},\"inLanguage\":\"hu\",\"potentialAction\":[{\"@type\":\"ReadAction\",\"target\":[\"https:\/\/alexbutor.hu\/vendeglatoibutor\/kategoriak\/vendeglatoi-butor\/longue-butor\/\"]}]},{\"@type\":\"ImageObject\",\"inLanguage\":\"hu\",\"@id\":\"https:\/\/alexbutor.hu\/vendeglatoibutor\/kategoriak\/vendeglatoi-butor\/longue-butor\/#primaryimage\",\"url\":\"https:\/\/alexbutor.hu\/vendeglatoibutor\/wp-content\/uploads\/2016\/06\/05_Lounge_butorok_v2.jpg\",\"contentUrl\":\"https:\/\/alexbutor.hu\/vendeglatoibutor\/wp-content\/uploads\/2016\/06\/05_Lounge_butorok_v2.jpg\",\"width\":800,\"height\":560},{\"@type\":\"BreadcrumbList\",\"@id\":\"https:\/\/alexbutor.hu\/vendeglatoibutor\/kategoriak\/vendeglatoi-butor\/longue-butor\/#breadcrumb\",\"itemListElement\":[{\"@type\":\"ListItem\",\"position\":1,\"name\":\"Home\",\"item\":\"https:\/\/alexbutor.hu\/vendeglatoibutor\/\"},{\"@type\":\"ListItem\",\"position\":2,\"name\":\"Term\u00e9kek\",\"item\":\"https:\/\/alexbutor.hu\/vendeglatoibutor\/kategoriak\/\"},{\"@type\":\"ListItem\",\"position\":3,\"name\":\"Vend\u00e9gl\u00e1t\u00f3i b\u00fator\",\"item\":\"https:\/\/alexbutor.hu\/vendeglatoibutor\/kategoriak\/vendeglatoi-butor\/\"},{\"@type\":\"ListItem\",\"position\":4,\"name\":\"Lounge b\u00fator\"}]},{\"@type\":\"WebSite\",\"@id\":\"https:\/\/alexbutor.hu\/vendeglatoibutor\/#website\",\"url\":\"https:\/\/alexbutor.hu\/vendeglatoibutor\/\",\"name\":\"Vend\u00e9gl\u00e1t\u00f3i b\u00fator\",\"description\":\"Minden t\u00e9rben megold\u00e1s\",\"potentialAction\":[{\"@type\":\"SearchAction\",\"target\":{\"@type\":\"EntryPoint\",\"urlTemplate\":\"https:\/\/alexbutor.hu\/vendeglatoibutor\/?s={search_term_string}\"},\"query-input\":{\"@type\":\"PropertyValueSpecification\",\"valueRequired\":true,\"valueName\":\"search_term_string\"}}],\"inLanguage\":\"hu\"}]}<\/script>\n<!-- \/ Yoast SEO plugin. -->","yoast_head_json":{"title":"Lounge b\u00fator - Vend\u00e9gl\u00e1t\u00f3i b\u00fator","description":"Lounge b\u00fatorok, pihen\u0151elemek. Sz\u00e9les, saj\u00e1t gy\u00e1rt\u00e1s\u00fa k\u00edn\u00e1lat, k\u00edv\u00e1l\u00f3 referenci\u00e1k. Vend\u00e9gl\u00e1t\u00f3i b\u00fatorok, HORECA projektek. K\u00e9rje aj\u00e1nlatunkat!","robots":{"index":"index","follow":"follow","max-snippet":"max-snippet:-1","max-image-preview":"max-image-preview:large","max-video-preview":"max-video-preview:-1"},"canonical":"https:\/\/alexbutor.hu\/vendeglatoibutor\/kategoriak\/vendeglatoi-butor\/longue-butor\/","og_locale":"hu_HU","og_type":"article","og_title":"Lounge b\u00fator - Vend\u00e9gl\u00e1t\u00f3i b\u00fator","og_description":"Lounge b\u00fatorok, pihen\u0151elemek. Sz\u00e9les, saj\u00e1t gy\u00e1rt\u00e1s\u00fa k\u00edn\u00e1lat, k\u00edv\u00e1l\u00f3 referenci\u00e1k. Vend\u00e9gl\u00e1t\u00f3i b\u00fatorok, HORECA projektek. K\u00e9rje aj\u00e1nlatunkat!","og_url":"https:\/\/alexbutor.hu\/vendeglatoibutor\/kategoriak\/vendeglatoi-butor\/longue-butor\/","og_site_name":"Vend\u00e9gl\u00e1t\u00f3i b\u00fator","article_modified_time":"2025-06-18T15:15:48+00:00","og_image":[{"width":800,"height":560,"url":"https:\/\/alexbutor.hu\/vendeglatoibutor\/wp-content\/uploads\/2016\/06\/05_Lounge_butorok_v2.jpg","type":"image\/jpeg"}],"twitter_card":"summary_large_image","twitter_misc":{"Becs\u00fclt olvas\u00e1si id\u0151":"2 perc"},"schema":{"@context":"https:\/\/schema.org","@graph":[{"@type":"WebPage","@id":"https:\/\/alexbutor.hu\/vendeglatoibutor\/kategoriak\/vendeglatoi-butor\/longue-butor\/","url":"https:\/\/alexbutor.hu\/vendeglatoibutor\/kategoriak\/vendeglatoi-butor\/longue-butor\/","name":"Lounge b\u00fator - Vend\u00e9gl\u00e1t\u00f3i b\u00fator","isPartOf":{"@id":"https:\/\/alexbutor.hu\/vendeglatoibutor\/#website"},"primaryImageOfPage":{"@id":"https:\/\/alexbutor.hu\/vendeglatoibutor\/kategoriak\/vendeglatoi-butor\/longue-butor\/#primaryimage"},"image":{"@id":"https:\/\/alexbutor.hu\/vendeglatoibutor\/kategoriak\/vendeglatoi-butor\/longue-butor\/#primaryimage"},"thumbnailUrl":"https:\/\/alexbutor.hu\/vendeglatoibutor\/wp-content\/uploads\/2016\/06\/05_Lounge_butorok_v2.jpg","datePublished":"2016-06-11T12:20:12+00:00","dateModified":"2025-06-18T15:15:48+00:00","description":"Lounge b\u00fatorok, pihen\u0151elemek. Sz\u00e9les, saj\u00e1t gy\u00e1rt\u00e1s\u00fa k\u00edn\u00e1lat, k\u00edv\u00e1l\u00f3 referenci\u00e1k. Vend\u00e9gl\u00e1t\u00f3i b\u00fatorok, HORECA projektek. K\u00e9rje aj\u00e1nlatunkat!","breadcrumb":{"@id":"https:\/\/alexbutor.hu\/vendeglatoibutor\/kategoriak\/vendeglatoi-butor\/longue-butor\/#breadcrumb"},"inLanguage":"hu","potentialAction":[{"@type":"ReadAction","target":["https:\/\/alexbutor.hu\/vendeglatoibutor\/kategoriak\/vendeglatoi-butor\/longue-butor\/"]}]},{"@type":"ImageObject","inLanguage":"hu","@id":"https:\/\/alexbutor.hu\/vendeglatoibutor\/kategoriak\/vendeglatoi-butor\/longue-butor\/#primaryimage","url":"https:\/\/alexbutor.hu\/vendeglatoibutor\/wp-content\/uploads\/2016\/06\/05_Lounge_butorok_v2.jpg","contentUrl":"https:\/\/alexbutor.hu\/vendeglatoibutor\/wp-content\/uploads\/2016\/06\/05_Lounge_butorok_v2.jpg","width":800,"height":560},{"@type":"BreadcrumbList","@id":"https:\/\/alexbutor.hu\/vendeglatoibutor\/kategoriak\/vendeglatoi-butor\/longue-butor\/#breadcrumb","itemListElement":[{"@type":"ListItem","position":1,"name":"Home","item":"https:\/\/alexbutor.hu\/vendeglatoibutor\/"},{"@type":"ListItem","position":2,"name":"Term\u00e9kek","item":"https:\/\/alexbutor.hu\/vendeglatoibutor\/kategoriak\/"},{"@type":"ListItem","position":3,"name":"Vend\u00e9gl\u00e1t\u00f3i b\u00fator","item":"https:\/\/alexbutor.hu\/vendeglatoibutor\/kategoriak\/vendeglatoi-butor\/"},{"@type":"ListItem","position":4,"name":"Lounge b\u00fator"}]},{"@type":"WebSite","@id":"https:\/\/alexbutor.hu\/vendeglatoibutor\/#website","url":"https:\/\/alexbutor.hu\/vendeglatoibutor\/","name":"Vend\u00e9gl\u00e1t\u00f3i b\u00fator","description":"Minden t\u00e9rben megold\u00e1s","potentialAction":[{"@type":"SearchAction","target":{"@type":"EntryPoint","urlTemplate":"https:\/\/alexbutor.hu\/vendeglatoibutor\/?s={search_term_string}"},"query-input":{"@type":"PropertyValueSpecification","valueRequired":true,"valueName":"search_term_string"}}],"inLanguage":"hu"}]}},"_links":{"self":[{"href":"https:\/\/alexbutor.hu\/vendeglatoibutor\/wp-json\/wp\/v2\/pages\/668"}],"collection":[{"href":"https:\/\/alexbutor.hu\/vendeglatoibutor\/wp-json\/wp\/v2\/pages"}],"about":[{"href":"https:\/\/alexbutor.hu\/vendeglatoibutor\/wp-json\/wp\/v2\/types\/page"}],"author":[{"embeddable":true,"href":"https:\/\/alexbutor.hu\/vendeglatoibutor\/wp-json\/wp\/v2\/users\/3"}],"replies":[{"embeddable":true,"href":"https:\/\/alexbutor.hu\/vendeglatoibutor\/wp-json\/wp\/v2\/comments?post=668"}],"version-history":[{"count":5,"href":"https:\/\/alexbutor.hu\/vendeglatoibutor\/wp-json\/wp\/v2\/pages\/668\/revisions"}],"predecessor-version":[{"id":170545,"href":"https:\/\/alexbutor.hu\/vendeglatoibutor\/wp-json\/wp\/v2\/pages\/668\/revisions\/170545"}],"up":[{"embeddable":true,"href":"https:\/\/alexbutor.hu\/vendeglatoibutor\/wp-json\/wp\/v2\/pages\/64"}],"wp:featuredmedia":[{"embeddable":true,"href":"https:\/\/alexbutor.hu\/vendeglatoibutor\/wp-json\/wp\/v2\/media\/16692"}],"wp:attachment":[{"href":"https:\/\/alexbutor.hu\/vendeglatoibutor\/wp-json\/wp\/v2\/media?parent=668"}],"curies":[{"name":"wp","href":"https:\/\/api.w.org\/{rel}","templated":true}]}}