{"id":683,"date":"2016-06-11T12:26:15","date_gmt":"2016-06-11T12:26:15","guid":{"rendered":"http:\/\/alexbutor.hu\/vendeglatoibutor\/?page_id=683"},"modified":"2024-07-12T06:42:46","modified_gmt":"2024-07-12T05:42:46","slug":"napozoagy","status":"publish","type":"page","link":"https:\/\/alexbutor.hu\/vendeglatoibutor\/kategoriak\/wellness-butor\/napozoagy\/","title":{"rendered":"Napoz\u00f3\u00e1gy"},"content":{"rendered":"","protected":false},"excerpt":{"rendered":"","protected":false},"author":3,"featured_media":16736,"parent":69,"menu_order":0,"comment_status":"closed","ping_status":"closed","template":"page-Portfolio4Cols-filterable.php","meta":{"footnotes":""},"class_list":["post-683","page","type-page","status-publish","has-post-thumbnail","hentry"],"yoast_head":"<!-- This site is optimized with the Yoast SEO plugin v23.5 - https:\/\/yoast.com\/wordpress\/plugins\/seo\/ -->\n<title>Napoz\u00f3\u00e1gy - Vend\u00e9gl\u00e1t\u00f3i b\u00fator<\/title>\n<meta name=\"description\" content=\"UV ellen\u00e1ll\u00f3 alum\u00ednium \u00e9s f\u00e9m napoz\u00f3\u00e1gyak. Az \u00fcl\u0151fel\u00fclet l\u00e9g- \u00e9s v\u00edz\u00e1tereszt\u0151, rugalmas \u00e9s antibakteri\u00e1lis. 14 modell, nagy sz\u00ednv\u00e1laszt\u00e9k! K\u00e9rje aj\u00e1nlatukat!\" \/>\n<meta name=\"robots\" content=\"index, follow, max-snippet:-1, max-image-preview:large, max-video-preview:-1\" \/>\n<link rel=\"canonical\" href=\"https:\/\/alexbutor.hu\/vendeglatoibutor\/kategoriak\/wellness-butor\/napozoagy\/\" \/>\n<meta property=\"og:locale\" content=\"hu_HU\" \/>\n<meta property=\"og:type\" content=\"article\" \/>\n<meta property=\"og:title\" content=\"Napoz\u00f3\u00e1gy - Vend\u00e9gl\u00e1t\u00f3i b\u00fator\" \/>\n<meta property=\"og:description\" content=\"UV ellen\u00e1ll\u00f3 alum\u00ednium \u00e9s f\u00e9m napoz\u00f3\u00e1gyak. Az \u00fcl\u0151fel\u00fclet l\u00e9g- \u00e9s v\u00edz\u00e1tereszt\u0151, rugalmas \u00e9s antibakteri\u00e1lis. 14 modell, nagy sz\u00ednv\u00e1laszt\u00e9k! K\u00e9rje aj\u00e1nlatukat!\" \/>\n<meta property=\"og:url\" content=\"https:\/\/alexbutor.hu\/vendeglatoibutor\/kategoriak\/wellness-butor\/napozoagy\/\" \/>\n<meta property=\"og:site_name\" content=\"Vend\u00e9gl\u00e1t\u00f3i b\u00fator\" \/>\n<meta property=\"article:modified_time\" content=\"2024-07-12T05:42:46+00:00\" \/>\n<meta property=\"og:image\" content=\"https:\/\/alexbutor.hu\/vendeglatoibutor\/wp-content\/uploads\/2016\/06\/01_Fem_napozoagy.jpg\" \/>\n\t<meta property=\"og:image:width\" content=\"800\" \/>\n\t<meta property=\"og:image:height\" content=\"560\" \/>\n\t<meta property=\"og:image:type\" content=\"image\/jpeg\" \/>\n<meta name=\"twitter:card\" content=\"summary_large_image\" \/>\n<script type=\"application\/ld+json\" class=\"yoast-schema-graph\">{\"@context\":\"https:\/\/schema.org\",\"@graph\":[{\"@type\":\"WebPage\",\"@id\":\"https:\/\/alexbutor.hu\/vendeglatoibutor\/kategoriak\/wellness-butor\/napozoagy\/\",\"url\":\"https:\/\/alexbutor.hu\/vendeglatoibutor\/kategoriak\/wellness-butor\/napozoagy\/\",\"name\":\"Napoz\u00f3\u00e1gy - Vend\u00e9gl\u00e1t\u00f3i b\u00fator\",\"isPartOf\":{\"@id\":\"https:\/\/alexbutor.hu\/vendeglatoibutor\/#website\"},\"primaryImageOfPage\":{\"@id\":\"https:\/\/alexbutor.hu\/vendeglatoibutor\/kategoriak\/wellness-butor\/napozoagy\/#primaryimage\"},\"image\":{\"@id\":\"https:\/\/alexbutor.hu\/vendeglatoibutor\/kategoriak\/wellness-butor\/napozoagy\/#primaryimage\"},\"thumbnailUrl\":\"https:\/\/alexbutor.hu\/vendeglatoibutor\/wp-content\/uploads\/2016\/06\/01_Fem_napozoagy.jpg\",\"datePublished\":\"2016-06-11T12:26:15+00:00\",\"dateModified\":\"2024-07-12T05:42:46+00:00\",\"description\":\"UV ellen\u00e1ll\u00f3 alum\u00ednium \u00e9s f\u00e9m napoz\u00f3\u00e1gyak. Az \u00fcl\u0151fel\u00fclet l\u00e9g- \u00e9s v\u00edz\u00e1tereszt\u0151, rugalmas \u00e9s antibakteri\u00e1lis. 14 modell, nagy sz\u00ednv\u00e1laszt\u00e9k! K\u00e9rje aj\u00e1nlatukat!\",\"breadcrumb\":{\"@id\":\"https:\/\/alexbutor.hu\/vendeglatoibutor\/kategoriak\/wellness-butor\/napozoagy\/#breadcrumb\"},\"inLanguage\":\"hu\",\"potentialAction\":[{\"@type\":\"ReadAction\",\"target\":[\"https:\/\/alexbutor.hu\/vendeglatoibutor\/kategoriak\/wellness-butor\/napozoagy\/\"]}]},{\"@type\":\"ImageObject\",\"inLanguage\":\"hu\",\"@id\":\"https:\/\/alexbutor.hu\/vendeglatoibutor\/kategoriak\/wellness-butor\/napozoagy\/#primaryimage\",\"url\":\"https:\/\/alexbutor.hu\/vendeglatoibutor\/wp-content\/uploads\/2016\/06\/01_Fem_napozoagy.jpg\",\"contentUrl\":\"https:\/\/alexbutor.hu\/vendeglatoibutor\/wp-content\/uploads\/2016\/06\/01_Fem_napozoagy.jpg\",\"width\":800,\"height\":560},{\"@type\":\"BreadcrumbList\",\"@id\":\"https:\/\/alexbutor.hu\/vendeglatoibutor\/kategoriak\/wellness-butor\/napozoagy\/#breadcrumb\",\"itemListElement\":[{\"@type\":\"ListItem\",\"position\":1,\"name\":\"Home\",\"item\":\"https:\/\/alexbutor.hu\/vendeglatoibutor\/\"},{\"@type\":\"ListItem\",\"position\":2,\"name\":\"Term\u00e9kek\",\"item\":\"https:\/\/alexbutor.hu\/vendeglatoibutor\/kategoriak\/\"},{\"@type\":\"ListItem\",\"position\":3,\"name\":\"Wellness b\u00fator\",\"item\":\"https:\/\/alexbutor.hu\/vendeglatoibutor\/kategoriak\/wellness-butor\/\"},{\"@type\":\"ListItem\",\"position\":4,\"name\":\"Napoz\u00f3\u00e1gy\"}]},{\"@type\":\"WebSite\",\"@id\":\"https:\/\/alexbutor.hu\/vendeglatoibutor\/#website\",\"url\":\"https:\/\/alexbutor.hu\/vendeglatoibutor\/\",\"name\":\"Vend\u00e9gl\u00e1t\u00f3i b\u00fator\",\"description\":\"Minden t\u00e9rben megold\u00e1s\",\"potentialAction\":[{\"@type\":\"SearchAction\",\"target\":{\"@type\":\"EntryPoint\",\"urlTemplate\":\"https:\/\/alexbutor.hu\/vendeglatoibutor\/?s={search_term_string}\"},\"query-input\":{\"@type\":\"PropertyValueSpecification\",\"valueRequired\":true,\"valueName\":\"search_term_string\"}}],\"inLanguage\":\"hu\"}]}<\/script>\n<!-- \/ Yoast SEO plugin. -->","yoast_head_json":{"title":"Napoz\u00f3\u00e1gy - Vend\u00e9gl\u00e1t\u00f3i b\u00fator","description":"UV ellen\u00e1ll\u00f3 alum\u00ednium \u00e9s f\u00e9m napoz\u00f3\u00e1gyak. Az \u00fcl\u0151fel\u00fclet l\u00e9g- \u00e9s v\u00edz\u00e1tereszt\u0151, rugalmas \u00e9s antibakteri\u00e1lis. 14 modell, nagy sz\u00ednv\u00e1laszt\u00e9k! K\u00e9rje aj\u00e1nlatukat!","robots":{"index":"index","follow":"follow","max-snippet":"max-snippet:-1","max-image-preview":"max-image-preview:large","max-video-preview":"max-video-preview:-1"},"canonical":"https:\/\/alexbutor.hu\/vendeglatoibutor\/kategoriak\/wellness-butor\/napozoagy\/","og_locale":"hu_HU","og_type":"article","og_title":"Napoz\u00f3\u00e1gy - Vend\u00e9gl\u00e1t\u00f3i b\u00fator","og_description":"UV ellen\u00e1ll\u00f3 alum\u00ednium \u00e9s f\u00e9m napoz\u00f3\u00e1gyak. Az \u00fcl\u0151fel\u00fclet l\u00e9g- \u00e9s v\u00edz\u00e1tereszt\u0151, rugalmas \u00e9s antibakteri\u00e1lis. 14 modell, nagy sz\u00ednv\u00e1laszt\u00e9k! K\u00e9rje aj\u00e1nlatukat!","og_url":"https:\/\/alexbutor.hu\/vendeglatoibutor\/kategoriak\/wellness-butor\/napozoagy\/","og_site_name":"Vend\u00e9gl\u00e1t\u00f3i b\u00fator","article_modified_time":"2024-07-12T05:42:46+00:00","og_image":[{"width":800,"height":560,"url":"https:\/\/alexbutor.hu\/vendeglatoibutor\/wp-content\/uploads\/2016\/06\/01_Fem_napozoagy.jpg","type":"image\/jpeg"}],"twitter_card":"summary_large_image","schema":{"@context":"https:\/\/schema.org","@graph":[{"@type":"WebPage","@id":"https:\/\/alexbutor.hu\/vendeglatoibutor\/kategoriak\/wellness-butor\/napozoagy\/","url":"https:\/\/alexbutor.hu\/vendeglatoibutor\/kategoriak\/wellness-butor\/napozoagy\/","name":"Napoz\u00f3\u00e1gy - Vend\u00e9gl\u00e1t\u00f3i b\u00fator","isPartOf":{"@id":"https:\/\/alexbutor.hu\/vendeglatoibutor\/#website"},"primaryImageOfPage":{"@id":"https:\/\/alexbutor.hu\/vendeglatoibutor\/kategoriak\/wellness-butor\/napozoagy\/#primaryimage"},"image":{"@id":"https:\/\/alexbutor.hu\/vendeglatoibutor\/kategoriak\/wellness-butor\/napozoagy\/#primaryimage"},"thumbnailUrl":"https:\/\/alexbutor.hu\/vendeglatoibutor\/wp-content\/uploads\/2016\/06\/01_Fem_napozoagy.jpg","datePublished":"2016-06-11T12:26:15+00:00","dateModified":"2024-07-12T05:42:46+00:00","description":"UV ellen\u00e1ll\u00f3 alum\u00ednium \u00e9s f\u00e9m napoz\u00f3\u00e1gyak. Az \u00fcl\u0151fel\u00fclet l\u00e9g- \u00e9s v\u00edz\u00e1tereszt\u0151, rugalmas \u00e9s antibakteri\u00e1lis. 14 modell, nagy sz\u00ednv\u00e1laszt\u00e9k! K\u00e9rje aj\u00e1nlatukat!","breadcrumb":{"@id":"https:\/\/alexbutor.hu\/vendeglatoibutor\/kategoriak\/wellness-butor\/napozoagy\/#breadcrumb"},"inLanguage":"hu","potentialAction":[{"@type":"ReadAction","target":["https:\/\/alexbutor.hu\/vendeglatoibutor\/kategoriak\/wellness-butor\/napozoagy\/"]}]},{"@type":"ImageObject","inLanguage":"hu","@id":"https:\/\/alexbutor.hu\/vendeglatoibutor\/kategoriak\/wellness-butor\/napozoagy\/#primaryimage","url":"https:\/\/alexbutor.hu\/vendeglatoibutor\/wp-content\/uploads\/2016\/06\/01_Fem_napozoagy.jpg","contentUrl":"https:\/\/alexbutor.hu\/vendeglatoibutor\/wp-content\/uploads\/2016\/06\/01_Fem_napozoagy.jpg","width":800,"height":560},{"@type":"BreadcrumbList","@id":"https:\/\/alexbutor.hu\/vendeglatoibutor\/kategoriak\/wellness-butor\/napozoagy\/#breadcrumb","itemListElement":[{"@type":"ListItem","position":1,"name":"Home","item":"https:\/\/alexbutor.hu\/vendeglatoibutor\/"},{"@type":"ListItem","position":2,"name":"Term\u00e9kek","item":"https:\/\/alexbutor.hu\/vendeglatoibutor\/kategoriak\/"},{"@type":"ListItem","position":3,"name":"Wellness b\u00fator","item":"https:\/\/alexbutor.hu\/vendeglatoibutor\/kategoriak\/wellness-butor\/"},{"@type":"ListItem","position":4,"name":"Napoz\u00f3\u00e1gy"}]},{"@type":"WebSite","@id":"https:\/\/alexbutor.hu\/vendeglatoibutor\/#website","url":"https:\/\/alexbutor.hu\/vendeglatoibutor\/","name":"Vend\u00e9gl\u00e1t\u00f3i b\u00fator","description":"Minden t\u00e9rben megold\u00e1s","potentialAction":[{"@type":"SearchAction","target":{"@type":"EntryPoint","urlTemplate":"https:\/\/alexbutor.hu\/vendeglatoibutor\/?s={search_term_string}"},"query-input":{"@type":"PropertyValueSpecification","valueRequired":true,"valueName":"search_term_string"}}],"inLanguage":"hu"}]}},"_links":{"self":[{"href":"https:\/\/alexbutor.hu\/vendeglatoibutor\/wp-json\/wp\/v2\/pages\/683"}],"collection":[{"href":"https:\/\/alexbutor.hu\/vendeglatoibutor\/wp-json\/wp\/v2\/pages"}],"about":[{"href":"https:\/\/alexbutor.hu\/vendeglatoibutor\/wp-json\/wp\/v2\/types\/page"}],"author":[{"embeddable":true,"href":"https:\/\/alexbutor.hu\/vendeglatoibutor\/wp-json\/wp\/v2\/users\/3"}],"replies":[{"embeddable":true,"href":"https:\/\/alexbutor.hu\/vendeglatoibutor\/wp-json\/wp\/v2\/comments?post=683"}],"version-history":[{"count":1,"href":"https:\/\/alexbutor.hu\/vendeglatoibutor\/wp-json\/wp\/v2\/pages\/683\/revisions"}],"predecessor-version":[{"id":154550,"href":"https:\/\/alexbutor.hu\/vendeglatoibutor\/wp-json\/wp\/v2\/pages\/683\/revisions\/154550"}],"up":[{"embeddable":true,"href":"https:\/\/alexbutor.hu\/vendeglatoibutor\/wp-json\/wp\/v2\/pages\/69"}],"wp:featuredmedia":[{"embeddable":true,"href":"https:\/\/alexbutor.hu\/vendeglatoibutor\/wp-json\/wp\/v2\/media\/16736"}],"wp:attachment":[{"href":"https:\/\/alexbutor.hu\/vendeglatoibutor\/wp-json\/wp\/v2\/media?parent=683"}],"curies":[{"name":"wp","href":"https:\/\/api.w.org\/{rel}","templated":true}]}}