{"id":69,"date":"2016-06-11T08:47:53","date_gmt":"2016-06-11T08:47:53","guid":{"rendered":"http:\/\/alexbutor.hu\/vendeglatoibutor\/?page_id=69"},"modified":"2025-05-29T06:53:22","modified_gmt":"2025-05-29T05:53:22","slug":"wellness-butor","status":"publish","type":"page","link":"https:\/\/alexbutor.hu\/vendeglatoibutor\/kategoriak\/wellness-butor\/","title":{"rendered":"Wellness b\u00fator"},"content":{"rendered":"<li class=\"portfolio_item isotope-item\">\n<div class=\"portfolio_item_holder\">\n<figure class=\"thumbnail thumbnail__portfolio\"><a href=\"https:\/\/alexbutor.hu\/vendeglatoibutor\/kategoriak\/wellness-butor\/napozoagy\/\" class=\"image-wrap\"><img decoding=\"async\" src=\"https:\/\/alexbutor.hu\/vendeglatoibutor\/wp-content\/uploads\/2025\/05\/KAT305-wellness-napozoagy-muanyag.webp\" alt=\"Napoz\u00f3\u00e1gy\"><span class=\"zoom-icon\"><\/span><\/a><\/figure>\n<div class=\"caption caption__portfolio\">\n<h3><a href=\"https:\/\/alexbutor.hu\/vendeglatoibutor\/kategoriak\/wellness-butor\/napozoagy\/\">Napoz\u00f3\u00e1gy<\/a><\/h3>\n<p><a href=\"https:\/\/alexbutor.hu\/vendeglatoibutor\/kategoriak\/wellness-butor\/napozoagy\/\" class=\"btn btn-primary\">Tov\u00e1bb<\/a><\/p>\n<\/div>\n<\/div>\n<\/li>\n<li class=\"portfolio_item isotope-item\">\n<div class=\"portfolio_item_holder\">\n<figure class=\"thumbnail thumbnail__portfolio\"><a href=\"https:\/\/alexbutor.hu\/vendeglatoibutor\/kategoriak\/wellness-butor\/wellness-szek\/\" class=\"image-wrap\"><img decoding=\"async\" src=\"https:\/\/alexbutor.hu\/vendeglatoibutor\/wp-content\/uploads\/2025\/05\/KAT351-wellness-szek.webp\" alt=\"Wellness sz\u00e9k\"><span class=\"zoom-icon\"><\/span><\/a><\/figure>\n<div class=\"caption caption__portfolio\">\n<h3><a href=\"https:\/\/alexbutor.hu\/vendeglatoibutor\/kategoriak\/wellness-butor\/wellness-szek\/\">Wellness sz\u00e9k<\/a><\/h3>\n<p><a href=\"https:\/\/alexbutor.hu\/vendeglatoibutor\/kategoriak\/wellness-butor\/wellness-szek\/\" class=\"btn btn-primary\">Tov\u00e1bb<\/a><\/p>\n<\/div>\n<\/div>\n<\/li>\n<li class=\"portfolio_item isotope-item\">\n<div class=\"portfolio_item_holder\">\n<figure class=\"thumbnail thumbnail__portfolio\"><a href=\"https:\/\/alexbutor.hu\/vendeglatoibutor\/kategoriak\/wellness-butor\/wellness-asztal\/\" class=\"image-wrap\"><img decoding=\"async\" src=\"https:\/\/alexbutor.hu\/vendeglatoibutor\/wp-content\/uploads\/2025\/05\/KAT309-wellness-asztal.webp\" alt=\"Wellness asztal\"><span class=\"zoom-icon\"><\/span><\/a><\/figure>\n<div class=\"caption caption__portfolio\">\n<h3><a href=\"https:\/\/alexbutor.hu\/vendeglatoibutor\/kategoriak\/wellness-butor\/wellness-asztal\/\">Wellness asztal<\/a><\/h3>\n<p><a href=\"https:\/\/alexbutor.hu\/vendeglatoibutor\/kategoriak\/wellness-butor\/wellness-asztal\/\" class=\"btn btn-primary\">Tov\u00e1bb<\/a><\/p>\n<\/div>\n<\/div>\n<\/li>\n","protected":false},"excerpt":{"rendered":"<p>Napoz\u00f3\u00e1gy Tov\u00e1bb Wellness sz\u00e9k Tov\u00e1bb Wellness asztal Tov\u00e1bb<\/p>\n","protected":false},"author":3,"featured_media":16210,"parent":9,"menu_order":0,"comment_status":"closed","ping_status":"closed","template":"page-Portfolio2Cols-alexsub.php","meta":{"footnotes":""},"class_list":["post-69","page","type-page","status-publish","has-post-thumbnail","hentry"],"yoast_head":"<!-- This site is optimized with the Yoast SEO plugin v23.5 - https:\/\/yoast.com\/wordpress\/plugins\/seo\/ -->\n<title>Wellness b\u00fator - Vend\u00e9gl\u00e1t\u00f3i b\u00fator<\/title>\n<meta name=\"description\" content=\"Napoz\u00f3\u00e1gyak, naperny\u0151k, asztalok k\u00fclt\u00e9rre \u00e9s belt\u00e9rre hotelek, strandok sz\u00e1m\u00e1ra. K\u00f6nnyen mozgathat\u00f3, id\u0151t\u00e1ll\u00f3 term\u00e9kek! K\u00e9rje aj\u00e1nlatunkat!\" \/>\n<meta name=\"robots\" content=\"index, follow, max-snippet:-1, max-image-preview:large, max-video-preview:-1\" \/>\n<link rel=\"canonical\" href=\"https:\/\/alexbutor.hu\/vendeglatoibutor\/kategoriak\/wellness-butor\/\" \/>\n<meta property=\"og:locale\" content=\"hu_HU\" \/>\n<meta property=\"og:type\" content=\"article\" \/>\n<meta property=\"og:title\" content=\"Wellness b\u00fator - Vend\u00e9gl\u00e1t\u00f3i b\u00fator\" \/>\n<meta property=\"og:description\" content=\"Napoz\u00f3\u00e1gyak, naperny\u0151k, asztalok k\u00fclt\u00e9rre \u00e9s belt\u00e9rre hotelek, strandok sz\u00e1m\u00e1ra. K\u00f6nnyen mozgathat\u00f3, id\u0151t\u00e1ll\u00f3 term\u00e9kek! K\u00e9rje aj\u00e1nlatunkat!\" \/>\n<meta property=\"og:url\" content=\"https:\/\/alexbutor.hu\/vendeglatoibutor\/kategoriak\/wellness-butor\/\" \/>\n<meta property=\"og:site_name\" content=\"Vend\u00e9gl\u00e1t\u00f3i b\u00fator\" \/>\n<meta property=\"article:modified_time\" content=\"2025-05-29T05:53:22+00:00\" \/>\n<meta property=\"og:image\" content=\"https:\/\/alexbutor.hu\/vendeglatoibutor\/wp-content\/uploads\/2016\/06\/03_wellness_butor_960x635px.jpg\" \/>\n\t<meta property=\"og:image:width\" content=\"960\" \/>\n\t<meta property=\"og:image:height\" content=\"635\" \/>\n\t<meta property=\"og:image:type\" content=\"image\/jpeg\" \/>\n<meta name=\"twitter:card\" content=\"summary_large_image\" \/>\n<meta name=\"twitter:label1\" content=\"Becs\u00fclt olvas\u00e1si id\u0151\" \/>\n\t<meta name=\"twitter:data1\" content=\"1 perc\" \/>\n<script type=\"application\/ld+json\" class=\"yoast-schema-graph\">{\"@context\":\"https:\/\/schema.org\",\"@graph\":[{\"@type\":\"WebPage\",\"@id\":\"https:\/\/alexbutor.hu\/vendeglatoibutor\/kategoriak\/wellness-butor\/\",\"url\":\"https:\/\/alexbutor.hu\/vendeglatoibutor\/kategoriak\/wellness-butor\/\",\"name\":\"Wellness b\u00fator - Vend\u00e9gl\u00e1t\u00f3i b\u00fator\",\"isPartOf\":{\"@id\":\"https:\/\/alexbutor.hu\/vendeglatoibutor\/#website\"},\"primaryImageOfPage\":{\"@id\":\"https:\/\/alexbutor.hu\/vendeglatoibutor\/kategoriak\/wellness-butor\/#primaryimage\"},\"image\":{\"@id\":\"https:\/\/alexbutor.hu\/vendeglatoibutor\/kategoriak\/wellness-butor\/#primaryimage\"},\"thumbnailUrl\":\"https:\/\/alexbutor.hu\/vendeglatoibutor\/wp-content\/uploads\/2016\/06\/03_wellness_butor_960x635px.jpg\",\"datePublished\":\"2016-06-11T08:47:53+00:00\",\"dateModified\":\"2025-05-29T05:53:22+00:00\",\"description\":\"Napoz\u00f3\u00e1gyak, naperny\u0151k, asztalok k\u00fclt\u00e9rre \u00e9s belt\u00e9rre hotelek, strandok sz\u00e1m\u00e1ra. K\u00f6nnyen mozgathat\u00f3, id\u0151t\u00e1ll\u00f3 term\u00e9kek! K\u00e9rje aj\u00e1nlatunkat!\",\"breadcrumb\":{\"@id\":\"https:\/\/alexbutor.hu\/vendeglatoibutor\/kategoriak\/wellness-butor\/#breadcrumb\"},\"inLanguage\":\"hu\",\"potentialAction\":[{\"@type\":\"ReadAction\",\"target\":[\"https:\/\/alexbutor.hu\/vendeglatoibutor\/kategoriak\/wellness-butor\/\"]}]},{\"@type\":\"ImageObject\",\"inLanguage\":\"hu\",\"@id\":\"https:\/\/alexbutor.hu\/vendeglatoibutor\/kategoriak\/wellness-butor\/#primaryimage\",\"url\":\"https:\/\/alexbutor.hu\/vendeglatoibutor\/wp-content\/uploads\/2016\/06\/03_wellness_butor_960x635px.jpg\",\"contentUrl\":\"https:\/\/alexbutor.hu\/vendeglatoibutor\/wp-content\/uploads\/2016\/06\/03_wellness_butor_960x635px.jpg\",\"width\":960,\"height\":635},{\"@type\":\"BreadcrumbList\",\"@id\":\"https:\/\/alexbutor.hu\/vendeglatoibutor\/kategoriak\/wellness-butor\/#breadcrumb\",\"itemListElement\":[{\"@type\":\"ListItem\",\"position\":1,\"name\":\"Home\",\"item\":\"https:\/\/alexbutor.hu\/vendeglatoibutor\/\"},{\"@type\":\"ListItem\",\"position\":2,\"name\":\"Term\u00e9kek\",\"item\":\"https:\/\/alexbutor.hu\/vendeglatoibutor\/kategoriak\/\"},{\"@type\":\"ListItem\",\"position\":3,\"name\":\"Wellness b\u00fator\"}]},{\"@type\":\"WebSite\",\"@id\":\"https:\/\/alexbutor.hu\/vendeglatoibutor\/#website\",\"url\":\"https:\/\/alexbutor.hu\/vendeglatoibutor\/\",\"name\":\"Vend\u00e9gl\u00e1t\u00f3i b\u00fator\",\"description\":\"Minden t\u00e9rben megold\u00e1s\",\"potentialAction\":[{\"@type\":\"SearchAction\",\"target\":{\"@type\":\"EntryPoint\",\"urlTemplate\":\"https:\/\/alexbutor.hu\/vendeglatoibutor\/?s={search_term_string}\"},\"query-input\":{\"@type\":\"PropertyValueSpecification\",\"valueRequired\":true,\"valueName\":\"search_term_string\"}}],\"inLanguage\":\"hu\"}]}<\/script>\n<!-- \/ Yoast SEO plugin. -->","yoast_head_json":{"title":"Wellness b\u00fator - Vend\u00e9gl\u00e1t\u00f3i b\u00fator","description":"Napoz\u00f3\u00e1gyak, naperny\u0151k, asztalok k\u00fclt\u00e9rre \u00e9s belt\u00e9rre hotelek, strandok sz\u00e1m\u00e1ra. K\u00f6nnyen mozgathat\u00f3, id\u0151t\u00e1ll\u00f3 term\u00e9kek! K\u00e9rje aj\u00e1nlatunkat!","robots":{"index":"index","follow":"follow","max-snippet":"max-snippet:-1","max-image-preview":"max-image-preview:large","max-video-preview":"max-video-preview:-1"},"canonical":"https:\/\/alexbutor.hu\/vendeglatoibutor\/kategoriak\/wellness-butor\/","og_locale":"hu_HU","og_type":"article","og_title":"Wellness b\u00fator - Vend\u00e9gl\u00e1t\u00f3i b\u00fator","og_description":"Napoz\u00f3\u00e1gyak, naperny\u0151k, asztalok k\u00fclt\u00e9rre \u00e9s belt\u00e9rre hotelek, strandok sz\u00e1m\u00e1ra. K\u00f6nnyen mozgathat\u00f3, id\u0151t\u00e1ll\u00f3 term\u00e9kek! K\u00e9rje aj\u00e1nlatunkat!","og_url":"https:\/\/alexbutor.hu\/vendeglatoibutor\/kategoriak\/wellness-butor\/","og_site_name":"Vend\u00e9gl\u00e1t\u00f3i b\u00fator","article_modified_time":"2025-05-29T05:53:22+00:00","og_image":[{"width":960,"height":635,"url":"https:\/\/alexbutor.hu\/vendeglatoibutor\/wp-content\/uploads\/2016\/06\/03_wellness_butor_960x635px.jpg","type":"image\/jpeg"}],"twitter_card":"summary_large_image","twitter_misc":{"Becs\u00fclt olvas\u00e1si id\u0151":"1 perc"},"schema":{"@context":"https:\/\/schema.org","@graph":[{"@type":"WebPage","@id":"https:\/\/alexbutor.hu\/vendeglatoibutor\/kategoriak\/wellness-butor\/","url":"https:\/\/alexbutor.hu\/vendeglatoibutor\/kategoriak\/wellness-butor\/","name":"Wellness b\u00fator - Vend\u00e9gl\u00e1t\u00f3i b\u00fator","isPartOf":{"@id":"https:\/\/alexbutor.hu\/vendeglatoibutor\/#website"},"primaryImageOfPage":{"@id":"https:\/\/alexbutor.hu\/vendeglatoibutor\/kategoriak\/wellness-butor\/#primaryimage"},"image":{"@id":"https:\/\/alexbutor.hu\/vendeglatoibutor\/kategoriak\/wellness-butor\/#primaryimage"},"thumbnailUrl":"https:\/\/alexbutor.hu\/vendeglatoibutor\/wp-content\/uploads\/2016\/06\/03_wellness_butor_960x635px.jpg","datePublished":"2016-06-11T08:47:53+00:00","dateModified":"2025-05-29T05:53:22+00:00","description":"Napoz\u00f3\u00e1gyak, naperny\u0151k, asztalok k\u00fclt\u00e9rre \u00e9s belt\u00e9rre hotelek, strandok sz\u00e1m\u00e1ra. K\u00f6nnyen mozgathat\u00f3, id\u0151t\u00e1ll\u00f3 term\u00e9kek! K\u00e9rje aj\u00e1nlatunkat!","breadcrumb":{"@id":"https:\/\/alexbutor.hu\/vendeglatoibutor\/kategoriak\/wellness-butor\/#breadcrumb"},"inLanguage":"hu","potentialAction":[{"@type":"ReadAction","target":["https:\/\/alexbutor.hu\/vendeglatoibutor\/kategoriak\/wellness-butor\/"]}]},{"@type":"ImageObject","inLanguage":"hu","@id":"https:\/\/alexbutor.hu\/vendeglatoibutor\/kategoriak\/wellness-butor\/#primaryimage","url":"https:\/\/alexbutor.hu\/vendeglatoibutor\/wp-content\/uploads\/2016\/06\/03_wellness_butor_960x635px.jpg","contentUrl":"https:\/\/alexbutor.hu\/vendeglatoibutor\/wp-content\/uploads\/2016\/06\/03_wellness_butor_960x635px.jpg","width":960,"height":635},{"@type":"BreadcrumbList","@id":"https:\/\/alexbutor.hu\/vendeglatoibutor\/kategoriak\/wellness-butor\/#breadcrumb","itemListElement":[{"@type":"ListItem","position":1,"name":"Home","item":"https:\/\/alexbutor.hu\/vendeglatoibutor\/"},{"@type":"ListItem","position":2,"name":"Term\u00e9kek","item":"https:\/\/alexbutor.hu\/vendeglatoibutor\/kategoriak\/"},{"@type":"ListItem","position":3,"name":"Wellness b\u00fator"}]},{"@type":"WebSite","@id":"https:\/\/alexbutor.hu\/vendeglatoibutor\/#website","url":"https:\/\/alexbutor.hu\/vendeglatoibutor\/","name":"Vend\u00e9gl\u00e1t\u00f3i b\u00fator","description":"Minden t\u00e9rben megold\u00e1s","potentialAction":[{"@type":"SearchAction","target":{"@type":"EntryPoint","urlTemplate":"https:\/\/alexbutor.hu\/vendeglatoibutor\/?s={search_term_string}"},"query-input":{"@type":"PropertyValueSpecification","valueRequired":true,"valueName":"search_term_string"}}],"inLanguage":"hu"}]}},"_links":{"self":[{"href":"https:\/\/alexbutor.hu\/vendeglatoibutor\/wp-json\/wp\/v2\/pages\/69"}],"collection":[{"href":"https:\/\/alexbutor.hu\/vendeglatoibutor\/wp-json\/wp\/v2\/pages"}],"about":[{"href":"https:\/\/alexbutor.hu\/vendeglatoibutor\/wp-json\/wp\/v2\/types\/page"}],"author":[{"embeddable":true,"href":"https:\/\/alexbutor.hu\/vendeglatoibutor\/wp-json\/wp\/v2\/users\/3"}],"replies":[{"embeddable":true,"href":"https:\/\/alexbutor.hu\/vendeglatoibutor\/wp-json\/wp\/v2\/comments?post=69"}],"version-history":[{"count":3,"href":"https:\/\/alexbutor.hu\/vendeglatoibutor\/wp-json\/wp\/v2\/pages\/69\/revisions"}],"predecessor-version":[{"id":170465,"href":"https:\/\/alexbutor.hu\/vendeglatoibutor\/wp-json\/wp\/v2\/pages\/69\/revisions\/170465"}],"up":[{"embeddable":true,"href":"https:\/\/alexbutor.hu\/vendeglatoibutor\/wp-json\/wp\/v2\/pages\/9"}],"wp:featuredmedia":[{"embeddable":true,"href":"https:\/\/alexbutor.hu\/vendeglatoibutor\/wp-json\/wp\/v2\/media\/16210"}],"wp:attachment":[{"href":"https:\/\/alexbutor.hu\/vendeglatoibutor\/wp-json\/wp\/v2\/media?parent=69"}],"curies":[{"name":"wp","href":"https:\/\/api.w.org\/{rel}","templated":true}]}}