{"id":7,"date":"2016-06-08T07:57:17","date_gmt":"2016-06-08T07:57:17","guid":{"rendered":"http:\/\/alexbutor.hu\/vendeglatoibutor\/?page_id=7"},"modified":"2024-09-06T14:18:56","modified_gmt":"2024-09-06T13:18:56","slug":"fooldal","status":"publish","type":"page","link":"https:\/\/alexbutor.hu\/vendeglatoibutor\/","title":{"rendered":"F\u0151oldal"},"content":{"rendered":"","protected":false},"excerpt":{"rendered":"","protected":false},"author":3,"featured_media":71705,"parent":0,"menu_order":0,"comment_status":"closed","ping_status":"closed","template":"page-home.php","meta":{"footnotes":""},"class_list":["post-7","page","type-page","status-publish","has-post-thumbnail","hentry"],"yoast_head":"<!-- This site is optimized with the Yoast SEO plugin v23.5 - https:\/\/yoast.com\/wordpress\/plugins\/seo\/ -->\n<title>F\u0151oldal - Vend\u00e9gl\u00e1t\u00f3i b\u00fator<\/title>\n<meta name=\"description\" content=\"A HoReCa szektor sz\u00e1m\u00e1ra gy\u00e1rtunk \u00e9s forgalmazunk konferencia \u00e9s bankett sz\u00e9keket, vend\u00e9gl\u00e1t\u00f3i b\u00fatorokat, kerti sz\u00e9keket \u00e9s asztalokat, napoz\u00f3\u00e1gyakat. Zs\u00e1mb\u00e9ki telephely\u00fcnk\u00f6n el\u0151zetes bejelentkez\u00e9s alapj\u00e1n v\u00e1rjuk bemutat\u00f3term\u00fcnkben!\" \/>\n<meta name=\"robots\" content=\"index, follow, max-snippet:-1, max-image-preview:large, max-video-preview:-1\" \/>\n<link rel=\"canonical\" href=\"https:\/\/alexbutor.hu\/vendeglatoibutor\/\" \/>\n<meta property=\"og:locale\" content=\"hu_HU\" \/>\n<meta property=\"og:type\" content=\"article\" \/>\n<meta property=\"og:title\" content=\"F\u0151oldal - Vend\u00e9gl\u00e1t\u00f3i b\u00fator\" \/>\n<meta property=\"og:description\" content=\"A HoReCa szektor sz\u00e1m\u00e1ra gy\u00e1rtunk \u00e9s forgalmazunk konferencia \u00e9s bankett sz\u00e9keket, vend\u00e9gl\u00e1t\u00f3i b\u00fatorokat, kerti sz\u00e9keket \u00e9s asztalokat, napoz\u00f3\u00e1gyakat. Zs\u00e1mb\u00e9ki telephely\u00fcnk\u00f6n el\u0151zetes bejelentkez\u00e9s alapj\u00e1n v\u00e1rjuk bemutat\u00f3term\u00fcnkben!\" \/>\n<meta property=\"og:url\" content=\"https:\/\/alexbutor.hu\/vendeglatoibutor\/\" \/>\n<meta property=\"og:site_name\" content=\"Vend\u00e9gl\u00e1t\u00f3i b\u00fator\" \/>\n<meta property=\"article:modified_time\" content=\"2024-09-06T13:18:56+00:00\" \/>\n<meta property=\"og:image\" content=\"https:\/\/alexbutor.hu\/vendeglatoibutor\/wp-content\/uploads\/2016\/05\/Favazas_szekek_ujdonsag_1920x900px_v2.jpg\" \/>\n\t<meta property=\"og:image:width\" content=\"1920\" \/>\n\t<meta property=\"og:image:height\" content=\"900\" \/>\n\t<meta property=\"og:image:type\" content=\"image\/jpeg\" \/>\n<meta name=\"twitter:card\" content=\"summary_large_image\" \/>\n<script type=\"application\/ld+json\" class=\"yoast-schema-graph\">{\"@context\":\"https:\/\/schema.org\",\"@graph\":[{\"@type\":\"WebPage\",\"@id\":\"https:\/\/alexbutor.hu\/vendeglatoibutor\/\",\"url\":\"https:\/\/alexbutor.hu\/vendeglatoibutor\/\",\"name\":\"F\u0151oldal - Vend\u00e9gl\u00e1t\u00f3i b\u00fator\",\"isPartOf\":{\"@id\":\"https:\/\/alexbutor.hu\/vendeglatoibutor\/#website\"},\"primaryImageOfPage\":{\"@id\":\"https:\/\/alexbutor.hu\/vendeglatoibutor\/#primaryimage\"},\"image\":{\"@id\":\"https:\/\/alexbutor.hu\/vendeglatoibutor\/#primaryimage\"},\"thumbnailUrl\":\"https:\/\/alexbutor.hu\/vendeglatoibutor\/wp-content\/uploads\/2016\/05\/Favazas_szekek_ujdonsag_1920x900px_v2.jpg\",\"datePublished\":\"2016-06-08T07:57:17+00:00\",\"dateModified\":\"2024-09-06T13:18:56+00:00\",\"description\":\"A HoReCa szektor sz\u00e1m\u00e1ra gy\u00e1rtunk \u00e9s forgalmazunk konferencia \u00e9s bankett sz\u00e9keket, vend\u00e9gl\u00e1t\u00f3i b\u00fatorokat, kerti sz\u00e9keket \u00e9s asztalokat, napoz\u00f3\u00e1gyakat. Zs\u00e1mb\u00e9ki telephely\u00fcnk\u00f6n el\u0151zetes bejelentkez\u00e9s alapj\u00e1n v\u00e1rjuk bemutat\u00f3term\u00fcnkben!\",\"breadcrumb\":{\"@id\":\"https:\/\/alexbutor.hu\/vendeglatoibutor\/#breadcrumb\"},\"inLanguage\":\"hu\",\"potentialAction\":[{\"@type\":\"ReadAction\",\"target\":[\"https:\/\/alexbutor.hu\/vendeglatoibutor\/\"]}]},{\"@type\":\"ImageObject\",\"inLanguage\":\"hu\",\"@id\":\"https:\/\/alexbutor.hu\/vendeglatoibutor\/#primaryimage\",\"url\":\"https:\/\/alexbutor.hu\/vendeglatoibutor\/wp-content\/uploads\/2016\/05\/Favazas_szekek_ujdonsag_1920x900px_v2.jpg\",\"contentUrl\":\"https:\/\/alexbutor.hu\/vendeglatoibutor\/wp-content\/uploads\/2016\/05\/Favazas_szekek_ujdonsag_1920x900px_v2.jpg\",\"width\":1920,\"height\":900},{\"@type\":\"BreadcrumbList\",\"@id\":\"https:\/\/alexbutor.hu\/vendeglatoibutor\/#breadcrumb\",\"itemListElement\":[{\"@type\":\"ListItem\",\"position\":1,\"name\":\"Home\",\"item\":\"https:\/\/alexbutor.hu\/vendeglatoibutor\/\"},{\"@type\":\"ListItem\",\"position\":2,\"name\":\"F\u0151oldal\"}]},{\"@type\":\"WebSite\",\"@id\":\"https:\/\/alexbutor.hu\/vendeglatoibutor\/#website\",\"url\":\"https:\/\/alexbutor.hu\/vendeglatoibutor\/\",\"name\":\"Vend\u00e9gl\u00e1t\u00f3i b\u00fator\",\"description\":\"Minden t\u00e9rben megold\u00e1s\",\"potentialAction\":[{\"@type\":\"SearchAction\",\"target\":{\"@type\":\"EntryPoint\",\"urlTemplate\":\"https:\/\/alexbutor.hu\/vendeglatoibutor\/?s={search_term_string}\"},\"query-input\":{\"@type\":\"PropertyValueSpecification\",\"valueRequired\":true,\"valueName\":\"search_term_string\"}}],\"inLanguage\":\"hu\"}]}<\/script>\n<!-- \/ Yoast SEO plugin. -->","yoast_head_json":{"title":"F\u0151oldal - Vend\u00e9gl\u00e1t\u00f3i b\u00fator","description":"A HoReCa szektor sz\u00e1m\u00e1ra gy\u00e1rtunk \u00e9s forgalmazunk konferencia \u00e9s bankett sz\u00e9keket, vend\u00e9gl\u00e1t\u00f3i b\u00fatorokat, kerti sz\u00e9keket \u00e9s asztalokat, napoz\u00f3\u00e1gyakat. Zs\u00e1mb\u00e9ki telephely\u00fcnk\u00f6n el\u0151zetes bejelentkez\u00e9s alapj\u00e1n v\u00e1rjuk bemutat\u00f3term\u00fcnkben!","robots":{"index":"index","follow":"follow","max-snippet":"max-snippet:-1","max-image-preview":"max-image-preview:large","max-video-preview":"max-video-preview:-1"},"canonical":"https:\/\/alexbutor.hu\/vendeglatoibutor\/","og_locale":"hu_HU","og_type":"article","og_title":"F\u0151oldal - Vend\u00e9gl\u00e1t\u00f3i b\u00fator","og_description":"A HoReCa szektor sz\u00e1m\u00e1ra gy\u00e1rtunk \u00e9s forgalmazunk konferencia \u00e9s bankett sz\u00e9keket, vend\u00e9gl\u00e1t\u00f3i b\u00fatorokat, kerti sz\u00e9keket \u00e9s asztalokat, napoz\u00f3\u00e1gyakat. Zs\u00e1mb\u00e9ki telephely\u00fcnk\u00f6n el\u0151zetes bejelentkez\u00e9s alapj\u00e1n v\u00e1rjuk bemutat\u00f3term\u00fcnkben!","og_url":"https:\/\/alexbutor.hu\/vendeglatoibutor\/","og_site_name":"Vend\u00e9gl\u00e1t\u00f3i b\u00fator","article_modified_time":"2024-09-06T13:18:56+00:00","og_image":[{"width":1920,"height":900,"url":"https:\/\/alexbutor.hu\/vendeglatoibutor\/wp-content\/uploads\/2016\/05\/Favazas_szekek_ujdonsag_1920x900px_v2.jpg","type":"image\/jpeg"}],"twitter_card":"summary_large_image","schema":{"@context":"https:\/\/schema.org","@graph":[{"@type":"WebPage","@id":"https:\/\/alexbutor.hu\/vendeglatoibutor\/","url":"https:\/\/alexbutor.hu\/vendeglatoibutor\/","name":"F\u0151oldal - Vend\u00e9gl\u00e1t\u00f3i b\u00fator","isPartOf":{"@id":"https:\/\/alexbutor.hu\/vendeglatoibutor\/#website"},"primaryImageOfPage":{"@id":"https:\/\/alexbutor.hu\/vendeglatoibutor\/#primaryimage"},"image":{"@id":"https:\/\/alexbutor.hu\/vendeglatoibutor\/#primaryimage"},"thumbnailUrl":"https:\/\/alexbutor.hu\/vendeglatoibutor\/wp-content\/uploads\/2016\/05\/Favazas_szekek_ujdonsag_1920x900px_v2.jpg","datePublished":"2016-06-08T07:57:17+00:00","dateModified":"2024-09-06T13:18:56+00:00","description":"A HoReCa szektor sz\u00e1m\u00e1ra gy\u00e1rtunk \u00e9s forgalmazunk konferencia \u00e9s bankett sz\u00e9keket, vend\u00e9gl\u00e1t\u00f3i b\u00fatorokat, kerti sz\u00e9keket \u00e9s asztalokat, napoz\u00f3\u00e1gyakat. Zs\u00e1mb\u00e9ki telephely\u00fcnk\u00f6n el\u0151zetes bejelentkez\u00e9s alapj\u00e1n v\u00e1rjuk bemutat\u00f3term\u00fcnkben!","breadcrumb":{"@id":"https:\/\/alexbutor.hu\/vendeglatoibutor\/#breadcrumb"},"inLanguage":"hu","potentialAction":[{"@type":"ReadAction","target":["https:\/\/alexbutor.hu\/vendeglatoibutor\/"]}]},{"@type":"ImageObject","inLanguage":"hu","@id":"https:\/\/alexbutor.hu\/vendeglatoibutor\/#primaryimage","url":"https:\/\/alexbutor.hu\/vendeglatoibutor\/wp-content\/uploads\/2016\/05\/Favazas_szekek_ujdonsag_1920x900px_v2.jpg","contentUrl":"https:\/\/alexbutor.hu\/vendeglatoibutor\/wp-content\/uploads\/2016\/05\/Favazas_szekek_ujdonsag_1920x900px_v2.jpg","width":1920,"height":900},{"@type":"BreadcrumbList","@id":"https:\/\/alexbutor.hu\/vendeglatoibutor\/#breadcrumb","itemListElement":[{"@type":"ListItem","position":1,"name":"Home","item":"https:\/\/alexbutor.hu\/vendeglatoibutor\/"},{"@type":"ListItem","position":2,"name":"F\u0151oldal"}]},{"@type":"WebSite","@id":"https:\/\/alexbutor.hu\/vendeglatoibutor\/#website","url":"https:\/\/alexbutor.hu\/vendeglatoibutor\/","name":"Vend\u00e9gl\u00e1t\u00f3i b\u00fator","description":"Minden t\u00e9rben megold\u00e1s","potentialAction":[{"@type":"SearchAction","target":{"@type":"EntryPoint","urlTemplate":"https:\/\/alexbutor.hu\/vendeglatoibutor\/?s={search_term_string}"},"query-input":{"@type":"PropertyValueSpecification","valueRequired":true,"valueName":"search_term_string"}}],"inLanguage":"hu"}]}},"_links":{"self":[{"href":"https:\/\/alexbutor.hu\/vendeglatoibutor\/wp-json\/wp\/v2\/pages\/7"}],"collection":[{"href":"https:\/\/alexbutor.hu\/vendeglatoibutor\/wp-json\/wp\/v2\/pages"}],"about":[{"href":"https:\/\/alexbutor.hu\/vendeglatoibutor\/wp-json\/wp\/v2\/types\/page"}],"author":[{"embeddable":true,"href":"https:\/\/alexbutor.hu\/vendeglatoibutor\/wp-json\/wp\/v2\/users\/3"}],"replies":[{"embeddable":true,"href":"https:\/\/alexbutor.hu\/vendeglatoibutor\/wp-json\/wp\/v2\/comments?post=7"}],"version-history":[{"count":3,"href":"https:\/\/alexbutor.hu\/vendeglatoibutor\/wp-json\/wp\/v2\/pages\/7\/revisions"}],"predecessor-version":[{"id":159762,"href":"https:\/\/alexbutor.hu\/vendeglatoibutor\/wp-json\/wp\/v2\/pages\/7\/revisions\/159762"}],"wp:featuredmedia":[{"embeddable":true,"href":"https:\/\/alexbutor.hu\/vendeglatoibutor\/wp-json\/wp\/v2\/media\/71705"}],"wp:attachment":[{"href":"https:\/\/alexbutor.hu\/vendeglatoibutor\/wp-json\/wp\/v2\/media?parent=7"}],"curies":[{"name":"wp","href":"https:\/\/api.w.org\/{rel}","templated":true}]}}