{"id":71,"date":"2016-06-11T08:50:22","date_gmt":"2016-06-11T08:50:22","guid":{"rendered":"http:\/\/alexbutor.hu\/vendeglatoibutor\/?page_id=71"},"modified":"2025-05-29T06:58:18","modified_gmt":"2025-05-29T05:58:18","slug":"kulteri-butor","status":"publish","type":"page","link":"https:\/\/alexbutor.hu\/vendeglatoibutor\/kategoriak\/kulteri-butor\/","title":{"rendered":"K\u00fclt\u00e9ri b\u00fator"},"content":{"rendered":"<li class=\"portfolio_item isotope-item\">\n<div class=\"portfolio_item_holder\">\n<figure class=\"thumbnail thumbnail__portfolio\"><a href=\"https:\/\/alexbutor.hu\/vendeglatoibutor\/kategoriak\/kulteri-butor\/kulteri-szek\/\" class=\"image-wrap\"><img decoding=\"async\" src=\"https:\/\/alexbutor.hu\/vendeglatoibutor\/wp-content\/uploads\/2025\/05\/KAT279-kerti-szek.webp\" alt=\"K\u00fclt\u00e9ri sz\u00e9k\"><span class=\"zoom-icon\"><\/span><\/a><\/figure>\n<div class=\"caption caption__portfolio\">\n<h3><a href=\"https:\/\/alexbutor.hu\/vendeglatoibutor\/kategoriak\/kulteri-butor\/kulteri-szek\/\">K\u00fclt\u00e9ri sz\u00e9k<\/a><\/h3>\n<p><a href=\"https:\/\/alexbutor.hu\/vendeglatoibutor\/kategoriak\/kulteri-butor\/kulteri-szek\/\" class=\"btn btn-primary\">Tov\u00e1bb<\/a><\/p>\n<\/div>\n<\/div>\n<\/li>\n<li class=\"portfolio_item isotope-item\">\n<div class=\"portfolio_item_holder\">\n<figure class=\"thumbnail thumbnail__portfolio\"><a href=\"https:\/\/alexbutor.hu\/vendeglatoibutor\/kategoriak\/kulteri-butor\/kulteri-asztal\/\" class=\"image-wrap\"><img decoding=\"async\" src=\"https:\/\/alexbutor.hu\/vendeglatoibutor\/wp-content\/uploads\/2025\/05\/KAT286-kerti-asztal.webp\" alt=\"K\u00fclt\u00e9ri asztal\"><span class=\"zoom-icon\"><\/span><\/a><\/figure>\n<div class=\"caption caption__portfolio\">\n<h3><a href=\"https:\/\/alexbutor.hu\/vendeglatoibutor\/kategoriak\/kulteri-butor\/kulteri-asztal\/\">K\u00fclt\u00e9ri asztal<\/a><\/h3>\n<p><a href=\"https:\/\/alexbutor.hu\/vendeglatoibutor\/kategoriak\/kulteri-butor\/kulteri-asztal\/\" class=\"btn btn-primary\">Tov\u00e1bb<\/a><\/p>\n<\/div>\n<\/div>\n<\/li>\n<li class=\"portfolio_item isotope-item\">\n<div class=\"portfolio_item_holder\">\n<figure class=\"thumbnail thumbnail__portfolio\"><a href=\"https:\/\/alexbutor.hu\/vendeglatoibutor\/kategoriak\/kulteri-butor\/kulteri-lounge-butor\/\" class=\"image-wrap\"><img decoding=\"async\" src=\"https:\/\/alexbutor.hu\/vendeglatoibutor\/wp-content\/uploads\/2025\/05\/KAT285-kerti-lounge.webp\" alt=\"K\u00fclt\u00e9ri longue b\u00fator\"><span class=\"zoom-icon\"><\/span><\/a><\/figure>\n<div class=\"caption caption__portfolio\">\n<h3><a href=\"https:\/\/alexbutor.hu\/vendeglatoibutor\/kategoriak\/kulteri-butor\/kulteri-lounge-butor\/\">K\u00fclt\u00e9ri longue b\u00fator<\/a><\/h3>\n<p><a href=\"https:\/\/alexbutor.hu\/vendeglatoibutor\/kategoriak\/kulteri-butor\/kulteri-lounge-butor\/\" class=\"btn btn-primary\">Tov\u00e1bb<\/a><\/p>\n<\/div>\n<\/div>\n<\/li>\n<li class=\"portfolio_item isotope-item\">\n<div class=\"portfolio_item_holder\">\n<figure class=\"thumbnail thumbnail__portfolio\"><a href=\"https:\/\/alexbutor.hu\/vendeglatoibutor\/kategoriak\/kulteri-butor\/polyrattan-szek-barszek\/\" class=\"image-wrap\"><img decoding=\"async\" src=\"https:\/\/alexbutor.hu\/vendeglatoibutor\/wp-content\/uploads\/2025\/05\/KAT353-kerti-polyrattan-szek.webp\" alt=\"Polyrattan sz\u00e9k, b\u00e1rsz\u00e9k\"><span class=\"zoom-icon\"><\/span><\/a><\/figure>\n<div class=\"caption caption__portfolio\">\n<h3><a href=\"https:\/\/alexbutor.hu\/vendeglatoibutor\/kategoriak\/kulteri-butor\/polyrattan-szek-barszek\/\">Polyrattan sz\u00e9k, b\u00e1rsz\u00e9k<\/a><\/h3>\n<p><a href=\"https:\/\/alexbutor.hu\/vendeglatoibutor\/kategoriak\/kulteri-butor\/polyrattan-szek-barszek\/\" class=\"btn btn-primary\">Tov\u00e1bb<\/a><\/p>\n<\/div>\n<\/div>\n<\/li>\n<li class=\"portfolio_item isotope-item\">\n<div class=\"portfolio_item_holder\">\n<figure class=\"thumbnail thumbnail__portfolio\"><a href=\"https:\/\/alexbutor.hu\/vendeglatoibutor\/kategoriak\/kulteri-butor\/polyrattan-asztal\/\" class=\"image-wrap\"><img decoding=\"async\" src=\"https:\/\/alexbutor.hu\/vendeglatoibutor\/wp-content\/uploads\/2025\/05\/KAT354-kerti-polyrattan-asztal.webp\" alt=\"Polyrattan asztal\"><span class=\"zoom-icon\"><\/span><\/a><\/figure>\n<div class=\"caption caption__portfolio\">\n<h3><a href=\"https:\/\/alexbutor.hu\/vendeglatoibutor\/kategoriak\/kulteri-butor\/polyrattan-asztal\/\">Polyrattan asztal<\/a><\/h3>\n<p><a href=\"https:\/\/alexbutor.hu\/vendeglatoibutor\/kategoriak\/kulteri-butor\/polyrattan-asztal\/\" class=\"btn btn-primary\">Tov\u00e1bb<\/a><\/p>\n<\/div>\n<\/div>\n<\/li>\n","protected":false},"excerpt":{"rendered":"<p>K\u00fclt\u00e9ri sz\u00e9k Tov\u00e1bb K\u00fclt\u00e9ri asztal Tov\u00e1bb K\u00fclt\u00e9ri longue b\u00fator Tov\u00e1bb Polyrattan sz\u00e9k, b\u00e1rsz\u00e9k Tov\u00e1bb Polyrattan asztal Tov\u00e1bb<\/p>\n","protected":false},"author":3,"featured_media":16211,"parent":9,"menu_order":0,"comment_status":"closed","ping_status":"closed","template":"page-Portfolio2Cols-alexsub.php","meta":{"footnotes":""},"class_list":["post-71","page","type-page","status-publish","has-post-thumbnail","hentry"],"yoast_head":"<!-- This site is optimized with the Yoast SEO plugin v23.5 - https:\/\/yoast.com\/wordpress\/plugins\/seo\/ -->\n<title>K\u00fclt\u00e9ri b\u00fator - Vend\u00e9gl\u00e1t\u00f3i b\u00fator<\/title>\n<meta name=\"description\" content=\"Eur\u00f3pa trendi b\u00fatorai \u00e9s saj\u00e1t gy\u00e1rt\u00e1s\u00fa kerti b\u00fatorok sz\u00e9les v\u00e1laszt\u00e9kban. HORECA aj\u00e1nlatk\u00e9r\u00e9s. Ingyenes helysz\u00edni tan\u00e1csad\u00e1s. Garancia.\" \/>\n<meta name=\"robots\" content=\"index, follow, max-snippet:-1, max-image-preview:large, max-video-preview:-1\" \/>\n<link rel=\"canonical\" href=\"https:\/\/alexbutor.hu\/vendeglatoibutor\/kategoriak\/kulteri-butor\/\" \/>\n<meta property=\"og:locale\" content=\"hu_HU\" \/>\n<meta property=\"og:type\" content=\"article\" \/>\n<meta property=\"og:title\" content=\"K\u00fclt\u00e9ri b\u00fator - Vend\u00e9gl\u00e1t\u00f3i b\u00fator\" \/>\n<meta property=\"og:description\" content=\"Eur\u00f3pa trendi b\u00fatorai \u00e9s saj\u00e1t gy\u00e1rt\u00e1s\u00fa kerti b\u00fatorok sz\u00e9les v\u00e1laszt\u00e9kban. HORECA aj\u00e1nlatk\u00e9r\u00e9s. Ingyenes helysz\u00edni tan\u00e1csad\u00e1s. Garancia.\" \/>\n<meta property=\"og:url\" content=\"https:\/\/alexbutor.hu\/vendeglatoibutor\/kategoriak\/kulteri-butor\/\" \/>\n<meta property=\"og:site_name\" content=\"Vend\u00e9gl\u00e1t\u00f3i b\u00fator\" \/>\n<meta property=\"article:modified_time\" content=\"2025-05-29T05:58:18+00:00\" \/>\n<meta property=\"og:image\" content=\"https:\/\/alexbutor.hu\/vendeglatoibutor\/wp-content\/uploads\/2016\/06\/04_kerti_butor_960x635px-1.jpg\" \/>\n\t<meta property=\"og:image:width\" content=\"960\" \/>\n\t<meta property=\"og:image:height\" content=\"635\" \/>\n\t<meta property=\"og:image:type\" content=\"image\/jpeg\" \/>\n<meta name=\"twitter:card\" content=\"summary_large_image\" \/>\n<meta name=\"twitter:label1\" content=\"Becs\u00fclt olvas\u00e1si id\u0151\" \/>\n\t<meta name=\"twitter:data1\" content=\"2 perc\" \/>\n<script type=\"application\/ld+json\" class=\"yoast-schema-graph\">{\"@context\":\"https:\/\/schema.org\",\"@graph\":[{\"@type\":\"WebPage\",\"@id\":\"https:\/\/alexbutor.hu\/vendeglatoibutor\/kategoriak\/kulteri-butor\/\",\"url\":\"https:\/\/alexbutor.hu\/vendeglatoibutor\/kategoriak\/kulteri-butor\/\",\"name\":\"K\u00fclt\u00e9ri b\u00fator - Vend\u00e9gl\u00e1t\u00f3i b\u00fator\",\"isPartOf\":{\"@id\":\"https:\/\/alexbutor.hu\/vendeglatoibutor\/#website\"},\"primaryImageOfPage\":{\"@id\":\"https:\/\/alexbutor.hu\/vendeglatoibutor\/kategoriak\/kulteri-butor\/#primaryimage\"},\"image\":{\"@id\":\"https:\/\/alexbutor.hu\/vendeglatoibutor\/kategoriak\/kulteri-butor\/#primaryimage\"},\"thumbnailUrl\":\"https:\/\/alexbutor.hu\/vendeglatoibutor\/wp-content\/uploads\/2016\/06\/04_kerti_butor_960x635px-1.jpg\",\"datePublished\":\"2016-06-11T08:50:22+00:00\",\"dateModified\":\"2025-05-29T05:58:18+00:00\",\"description\":\"Eur\u00f3pa trendi b\u00fatorai \u00e9s saj\u00e1t gy\u00e1rt\u00e1s\u00fa kerti b\u00fatorok sz\u00e9les v\u00e1laszt\u00e9kban. HORECA aj\u00e1nlatk\u00e9r\u00e9s. Ingyenes helysz\u00edni tan\u00e1csad\u00e1s. Garancia.\",\"breadcrumb\":{\"@id\":\"https:\/\/alexbutor.hu\/vendeglatoibutor\/kategoriak\/kulteri-butor\/#breadcrumb\"},\"inLanguage\":\"hu\",\"potentialAction\":[{\"@type\":\"ReadAction\",\"target\":[\"https:\/\/alexbutor.hu\/vendeglatoibutor\/kategoriak\/kulteri-butor\/\"]}]},{\"@type\":\"ImageObject\",\"inLanguage\":\"hu\",\"@id\":\"https:\/\/alexbutor.hu\/vendeglatoibutor\/kategoriak\/kulteri-butor\/#primaryimage\",\"url\":\"https:\/\/alexbutor.hu\/vendeglatoibutor\/wp-content\/uploads\/2016\/06\/04_kerti_butor_960x635px-1.jpg\",\"contentUrl\":\"https:\/\/alexbutor.hu\/vendeglatoibutor\/wp-content\/uploads\/2016\/06\/04_kerti_butor_960x635px-1.jpg\",\"width\":960,\"height\":635},{\"@type\":\"BreadcrumbList\",\"@id\":\"https:\/\/alexbutor.hu\/vendeglatoibutor\/kategoriak\/kulteri-butor\/#breadcrumb\",\"itemListElement\":[{\"@type\":\"ListItem\",\"position\":1,\"name\":\"Home\",\"item\":\"https:\/\/alexbutor.hu\/vendeglatoibutor\/\"},{\"@type\":\"ListItem\",\"position\":2,\"name\":\"Term\u00e9kek\",\"item\":\"https:\/\/alexbutor.hu\/vendeglatoibutor\/kategoriak\/\"},{\"@type\":\"ListItem\",\"position\":3,\"name\":\"K\u00fclt\u00e9ri b\u00fator\"}]},{\"@type\":\"WebSite\",\"@id\":\"https:\/\/alexbutor.hu\/vendeglatoibutor\/#website\",\"url\":\"https:\/\/alexbutor.hu\/vendeglatoibutor\/\",\"name\":\"Vend\u00e9gl\u00e1t\u00f3i b\u00fator\",\"description\":\"Minden t\u00e9rben megold\u00e1s\",\"potentialAction\":[{\"@type\":\"SearchAction\",\"target\":{\"@type\":\"EntryPoint\",\"urlTemplate\":\"https:\/\/alexbutor.hu\/vendeglatoibutor\/?s={search_term_string}\"},\"query-input\":{\"@type\":\"PropertyValueSpecification\",\"valueRequired\":true,\"valueName\":\"search_term_string\"}}],\"inLanguage\":\"hu\"}]}<\/script>\n<!-- \/ Yoast SEO plugin. -->","yoast_head_json":{"title":"K\u00fclt\u00e9ri b\u00fator - Vend\u00e9gl\u00e1t\u00f3i b\u00fator","description":"Eur\u00f3pa trendi b\u00fatorai \u00e9s saj\u00e1t gy\u00e1rt\u00e1s\u00fa kerti b\u00fatorok sz\u00e9les v\u00e1laszt\u00e9kban. HORECA aj\u00e1nlatk\u00e9r\u00e9s. Ingyenes helysz\u00edni tan\u00e1csad\u00e1s. Garancia.","robots":{"index":"index","follow":"follow","max-snippet":"max-snippet:-1","max-image-preview":"max-image-preview:large","max-video-preview":"max-video-preview:-1"},"canonical":"https:\/\/alexbutor.hu\/vendeglatoibutor\/kategoriak\/kulteri-butor\/","og_locale":"hu_HU","og_type":"article","og_title":"K\u00fclt\u00e9ri b\u00fator - Vend\u00e9gl\u00e1t\u00f3i b\u00fator","og_description":"Eur\u00f3pa trendi b\u00fatorai \u00e9s saj\u00e1t gy\u00e1rt\u00e1s\u00fa kerti b\u00fatorok sz\u00e9les v\u00e1laszt\u00e9kban. HORECA aj\u00e1nlatk\u00e9r\u00e9s. Ingyenes helysz\u00edni tan\u00e1csad\u00e1s. Garancia.","og_url":"https:\/\/alexbutor.hu\/vendeglatoibutor\/kategoriak\/kulteri-butor\/","og_site_name":"Vend\u00e9gl\u00e1t\u00f3i b\u00fator","article_modified_time":"2025-05-29T05:58:18+00:00","og_image":[{"width":960,"height":635,"url":"https:\/\/alexbutor.hu\/vendeglatoibutor\/wp-content\/uploads\/2016\/06\/04_kerti_butor_960x635px-1.jpg","type":"image\/jpeg"}],"twitter_card":"summary_large_image","twitter_misc":{"Becs\u00fclt olvas\u00e1si id\u0151":"2 perc"},"schema":{"@context":"https:\/\/schema.org","@graph":[{"@type":"WebPage","@id":"https:\/\/alexbutor.hu\/vendeglatoibutor\/kategoriak\/kulteri-butor\/","url":"https:\/\/alexbutor.hu\/vendeglatoibutor\/kategoriak\/kulteri-butor\/","name":"K\u00fclt\u00e9ri b\u00fator - Vend\u00e9gl\u00e1t\u00f3i b\u00fator","isPartOf":{"@id":"https:\/\/alexbutor.hu\/vendeglatoibutor\/#website"},"primaryImageOfPage":{"@id":"https:\/\/alexbutor.hu\/vendeglatoibutor\/kategoriak\/kulteri-butor\/#primaryimage"},"image":{"@id":"https:\/\/alexbutor.hu\/vendeglatoibutor\/kategoriak\/kulteri-butor\/#primaryimage"},"thumbnailUrl":"https:\/\/alexbutor.hu\/vendeglatoibutor\/wp-content\/uploads\/2016\/06\/04_kerti_butor_960x635px-1.jpg","datePublished":"2016-06-11T08:50:22+00:00","dateModified":"2025-05-29T05:58:18+00:00","description":"Eur\u00f3pa trendi b\u00fatorai \u00e9s saj\u00e1t gy\u00e1rt\u00e1s\u00fa kerti b\u00fatorok sz\u00e9les v\u00e1laszt\u00e9kban. HORECA aj\u00e1nlatk\u00e9r\u00e9s. Ingyenes helysz\u00edni tan\u00e1csad\u00e1s. Garancia.","breadcrumb":{"@id":"https:\/\/alexbutor.hu\/vendeglatoibutor\/kategoriak\/kulteri-butor\/#breadcrumb"},"inLanguage":"hu","potentialAction":[{"@type":"ReadAction","target":["https:\/\/alexbutor.hu\/vendeglatoibutor\/kategoriak\/kulteri-butor\/"]}]},{"@type":"ImageObject","inLanguage":"hu","@id":"https:\/\/alexbutor.hu\/vendeglatoibutor\/kategoriak\/kulteri-butor\/#primaryimage","url":"https:\/\/alexbutor.hu\/vendeglatoibutor\/wp-content\/uploads\/2016\/06\/04_kerti_butor_960x635px-1.jpg","contentUrl":"https:\/\/alexbutor.hu\/vendeglatoibutor\/wp-content\/uploads\/2016\/06\/04_kerti_butor_960x635px-1.jpg","width":960,"height":635},{"@type":"BreadcrumbList","@id":"https:\/\/alexbutor.hu\/vendeglatoibutor\/kategoriak\/kulteri-butor\/#breadcrumb","itemListElement":[{"@type":"ListItem","position":1,"name":"Home","item":"https:\/\/alexbutor.hu\/vendeglatoibutor\/"},{"@type":"ListItem","position":2,"name":"Term\u00e9kek","item":"https:\/\/alexbutor.hu\/vendeglatoibutor\/kategoriak\/"},{"@type":"ListItem","position":3,"name":"K\u00fclt\u00e9ri b\u00fator"}]},{"@type":"WebSite","@id":"https:\/\/alexbutor.hu\/vendeglatoibutor\/#website","url":"https:\/\/alexbutor.hu\/vendeglatoibutor\/","name":"Vend\u00e9gl\u00e1t\u00f3i b\u00fator","description":"Minden t\u00e9rben megold\u00e1s","potentialAction":[{"@type":"SearchAction","target":{"@type":"EntryPoint","urlTemplate":"https:\/\/alexbutor.hu\/vendeglatoibutor\/?s={search_term_string}"},"query-input":{"@type":"PropertyValueSpecification","valueRequired":true,"valueName":"search_term_string"}}],"inLanguage":"hu"}]}},"_links":{"self":[{"href":"https:\/\/alexbutor.hu\/vendeglatoibutor\/wp-json\/wp\/v2\/pages\/71"}],"collection":[{"href":"https:\/\/alexbutor.hu\/vendeglatoibutor\/wp-json\/wp\/v2\/pages"}],"about":[{"href":"https:\/\/alexbutor.hu\/vendeglatoibutor\/wp-json\/wp\/v2\/types\/page"}],"author":[{"embeddable":true,"href":"https:\/\/alexbutor.hu\/vendeglatoibutor\/wp-json\/wp\/v2\/users\/3"}],"replies":[{"embeddable":true,"href":"https:\/\/alexbutor.hu\/vendeglatoibutor\/wp-json\/wp\/v2\/comments?post=71"}],"version-history":[{"count":5,"href":"https:\/\/alexbutor.hu\/vendeglatoibutor\/wp-json\/wp\/v2\/pages\/71\/revisions"}],"predecessor-version":[{"id":170478,"href":"https:\/\/alexbutor.hu\/vendeglatoibutor\/wp-json\/wp\/v2\/pages\/71\/revisions\/170478"}],"up":[{"embeddable":true,"href":"https:\/\/alexbutor.hu\/vendeglatoibutor\/wp-json\/wp\/v2\/pages\/9"}],"wp:featuredmedia":[{"embeddable":true,"href":"https:\/\/alexbutor.hu\/vendeglatoibutor\/wp-json\/wp\/v2\/media\/16211"}],"wp:attachment":[{"href":"https:\/\/alexbutor.hu\/vendeglatoibutor\/wp-json\/wp\/v2\/media?parent=71"}],"curies":[{"name":"wp","href":"https:\/\/api.w.org\/{rel}","templated":true}]}}