{"id":80,"date":"2016-06-11T08:59:38","date_gmt":"2016-06-11T08:59:38","guid":{"rendered":"http:\/\/alexbutor.hu\/vendeglatoibutor\/?page_id=80"},"modified":"2025-06-18T16:15:23","modified_gmt":"2025-06-18T15:15:23","slug":"barszek","status":"publish","type":"page","link":"https:\/\/alexbutor.hu\/vendeglatoibutor\/kategoriak\/vendeglatoi-butor\/barszek\/","title":{"rendered":"B\u00e1rsz\u00e9k"},"content":{"rendered":"<li class=\"portfolio_item isotope-item\">\n<div class=\"portfolio_item_holder\">\n<figure class=\"thumbnail thumbnail__portfolio\"><a href=\"https:\/\/alexbutor.hu\/vendeglatoibutor\/kategoriak\/vendeglatoi-butor\/barszek\/fa-barszek\/\" class=\"image-wrap\"><img decoding=\"async\" src=\"https:\/\/alexbutor.hu\/vendeglatoibutor\/wp-content\/uploads\/2025\/05\/KAT233-barszek-fa.webp\" alt=\"Fa b\u00e1rsz\u00e9k\"><span class=\"zoom-icon\"><\/span><\/a><\/figure>\n<div class=\"caption caption__portfolio\">\n<h3><a href=\"https:\/\/alexbutor.hu\/vendeglatoibutor\/kategoriak\/vendeglatoi-butor\/barszek\/fa-barszek\/\">Fa b\u00e1rsz\u00e9k<\/a><\/h3>\n<p><a href=\"https:\/\/alexbutor.hu\/vendeglatoibutor\/kategoriak\/vendeglatoi-butor\/barszek\/fa-barszek\/\" class=\"btn btn-primary\">Tov\u00e1bb<\/a><\/p>\n<\/div>\n<\/div>\n<\/li>\n<li class=\"portfolio_item isotope-item\">\n<div class=\"portfolio_item_holder\">\n<figure class=\"thumbnail thumbnail__portfolio\"><a href=\"https:\/\/alexbutor.hu\/vendeglatoibutor\/kategoriak\/vendeglatoi-butor\/barszek\/muanyag-barszek\/\" class=\"image-wrap\"><img decoding=\"async\" src=\"https:\/\/alexbutor.hu\/vendeglatoibutor\/wp-content\/uploads\/2025\/05\/KAT234-barszek-muanyag.webp\" alt=\"M\u0171anyag b\u00e1rsz\u00e9k\"><span class=\"zoom-icon\"><\/span><\/a><\/figure>\n<div class=\"caption caption__portfolio\">\n<h3><a href=\"https:\/\/alexbutor.hu\/vendeglatoibutor\/kategoriak\/vendeglatoi-butor\/barszek\/muanyag-barszek\/\">M\u0171anyag b\u00e1rsz\u00e9k<\/a><\/h3>\n<p><a href=\"https:\/\/alexbutor.hu\/vendeglatoibutor\/kategoriak\/vendeglatoi-butor\/barszek\/muanyag-barszek\/\" class=\"btn btn-primary\">Tov\u00e1bb<\/a><\/p>\n<\/div>\n<\/div>\n<\/li>\n<li class=\"portfolio_item isotope-item\">\n<div class=\"portfolio_item_holder\">\n<figure class=\"thumbnail thumbnail__portfolio\"><a href=\"https:\/\/alexbutor.hu\/vendeglatoibutor\/kategoriak\/vendeglatoi-butor\/barszek\/fem-barszek\/\" class=\"image-wrap\"><img decoding=\"async\" src=\"https:\/\/alexbutor.hu\/vendeglatoibutor\/wp-content\/uploads\/2025\/05\/KAT235-barszek-fem.webp\" alt=\"F\u00e9m b\u00e1rsz\u00e9k\"><span class=\"zoom-icon\"><\/span><\/a><\/figure>\n<div class=\"caption caption__portfolio\">\n<h3><a href=\"https:\/\/alexbutor.hu\/vendeglatoibutor\/kategoriak\/vendeglatoi-butor\/barszek\/fem-barszek\/\">F\u00e9m b\u00e1rsz\u00e9k<\/a><\/h3>\n<p><a href=\"https:\/\/alexbutor.hu\/vendeglatoibutor\/kategoriak\/vendeglatoi-butor\/barszek\/fem-barszek\/\" class=\"btn btn-primary\">Tov\u00e1bb<\/a><\/p>\n<\/div>\n<\/div>\n<\/li>\n\r\n\t<li class=\"portfolio_item isotope-item\"><div class=\"portfolio_item_holder\"><figure class=\"thumbnail thumbnail__portfolio\"><a href=\"https:\/\/alexbutor.hu\/vendeglatoibutor\/kategoriak\/vendeglatoi-butor\/barszek\/ettermi-barszek\/\" class=\"image-wrap\"><img decoding=\"async\" src=\"https:\/\/alexbutor.hu\/vendeglatoibutor\/wp-content\/uploads\/2025\/06\/ettermi_barszek-1.webp\" alt=\"\u00c9ttermi b\u00e1rsz\u00e9k\"><\/a><\/figure><div class=\"caption caption__portfolio\"><h3><a href=\"https:\/\/alexbutor.hu\/vendeglatoibutor\/kategoriak\/vendeglatoi-butor\/barszek\/ettermi-barszek\/\">\u00c9ttermi b\u00e1rsz\u00e9k<\/a><\/h3><\/div><\/div><\/li>\n","protected":false},"excerpt":{"rendered":"<p>Fa b\u00e1rsz\u00e9k Tov\u00e1bb M\u0171anyag b\u00e1rsz\u00e9k Tov\u00e1bb F\u00e9m b\u00e1rsz\u00e9k Tov\u00e1bb<\/p>\n","protected":false},"author":3,"featured_media":16689,"parent":64,"menu_order":0,"comment_status":"closed","ping_status":"closed","template":"page-Portfolio2Cols-alexsub.php","meta":{"footnotes":""},"class_list":["post-80","page","type-page","status-publish","has-post-thumbnail","hentry"],"yoast_head":"<!-- This site is optimized with the Yoast SEO plugin v23.5 - https:\/\/yoast.com\/wordpress\/plugins\/seo\/ -->\n<title>B\u00e1rsz\u00e9k - Vend\u00e9gl\u00e1t\u00f3i b\u00fator<\/title>\n<meta name=\"description\" content=\"Vend\u00e9gl\u00e1t\u00f3i b\u00e1rsz\u00e9kek, m\u0171anyag, fa, f\u00e9m alapanyagb\u00f3l, sz\u00e9les modell- \u00e9s sz\u00ednv\u00e1laszt\u00e9k. HORECA projektek. Belt\u00e9ri \u00e9s teraszb\u00fatorok. K\u00e9rje aj\u00e1nlatunkat!\" \/>\n<meta name=\"robots\" content=\"index, follow, max-snippet:-1, max-image-preview:large, max-video-preview:-1\" \/>\n<link rel=\"canonical\" href=\"https:\/\/alexbutor.hu\/vendeglatoibutor\/kategoriak\/vendeglatoi-butor\/barszek\/\" \/>\n<meta property=\"og:locale\" content=\"hu_HU\" \/>\n<meta property=\"og:type\" content=\"article\" \/>\n<meta property=\"og:title\" content=\"B\u00e1rsz\u00e9k - Vend\u00e9gl\u00e1t\u00f3i b\u00fator\" \/>\n<meta property=\"og:description\" content=\"Vend\u00e9gl\u00e1t\u00f3i b\u00e1rsz\u00e9kek, m\u0171anyag, fa, f\u00e9m alapanyagb\u00f3l, sz\u00e9les modell- \u00e9s sz\u00ednv\u00e1laszt\u00e9k. HORECA projektek. Belt\u00e9ri \u00e9s teraszb\u00fatorok. K\u00e9rje aj\u00e1nlatunkat!\" \/>\n<meta property=\"og:url\" content=\"https:\/\/alexbutor.hu\/vendeglatoibutor\/kategoriak\/vendeglatoi-butor\/barszek\/\" \/>\n<meta property=\"og:site_name\" content=\"Vend\u00e9gl\u00e1t\u00f3i b\u00fator\" \/>\n<meta property=\"article:modified_time\" content=\"2025-06-18T15:15:23+00:00\" \/>\n<meta property=\"og:image\" content=\"https:\/\/alexbutor.hu\/vendeglatoibutor\/wp-content\/uploads\/2016\/06\/02_Barszekek.jpg\" \/>\n\t<meta property=\"og:image:width\" content=\"800\" \/>\n\t<meta property=\"og:image:height\" content=\"560\" \/>\n\t<meta property=\"og:image:type\" content=\"image\/jpeg\" \/>\n<meta name=\"twitter:card\" content=\"summary_large_image\" \/>\n<meta name=\"twitter:label1\" content=\"Becs\u00fclt olvas\u00e1si id\u0151\" \/>\n\t<meta name=\"twitter:data1\" content=\"1 perc\" \/>\n<script type=\"application\/ld+json\" class=\"yoast-schema-graph\">{\"@context\":\"https:\/\/schema.org\",\"@graph\":[{\"@type\":\"WebPage\",\"@id\":\"https:\/\/alexbutor.hu\/vendeglatoibutor\/kategoriak\/vendeglatoi-butor\/barszek\/\",\"url\":\"https:\/\/alexbutor.hu\/vendeglatoibutor\/kategoriak\/vendeglatoi-butor\/barszek\/\",\"name\":\"B\u00e1rsz\u00e9k - Vend\u00e9gl\u00e1t\u00f3i b\u00fator\",\"isPartOf\":{\"@id\":\"https:\/\/alexbutor.hu\/vendeglatoibutor\/#website\"},\"primaryImageOfPage\":{\"@id\":\"https:\/\/alexbutor.hu\/vendeglatoibutor\/kategoriak\/vendeglatoi-butor\/barszek\/#primaryimage\"},\"image\":{\"@id\":\"https:\/\/alexbutor.hu\/vendeglatoibutor\/kategoriak\/vendeglatoi-butor\/barszek\/#primaryimage\"},\"thumbnailUrl\":\"https:\/\/alexbutor.hu\/vendeglatoibutor\/wp-content\/uploads\/2016\/06\/02_Barszekek.jpg\",\"datePublished\":\"2016-06-11T08:59:38+00:00\",\"dateModified\":\"2025-06-18T15:15:23+00:00\",\"description\":\"Vend\u00e9gl\u00e1t\u00f3i b\u00e1rsz\u00e9kek, m\u0171anyag, fa, f\u00e9m alapanyagb\u00f3l, sz\u00e9les modell- \u00e9s sz\u00ednv\u00e1laszt\u00e9k. HORECA projektek. Belt\u00e9ri \u00e9s teraszb\u00fatorok. K\u00e9rje aj\u00e1nlatunkat!\",\"breadcrumb\":{\"@id\":\"https:\/\/alexbutor.hu\/vendeglatoibutor\/kategoriak\/vendeglatoi-butor\/barszek\/#breadcrumb\"},\"inLanguage\":\"hu\",\"potentialAction\":[{\"@type\":\"ReadAction\",\"target\":[\"https:\/\/alexbutor.hu\/vendeglatoibutor\/kategoriak\/vendeglatoi-butor\/barszek\/\"]}]},{\"@type\":\"ImageObject\",\"inLanguage\":\"hu\",\"@id\":\"https:\/\/alexbutor.hu\/vendeglatoibutor\/kategoriak\/vendeglatoi-butor\/barszek\/#primaryimage\",\"url\":\"https:\/\/alexbutor.hu\/vendeglatoibutor\/wp-content\/uploads\/2016\/06\/02_Barszekek.jpg\",\"contentUrl\":\"https:\/\/alexbutor.hu\/vendeglatoibutor\/wp-content\/uploads\/2016\/06\/02_Barszekek.jpg\",\"width\":800,\"height\":560},{\"@type\":\"BreadcrumbList\",\"@id\":\"https:\/\/alexbutor.hu\/vendeglatoibutor\/kategoriak\/vendeglatoi-butor\/barszek\/#breadcrumb\",\"itemListElement\":[{\"@type\":\"ListItem\",\"position\":1,\"name\":\"Home\",\"item\":\"https:\/\/alexbutor.hu\/vendeglatoibutor\/\"},{\"@type\":\"ListItem\",\"position\":2,\"name\":\"Term\u00e9kek\",\"item\":\"https:\/\/alexbutor.hu\/vendeglatoibutor\/kategoriak\/\"},{\"@type\":\"ListItem\",\"position\":3,\"name\":\"Vend\u00e9gl\u00e1t\u00f3i b\u00fator\",\"item\":\"https:\/\/alexbutor.hu\/vendeglatoibutor\/kategoriak\/vendeglatoi-butor\/\"},{\"@type\":\"ListItem\",\"position\":4,\"name\":\"B\u00e1rsz\u00e9k\"}]},{\"@type\":\"WebSite\",\"@id\":\"https:\/\/alexbutor.hu\/vendeglatoibutor\/#website\",\"url\":\"https:\/\/alexbutor.hu\/vendeglatoibutor\/\",\"name\":\"Vend\u00e9gl\u00e1t\u00f3i b\u00fator\",\"description\":\"Minden t\u00e9rben megold\u00e1s\",\"potentialAction\":[{\"@type\":\"SearchAction\",\"target\":{\"@type\":\"EntryPoint\",\"urlTemplate\":\"https:\/\/alexbutor.hu\/vendeglatoibutor\/?s={search_term_string}\"},\"query-input\":{\"@type\":\"PropertyValueSpecification\",\"valueRequired\":true,\"valueName\":\"search_term_string\"}}],\"inLanguage\":\"hu\"}]}<\/script>\n<!-- \/ Yoast SEO plugin. -->","yoast_head_json":{"title":"B\u00e1rsz\u00e9k - Vend\u00e9gl\u00e1t\u00f3i b\u00fator","description":"Vend\u00e9gl\u00e1t\u00f3i b\u00e1rsz\u00e9kek, m\u0171anyag, fa, f\u00e9m alapanyagb\u00f3l, sz\u00e9les modell- \u00e9s sz\u00ednv\u00e1laszt\u00e9k. HORECA projektek. Belt\u00e9ri \u00e9s teraszb\u00fatorok. K\u00e9rje aj\u00e1nlatunkat!","robots":{"index":"index","follow":"follow","max-snippet":"max-snippet:-1","max-image-preview":"max-image-preview:large","max-video-preview":"max-video-preview:-1"},"canonical":"https:\/\/alexbutor.hu\/vendeglatoibutor\/kategoriak\/vendeglatoi-butor\/barszek\/","og_locale":"hu_HU","og_type":"article","og_title":"B\u00e1rsz\u00e9k - Vend\u00e9gl\u00e1t\u00f3i b\u00fator","og_description":"Vend\u00e9gl\u00e1t\u00f3i b\u00e1rsz\u00e9kek, m\u0171anyag, fa, f\u00e9m alapanyagb\u00f3l, sz\u00e9les modell- \u00e9s sz\u00ednv\u00e1laszt\u00e9k. HORECA projektek. Belt\u00e9ri \u00e9s teraszb\u00fatorok. K\u00e9rje aj\u00e1nlatunkat!","og_url":"https:\/\/alexbutor.hu\/vendeglatoibutor\/kategoriak\/vendeglatoi-butor\/barszek\/","og_site_name":"Vend\u00e9gl\u00e1t\u00f3i b\u00fator","article_modified_time":"2025-06-18T15:15:23+00:00","og_image":[{"width":800,"height":560,"url":"https:\/\/alexbutor.hu\/vendeglatoibutor\/wp-content\/uploads\/2016\/06\/02_Barszekek.jpg","type":"image\/jpeg"}],"twitter_card":"summary_large_image","twitter_misc":{"Becs\u00fclt olvas\u00e1si id\u0151":"1 perc"},"schema":{"@context":"https:\/\/schema.org","@graph":[{"@type":"WebPage","@id":"https:\/\/alexbutor.hu\/vendeglatoibutor\/kategoriak\/vendeglatoi-butor\/barszek\/","url":"https:\/\/alexbutor.hu\/vendeglatoibutor\/kategoriak\/vendeglatoi-butor\/barszek\/","name":"B\u00e1rsz\u00e9k - Vend\u00e9gl\u00e1t\u00f3i b\u00fator","isPartOf":{"@id":"https:\/\/alexbutor.hu\/vendeglatoibutor\/#website"},"primaryImageOfPage":{"@id":"https:\/\/alexbutor.hu\/vendeglatoibutor\/kategoriak\/vendeglatoi-butor\/barszek\/#primaryimage"},"image":{"@id":"https:\/\/alexbutor.hu\/vendeglatoibutor\/kategoriak\/vendeglatoi-butor\/barszek\/#primaryimage"},"thumbnailUrl":"https:\/\/alexbutor.hu\/vendeglatoibutor\/wp-content\/uploads\/2016\/06\/02_Barszekek.jpg","datePublished":"2016-06-11T08:59:38+00:00","dateModified":"2025-06-18T15:15:23+00:00","description":"Vend\u00e9gl\u00e1t\u00f3i b\u00e1rsz\u00e9kek, m\u0171anyag, fa, f\u00e9m alapanyagb\u00f3l, sz\u00e9les modell- \u00e9s sz\u00ednv\u00e1laszt\u00e9k. HORECA projektek. Belt\u00e9ri \u00e9s teraszb\u00fatorok. K\u00e9rje aj\u00e1nlatunkat!","breadcrumb":{"@id":"https:\/\/alexbutor.hu\/vendeglatoibutor\/kategoriak\/vendeglatoi-butor\/barszek\/#breadcrumb"},"inLanguage":"hu","potentialAction":[{"@type":"ReadAction","target":["https:\/\/alexbutor.hu\/vendeglatoibutor\/kategoriak\/vendeglatoi-butor\/barszek\/"]}]},{"@type":"ImageObject","inLanguage":"hu","@id":"https:\/\/alexbutor.hu\/vendeglatoibutor\/kategoriak\/vendeglatoi-butor\/barszek\/#primaryimage","url":"https:\/\/alexbutor.hu\/vendeglatoibutor\/wp-content\/uploads\/2016\/06\/02_Barszekek.jpg","contentUrl":"https:\/\/alexbutor.hu\/vendeglatoibutor\/wp-content\/uploads\/2016\/06\/02_Barszekek.jpg","width":800,"height":560},{"@type":"BreadcrumbList","@id":"https:\/\/alexbutor.hu\/vendeglatoibutor\/kategoriak\/vendeglatoi-butor\/barszek\/#breadcrumb","itemListElement":[{"@type":"ListItem","position":1,"name":"Home","item":"https:\/\/alexbutor.hu\/vendeglatoibutor\/"},{"@type":"ListItem","position":2,"name":"Term\u00e9kek","item":"https:\/\/alexbutor.hu\/vendeglatoibutor\/kategoriak\/"},{"@type":"ListItem","position":3,"name":"Vend\u00e9gl\u00e1t\u00f3i b\u00fator","item":"https:\/\/alexbutor.hu\/vendeglatoibutor\/kategoriak\/vendeglatoi-butor\/"},{"@type":"ListItem","position":4,"name":"B\u00e1rsz\u00e9k"}]},{"@type":"WebSite","@id":"https:\/\/alexbutor.hu\/vendeglatoibutor\/#website","url":"https:\/\/alexbutor.hu\/vendeglatoibutor\/","name":"Vend\u00e9gl\u00e1t\u00f3i b\u00fator","description":"Minden t\u00e9rben megold\u00e1s","potentialAction":[{"@type":"SearchAction","target":{"@type":"EntryPoint","urlTemplate":"https:\/\/alexbutor.hu\/vendeglatoibutor\/?s={search_term_string}"},"query-input":{"@type":"PropertyValueSpecification","valueRequired":true,"valueName":"search_term_string"}}],"inLanguage":"hu"}]}},"_links":{"self":[{"href":"https:\/\/alexbutor.hu\/vendeglatoibutor\/wp-json\/wp\/v2\/pages\/80"}],"collection":[{"href":"https:\/\/alexbutor.hu\/vendeglatoibutor\/wp-json\/wp\/v2\/pages"}],"about":[{"href":"https:\/\/alexbutor.hu\/vendeglatoibutor\/wp-json\/wp\/v2\/types\/page"}],"author":[{"embeddable":true,"href":"https:\/\/alexbutor.hu\/vendeglatoibutor\/wp-json\/wp\/v2\/users\/3"}],"replies":[{"embeddable":true,"href":"https:\/\/alexbutor.hu\/vendeglatoibutor\/wp-json\/wp\/v2\/comments?post=80"}],"version-history":[{"count":4,"href":"https:\/\/alexbutor.hu\/vendeglatoibutor\/wp-json\/wp\/v2\/pages\/80\/revisions"}],"predecessor-version":[{"id":170544,"href":"https:\/\/alexbutor.hu\/vendeglatoibutor\/wp-json\/wp\/v2\/pages\/80\/revisions\/170544"}],"up":[{"embeddable":true,"href":"https:\/\/alexbutor.hu\/vendeglatoibutor\/wp-json\/wp\/v2\/pages\/64"}],"wp:featuredmedia":[{"embeddable":true,"href":"https:\/\/alexbutor.hu\/vendeglatoibutor\/wp-json\/wp\/v2\/media\/16689"}],"wp:attachment":[{"href":"https:\/\/alexbutor.hu\/vendeglatoibutor\/wp-json\/wp\/v2\/media?parent=80"}],"curies":[{"name":"wp","href":"https:\/\/api.w.org\/{rel}","templated":true}]}}