{"id":82,"date":"2016-06-11T09:00:59","date_gmt":"2016-06-11T09:00:59","guid":{"rendered":"http:\/\/alexbutor.hu\/vendeglatoibutor\/?page_id=82"},"modified":"2025-05-29T06:02:08","modified_gmt":"2025-05-29T05:02:08","slug":"asztal","status":"publish","type":"page","link":"https:\/\/alexbutor.hu\/vendeglatoibutor\/kategoriak\/vendeglatoi-butor\/asztal\/","title":{"rendered":"Asztal"},"content":{"rendered":"<li class=\"portfolio_item isotope-item\">\n<div class=\"portfolio_item_holder\">\n<figure class=\"thumbnail thumbnail__portfolio\"><a href=\"https:\/\/alexbutor.hu\/vendeglatoibutor\/kategoriak\/vendeglatoi-butor\/asztal\/fa-asztal\/\" class=\"image-wrap\"><img decoding=\"async\" src=\"https:\/\/alexbutor.hu\/vendeglatoibutor\/wp-content\/uploads\/2025\/05\/KAT250-asztal-fa.webp\" alt=\"Fa asztal\"><span class=\"zoom-icon\"><\/span><\/a><\/figure>\n<div class=\"caption caption__portfolio\">\n<h3><a href=\"https:\/\/alexbutor.hu\/vendeglatoibutor\/kategoriak\/vendeglatoi-butor\/asztal\/fa-asztal\/\">Fa asztal<\/a><\/h3>\n<p><a href=\"https:\/\/alexbutor.hu\/vendeglatoibutor\/kategoriak\/vendeglatoi-butor\/asztal\/fa-asztal\/\" class=\"btn btn-primary\">Tov\u00e1bb<\/a><\/p>\n<\/div>\n<\/div>\n<\/li>\n<li class=\"portfolio_item isotope-item\">\n<div class=\"portfolio_item_holder\">\n<figure class=\"thumbnail thumbnail__portfolio\"><a href=\"https:\/\/alexbutor.hu\/vendeglatoibutor\/kategoriak\/vendeglatoi-butor\/asztal\/muanyag-asztal\/\" class=\"image-wrap\"><img decoding=\"async\" src=\"https:\/\/alexbutor.hu\/vendeglatoibutor\/wp-content\/uploads\/2025\/05\/KAT252-asztal-muanyag.webp\" alt=\"M\u0171anyag asztal\"><span class=\"zoom-icon\"><\/span><\/a><\/figure>\n<div class=\"caption caption__portfolio\">\n<h3><a href=\"https:\/\/alexbutor.hu\/vendeglatoibutor\/kategoriak\/vendeglatoi-butor\/asztal\/muanyag-asztal\/\">M\u0171anyag asztal<\/a><\/h3>\n<p><a href=\"https:\/\/alexbutor.hu\/vendeglatoibutor\/kategoriak\/vendeglatoi-butor\/asztal\/muanyag-asztal\/\" class=\"btn btn-primary\">Tov\u00e1bb<\/a><\/p>\n<\/div>\n<\/div>\n<\/li>\n<li class=\"portfolio_item isotope-item\">\n<div class=\"portfolio_item_holder\">\n<figure class=\"thumbnail thumbnail__portfolio\"><a href=\"https:\/\/alexbutor.hu\/vendeglatoibutor\/kategoriak\/vendeglatoi-butor\/asztal\/fem-asztal\/\" class=\"image-wrap\"><img decoding=\"async\" src=\"https:\/\/alexbutor.hu\/vendeglatoibutor\/wp-content\/uploads\/2025\/05\/KAT251-asztal-fem.webp\" alt=\"F\u00e9m asztal\"><span class=\"zoom-icon\"><\/span><\/a><\/figure>\n<div class=\"caption caption__portfolio\">\n<h3><a href=\"https:\/\/alexbutor.hu\/vendeglatoibutor\/kategoriak\/vendeglatoi-butor\/asztal\/fem-asztal\/\">F\u00e9m asztal<\/a><\/h3>\n<p><a href=\"https:\/\/alexbutor.hu\/vendeglatoibutor\/kategoriak\/vendeglatoi-butor\/asztal\/fem-asztal\/\" class=\"btn btn-primary\">Tov\u00e1bb<\/a><\/p>\n<\/div>\n<\/div>\n<\/li>\n","protected":false},"excerpt":{"rendered":"<p>Fa asztal Tov\u00e1bb M\u0171anyag asztal Tov\u00e1bb F\u00e9m asztal Tov\u00e1bb<\/p>\n","protected":false},"author":3,"featured_media":16690,"parent":64,"menu_order":0,"comment_status":"closed","ping_status":"closed","template":"page-Portfolio2Cols-alexsub.php","meta":{"footnotes":""},"class_list":["post-82","page","type-page","status-publish","has-post-thumbnail","hentry"],"yoast_head":"<!-- This site is optimized with the Yoast SEO plugin v23.5 - https:\/\/yoast.com\/wordpress\/plugins\/seo\/ -->\n<title>Asztal - Vend\u00e9gl\u00e1t\u00f3i b\u00fator<\/title>\n<meta name=\"description\" content=\"Professzion\u00e1lis vend\u00e9gl\u00e1t\u00f3i asztalok, sz\u00e9les alapanyagk\u00e9szletb\u0151l. Fa, m\u0171anyag, kov\u00e1csoltvas b\u00fatorok, j\u00f3l vari\u00e1lhat\u00f3, klasszikus \u00e9s modern mob\u00edli\u00e1k. K\u00e9rje aj\u00e1nlatunkat!\" \/>\n<meta name=\"robots\" content=\"index, follow, max-snippet:-1, max-image-preview:large, max-video-preview:-1\" \/>\n<link rel=\"canonical\" href=\"https:\/\/alexbutor.hu\/vendeglatoibutor\/kategoriak\/vendeglatoi-butor\/asztal\/\" \/>\n<meta property=\"og:locale\" content=\"hu_HU\" \/>\n<meta property=\"og:type\" content=\"article\" \/>\n<meta property=\"og:title\" content=\"Asztal - Vend\u00e9gl\u00e1t\u00f3i b\u00fator\" \/>\n<meta property=\"og:description\" content=\"Professzion\u00e1lis vend\u00e9gl\u00e1t\u00f3i asztalok, sz\u00e9les alapanyagk\u00e9szletb\u0151l. Fa, m\u0171anyag, kov\u00e1csoltvas b\u00fatorok, j\u00f3l vari\u00e1lhat\u00f3, klasszikus \u00e9s modern mob\u00edli\u00e1k. K\u00e9rje aj\u00e1nlatunkat!\" \/>\n<meta property=\"og:url\" content=\"https:\/\/alexbutor.hu\/vendeglatoibutor\/kategoriak\/vendeglatoi-butor\/asztal\/\" \/>\n<meta property=\"og:site_name\" content=\"Vend\u00e9gl\u00e1t\u00f3i b\u00fator\" \/>\n<meta property=\"article:modified_time\" content=\"2025-05-29T05:02:08+00:00\" \/>\n<meta property=\"og:image\" content=\"https:\/\/alexbutor.hu\/vendeglatoibutor\/wp-content\/uploads\/2016\/06\/03_Asztal-asztalbazis.jpg\" \/>\n\t<meta property=\"og:image:width\" content=\"800\" \/>\n\t<meta property=\"og:image:height\" content=\"560\" \/>\n\t<meta property=\"og:image:type\" content=\"image\/jpeg\" \/>\n<meta name=\"twitter:card\" content=\"summary_large_image\" \/>\n<meta name=\"twitter:label1\" content=\"Becs\u00fclt olvas\u00e1si id\u0151\" \/>\n\t<meta name=\"twitter:data1\" content=\"1 perc\" \/>\n<script type=\"application\/ld+json\" class=\"yoast-schema-graph\">{\"@context\":\"https:\/\/schema.org\",\"@graph\":[{\"@type\":\"WebPage\",\"@id\":\"https:\/\/alexbutor.hu\/vendeglatoibutor\/kategoriak\/vendeglatoi-butor\/asztal\/\",\"url\":\"https:\/\/alexbutor.hu\/vendeglatoibutor\/kategoriak\/vendeglatoi-butor\/asztal\/\",\"name\":\"Asztal - Vend\u00e9gl\u00e1t\u00f3i b\u00fator\",\"isPartOf\":{\"@id\":\"https:\/\/alexbutor.hu\/vendeglatoibutor\/#website\"},\"primaryImageOfPage\":{\"@id\":\"https:\/\/alexbutor.hu\/vendeglatoibutor\/kategoriak\/vendeglatoi-butor\/asztal\/#primaryimage\"},\"image\":{\"@id\":\"https:\/\/alexbutor.hu\/vendeglatoibutor\/kategoriak\/vendeglatoi-butor\/asztal\/#primaryimage\"},\"thumbnailUrl\":\"https:\/\/alexbutor.hu\/vendeglatoibutor\/wp-content\/uploads\/2016\/06\/03_Asztal-asztalbazis.jpg\",\"datePublished\":\"2016-06-11T09:00:59+00:00\",\"dateModified\":\"2025-05-29T05:02:08+00:00\",\"description\":\"Professzion\u00e1lis vend\u00e9gl\u00e1t\u00f3i asztalok, sz\u00e9les alapanyagk\u00e9szletb\u0151l. Fa, m\u0171anyag, kov\u00e1csoltvas b\u00fatorok, j\u00f3l vari\u00e1lhat\u00f3, klasszikus \u00e9s modern mob\u00edli\u00e1k. K\u00e9rje aj\u00e1nlatunkat!\",\"breadcrumb\":{\"@id\":\"https:\/\/alexbutor.hu\/vendeglatoibutor\/kategoriak\/vendeglatoi-butor\/asztal\/#breadcrumb\"},\"inLanguage\":\"hu\",\"potentialAction\":[{\"@type\":\"ReadAction\",\"target\":[\"https:\/\/alexbutor.hu\/vendeglatoibutor\/kategoriak\/vendeglatoi-butor\/asztal\/\"]}]},{\"@type\":\"ImageObject\",\"inLanguage\":\"hu\",\"@id\":\"https:\/\/alexbutor.hu\/vendeglatoibutor\/kategoriak\/vendeglatoi-butor\/asztal\/#primaryimage\",\"url\":\"https:\/\/alexbutor.hu\/vendeglatoibutor\/wp-content\/uploads\/2016\/06\/03_Asztal-asztalbazis.jpg\",\"contentUrl\":\"https:\/\/alexbutor.hu\/vendeglatoibutor\/wp-content\/uploads\/2016\/06\/03_Asztal-asztalbazis.jpg\",\"width\":800,\"height\":560},{\"@type\":\"BreadcrumbList\",\"@id\":\"https:\/\/alexbutor.hu\/vendeglatoibutor\/kategoriak\/vendeglatoi-butor\/asztal\/#breadcrumb\",\"itemListElement\":[{\"@type\":\"ListItem\",\"position\":1,\"name\":\"Home\",\"item\":\"https:\/\/alexbutor.hu\/vendeglatoibutor\/\"},{\"@type\":\"ListItem\",\"position\":2,\"name\":\"Term\u00e9kek\",\"item\":\"https:\/\/alexbutor.hu\/vendeglatoibutor\/kategoriak\/\"},{\"@type\":\"ListItem\",\"position\":3,\"name\":\"Vend\u00e9gl\u00e1t\u00f3i b\u00fator\",\"item\":\"https:\/\/alexbutor.hu\/vendeglatoibutor\/kategoriak\/vendeglatoi-butor\/\"},{\"@type\":\"ListItem\",\"position\":4,\"name\":\"Asztal\"}]},{\"@type\":\"WebSite\",\"@id\":\"https:\/\/alexbutor.hu\/vendeglatoibutor\/#website\",\"url\":\"https:\/\/alexbutor.hu\/vendeglatoibutor\/\",\"name\":\"Vend\u00e9gl\u00e1t\u00f3i b\u00fator\",\"description\":\"Minden t\u00e9rben megold\u00e1s\",\"potentialAction\":[{\"@type\":\"SearchAction\",\"target\":{\"@type\":\"EntryPoint\",\"urlTemplate\":\"https:\/\/alexbutor.hu\/vendeglatoibutor\/?s={search_term_string}\"},\"query-input\":{\"@type\":\"PropertyValueSpecification\",\"valueRequired\":true,\"valueName\":\"search_term_string\"}}],\"inLanguage\":\"hu\"}]}<\/script>\n<!-- \/ Yoast SEO plugin. -->","yoast_head_json":{"title":"Asztal - Vend\u00e9gl\u00e1t\u00f3i b\u00fator","description":"Professzion\u00e1lis vend\u00e9gl\u00e1t\u00f3i asztalok, sz\u00e9les alapanyagk\u00e9szletb\u0151l. Fa, m\u0171anyag, kov\u00e1csoltvas b\u00fatorok, j\u00f3l vari\u00e1lhat\u00f3, klasszikus \u00e9s modern mob\u00edli\u00e1k. K\u00e9rje aj\u00e1nlatunkat!","robots":{"index":"index","follow":"follow","max-snippet":"max-snippet:-1","max-image-preview":"max-image-preview:large","max-video-preview":"max-video-preview:-1"},"canonical":"https:\/\/alexbutor.hu\/vendeglatoibutor\/kategoriak\/vendeglatoi-butor\/asztal\/","og_locale":"hu_HU","og_type":"article","og_title":"Asztal - Vend\u00e9gl\u00e1t\u00f3i b\u00fator","og_description":"Professzion\u00e1lis vend\u00e9gl\u00e1t\u00f3i asztalok, sz\u00e9les alapanyagk\u00e9szletb\u0151l. Fa, m\u0171anyag, kov\u00e1csoltvas b\u00fatorok, j\u00f3l vari\u00e1lhat\u00f3, klasszikus \u00e9s modern mob\u00edli\u00e1k. K\u00e9rje aj\u00e1nlatunkat!","og_url":"https:\/\/alexbutor.hu\/vendeglatoibutor\/kategoriak\/vendeglatoi-butor\/asztal\/","og_site_name":"Vend\u00e9gl\u00e1t\u00f3i b\u00fator","article_modified_time":"2025-05-29T05:02:08+00:00","og_image":[{"width":800,"height":560,"url":"https:\/\/alexbutor.hu\/vendeglatoibutor\/wp-content\/uploads\/2016\/06\/03_Asztal-asztalbazis.jpg","type":"image\/jpeg"}],"twitter_card":"summary_large_image","twitter_misc":{"Becs\u00fclt olvas\u00e1si id\u0151":"1 perc"},"schema":{"@context":"https:\/\/schema.org","@graph":[{"@type":"WebPage","@id":"https:\/\/alexbutor.hu\/vendeglatoibutor\/kategoriak\/vendeglatoi-butor\/asztal\/","url":"https:\/\/alexbutor.hu\/vendeglatoibutor\/kategoriak\/vendeglatoi-butor\/asztal\/","name":"Asztal - Vend\u00e9gl\u00e1t\u00f3i b\u00fator","isPartOf":{"@id":"https:\/\/alexbutor.hu\/vendeglatoibutor\/#website"},"primaryImageOfPage":{"@id":"https:\/\/alexbutor.hu\/vendeglatoibutor\/kategoriak\/vendeglatoi-butor\/asztal\/#primaryimage"},"image":{"@id":"https:\/\/alexbutor.hu\/vendeglatoibutor\/kategoriak\/vendeglatoi-butor\/asztal\/#primaryimage"},"thumbnailUrl":"https:\/\/alexbutor.hu\/vendeglatoibutor\/wp-content\/uploads\/2016\/06\/03_Asztal-asztalbazis.jpg","datePublished":"2016-06-11T09:00:59+00:00","dateModified":"2025-05-29T05:02:08+00:00","description":"Professzion\u00e1lis vend\u00e9gl\u00e1t\u00f3i asztalok, sz\u00e9les alapanyagk\u00e9szletb\u0151l. Fa, m\u0171anyag, kov\u00e1csoltvas b\u00fatorok, j\u00f3l vari\u00e1lhat\u00f3, klasszikus \u00e9s modern mob\u00edli\u00e1k. K\u00e9rje aj\u00e1nlatunkat!","breadcrumb":{"@id":"https:\/\/alexbutor.hu\/vendeglatoibutor\/kategoriak\/vendeglatoi-butor\/asztal\/#breadcrumb"},"inLanguage":"hu","potentialAction":[{"@type":"ReadAction","target":["https:\/\/alexbutor.hu\/vendeglatoibutor\/kategoriak\/vendeglatoi-butor\/asztal\/"]}]},{"@type":"ImageObject","inLanguage":"hu","@id":"https:\/\/alexbutor.hu\/vendeglatoibutor\/kategoriak\/vendeglatoi-butor\/asztal\/#primaryimage","url":"https:\/\/alexbutor.hu\/vendeglatoibutor\/wp-content\/uploads\/2016\/06\/03_Asztal-asztalbazis.jpg","contentUrl":"https:\/\/alexbutor.hu\/vendeglatoibutor\/wp-content\/uploads\/2016\/06\/03_Asztal-asztalbazis.jpg","width":800,"height":560},{"@type":"BreadcrumbList","@id":"https:\/\/alexbutor.hu\/vendeglatoibutor\/kategoriak\/vendeglatoi-butor\/asztal\/#breadcrumb","itemListElement":[{"@type":"ListItem","position":1,"name":"Home","item":"https:\/\/alexbutor.hu\/vendeglatoibutor\/"},{"@type":"ListItem","position":2,"name":"Term\u00e9kek","item":"https:\/\/alexbutor.hu\/vendeglatoibutor\/kategoriak\/"},{"@type":"ListItem","position":3,"name":"Vend\u00e9gl\u00e1t\u00f3i b\u00fator","item":"https:\/\/alexbutor.hu\/vendeglatoibutor\/kategoriak\/vendeglatoi-butor\/"},{"@type":"ListItem","position":4,"name":"Asztal"}]},{"@type":"WebSite","@id":"https:\/\/alexbutor.hu\/vendeglatoibutor\/#website","url":"https:\/\/alexbutor.hu\/vendeglatoibutor\/","name":"Vend\u00e9gl\u00e1t\u00f3i b\u00fator","description":"Minden t\u00e9rben megold\u00e1s","potentialAction":[{"@type":"SearchAction","target":{"@type":"EntryPoint","urlTemplate":"https:\/\/alexbutor.hu\/vendeglatoibutor\/?s={search_term_string}"},"query-input":{"@type":"PropertyValueSpecification","valueRequired":true,"valueName":"search_term_string"}}],"inLanguage":"hu"}]}},"_links":{"self":[{"href":"https:\/\/alexbutor.hu\/vendeglatoibutor\/wp-json\/wp\/v2\/pages\/82"}],"collection":[{"href":"https:\/\/alexbutor.hu\/vendeglatoibutor\/wp-json\/wp\/v2\/pages"}],"about":[{"href":"https:\/\/alexbutor.hu\/vendeglatoibutor\/wp-json\/wp\/v2\/types\/page"}],"author":[{"embeddable":true,"href":"https:\/\/alexbutor.hu\/vendeglatoibutor\/wp-json\/wp\/v2\/users\/3"}],"replies":[{"embeddable":true,"href":"https:\/\/alexbutor.hu\/vendeglatoibutor\/wp-json\/wp\/v2\/comments?post=82"}],"version-history":[{"count":4,"href":"https:\/\/alexbutor.hu\/vendeglatoibutor\/wp-json\/wp\/v2\/pages\/82\/revisions"}],"predecessor-version":[{"id":170432,"href":"https:\/\/alexbutor.hu\/vendeglatoibutor\/wp-json\/wp\/v2\/pages\/82\/revisions\/170432"}],"up":[{"embeddable":true,"href":"https:\/\/alexbutor.hu\/vendeglatoibutor\/wp-json\/wp\/v2\/pages\/64"}],"wp:featuredmedia":[{"embeddable":true,"href":"https:\/\/alexbutor.hu\/vendeglatoibutor\/wp-json\/wp\/v2\/media\/16690"}],"wp:attachment":[{"href":"https:\/\/alexbutor.hu\/vendeglatoibutor\/wp-json\/wp\/v2\/media?parent=82"}],"curies":[{"name":"wp","href":"https:\/\/api.w.org\/{rel}","templated":true}]}}