{"id":84,"date":"2016-06-11T09:02:34","date_gmt":"2016-06-11T09:02:34","guid":{"rendered":"http:\/\/alexbutor.hu\/vendeglatoibutor\/?page_id=84"},"modified":"2024-07-12T06:18:32","modified_gmt":"2024-07-12T05:18:32","slug":"barasztal-barasztalbazis","status":"publish","type":"page","link":"https:\/\/alexbutor.hu\/vendeglatoibutor\/kategoriak\/vendeglatoi-butor\/barasztal-barasztalbazis\/","title":{"rendered":"B\u00e1rasztal"},"content":{"rendered":"","protected":false},"excerpt":{"rendered":"","protected":false},"author":3,"featured_media":16691,"parent":64,"menu_order":0,"comment_status":"closed","ping_status":"closed","template":"page-Portfolio4Cols-filterable.php","meta":{"footnotes":""},"class_list":["post-84","page","type-page","status-publish","has-post-thumbnail","hentry"],"yoast_head":"<!-- This site is optimized with the Yoast SEO plugin v23.5 - https:\/\/yoast.com\/wordpress\/plugins\/seo\/ -->\n<title>B\u00e1rasztal - Vend\u00e9gl\u00e1t\u00f3i b\u00fator<\/title>\n<meta name=\"description\" content=\"M\u0171anyag \u00e9s f\u00e9m b\u00e1rasztalok, b\u00e1rasztalb\u00e1zisok t\u00f6bbf\u00e9le st\u00edlusban \u00e9s nagy sz\u00ednv\u00e1laszt\u00e9kban vend\u00e9gl\u00e1t\u00f3helyek, sz\u00e1llod\u00e1k sz\u00e1m\u00e1ra. K\u00e9rje aj\u00e1nlatunkat!\" \/>\n<meta name=\"robots\" content=\"index, follow, max-snippet:-1, max-image-preview:large, max-video-preview:-1\" \/>\n<link rel=\"canonical\" href=\"https:\/\/alexbutor.hu\/vendeglatoibutor\/kategoriak\/vendeglatoi-butor\/barasztal-barasztalbazis\/\" \/>\n<meta property=\"og:locale\" content=\"hu_HU\" \/>\n<meta property=\"og:type\" content=\"article\" \/>\n<meta property=\"og:title\" content=\"B\u00e1rasztal - Vend\u00e9gl\u00e1t\u00f3i b\u00fator\" \/>\n<meta property=\"og:description\" content=\"M\u0171anyag \u00e9s f\u00e9m b\u00e1rasztalok, b\u00e1rasztalb\u00e1zisok t\u00f6bbf\u00e9le st\u00edlusban \u00e9s nagy sz\u00ednv\u00e1laszt\u00e9kban vend\u00e9gl\u00e1t\u00f3helyek, sz\u00e1llod\u00e1k sz\u00e1m\u00e1ra. K\u00e9rje aj\u00e1nlatunkat!\" \/>\n<meta property=\"og:url\" content=\"https:\/\/alexbutor.hu\/vendeglatoibutor\/kategoriak\/vendeglatoi-butor\/barasztal-barasztalbazis\/\" \/>\n<meta property=\"og:site_name\" content=\"Vend\u00e9gl\u00e1t\u00f3i b\u00fator\" \/>\n<meta property=\"article:modified_time\" content=\"2024-07-12T05:18:32+00:00\" \/>\n<meta property=\"og:image\" content=\"https:\/\/alexbutor.hu\/vendeglatoibutor\/wp-content\/uploads\/2016\/06\/04_Barasztal-Barasztalbazis.jpg\" \/>\n\t<meta property=\"og:image:width\" content=\"800\" \/>\n\t<meta property=\"og:image:height\" content=\"560\" \/>\n\t<meta property=\"og:image:type\" content=\"image\/jpeg\" \/>\n<meta name=\"twitter:card\" content=\"summary_large_image\" \/>\n<script type=\"application\/ld+json\" class=\"yoast-schema-graph\">{\"@context\":\"https:\/\/schema.org\",\"@graph\":[{\"@type\":\"WebPage\",\"@id\":\"https:\/\/alexbutor.hu\/vendeglatoibutor\/kategoriak\/vendeglatoi-butor\/barasztal-barasztalbazis\/\",\"url\":\"https:\/\/alexbutor.hu\/vendeglatoibutor\/kategoriak\/vendeglatoi-butor\/barasztal-barasztalbazis\/\",\"name\":\"B\u00e1rasztal - Vend\u00e9gl\u00e1t\u00f3i b\u00fator\",\"isPartOf\":{\"@id\":\"https:\/\/alexbutor.hu\/vendeglatoibutor\/#website\"},\"primaryImageOfPage\":{\"@id\":\"https:\/\/alexbutor.hu\/vendeglatoibutor\/kategoriak\/vendeglatoi-butor\/barasztal-barasztalbazis\/#primaryimage\"},\"image\":{\"@id\":\"https:\/\/alexbutor.hu\/vendeglatoibutor\/kategoriak\/vendeglatoi-butor\/barasztal-barasztalbazis\/#primaryimage\"},\"thumbnailUrl\":\"https:\/\/alexbutor.hu\/vendeglatoibutor\/wp-content\/uploads\/2016\/06\/04_Barasztal-Barasztalbazis.jpg\",\"datePublished\":\"2016-06-11T09:02:34+00:00\",\"dateModified\":\"2024-07-12T05:18:32+00:00\",\"description\":\"M\u0171anyag \u00e9s f\u00e9m b\u00e1rasztalok, b\u00e1rasztalb\u00e1zisok t\u00f6bbf\u00e9le st\u00edlusban \u00e9s nagy sz\u00ednv\u00e1laszt\u00e9kban vend\u00e9gl\u00e1t\u00f3helyek, sz\u00e1llod\u00e1k sz\u00e1m\u00e1ra. K\u00e9rje aj\u00e1nlatunkat!\",\"breadcrumb\":{\"@id\":\"https:\/\/alexbutor.hu\/vendeglatoibutor\/kategoriak\/vendeglatoi-butor\/barasztal-barasztalbazis\/#breadcrumb\"},\"inLanguage\":\"hu\",\"potentialAction\":[{\"@type\":\"ReadAction\",\"target\":[\"https:\/\/alexbutor.hu\/vendeglatoibutor\/kategoriak\/vendeglatoi-butor\/barasztal-barasztalbazis\/\"]}]},{\"@type\":\"ImageObject\",\"inLanguage\":\"hu\",\"@id\":\"https:\/\/alexbutor.hu\/vendeglatoibutor\/kategoriak\/vendeglatoi-butor\/barasztal-barasztalbazis\/#primaryimage\",\"url\":\"https:\/\/alexbutor.hu\/vendeglatoibutor\/wp-content\/uploads\/2016\/06\/04_Barasztal-Barasztalbazis.jpg\",\"contentUrl\":\"https:\/\/alexbutor.hu\/vendeglatoibutor\/wp-content\/uploads\/2016\/06\/04_Barasztal-Barasztalbazis.jpg\",\"width\":800,\"height\":560},{\"@type\":\"BreadcrumbList\",\"@id\":\"https:\/\/alexbutor.hu\/vendeglatoibutor\/kategoriak\/vendeglatoi-butor\/barasztal-barasztalbazis\/#breadcrumb\",\"itemListElement\":[{\"@type\":\"ListItem\",\"position\":1,\"name\":\"Home\",\"item\":\"https:\/\/alexbutor.hu\/vendeglatoibutor\/\"},{\"@type\":\"ListItem\",\"position\":2,\"name\":\"Term\u00e9kek\",\"item\":\"https:\/\/alexbutor.hu\/vendeglatoibutor\/kategoriak\/\"},{\"@type\":\"ListItem\",\"position\":3,\"name\":\"Vend\u00e9gl\u00e1t\u00f3i b\u00fator\",\"item\":\"https:\/\/alexbutor.hu\/vendeglatoibutor\/kategoriak\/vendeglatoi-butor\/\"},{\"@type\":\"ListItem\",\"position\":4,\"name\":\"B\u00e1rasztal\"}]},{\"@type\":\"WebSite\",\"@id\":\"https:\/\/alexbutor.hu\/vendeglatoibutor\/#website\",\"url\":\"https:\/\/alexbutor.hu\/vendeglatoibutor\/\",\"name\":\"Vend\u00e9gl\u00e1t\u00f3i b\u00fator\",\"description\":\"Minden t\u00e9rben megold\u00e1s\",\"potentialAction\":[{\"@type\":\"SearchAction\",\"target\":{\"@type\":\"EntryPoint\",\"urlTemplate\":\"https:\/\/alexbutor.hu\/vendeglatoibutor\/?s={search_term_string}\"},\"query-input\":{\"@type\":\"PropertyValueSpecification\",\"valueRequired\":true,\"valueName\":\"search_term_string\"}}],\"inLanguage\":\"hu\"}]}<\/script>\n<!-- \/ Yoast SEO plugin. -->","yoast_head_json":{"title":"B\u00e1rasztal - Vend\u00e9gl\u00e1t\u00f3i b\u00fator","description":"M\u0171anyag \u00e9s f\u00e9m b\u00e1rasztalok, b\u00e1rasztalb\u00e1zisok t\u00f6bbf\u00e9le st\u00edlusban \u00e9s nagy sz\u00ednv\u00e1laszt\u00e9kban vend\u00e9gl\u00e1t\u00f3helyek, sz\u00e1llod\u00e1k sz\u00e1m\u00e1ra. K\u00e9rje aj\u00e1nlatunkat!","robots":{"index":"index","follow":"follow","max-snippet":"max-snippet:-1","max-image-preview":"max-image-preview:large","max-video-preview":"max-video-preview:-1"},"canonical":"https:\/\/alexbutor.hu\/vendeglatoibutor\/kategoriak\/vendeglatoi-butor\/barasztal-barasztalbazis\/","og_locale":"hu_HU","og_type":"article","og_title":"B\u00e1rasztal - Vend\u00e9gl\u00e1t\u00f3i b\u00fator","og_description":"M\u0171anyag \u00e9s f\u00e9m b\u00e1rasztalok, b\u00e1rasztalb\u00e1zisok t\u00f6bbf\u00e9le st\u00edlusban \u00e9s nagy sz\u00ednv\u00e1laszt\u00e9kban vend\u00e9gl\u00e1t\u00f3helyek, sz\u00e1llod\u00e1k sz\u00e1m\u00e1ra. K\u00e9rje aj\u00e1nlatunkat!","og_url":"https:\/\/alexbutor.hu\/vendeglatoibutor\/kategoriak\/vendeglatoi-butor\/barasztal-barasztalbazis\/","og_site_name":"Vend\u00e9gl\u00e1t\u00f3i b\u00fator","article_modified_time":"2024-07-12T05:18:32+00:00","og_image":[{"width":800,"height":560,"url":"https:\/\/alexbutor.hu\/vendeglatoibutor\/wp-content\/uploads\/2016\/06\/04_Barasztal-Barasztalbazis.jpg","type":"image\/jpeg"}],"twitter_card":"summary_large_image","schema":{"@context":"https:\/\/schema.org","@graph":[{"@type":"WebPage","@id":"https:\/\/alexbutor.hu\/vendeglatoibutor\/kategoriak\/vendeglatoi-butor\/barasztal-barasztalbazis\/","url":"https:\/\/alexbutor.hu\/vendeglatoibutor\/kategoriak\/vendeglatoi-butor\/barasztal-barasztalbazis\/","name":"B\u00e1rasztal - Vend\u00e9gl\u00e1t\u00f3i b\u00fator","isPartOf":{"@id":"https:\/\/alexbutor.hu\/vendeglatoibutor\/#website"},"primaryImageOfPage":{"@id":"https:\/\/alexbutor.hu\/vendeglatoibutor\/kategoriak\/vendeglatoi-butor\/barasztal-barasztalbazis\/#primaryimage"},"image":{"@id":"https:\/\/alexbutor.hu\/vendeglatoibutor\/kategoriak\/vendeglatoi-butor\/barasztal-barasztalbazis\/#primaryimage"},"thumbnailUrl":"https:\/\/alexbutor.hu\/vendeglatoibutor\/wp-content\/uploads\/2016\/06\/04_Barasztal-Barasztalbazis.jpg","datePublished":"2016-06-11T09:02:34+00:00","dateModified":"2024-07-12T05:18:32+00:00","description":"M\u0171anyag \u00e9s f\u00e9m b\u00e1rasztalok, b\u00e1rasztalb\u00e1zisok t\u00f6bbf\u00e9le st\u00edlusban \u00e9s nagy sz\u00ednv\u00e1laszt\u00e9kban vend\u00e9gl\u00e1t\u00f3helyek, sz\u00e1llod\u00e1k sz\u00e1m\u00e1ra. K\u00e9rje aj\u00e1nlatunkat!","breadcrumb":{"@id":"https:\/\/alexbutor.hu\/vendeglatoibutor\/kategoriak\/vendeglatoi-butor\/barasztal-barasztalbazis\/#breadcrumb"},"inLanguage":"hu","potentialAction":[{"@type":"ReadAction","target":["https:\/\/alexbutor.hu\/vendeglatoibutor\/kategoriak\/vendeglatoi-butor\/barasztal-barasztalbazis\/"]}]},{"@type":"ImageObject","inLanguage":"hu","@id":"https:\/\/alexbutor.hu\/vendeglatoibutor\/kategoriak\/vendeglatoi-butor\/barasztal-barasztalbazis\/#primaryimage","url":"https:\/\/alexbutor.hu\/vendeglatoibutor\/wp-content\/uploads\/2016\/06\/04_Barasztal-Barasztalbazis.jpg","contentUrl":"https:\/\/alexbutor.hu\/vendeglatoibutor\/wp-content\/uploads\/2016\/06\/04_Barasztal-Barasztalbazis.jpg","width":800,"height":560},{"@type":"BreadcrumbList","@id":"https:\/\/alexbutor.hu\/vendeglatoibutor\/kategoriak\/vendeglatoi-butor\/barasztal-barasztalbazis\/#breadcrumb","itemListElement":[{"@type":"ListItem","position":1,"name":"Home","item":"https:\/\/alexbutor.hu\/vendeglatoibutor\/"},{"@type":"ListItem","position":2,"name":"Term\u00e9kek","item":"https:\/\/alexbutor.hu\/vendeglatoibutor\/kategoriak\/"},{"@type":"ListItem","position":3,"name":"Vend\u00e9gl\u00e1t\u00f3i b\u00fator","item":"https:\/\/alexbutor.hu\/vendeglatoibutor\/kategoriak\/vendeglatoi-butor\/"},{"@type":"ListItem","position":4,"name":"B\u00e1rasztal"}]},{"@type":"WebSite","@id":"https:\/\/alexbutor.hu\/vendeglatoibutor\/#website","url":"https:\/\/alexbutor.hu\/vendeglatoibutor\/","name":"Vend\u00e9gl\u00e1t\u00f3i b\u00fator","description":"Minden t\u00e9rben megold\u00e1s","potentialAction":[{"@type":"SearchAction","target":{"@type":"EntryPoint","urlTemplate":"https:\/\/alexbutor.hu\/vendeglatoibutor\/?s={search_term_string}"},"query-input":{"@type":"PropertyValueSpecification","valueRequired":true,"valueName":"search_term_string"}}],"inLanguage":"hu"}]}},"_links":{"self":[{"href":"https:\/\/alexbutor.hu\/vendeglatoibutor\/wp-json\/wp\/v2\/pages\/84"}],"collection":[{"href":"https:\/\/alexbutor.hu\/vendeglatoibutor\/wp-json\/wp\/v2\/pages"}],"about":[{"href":"https:\/\/alexbutor.hu\/vendeglatoibutor\/wp-json\/wp\/v2\/types\/page"}],"author":[{"embeddable":true,"href":"https:\/\/alexbutor.hu\/vendeglatoibutor\/wp-json\/wp\/v2\/users\/3"}],"replies":[{"embeddable":true,"href":"https:\/\/alexbutor.hu\/vendeglatoibutor\/wp-json\/wp\/v2\/comments?post=84"}],"version-history":[{"count":1,"href":"https:\/\/alexbutor.hu\/vendeglatoibutor\/wp-json\/wp\/v2\/pages\/84\/revisions"}],"predecessor-version":[{"id":154521,"href":"https:\/\/alexbutor.hu\/vendeglatoibutor\/wp-json\/wp\/v2\/pages\/84\/revisions\/154521"}],"up":[{"embeddable":true,"href":"https:\/\/alexbutor.hu\/vendeglatoibutor\/wp-json\/wp\/v2\/pages\/64"}],"wp:featuredmedia":[{"embeddable":true,"href":"https:\/\/alexbutor.hu\/vendeglatoibutor\/wp-json\/wp\/v2\/media\/16691"}],"wp:attachment":[{"href":"https:\/\/alexbutor.hu\/vendeglatoibutor\/wp-json\/wp\/v2\/media?parent=84"}],"curies":[{"name":"wp","href":"https:\/\/api.w.org\/{rel}","templated":true}]}}